{"id":7184,"date":"2024-09-25T16:37:52","date_gmt":"2024-09-25T20:37:52","guid":{"rendered":"https:\/\/exterminateuramontreal.ca\/extermination-in-entrelac\/"},"modified":"2024-09-25T16:37:52","modified_gmt":"2024-09-25T20:37:52","slug":"extermination-in-entrelac","status":"publish","type":"page","link":"https:\/\/exterminateuramontreal.ca\/en\/extermination-in-entrelac\/","title":{"rendered":"Extermination in Entrelac"},"content":{"rendered":"\n<h1 class=\"wp-block-heading\">Extermination in Entrelac<\/h1>\n<p><span style=\"font-weight: 400;\">Nestled in the heart of Lanaudi\u00e8re, the town of Entrelac seduces with its bucolic setting and the hospitality of its inhabitants.<br \/>\nHowever, no place is safe from the inconvenience caused by pests&#8230; These unwanted intruders can invite themselves into your home and disturb your peace of mind.<br \/>\nIn this regard, our  <\/span><b>Extermination in Montreal <\/b><span style=\"font-weight: 400;\">intervenes: we offer tailor-made strategies to solve your pest problems in Entrelac, thus guaranteeing the return of your home comfort.<\/span><\/p>\n<h2><span style=\"font-weight: 400;\">Extermination Services in Entrelac: Local Expertise<\/span><\/h2>\n<p><img decoding=\"async\" class=\"aligncenter wp-image-7156 size-full\" src=\"https:\/\/exterminateuramontreal.ca\/wp-content\/uploads\/2024\/09\/Plage-municipale-Entrelacs-ete-2024-WEB-credit-photo-Simon-Laroche165.jpg\" alt=\"\" width=\"1440\" height=\"959\" srcset=\"https:\/\/exterminateuramontreal.ca\/wp-content\/uploads\/2024\/09\/Plage-municipale-Entrelacs-ete-2024-WEB-credit-photo-Simon-Laroche165.jpg 1440w, https:\/\/exterminateuramontreal.ca\/wp-content\/uploads\/2024\/09\/Plage-municipale-Entrelacs-ete-2024-WEB-credit-photo-Simon-Laroche165-300x200.jpg 300w, https:\/\/exterminateuramontreal.ca\/wp-content\/uploads\/2024\/09\/Plage-municipale-Entrelacs-ete-2024-WEB-credit-photo-Simon-Laroche165-1024x682.jpg 1024w, https:\/\/exterminateuramontreal.ca\/wp-content\/uploads\/2024\/09\/Plage-municipale-Entrelacs-ete-2024-WEB-credit-photo-Simon-Laroche165-768x511.jpg 768w, https:\/\/exterminateuramontreal.ca\/wp-content\/uploads\/2024\/09\/Plage-municipale-Entrelacs-ete-2024-WEB-credit-photo-Simon-Laroche165-50x33.jpg 50w\" sizes=\"(max-width: 1440px) 100vw, 1440px\" \/><\/p>\n<p><span style=\"font-weight: 400;\">At Exterminator in Montreal, we are aware that each infestation situation has its own complexity.<br \/>\nThis is why we provide the inhabitants of Entrelac with tailor-made extermination solutions; Our interventions are finely calibrated to respond precisely to the challenges posed by each context. <\/span><\/p>\n<p><span style=\"font-weight: 400;\">Our protocol begins with a thorough inspection of your home: this crucial step allows us to detect the harmful species that are bothering you as well as the origin of their intrusion.<br \/>\nWhether it&#8217;s rodents \u2013 think mice and rats \u2013 or insects \u2013 such as ants, cockroaches or bed bugs \u2013 our experienced team deploys proven strategies. <\/span><\/p>\n<p><span style=\"font-weight: 400;\">We are not just neutralizing the invader; Our methods also aim to prevent any recurrence&#8230;<br \/>\nStruggling with a pest problem?<br \/>\nTrust our experts to restore tranquility to your living space.  <\/span><\/p>\n<h2><span style=\"font-weight: 400;\">Common problems in Entrelac<\/span><\/h2>\n<p><img decoding=\"async\" class=\"aligncenter wp-image-7158 size-full\" src=\"https:\/\/exterminateuramontreal.ca\/wp-content\/uploads\/2024\/09\/Plage-municipale-Entrelacs-ete-2024-WEB-credit-photo-Simon-Laroche3.jpg\" alt=\"\" width=\"1440\" height=\"959\" srcset=\"https:\/\/exterminateuramontreal.ca\/wp-content\/uploads\/2024\/09\/Plage-municipale-Entrelacs-ete-2024-WEB-credit-photo-Simon-Laroche3.jpg 1440w, https:\/\/exterminateuramontreal.ca\/wp-content\/uploads\/2024\/09\/Plage-municipale-Entrelacs-ete-2024-WEB-credit-photo-Simon-Laroche3-300x200.jpg 300w, https:\/\/exterminateuramontreal.ca\/wp-content\/uploads\/2024\/09\/Plage-municipale-Entrelacs-ete-2024-WEB-credit-photo-Simon-Laroche3-1024x682.jpg 1024w, https:\/\/exterminateuramontreal.ca\/wp-content\/uploads\/2024\/09\/Plage-municipale-Entrelacs-ete-2024-WEB-credit-photo-Simon-Laroche3-768x511.jpg 768w, https:\/\/exterminateuramontreal.ca\/wp-content\/uploads\/2024\/09\/Plage-municipale-Entrelacs-ete-2024-WEB-credit-photo-Simon-Laroche3-50x33.jpg 50w\" sizes=\"(max-width: 1440px) 100vw, 1440px\" \/><\/p>\n<p><span style=\"font-weight: 400;\">In Montreal, the Exterminator team is committed to providing a customized service to combat any infestation.<br \/>\nThe first key step: a thorough inspection of your home in Entrelac in order to detect the privileged access by pests and identify the environment that attracts them. <\/span><\/p>\n<p><span style=\"font-weight: 400;\">We then design a personalized intervention plan, favoring products and techniques that respect the ecosystem, aiming at the complete eradication of undesirables.<br \/>\nThe safety of the members of your household, as well as that of your pets, is at the heart of our concerns; We are committed to using only methods that are both safe and efficient. <\/span><\/p>\n<p><span style=\"font-weight: 400;\">Once the treatment is done&#8230; We don&#8217;t leave you without resources!<br \/>\nYou will be given preventive advice: how to effectively obstruct compromising passages; maintain impeccable hygiene; manage your waste wisely&#8230;<br \/>\nSo many recommendations to keep any new invasion at bay.<br \/>\nIn addition, our services include regular follow-up (because persistence is the guarantee of success) to confirm the lasting effectiveness of the treatment implemented.   <\/span><\/p>\n<h2><span style=\"font-weight: 400;\">Preventing infestations in Entrelac<\/span><\/h2>\n<p><span style=\"font-weight: 400;\">Prevention plays a key role in pest control in Entrelac.<br \/>\nMake sure to scrupulously seal cracks and gaps in your home, essential barriers against the unwanted intrusion of parasites.<br \/>\nRegular cleanliness and proper waste disposal are equally crucial to minimize the risk of infestation.  <\/span><\/p>\n<p><span style=\"font-weight: 400;\">Periodic inspections&#8230;<br \/>\nA simple but effective gesture: they make it possible to identify the first indicators of infestation before they turn into a significant problem.<br \/>\nBy integrating these measures into your routine, you promote the preservation of a healthy and pleasant living environment within your Interlacian residence.  <\/span><\/p>\n<p><strong style=\"font-size: revert; color: initial;\">Call your exterminator in Montreal <a href=\"tel:5148302819\">514 830 2819<\/a><\/strong><\/p>\n<p>[\/sws_blue_box]<\/p>\n<h2><span style=\"font-weight: 400;\">Why choose Exterminator in Montreal for Entrelac?<\/span><\/h2>\n<p><span style=\"font-weight: 400;\">Based in Montreal, our extermination service is the preferred partner to solve your pest problems in Entrelac.<br \/>\nWith our in-depth technical expertise and the desire to fully satisfy our customers, we implement tailor-made strategies to effectively combat any infestation. <\/span><\/p>\n<p><span style=\"font-weight: 400;\">Our rigorously tested protocols, combined with the use of proven products, guarantee you a reliable and respectful defense of your home environment.<br \/>\nOur commitment?<br \/>\nTo offer you an impeccable service to ensure your peace of mind on a daily basis.  <\/span><\/p>\n<p><span style=\"font-weight: 400;\">Looking for an impenetrable solution against unwanted invasions?<br \/>\nCall &#8220;Exterminator in Montreal&#8221;&#8230;<br \/>\nContact us without delay to benefit from a free quote; Discover our personalized action plan to create a haven of peace in your home.<br \/>\nOur professionalism is the guarantee of the calm and comfort you aspire to.   <\/span><\/p>\n<h2>Contact us<\/h2>\n\n<div class=\"wpcf7 no-js\" id=\"wpcf7-f2236-o1\" lang=\"en-CA\" dir=\"ltr\" data-wpcf7-id=\"2236\">\n<div class=\"screen-reader-response\"><p role=\"status\" aria-live=\"polite\" aria-atomic=\"true\"><\/p> <ul><\/ul><\/div>\n<form action=\"\/en\/wp-json\/wp\/v2\/pages\/7184#wpcf7-f2236-o1\" method=\"post\" class=\"wpcf7-form init\" aria-label=\"Contact form\" novalidate=\"novalidate\" data-status=\"init\">\n<fieldset class=\"hidden-fields-container\"><input type=\"hidden\" name=\"_wpcf7\" value=\"2236\" \/><input type=\"hidden\" name=\"_wpcf7_version\" value=\"6.1.5\" \/><input type=\"hidden\" name=\"_wpcf7_locale\" value=\"en_CA\" \/><input type=\"hidden\" name=\"_wpcf7_unit_tag\" value=\"wpcf7-f2236-o1\" \/><input type=\"hidden\" name=\"_wpcf7_container_post\" value=\"0\" \/><input type=\"hidden\" name=\"_wpcf7_posted_data_hash\" value=\"\" \/><input type=\"hidden\" name=\"_wpcf7_recaptcha_response\" value=\"\" \/>\n<\/fieldset>\n<p>Your name (compulsory)\n<\/p>\n<p><span class=\"wpcf7-form-control-wrap\" data-name=\"text-319\"><input size=\"40\" maxlength=\"400\" class=\"wpcf7-form-control wpcf7-text wpcf7-validates-as-required\" aria-required=\"true\" aria-invalid=\"false\" value=\"\" type=\"text\" name=\"text-319\" \/><\/span>\n<\/p>\n<p>Your email (compulsory)\n<\/p>\n<p><span class=\"wpcf7-form-control-wrap\" data-name=\"email-847\"><input size=\"40\" maxlength=\"400\" class=\"wpcf7-form-control wpcf7-email wpcf7-validates-as-required wpcf7-text wpcf7-validates-as-email\" aria-required=\"true\" aria-invalid=\"false\" value=\"\" type=\"email\" name=\"email-847\" \/><\/span>\n<\/p>\n<p>Your phone (compulsory)\n<\/p>\n<p><span class=\"wpcf7-form-control-wrap\" data-name=\"tel-516\"><input size=\"40\" maxlength=\"400\" class=\"wpcf7-form-control wpcf7-tel wpcf7-validates-as-required wpcf7-text wpcf7-validates-as-tel\" aria-required=\"true\" aria-invalid=\"false\" value=\"\" type=\"tel\" name=\"tel-516\" \/><\/span>\n<\/p>\n<p>Your city:<br \/>\n<span class=\"wpcf7-form-control-wrap\" data-name=\"ville-642\"><input size=\"40\" maxlength=\"400\" class=\"wpcf7-form-control wpcf7-text\" aria-invalid=\"false\" value=\"\" type=\"text\" name=\"ville-642\" \/><\/span>\n<\/p>\n<p>Subject\n<\/p>\n<p><span class=\"wpcf7-form-control-wrap\" data-name=\"your-subject\"><input size=\"40\" maxlength=\"400\" class=\"wpcf7-form-control wpcf7-text wpcf7-validates-as-required\" aria-required=\"true\" aria-invalid=\"false\" value=\"\" type=\"text\" name=\"your-subject\" \/><\/span>\n<\/p>\n<p>Your message\n<\/p>\n<p><span class=\"wpcf7-form-control-wrap\" data-name=\"your-message\"><textarea cols=\"40\" rows=\"10\" maxlength=\"2000\" class=\"wpcf7-form-control wpcf7-textarea wpcf7-validates-as-required\" aria-required=\"true\" aria-invalid=\"false\" name=\"your-message\"><\/textarea><\/span>\n<\/p>\n<p><input class=\"wpcf7-form-control wpcf7-submit has-spinner\" type=\"submit\" value=\"Send\" \/>\n<\/p><p style=\"display: none !important;\" class=\"akismet-fields-container\" data-prefix=\"_wpcf7_ak_\"><label>&#916;<textarea name=\"_wpcf7_ak_hp_textarea\" cols=\"45\" rows=\"8\" maxlength=\"100\"><\/textarea><\/label><input type=\"hidden\" id=\"ak_js_1\" name=\"_wpcf7_ak_js\" value=\"192\"\/><script type=\"text\/javascript\">\n\/* <![CDATA[ *\/\ndocument.getElementById( \"ak_js_1\" ).setAttribute( \"value\", ( new Date() ).getTime() );\n\/* ]]> *\/\n<\/script>\n<\/p><div class=\"wpcf7-response-output\" aria-hidden=\"true\"><\/div>\n<\/form>\n<\/div>\n\n","protected":false},"excerpt":{"rendered":"<p>Extermination in Entrelac Nestled in the heart of Lanaudi\u00e8re, the town of Entrelac seduces with its bucolic setting and the hospitality of its inhabitants. However, no place is safe from the inconvenience caused by pests&#8230; These unwanted intruders can invite themselves into your home and disturb your peace of mind. In this regard, our Extermination [&hellip;]<\/p>\n","protected":false},"author":2,"featured_media":0,"parent":0,"menu_order":0,"comment_status":"closed","ping_status":"closed","template":"","meta":{"_genesis_hide_title":false,"_genesis_hide_breadcrumbs":false,"_genesis_hide_singular_image":false,"_genesis_hide_footer_widgets":false,"_genesis_custom_body_class":"","_genesis_custom_post_class":"","_genesis_layout":"","footnotes":""},"class_list":{"0":"post-7184","1":"page","2":"type-page","3":"status-publish","5":"entry","6":"has-post-thumbnail"},"yoast_head":"<!-- This site is optimized with the Yoast SEO plugin v27.3 - https:\/\/yoast.com\/product\/yoast-seo-wordpress\/ -->\n<title>Extermination in Entrelac - Votre exterminateur \u00e0 Montr\u00e9al<\/title>\n<meta name=\"description\" content=\"Extermination in Entrelac Nestled in the heart of Lanaudi\u00e8re, the town of Entrelac seduces with its bucolic setting and the hospitality of its\" \/>\n<meta name=\"robots\" content=\"index, follow, max-snippet:-1, max-image-preview:large, max-video-preview:-1\" \/>\n<link rel=\"canonical\" href=\"https:\/\/exterminateuramontreal.ca\/en\/extermination-in-entrelac\/\" \/>\n<meta property=\"og:locale\" content=\"en_US\" \/>\n<meta property=\"og:type\" content=\"article\" \/>\n<meta property=\"og:title\" content=\"Extermination in Entrelac - Votre exterminateur \u00e0 Montr\u00e9al\" \/>\n<meta property=\"og:description\" content=\"Extermination in Entrelac Nestled in the heart of Lanaudi\u00e8re, the town of Entrelac seduces with its bucolic setting and the hospitality of its\" \/>\n<meta property=\"og:url\" content=\"https:\/\/exterminateuramontreal.ca\/en\/extermination-in-entrelac\/\" \/>\n<meta property=\"og:site_name\" content=\"Votre exterminateur \u00e0 Montr\u00e9al\" \/>\n<meta property=\"og:image\" content=\"https:\/\/exterminateuramontreal.ca\/wp-content\/uploads\/2024\/09\/Plage-municipale-Entrelacs-ete-2024-WEB-credit-photo-Simon-Laroche165.jpg\" \/>\n<meta name=\"twitter:label1\" content=\"Est. reading time\" \/>\n\t<meta name=\"twitter:data1\" content=\"3 minutes\" \/>\n<script type=\"application\/ld+json\" class=\"yoast-schema-graph\">{\"@context\":\"https:\\\/\\\/schema.org\",\"@graph\":[{\"@type\":\"WebPage\",\"@id\":\"https:\\\/\\\/exterminateuramontreal.ca\\\/en\\\/extermination-in-entrelac\\\/\",\"url\":\"https:\\\/\\\/exterminateuramontreal.ca\\\/en\\\/extermination-in-entrelac\\\/\",\"name\":\"Extermination in Entrelac - Votre exterminateur \u00e0 Montr\u00e9al\",\"isPartOf\":{\"@id\":\"https:\\\/\\\/exterminateuramontreal.ca\\\/en\\\/#website\"},\"primaryImageOfPage\":{\"@id\":\"https:\\\/\\\/exterminateuramontreal.ca\\\/en\\\/extermination-in-entrelac\\\/#primaryimage\"},\"image\":{\"@id\":\"https:\\\/\\\/exterminateuramontreal.ca\\\/en\\\/extermination-in-entrelac\\\/#primaryimage\"},\"thumbnailUrl\":\"https:\\\/\\\/exterminateuramontreal.ca\\\/wp-content\\\/uploads\\\/2024\\\/09\\\/Plage-municipale-Entrelacs-ete-2024-WEB-credit-photo-Simon-Laroche165.jpg\",\"datePublished\":\"2024-09-25T20:37:52+00:00\",\"description\":\"Extermination in Entrelac Nestled in the heart of Lanaudi\u00e8re, the town of Entrelac seduces with its bucolic setting and the hospitality of its\",\"breadcrumb\":{\"@id\":\"https:\\\/\\\/exterminateuramontreal.ca\\\/en\\\/extermination-in-entrelac\\\/#breadcrumb\"},\"inLanguage\":\"en-CA\",\"potentialAction\":[{\"@type\":\"ReadAction\",\"target\":[\"https:\\\/\\\/exterminateuramontreal.ca\\\/en\\\/extermination-in-entrelac\\\/\"]}]},{\"@type\":\"ImageObject\",\"inLanguage\":\"en-CA\",\"@id\":\"https:\\\/\\\/exterminateuramontreal.ca\\\/en\\\/extermination-in-entrelac\\\/#primaryimage\",\"url\":\"https:\\\/\\\/exterminateuramontreal.ca\\\/wp-content\\\/uploads\\\/2024\\\/09\\\/Plage-municipale-Entrelacs-ete-2024-WEB-credit-photo-Simon-Laroche165.jpg\",\"contentUrl\":\"https:\\\/\\\/exterminateuramontreal.ca\\\/wp-content\\\/uploads\\\/2024\\\/09\\\/Plage-municipale-Entrelacs-ete-2024-WEB-credit-photo-Simon-Laroche165.jpg\"},{\"@type\":\"BreadcrumbList\",\"@id\":\"https:\\\/\\\/exterminateuramontreal.ca\\\/en\\\/extermination-in-entrelac\\\/#breadcrumb\",\"itemListElement\":[{\"@type\":\"ListItem\",\"position\":1,\"name\":\"Accueil\",\"item\":\"https:\\\/\\\/exterminateuramontreal.ca\\\/en\\\/\"},{\"@type\":\"ListItem\",\"position\":2,\"name\":\"Extermination in Entrelac\"}]},{\"@type\":\"WebSite\",\"@id\":\"https:\\\/\\\/exterminateuramontreal.ca\\\/en\\\/#website\",\"url\":\"https:\\\/\\\/exterminateuramontreal.ca\\\/en\\\/\",\"name\":\"Exterminateur \u00e0 Montr\u00e9al\",\"description\":\"Votre exterminateur de confiance et pas cher \u00e0 Montr\u00e9al!\",\"publisher\":{\"@id\":\"https:\\\/\\\/exterminateuramontreal.ca\\\/en\\\/#organization\"},\"alternateName\":\"Votre exterminateur de confiance et pas cher \u00e0 Montr\u00e9al!\",\"potentialAction\":[{\"@type\":\"SearchAction\",\"target\":{\"@type\":\"EntryPoint\",\"urlTemplate\":\"https:\\\/\\\/exterminateuramontreal.ca\\\/en\\\/?s={search_term_string}\"},\"query-input\":{\"@type\":\"PropertyValueSpecification\",\"valueRequired\":true,\"valueName\":\"search_term_string\"}}],\"inLanguage\":\"en-CA\"},{\"@type\":\"Organization\",\"@id\":\"https:\\\/\\\/exterminateuramontreal.ca\\\/en\\\/#organization\",\"name\":\"Exterminateur \u00e0 Montr\u00e9al\",\"alternateName\":\"Votre exterminateur de confiance \u00e0 Montr\u00e9al!\",\"url\":\"https:\\\/\\\/exterminateuramontreal.ca\\\/en\\\/\",\"logo\":{\"@type\":\"ImageObject\",\"inLanguage\":\"en-CA\",\"@id\":\"https:\\\/\\\/exterminateuramontreal.ca\\\/en\\\/#\\\/schema\\\/logo\\\/image\\\/\",\"url\":\"https:\\\/\\\/exterminateuramontreal.ca\\\/wp-content\\\/uploads\\\/2011\\\/12\\\/logo-exterminateur-montreal-e1654628842986.png\",\"contentUrl\":\"https:\\\/\\\/exterminateuramontreal.ca\\\/wp-content\\\/uploads\\\/2011\\\/12\\\/logo-exterminateur-montreal-e1654628842986.png\",\"width\":176,\"height\":74,\"caption\":\"Exterminateur \u00e0 Montr\u00e9al\"},\"image\":{\"@id\":\"https:\\\/\\\/exterminateuramontreal.ca\\\/en\\\/#\\\/schema\\\/logo\\\/image\\\/\"}}]}<\/script>\n<!-- \/ Yoast SEO plugin. -->","yoast_head_json":{"title":"Extermination in Entrelac - Votre exterminateur \u00e0 Montr\u00e9al","description":"Extermination in Entrelac Nestled in the heart of Lanaudi\u00e8re, the town of Entrelac seduces with its bucolic setting and the hospitality of its","robots":{"index":"index","follow":"follow","max-snippet":"max-snippet:-1","max-image-preview":"max-image-preview:large","max-video-preview":"max-video-preview:-1"},"canonical":"https:\/\/exterminateuramontreal.ca\/en\/extermination-in-entrelac\/","og_locale":"en_US","og_type":"article","og_title":"Extermination in Entrelac - Votre exterminateur \u00e0 Montr\u00e9al","og_description":"Extermination in Entrelac Nestled in the heart of Lanaudi\u00e8re, the town of Entrelac seduces with its bucolic setting and the hospitality of its","og_url":"https:\/\/exterminateuramontreal.ca\/en\/extermination-in-entrelac\/","og_site_name":"Votre exterminateur \u00e0 Montr\u00e9al","og_image":[{"url":"https:\/\/exterminateuramontreal.ca\/wp-content\/uploads\/2024\/09\/Plage-municipale-Entrelacs-ete-2024-WEB-credit-photo-Simon-Laroche165.jpg","type":"","width":"","height":""}],"twitter_misc":{"Est. reading time":"3 minutes"},"schema":{"@context":"https:\/\/schema.org","@graph":[{"@type":"WebPage","@id":"https:\/\/exterminateuramontreal.ca\/en\/extermination-in-entrelac\/","url":"https:\/\/exterminateuramontreal.ca\/en\/extermination-in-entrelac\/","name":"Extermination in Entrelac - Votre exterminateur \u00e0 Montr\u00e9al","isPartOf":{"@id":"https:\/\/exterminateuramontreal.ca\/en\/#website"},"primaryImageOfPage":{"@id":"https:\/\/exterminateuramontreal.ca\/en\/extermination-in-entrelac\/#primaryimage"},"image":{"@id":"https:\/\/exterminateuramontreal.ca\/en\/extermination-in-entrelac\/#primaryimage"},"thumbnailUrl":"https:\/\/exterminateuramontreal.ca\/wp-content\/uploads\/2024\/09\/Plage-municipale-Entrelacs-ete-2024-WEB-credit-photo-Simon-Laroche165.jpg","datePublished":"2024-09-25T20:37:52+00:00","description":"Extermination in Entrelac Nestled in the heart of Lanaudi\u00e8re, the town of Entrelac seduces with its bucolic setting and the hospitality of its","breadcrumb":{"@id":"https:\/\/exterminateuramontreal.ca\/en\/extermination-in-entrelac\/#breadcrumb"},"inLanguage":"en-CA","potentialAction":[{"@type":"ReadAction","target":["https:\/\/exterminateuramontreal.ca\/en\/extermination-in-entrelac\/"]}]},{"@type":"ImageObject","inLanguage":"en-CA","@id":"https:\/\/exterminateuramontreal.ca\/en\/extermination-in-entrelac\/#primaryimage","url":"https:\/\/exterminateuramontreal.ca\/wp-content\/uploads\/2024\/09\/Plage-municipale-Entrelacs-ete-2024-WEB-credit-photo-Simon-Laroche165.jpg","contentUrl":"https:\/\/exterminateuramontreal.ca\/wp-content\/uploads\/2024\/09\/Plage-municipale-Entrelacs-ete-2024-WEB-credit-photo-Simon-Laroche165.jpg"},{"@type":"BreadcrumbList","@id":"https:\/\/exterminateuramontreal.ca\/en\/extermination-in-entrelac\/#breadcrumb","itemListElement":[{"@type":"ListItem","position":1,"name":"Accueil","item":"https:\/\/exterminateuramontreal.ca\/en\/"},{"@type":"ListItem","position":2,"name":"Extermination in Entrelac"}]},{"@type":"WebSite","@id":"https:\/\/exterminateuramontreal.ca\/en\/#website","url":"https:\/\/exterminateuramontreal.ca\/en\/","name":"Exterminateur \u00e0 Montr\u00e9al","description":"Votre exterminateur de confiance et pas cher \u00e0 Montr\u00e9al!","publisher":{"@id":"https:\/\/exterminateuramontreal.ca\/en\/#organization"},"alternateName":"Votre exterminateur de confiance et pas cher \u00e0 Montr\u00e9al!","potentialAction":[{"@type":"SearchAction","target":{"@type":"EntryPoint","urlTemplate":"https:\/\/exterminateuramontreal.ca\/en\/?s={search_term_string}"},"query-input":{"@type":"PropertyValueSpecification","valueRequired":true,"valueName":"search_term_string"}}],"inLanguage":"en-CA"},{"@type":"Organization","@id":"https:\/\/exterminateuramontreal.ca\/en\/#organization","name":"Exterminateur \u00e0 Montr\u00e9al","alternateName":"Votre exterminateur de confiance \u00e0 Montr\u00e9al!","url":"https:\/\/exterminateuramontreal.ca\/en\/","logo":{"@type":"ImageObject","inLanguage":"en-CA","@id":"https:\/\/exterminateuramontreal.ca\/en\/#\/schema\/logo\/image\/","url":"https:\/\/exterminateuramontreal.ca\/wp-content\/uploads\/2011\/12\/logo-exterminateur-montreal-e1654628842986.png","contentUrl":"https:\/\/exterminateuramontreal.ca\/wp-content\/uploads\/2011\/12\/logo-exterminateur-montreal-e1654628842986.png","width":176,"height":74,"caption":"Exterminateur \u00e0 Montr\u00e9al"},"image":{"@id":"https:\/\/exterminateuramontreal.ca\/en\/#\/schema\/logo\/image\/"}}]}},"_links":{"self":[{"href":"https:\/\/exterminateuramontreal.ca\/en\/wp-json\/wp\/v2\/pages\/7184","targetHints":{"allow":["GET"]}}],"collection":[{"href":"https:\/\/exterminateuramontreal.ca\/en\/wp-json\/wp\/v2\/pages"}],"about":[{"href":"https:\/\/exterminateuramontreal.ca\/en\/wp-json\/wp\/v2\/types\/page"}],"author":[{"embeddable":true,"href":"https:\/\/exterminateuramontreal.ca\/en\/wp-json\/wp\/v2\/users\/2"}],"replies":[{"embeddable":true,"href":"https:\/\/exterminateuramontreal.ca\/en\/wp-json\/wp\/v2\/comments?post=7184"}],"version-history":[{"count":1,"href":"https:\/\/exterminateuramontreal.ca\/en\/wp-json\/wp\/v2\/pages\/7184\/revisions"}],"predecessor-version":[{"id":7185,"href":"https:\/\/exterminateuramontreal.ca\/en\/wp-json\/wp\/v2\/pages\/7184\/revisions\/7185"}],"wp:attachment":[{"href":"https:\/\/exterminateuramontreal.ca\/en\/wp-json\/wp\/v2\/media?parent=7184"}],"curies":[{"name":"wp","href":"https:\/\/api.w.org\/{rel}","templated":true}]}}