{"id":7170,"date":"2024-09-25T16:37:07","date_gmt":"2024-09-25T20:37:07","guid":{"rendered":"https:\/\/exterminateuramontreal.ca\/extermination-in-sainte-beatrix\/"},"modified":"2024-09-25T16:37:08","modified_gmt":"2024-09-25T20:37:08","slug":"extermination-in-sainte-beatrix","status":"publish","type":"page","link":"https:\/\/exterminateuramontreal.ca\/en\/extermination-in-sainte-beatrix\/","title":{"rendered":"Extermination in Sainte-B\u00e9atrix"},"content":{"rendered":"\n<h1 class=\"wp-block-heading\">Extermination in Sainte-B\u00e9atrix<\/h1>\n<p><span style=\"font-weight: 400;\">Located in the heart of Lanaudi\u00e8re, Sainte-B\u00e9atrix is distinguished by its peaceful setting where nature reigns supreme.<br \/>\nHowever, this tranquility can be disturbed by the appearance of pests.<br \/>\nIn such a context&#8230;<br \/>\nExterminator in Montreal intervenes.<br \/>\nOur mission: to preserve the serenity of your space by offering you extermination solutions that are both reliable and adapted.    <\/span><\/p>\n<h2><span style=\"font-weight: 400;\">Extermination Expertise in Sainte-B\u00e9atrix<\/span><\/h2>\n<p><img decoding=\"async\" class=\"aligncenter wp-image-7115 size-full\" src=\"https:\/\/exterminateuramontreal.ca\/wp-content\/uploads\/2024\/09\/eglise-188_edited-da1597e4badbd0ce2f21e16d2249e815.jpg\" alt=\"\" width=\"1750\" height=\"700\" srcset=\"https:\/\/exterminateuramontreal.ca\/wp-content\/uploads\/2024\/09\/eglise-188_edited-da1597e4badbd0ce2f21e16d2249e815.jpg 1750w, https:\/\/exterminateuramontreal.ca\/wp-content\/uploads\/2024\/09\/eglise-188_edited-da1597e4badbd0ce2f21e16d2249e815-300x120.jpg 300w, https:\/\/exterminateuramontreal.ca\/wp-content\/uploads\/2024\/09\/eglise-188_edited-da1597e4badbd0ce2f21e16d2249e815-1024x410.jpg 1024w, https:\/\/exterminateuramontreal.ca\/wp-content\/uploads\/2024\/09\/eglise-188_edited-da1597e4badbd0ce2f21e16d2249e815-768x307.jpg 768w, https:\/\/exterminateuramontreal.ca\/wp-content\/uploads\/2024\/09\/eglise-188_edited-da1597e4badbd0ce2f21e16d2249e815-50x20.jpg 50w, https:\/\/exterminateuramontreal.ca\/wp-content\/uploads\/2024\/09\/eglise-188_edited-da1597e4badbd0ce2f21e16d2249e815-1600x640.jpg 1600w, https:\/\/exterminateuramontreal.ca\/wp-content\/uploads\/2024\/09\/eglise-188_edited-da1597e4badbd0ce2f21e16d2249e815-1536x614.jpg 1536w\" sizes=\"(max-width: 1750px) 100vw, 1750px\" \/><\/p>\n<p><span style=\"font-weight: 400;\">Our company, located in Montreal, excels in pest control.<br \/>\nFaced with an invasion of insects, rodents or other pests, our brigade of specialists is ready to react with tailor-made strategies&#8230;<br \/>\nCutting-edge techniques and products selected for their effectiveness are the pillars of our approach; They allow us to ensure rigorous eradication while respecting your living space and the well-being of those around you.  <\/span><\/p>\n<p><span style=\"font-weight: 400;\">When we work in Sainte-B\u00e9atrix, our process begins with a thorough examination: an inspection that proves to be crucial.<br \/>\nIt aims to identify the extent of the infestation&#8230; Detect the loopholes through which these undesirables sneak in; to decipher the factors that attract them to you.<br \/>\nArmed with this (essential) information, we then draw up a personalised action plan \u2013 which is designed to tackle the problem effectively and confidently in the long term.  <\/span><\/p>\n<h2><span style=\"font-weight: 400;\">Common Pest Problems in Sainte-B\u00e9atrix<\/span><\/h2>\n<p><img decoding=\"async\" class=\"aligncenter wp-image-7117 size-full\" src=\"https:\/\/exterminateuramontreal.ca\/wp-content\/uploads\/2024\/09\/uneCommunaute.jpg\" alt=\"\" width=\"3831\" height=\"3065\" srcset=\"https:\/\/exterminateuramontreal.ca\/wp-content\/uploads\/2024\/09\/uneCommunaute.jpg 3831w, https:\/\/exterminateuramontreal.ca\/wp-content\/uploads\/2024\/09\/uneCommunaute-300x240.jpg 300w, https:\/\/exterminateuramontreal.ca\/wp-content\/uploads\/2024\/09\/uneCommunaute-1024x819.jpg 1024w, https:\/\/exterminateuramontreal.ca\/wp-content\/uploads\/2024\/09\/uneCommunaute-768x614.jpg 768w, https:\/\/exterminateuramontreal.ca\/wp-content\/uploads\/2024\/09\/uneCommunaute-50x40.jpg 50w, https:\/\/exterminateuramontreal.ca\/wp-content\/uploads\/2024\/09\/uneCommunaute-1600x1280.jpg 1600w, https:\/\/exterminateuramontreal.ca\/wp-content\/uploads\/2024\/09\/uneCommunaute-1536x1229.jpg 1536w, https:\/\/exterminateuramontreal.ca\/wp-content\/uploads\/2024\/09\/uneCommunaute-2048x1639.jpg 2048w\" sizes=\"(max-width: 3831px) 100vw, 3831px\" \/><\/p>\n<p><span style=\"font-weight: 400;\">In Sainte-B\u00e9atrix, various pests are causing concern.<br \/>\nRodents \u2013 mice and rats in particular \u2013 are attracted to the food reserves and shelters offered by our homes.<br \/>\nNot only do they damage equipment, but they also pose a health threat because of the diseases they are likely to carry.  <\/span><\/p>\n<p><span style=\"font-weight: 400;\">Insects are not to be outdone: ants, cockroaches and fleas invite themselves into our living spaces, altering our daily comfort.<br \/>\nTheir presence is not without consequences for health; This is especially true when an infestation worsens.<br \/>\nThe Exterminator team in Montreal has the skills required to overcome these invasions through targeted strategies that ensure a quick and effective eradication.  <\/span><\/p>\n<p><span style=\"font-weight: 400;\">As for outdoor parasites such as ticks and bed bugs&#8230; (dramatic pause) Their treatment requires a special approach: rigorous professional techniques not only guarantee their disappearance but also prevent any further intrusion.<\/span><\/p>\n<h2><span style=\"font-weight: 400;\">Our Extermination Process in Sainte-B\u00e9atrix<\/span><\/h2>\n<p><span style=\"font-weight: 400;\">At Exterminator in Montreal, our pest control process begins with a thorough inspection; This is a crucial step that allows us to understand the extent of the infestation and to identify the areas that require our attention.<br \/>\nArmed with state-of-the-art diagnostic tools and proven methods, we intervene with precision to eradicate these undesirables. <\/span><\/p>\n<p><span style=\"font-weight: 400;\">At the end of the treatment, our commitment continues: we send you strategic recommendations aimed at blocking any further intrusion&#8230; How? With simple tricks \u2013 seal the flaws, manage your waste carefully, ensure that your home is well maintained \u2013 in order to maintain a healthy environment.<\/span><\/p>\n<p><span style=\"font-weight: 400;\">And because your peace of mind is our priority (we make it a personal matter), we set up a rigorous follow-up service.<br \/>\nThe purpose of this is not only to check the effectiveness of the treatment but also to intervene again if the need arises.<br \/>\nOur goal: a sustainable solution&#8230; &#8220;Goodbye pests!&#8221;  <\/span><\/p>\n<p><strong style=\"font-size: revert; color: initial;\">Call your exterminator in Montreal <a href=\"tel:5148302819\">514 830 2819<\/a><\/strong><\/p>\n<p>[\/sws_blue_box]<\/p>\n<h2><span style=\"font-weight: 400;\">Infestation Prevention in Sainte-B\u00e9atrix<\/span><\/h2>\n<p><span style=\"font-weight: 400;\">Prevention is essential to prevent any future infestations.<br \/>\nBy sealing the gaps and gaps in your home, you limit potential access to undesirables.<br \/>\nMeticulous waste management, coupled with assiduous maintenance of the premises, proves to be an effective bulwark against the risk of invasion.  <\/span><\/p>\n<p><span style=\"font-weight: 400;\">It is also a good idea to carry out periodic inspections: these make it possible to identify signs of a possible infestation&#8230; before it degenerated into a major puzzle.<br \/>\nBy appropriating these preventive habits, you ensure the defence of your home and the integrity of a living environment protected from pests. <\/span><\/p>\n<h2><span style=\"font-weight: 400;\">Why Choose Exterminator in Montreal for Sainte-B\u00e9atrix?<\/span><\/h2>\n<p><span style=\"font-weight: 400;\">By requesting the services of Exterminator in Montreal, you are opting for a company where technical expertise is combined with an unwavering commitment to customer satisfaction.<br \/>\nOur mission?<br \/>\nTo provide you with extermination solutions that are not only effective but also perfectly adjusted to your particular requirements, taking into account the specificities of each property in Sainte-B\u00e9atrix.  <\/span><\/p>\n<p><span style=\"font-weight: 400;\">Our highly trained team is able to solve a wide range of pest-related problems through eco-responsible methods and products that are safe for your loved ones.<br \/>\nWe are committed to providing impeccable service and work tirelessly to guarantee your peace of mind. <\/span><\/p>\n<p><span style=\"font-weight: 400;\">Looking for reliable protection against unwanted intrusions in Sainte-B\u00e9atrix?<br \/>\nTrust Exterminator in Montreal.<br \/>\nContact us today to benefit from a free quote; Find out how we can help maintain a healthy and protected home environment.<br \/>\nWith our know-how and a rigorous professional approach, we are determined to offer you an optimal defense against pests.   <\/span><\/p>\n<p><span style=\"color: revert; font-size: revert; font-weight: revert;\">Contact us<\/span><\/p>\n\n<div class=\"wpcf7 no-js\" id=\"wpcf7-f2236-o1\" lang=\"en-CA\" dir=\"ltr\" data-wpcf7-id=\"2236\">\n<div class=\"screen-reader-response\"><p role=\"status\" aria-live=\"polite\" aria-atomic=\"true\"><\/p> <ul><\/ul><\/div>\n<form action=\"\/en\/wp-json\/wp\/v2\/pages\/7170#wpcf7-f2236-o1\" method=\"post\" class=\"wpcf7-form init\" aria-label=\"Contact form\" novalidate=\"novalidate\" data-status=\"init\">\n<fieldset class=\"hidden-fields-container\"><input type=\"hidden\" name=\"_wpcf7\" value=\"2236\" \/><input type=\"hidden\" name=\"_wpcf7_version\" value=\"6.1.5\" \/><input type=\"hidden\" name=\"_wpcf7_locale\" value=\"en_CA\" \/><input type=\"hidden\" name=\"_wpcf7_unit_tag\" value=\"wpcf7-f2236-o1\" \/><input type=\"hidden\" name=\"_wpcf7_container_post\" value=\"0\" \/><input type=\"hidden\" name=\"_wpcf7_posted_data_hash\" value=\"\" \/><input type=\"hidden\" name=\"_wpcf7_recaptcha_response\" value=\"\" \/>\n<\/fieldset>\n<p>Your name (compulsory)\n<\/p>\n<p><span class=\"wpcf7-form-control-wrap\" data-name=\"text-319\"><input size=\"40\" maxlength=\"400\" class=\"wpcf7-form-control wpcf7-text wpcf7-validates-as-required\" aria-required=\"true\" aria-invalid=\"false\" value=\"\" type=\"text\" name=\"text-319\" \/><\/span>\n<\/p>\n<p>Your email (compulsory)\n<\/p>\n<p><span class=\"wpcf7-form-control-wrap\" data-name=\"email-847\"><input size=\"40\" maxlength=\"400\" class=\"wpcf7-form-control wpcf7-email wpcf7-validates-as-required wpcf7-text wpcf7-validates-as-email\" aria-required=\"true\" aria-invalid=\"false\" value=\"\" type=\"email\" name=\"email-847\" \/><\/span>\n<\/p>\n<p>Your phone (compulsory)\n<\/p>\n<p><span class=\"wpcf7-form-control-wrap\" data-name=\"tel-516\"><input size=\"40\" maxlength=\"400\" class=\"wpcf7-form-control wpcf7-tel wpcf7-validates-as-required wpcf7-text wpcf7-validates-as-tel\" aria-required=\"true\" aria-invalid=\"false\" value=\"\" type=\"tel\" name=\"tel-516\" \/><\/span>\n<\/p>\n<p>Your city:<br \/>\n<span class=\"wpcf7-form-control-wrap\" data-name=\"ville-642\"><input size=\"40\" maxlength=\"400\" class=\"wpcf7-form-control wpcf7-text\" aria-invalid=\"false\" value=\"\" type=\"text\" name=\"ville-642\" \/><\/span>\n<\/p>\n<p>Subject\n<\/p>\n<p><span class=\"wpcf7-form-control-wrap\" data-name=\"your-subject\"><input size=\"40\" maxlength=\"400\" class=\"wpcf7-form-control wpcf7-text wpcf7-validates-as-required\" aria-required=\"true\" aria-invalid=\"false\" value=\"\" type=\"text\" name=\"your-subject\" \/><\/span>\n<\/p>\n<p>Your message\n<\/p>\n<p><span class=\"wpcf7-form-control-wrap\" data-name=\"your-message\"><textarea cols=\"40\" rows=\"10\" maxlength=\"2000\" class=\"wpcf7-form-control wpcf7-textarea wpcf7-validates-as-required\" aria-required=\"true\" aria-invalid=\"false\" name=\"your-message\"><\/textarea><\/span>\n<\/p>\n<p><input class=\"wpcf7-form-control wpcf7-submit has-spinner\" type=\"submit\" value=\"Send\" \/>\n<\/p><p style=\"display: none !important;\" class=\"akismet-fields-container\" data-prefix=\"_wpcf7_ak_\"><label>&#916;<textarea name=\"_wpcf7_ak_hp_textarea\" cols=\"45\" rows=\"8\" maxlength=\"100\"><\/textarea><\/label><input type=\"hidden\" id=\"ak_js_1\" name=\"_wpcf7_ak_js\" value=\"223\"\/><script type=\"text\/javascript\">\n\/* <![CDATA[ *\/\ndocument.getElementById( \"ak_js_1\" ).setAttribute( \"value\", ( new Date() ).getTime() );\n\/* ]]> *\/\n<\/script>\n<\/p><div class=\"wpcf7-response-output\" aria-hidden=\"true\"><\/div>\n<\/form>\n<\/div>\n\n","protected":false},"excerpt":{"rendered":"<p>Extermination in Sainte-B\u00e9atrix Located in the heart of Lanaudi\u00e8re, Sainte-B\u00e9atrix is distinguished by its peaceful setting where nature reigns supreme. However, this tranquility can be disturbed by the appearance of pests. In such a context&#8230; Exterminator in Montreal intervenes. Our mission: to preserve the serenity of your space by offering you extermination solutions that are [&hellip;]<\/p>\n","protected":false},"author":2,"featured_media":0,"parent":0,"menu_order":0,"comment_status":"closed","ping_status":"closed","template":"","meta":{"_genesis_hide_title":false,"_genesis_hide_breadcrumbs":false,"_genesis_hide_singular_image":false,"_genesis_hide_footer_widgets":false,"_genesis_custom_body_class":"","_genesis_custom_post_class":"","_genesis_layout":"","footnotes":""},"class_list":{"0":"post-7170","1":"page","2":"type-page","3":"status-publish","5":"entry","6":"has-post-thumbnail"},"yoast_head":"<!-- This site is optimized with the Yoast SEO plugin v27.5 - https:\/\/yoast.com\/product\/yoast-seo-wordpress\/ -->\n<title>Extermination in Sainte-B\u00e9atrix - Votre exterminateur \u00e0 Montr\u00e9al<\/title>\n<meta name=\"description\" content=\"Extermination in Sainte-B\u00e9atrix Located in the heart of Lanaudi\u00e8re, Sainte-B\u00e9atrix is distinguished by its peaceful setting where nature reigns supreme.\" \/>\n<meta name=\"robots\" content=\"index, follow, max-snippet:-1, max-image-preview:large, max-video-preview:-1\" \/>\n<link rel=\"canonical\" href=\"https:\/\/exterminateuramontreal.ca\/en\/extermination-in-sainte-beatrix\/\" \/>\n<meta property=\"og:locale\" content=\"en_US\" \/>\n<meta property=\"og:type\" content=\"article\" \/>\n<meta property=\"og:title\" content=\"Extermination in Sainte-B\u00e9atrix - Votre exterminateur \u00e0 Montr\u00e9al\" \/>\n<meta property=\"og:description\" content=\"Extermination in Sainte-B\u00e9atrix Located in the heart of Lanaudi\u00e8re, Sainte-B\u00e9atrix is distinguished by its peaceful setting where nature reigns supreme.\" \/>\n<meta property=\"og:url\" content=\"https:\/\/exterminateuramontreal.ca\/en\/extermination-in-sainte-beatrix\/\" \/>\n<meta property=\"og:site_name\" content=\"Votre exterminateur \u00e0 Montr\u00e9al\" \/>\n<meta property=\"article:modified_time\" content=\"2024-09-25T20:37:08+00:00\" \/>\n<meta property=\"og:image\" content=\"https:\/\/exterminateuramontreal.ca\/wp-content\/uploads\/2024\/09\/eglise-188_edited-da1597e4badbd0ce2f21e16d2249e815.jpg\" \/>\n<meta name=\"twitter:label1\" content=\"Est. reading time\" \/>\n\t<meta name=\"twitter:data1\" content=\"4 minutes\" \/>\n<script type=\"application\/ld+json\" class=\"yoast-schema-graph\">{\"@context\":\"https:\\\/\\\/schema.org\",\"@graph\":[{\"@type\":\"WebPage\",\"@id\":\"https:\\\/\\\/exterminateuramontreal.ca\\\/en\\\/extermination-in-sainte-beatrix\\\/\",\"url\":\"https:\\\/\\\/exterminateuramontreal.ca\\\/en\\\/extermination-in-sainte-beatrix\\\/\",\"name\":\"Extermination in Sainte-B\u00e9atrix - Votre exterminateur \u00e0 Montr\u00e9al\",\"isPartOf\":{\"@id\":\"https:\\\/\\\/exterminateuramontreal.ca\\\/en\\\/#website\"},\"primaryImageOfPage\":{\"@id\":\"https:\\\/\\\/exterminateuramontreal.ca\\\/en\\\/extermination-in-sainte-beatrix\\\/#primaryimage\"},\"image\":{\"@id\":\"https:\\\/\\\/exterminateuramontreal.ca\\\/en\\\/extermination-in-sainte-beatrix\\\/#primaryimage\"},\"thumbnailUrl\":\"https:\\\/\\\/exterminateuramontreal.ca\\\/wp-content\\\/uploads\\\/2024\\\/09\\\/eglise-188_edited-da1597e4badbd0ce2f21e16d2249e815.jpg\",\"datePublished\":\"2024-09-25T20:37:07+00:00\",\"dateModified\":\"2024-09-25T20:37:08+00:00\",\"description\":\"Extermination in Sainte-B\u00e9atrix Located in the heart of Lanaudi\u00e8re, Sainte-B\u00e9atrix is distinguished by its peaceful setting where nature reigns supreme.\",\"breadcrumb\":{\"@id\":\"https:\\\/\\\/exterminateuramontreal.ca\\\/en\\\/extermination-in-sainte-beatrix\\\/#breadcrumb\"},\"inLanguage\":\"en-CA\",\"potentialAction\":[{\"@type\":\"ReadAction\",\"target\":[\"https:\\\/\\\/exterminateuramontreal.ca\\\/en\\\/extermination-in-sainte-beatrix\\\/\"]}]},{\"@type\":\"ImageObject\",\"inLanguage\":\"en-CA\",\"@id\":\"https:\\\/\\\/exterminateuramontreal.ca\\\/en\\\/extermination-in-sainte-beatrix\\\/#primaryimage\",\"url\":\"https:\\\/\\\/exterminateuramontreal.ca\\\/wp-content\\\/uploads\\\/2024\\\/09\\\/eglise-188_edited-da1597e4badbd0ce2f21e16d2249e815.jpg\",\"contentUrl\":\"https:\\\/\\\/exterminateuramontreal.ca\\\/wp-content\\\/uploads\\\/2024\\\/09\\\/eglise-188_edited-da1597e4badbd0ce2f21e16d2249e815.jpg\"},{\"@type\":\"BreadcrumbList\",\"@id\":\"https:\\\/\\\/exterminateuramontreal.ca\\\/en\\\/extermination-in-sainte-beatrix\\\/#breadcrumb\",\"itemListElement\":[{\"@type\":\"ListItem\",\"position\":1,\"name\":\"Accueil\",\"item\":\"https:\\\/\\\/exterminateuramontreal.ca\\\/en\\\/\"},{\"@type\":\"ListItem\",\"position\":2,\"name\":\"Extermination in Sainte-B\u00e9atrix\"}]},{\"@type\":\"WebSite\",\"@id\":\"https:\\\/\\\/exterminateuramontreal.ca\\\/en\\\/#website\",\"url\":\"https:\\\/\\\/exterminateuramontreal.ca\\\/en\\\/\",\"name\":\"Exterminateur \u00e0 Montr\u00e9al\",\"description\":\"Votre exterminateur de confiance et pas cher \u00e0 Montr\u00e9al!\",\"publisher\":{\"@id\":\"https:\\\/\\\/exterminateuramontreal.ca\\\/en\\\/#organization\"},\"alternateName\":\"Votre exterminateur de confiance et pas cher \u00e0 Montr\u00e9al!\",\"potentialAction\":[{\"@type\":\"SearchAction\",\"target\":{\"@type\":\"EntryPoint\",\"urlTemplate\":\"https:\\\/\\\/exterminateuramontreal.ca\\\/en\\\/?s={search_term_string}\"},\"query-input\":{\"@type\":\"PropertyValueSpecification\",\"valueRequired\":true,\"valueName\":\"search_term_string\"}}],\"inLanguage\":\"en-CA\"},{\"@type\":\"Organization\",\"@id\":\"https:\\\/\\\/exterminateuramontreal.ca\\\/en\\\/#organization\",\"name\":\"Exterminateur \u00e0 Montr\u00e9al\",\"alternateName\":\"Votre exterminateur de confiance \u00e0 Montr\u00e9al!\",\"url\":\"https:\\\/\\\/exterminateuramontreal.ca\\\/en\\\/\",\"logo\":{\"@type\":\"ImageObject\",\"inLanguage\":\"en-CA\",\"@id\":\"https:\\\/\\\/exterminateuramontreal.ca\\\/en\\\/#\\\/schema\\\/logo\\\/image\\\/\",\"url\":\"https:\\\/\\\/exterminateuramontreal.ca\\\/wp-content\\\/uploads\\\/2011\\\/12\\\/logo-exterminateur-montreal-e1654628842986.png\",\"contentUrl\":\"https:\\\/\\\/exterminateuramontreal.ca\\\/wp-content\\\/uploads\\\/2011\\\/12\\\/logo-exterminateur-montreal-e1654628842986.png\",\"width\":176,\"height\":74,\"caption\":\"Exterminateur \u00e0 Montr\u00e9al\"},\"image\":{\"@id\":\"https:\\\/\\\/exterminateuramontreal.ca\\\/en\\\/#\\\/schema\\\/logo\\\/image\\\/\"}}]}<\/script>\n<!-- \/ Yoast SEO plugin. -->","yoast_head_json":{"title":"Extermination in Sainte-B\u00e9atrix - Votre exterminateur \u00e0 Montr\u00e9al","description":"Extermination in Sainte-B\u00e9atrix Located in the heart of Lanaudi\u00e8re, Sainte-B\u00e9atrix is distinguished by its peaceful setting where nature reigns supreme.","robots":{"index":"index","follow":"follow","max-snippet":"max-snippet:-1","max-image-preview":"max-image-preview:large","max-video-preview":"max-video-preview:-1"},"canonical":"https:\/\/exterminateuramontreal.ca\/en\/extermination-in-sainte-beatrix\/","og_locale":"en_US","og_type":"article","og_title":"Extermination in Sainte-B\u00e9atrix - Votre exterminateur \u00e0 Montr\u00e9al","og_description":"Extermination in Sainte-B\u00e9atrix Located in the heart of Lanaudi\u00e8re, Sainte-B\u00e9atrix is distinguished by its peaceful setting where nature reigns supreme.","og_url":"https:\/\/exterminateuramontreal.ca\/en\/extermination-in-sainte-beatrix\/","og_site_name":"Votre exterminateur \u00e0 Montr\u00e9al","article_modified_time":"2024-09-25T20:37:08+00:00","og_image":[{"url":"https:\/\/exterminateuramontreal.ca\/wp-content\/uploads\/2024\/09\/eglise-188_edited-da1597e4badbd0ce2f21e16d2249e815.jpg","type":"","width":"","height":""}],"twitter_misc":{"Est. reading time":"4 minutes"},"schema":{"@context":"https:\/\/schema.org","@graph":[{"@type":"WebPage","@id":"https:\/\/exterminateuramontreal.ca\/en\/extermination-in-sainte-beatrix\/","url":"https:\/\/exterminateuramontreal.ca\/en\/extermination-in-sainte-beatrix\/","name":"Extermination in Sainte-B\u00e9atrix - Votre exterminateur \u00e0 Montr\u00e9al","isPartOf":{"@id":"https:\/\/exterminateuramontreal.ca\/en\/#website"},"primaryImageOfPage":{"@id":"https:\/\/exterminateuramontreal.ca\/en\/extermination-in-sainte-beatrix\/#primaryimage"},"image":{"@id":"https:\/\/exterminateuramontreal.ca\/en\/extermination-in-sainte-beatrix\/#primaryimage"},"thumbnailUrl":"https:\/\/exterminateuramontreal.ca\/wp-content\/uploads\/2024\/09\/eglise-188_edited-da1597e4badbd0ce2f21e16d2249e815.jpg","datePublished":"2024-09-25T20:37:07+00:00","dateModified":"2024-09-25T20:37:08+00:00","description":"Extermination in Sainte-B\u00e9atrix Located in the heart of Lanaudi\u00e8re, Sainte-B\u00e9atrix is distinguished by its peaceful setting where nature reigns supreme.","breadcrumb":{"@id":"https:\/\/exterminateuramontreal.ca\/en\/extermination-in-sainte-beatrix\/#breadcrumb"},"inLanguage":"en-CA","potentialAction":[{"@type":"ReadAction","target":["https:\/\/exterminateuramontreal.ca\/en\/extermination-in-sainte-beatrix\/"]}]},{"@type":"ImageObject","inLanguage":"en-CA","@id":"https:\/\/exterminateuramontreal.ca\/en\/extermination-in-sainte-beatrix\/#primaryimage","url":"https:\/\/exterminateuramontreal.ca\/wp-content\/uploads\/2024\/09\/eglise-188_edited-da1597e4badbd0ce2f21e16d2249e815.jpg","contentUrl":"https:\/\/exterminateuramontreal.ca\/wp-content\/uploads\/2024\/09\/eglise-188_edited-da1597e4badbd0ce2f21e16d2249e815.jpg"},{"@type":"BreadcrumbList","@id":"https:\/\/exterminateuramontreal.ca\/en\/extermination-in-sainte-beatrix\/#breadcrumb","itemListElement":[{"@type":"ListItem","position":1,"name":"Accueil","item":"https:\/\/exterminateuramontreal.ca\/en\/"},{"@type":"ListItem","position":2,"name":"Extermination in Sainte-B\u00e9atrix"}]},{"@type":"WebSite","@id":"https:\/\/exterminateuramontreal.ca\/en\/#website","url":"https:\/\/exterminateuramontreal.ca\/en\/","name":"Exterminateur \u00e0 Montr\u00e9al","description":"Votre exterminateur de confiance et pas cher \u00e0 Montr\u00e9al!","publisher":{"@id":"https:\/\/exterminateuramontreal.ca\/en\/#organization"},"alternateName":"Votre exterminateur de confiance et pas cher \u00e0 Montr\u00e9al!","potentialAction":[{"@type":"SearchAction","target":{"@type":"EntryPoint","urlTemplate":"https:\/\/exterminateuramontreal.ca\/en\/?s={search_term_string}"},"query-input":{"@type":"PropertyValueSpecification","valueRequired":true,"valueName":"search_term_string"}}],"inLanguage":"en-CA"},{"@type":"Organization","@id":"https:\/\/exterminateuramontreal.ca\/en\/#organization","name":"Exterminateur \u00e0 Montr\u00e9al","alternateName":"Votre exterminateur de confiance \u00e0 Montr\u00e9al!","url":"https:\/\/exterminateuramontreal.ca\/en\/","logo":{"@type":"ImageObject","inLanguage":"en-CA","@id":"https:\/\/exterminateuramontreal.ca\/en\/#\/schema\/logo\/image\/","url":"https:\/\/exterminateuramontreal.ca\/wp-content\/uploads\/2011\/12\/logo-exterminateur-montreal-e1654628842986.png","contentUrl":"https:\/\/exterminateuramontreal.ca\/wp-content\/uploads\/2011\/12\/logo-exterminateur-montreal-e1654628842986.png","width":176,"height":74,"caption":"Exterminateur \u00e0 Montr\u00e9al"},"image":{"@id":"https:\/\/exterminateuramontreal.ca\/en\/#\/schema\/logo\/image\/"}}]}},"_links":{"self":[{"href":"https:\/\/exterminateuramontreal.ca\/en\/wp-json\/wp\/v2\/pages\/7170","targetHints":{"allow":["GET"]}}],"collection":[{"href":"https:\/\/exterminateuramontreal.ca\/en\/wp-json\/wp\/v2\/pages"}],"about":[{"href":"https:\/\/exterminateuramontreal.ca\/en\/wp-json\/wp\/v2\/types\/page"}],"author":[{"embeddable":true,"href":"https:\/\/exterminateuramontreal.ca\/en\/wp-json\/wp\/v2\/users\/2"}],"replies":[{"embeddable":true,"href":"https:\/\/exterminateuramontreal.ca\/en\/wp-json\/wp\/v2\/comments?post=7170"}],"version-history":[{"count":1,"href":"https:\/\/exterminateuramontreal.ca\/en\/wp-json\/wp\/v2\/pages\/7170\/revisions"}],"predecessor-version":[{"id":7171,"href":"https:\/\/exterminateuramontreal.ca\/en\/wp-json\/wp\/v2\/pages\/7170\/revisions\/7171"}],"wp:attachment":[{"href":"https:\/\/exterminateuramontreal.ca\/en\/wp-json\/wp\/v2\/media?parent=7170"}],"curies":[{"name":"wp","href":"https:\/\/api.w.org\/{rel}","templated":true}]}}