{"id":7166,"date":"2024-09-25T16:36:58","date_gmt":"2024-09-25T20:36:58","guid":{"rendered":"https:\/\/exterminateuramontreal.ca\/extermination-in-sainte-emelie-de-lenergie\/"},"modified":"2024-09-25T16:36:58","modified_gmt":"2024-09-25T20:36:58","slug":"extermination-in-sainte-emelie-de-lenergie","status":"publish","type":"page","link":"https:\/\/exterminateuramontreal.ca\/en\/extermination-in-sainte-emelie-de-lenergie\/","title":{"rendered":"Extermination in Sainte-\u00c9m\u00e9lie-de-l&#8217;\u00c9nergie"},"content":{"rendered":"\n<h1 class=\"wp-block-heading\">Extermination in Sainte-\u00c9m\u00e9lie-de-l&#8217;\u00c9nergie<\/h1>\n<p><span style=\"font-weight: 400;\">Nestled in the heart of Lanaudi\u00e8re, Sainte-\u00c9m\u00e9lie-de-l&#8217;\u00c9nergie reveals itself as a picturesque village, lulled by the green setting of the forests and the relief of the surrounding mountains.<br \/>\nThis intimacy with nature gives the locality a most pleasant living environment for its inhabitants; However, it can also be a source of unwanted guests such as rodents, insects and other pests. <\/span><\/p>\n<p><span style=\"font-weight: 400;\">Are you facing an infestation in this haven of peace?<br \/>\nExterminator in Montreal is a reliable ally&#8230; At your service to provide you with prompt and safe solutions \u2013 without compromising on efficiency. <\/span><\/p>\n<h2><b>The specific challenges of Sainte-\u00c9m\u00e9lie-de-l&#8217;\u00c9nergie<\/b><\/h2>\n<p><img decoding=\"async\" class=\"aligncenter wp-image-7110 size-full\" src=\"https:\/\/exterminateuramontreal.ca\/wp-content\/uploads\/2024\/09\/serge_raymond_halte_131.jpg\" alt=\"\" width=\"2000\" height=\"711\" srcset=\"https:\/\/exterminateuramontreal.ca\/wp-content\/uploads\/2024\/09\/serge_raymond_halte_131.jpg 2000w, https:\/\/exterminateuramontreal.ca\/wp-content\/uploads\/2024\/09\/serge_raymond_halte_131-300x107.jpg 300w, https:\/\/exterminateuramontreal.ca\/wp-content\/uploads\/2024\/09\/serge_raymond_halte_131-1024x364.jpg 1024w, https:\/\/exterminateuramontreal.ca\/wp-content\/uploads\/2024\/09\/serge_raymond_halte_131-768x273.jpg 768w, https:\/\/exterminateuramontreal.ca\/wp-content\/uploads\/2024\/09\/serge_raymond_halte_131-50x18.jpg 50w, https:\/\/exterminateuramontreal.ca\/wp-content\/uploads\/2024\/09\/serge_raymond_halte_131-1600x569.jpg 1600w, https:\/\/exterminateuramontreal.ca\/wp-content\/uploads\/2024\/09\/serge_raymond_halte_131-1536x546.jpg 1536w\" sizes=\"(max-width: 2000px) 100vw, 2000px\" \/><\/p>\n<p><span style=\"font-weight: 400;\">In Sainte-\u00c9m\u00e9lie-de-l&#8217;\u00c9nergie, residents are regularly confronted with various pests: mice, rats, carpenter ants, wasps and bed bugs&#8230;<br \/>\nThe latter occur mainly during seasonal transitions.<br \/>\nHomes, cottages and commercial buildings \u2013 often built of wood and nestled in green settings \u2013 are particularly attractive to these unwanted visitors.<br \/>\nRodents seek refuge in the warmth and safety of homes during the winter; As for insects, they are more enterprising in spring and summer.   <\/span><\/p>\n<p><span style=\"font-weight: 400;\">Invasions of these pests are not without consequences: they can lead to food contamination, damage to wooden structures or pose threats to the health of residents (allergies, communicable diseases, etc.).<br \/>\nIn the face of these critical situations, it is imperative to act promptly.<br \/>\nTargeted intervention is needed to prevent the problem from getting worse.  <\/span><\/p>\n<h2><b>Exterminator in Montreal: Your Local Partner for Effective Extermination<\/b><\/h2>\n<p><img decoding=\"async\" class=\"aligncenter wp-image-7112 size-full\" src=\"https:\/\/exterminateuramontreal.ca\/wp-content\/uploads\/2024\/09\/dummy.png\" alt=\"\" width=\"2000\" height=\"400\" srcset=\"https:\/\/exterminateuramontreal.ca\/wp-content\/uploads\/2024\/09\/dummy.png 2000w, https:\/\/exterminateuramontreal.ca\/wp-content\/uploads\/2024\/09\/dummy-300x60.png 300w, https:\/\/exterminateuramontreal.ca\/wp-content\/uploads\/2024\/09\/dummy-1024x205.png 1024w, https:\/\/exterminateuramontreal.ca\/wp-content\/uploads\/2024\/09\/dummy-768x154.png 768w, https:\/\/exterminateuramontreal.ca\/wp-content\/uploads\/2024\/09\/dummy-50x10.png 50w, https:\/\/exterminateuramontreal.ca\/wp-content\/uploads\/2024\/09\/dummy-1600x320.png 1600w, https:\/\/exterminateuramontreal.ca\/wp-content\/uploads\/2024\/09\/dummy-1536x307.png 1536w\" sizes=\"(max-width: 2000px) 100vw, 2000px\" \/><\/p>\n<p><span style=\"font-weight: 400;\">At Montreal Exterminator, speed of action in the face of pest infestations is a priority that we take very seriously.<br \/>\nWe offer customized extermination solutions in Sainte-\u00c9m\u00e9lie-de-l&#8217;\u00c9nergie, designed to respond precisely to local problems.<br \/>\nWhether you are confronted with the intrusion of carpenter ants attacking your wooden structure or you are looking for methods to keep rodents away from your home&#8230; Our experts are here to help.  <\/span><\/p>\n<p><span style=\"font-weight: 400;\">Our approach is based on innovative and eco-responsible practices; Thus, we ensure sustained efficiency without ever neglecting the safety of your loved ones or that of your four-legged friends.<br \/>\nEach treatment is meticulously developed to combine performance and compliance with the most rigorous health and safety requirements. <\/span><\/p>\n<h2><b>Customized Solutions for Every Pest Problem<\/b><\/h2>\n<p><span style=\"font-weight: 400;\">Each case of infestation is unique and deserves special attention.<br \/>\nThis is why our approach is systematically adapted to the situation encountered.<br \/>\nIn Sainte-\u00c9m\u00e9lie-de-l&#8217;\u00c9nergie, our extermination specialists begin with an in-depth diagnosis of your property&#8230;<br \/>\nTheir goal?<br \/>\nIdentify undesirable species, identify the root cause of the problem, and establish the most effective response tactics.    <\/span><\/p>\n<p><span style=\"font-weight: 400;\">At the end of this careful evaluation, we design a personalized action plan for you: it can include targeted treatments, preventive recommendations and tips to prevent any return to the sender&#8230;<br \/>\nIn short, a range of solutions to guarantee the tranquility of your space. <\/span><\/p>\n<p><span style=\"font-weight: 400;\">Aware that some situations require a more sustained approach (or even multiple interventions), our team is committed with determination: we will work closely with you until your home or business is completely protected from any harmful intrusion.<\/span><\/p>\n<p><strong style=\"font-size: revert; color: initial;\">Call your exterminator in Montreal <a href=\"tel:5148302819\">514 830 2819<\/a><\/strong><\/p>\n<p>[\/sws_blue_box]<\/p>\n<h2><b>Prevention and Long-Term Peace of Mind<\/b><\/h2>\n<p><span style=\"font-weight: 400;\">We are convinced that prevention plays a crucial role in pest control.<br \/>\nSo, beyond immediate intervention to remove them, we offer a range of services designed to ensure the long-term protection of your space.<br \/>\nOur extermination experts will help you detect and secure vulnerable access to your property; They will also strengthen your defences and guide you towards effective methods to avoid any recurrence&#8230;<br \/>\nBecause prevention is always better than cure.   <\/span><\/p>\n<h2><b>Contact Exterminator in Montreal for a Free Estimate<\/b><\/h2>\n<p><span style=\"font-weight: 400;\">Protect your living space or workplace in Sainte-\u00c9m\u00e9lie-de-l&#8217;\u00c9nergie from unwanted intrusions.<br \/>\nContact Exterminator in Montreal now for a free evaluation&#8230;<br \/>\nDiscover our tailor-made solutions, designed to overcome your pest concerns with efficiency and professionalism.  <\/span><\/p>\n<p><span style=\"font-weight: 400;\">Our in-depth knowledge of the local context, combined with our unwavering commitment to customer satisfaction, ensures that your home or business is fully defended against various infestation threats.<\/span><\/p>\n<p><span style=\"font-weight: 400;\">Opt for Exterminator in Montreal; Find the serenity you deserve&#8230; In Sainte-\u00c9m\u00e9lie-de-l&#8217;\u00c9nergie, we are the bulwark between you and the pests.<\/span><\/p>\n<p><span style=\"color: revert; font-size: revert; font-weight: revert;\">Contact us<\/span><\/p>\n\n<div class=\"wpcf7 no-js\" id=\"wpcf7-f2236-o1\" lang=\"en-CA\" dir=\"ltr\" data-wpcf7-id=\"2236\">\n<div class=\"screen-reader-response\"><p role=\"status\" aria-live=\"polite\" aria-atomic=\"true\"><\/p> <ul><\/ul><\/div>\n<form action=\"\/en\/wp-json\/wp\/v2\/pages\/7166#wpcf7-f2236-o1\" method=\"post\" class=\"wpcf7-form init\" aria-label=\"Contact form\" novalidate=\"novalidate\" data-status=\"init\">\n<fieldset class=\"hidden-fields-container\"><input type=\"hidden\" name=\"_wpcf7\" value=\"2236\" \/><input type=\"hidden\" name=\"_wpcf7_version\" value=\"6.1.5\" \/><input type=\"hidden\" name=\"_wpcf7_locale\" value=\"en_CA\" \/><input type=\"hidden\" name=\"_wpcf7_unit_tag\" value=\"wpcf7-f2236-o1\" \/><input type=\"hidden\" name=\"_wpcf7_container_post\" value=\"0\" \/><input type=\"hidden\" name=\"_wpcf7_posted_data_hash\" value=\"\" \/><input type=\"hidden\" name=\"_wpcf7_recaptcha_response\" value=\"\" \/>\n<\/fieldset>\n<p>Your name (compulsory)\n<\/p>\n<p><span class=\"wpcf7-form-control-wrap\" data-name=\"text-319\"><input size=\"40\" maxlength=\"400\" class=\"wpcf7-form-control wpcf7-text wpcf7-validates-as-required\" aria-required=\"true\" aria-invalid=\"false\" value=\"\" type=\"text\" name=\"text-319\" \/><\/span>\n<\/p>\n<p>Your email (compulsory)\n<\/p>\n<p><span class=\"wpcf7-form-control-wrap\" data-name=\"email-847\"><input size=\"40\" maxlength=\"400\" class=\"wpcf7-form-control wpcf7-email wpcf7-validates-as-required wpcf7-text wpcf7-validates-as-email\" aria-required=\"true\" aria-invalid=\"false\" value=\"\" type=\"email\" name=\"email-847\" \/><\/span>\n<\/p>\n<p>Your phone (compulsory)\n<\/p>\n<p><span class=\"wpcf7-form-control-wrap\" data-name=\"tel-516\"><input size=\"40\" maxlength=\"400\" class=\"wpcf7-form-control wpcf7-tel wpcf7-validates-as-required wpcf7-text wpcf7-validates-as-tel\" aria-required=\"true\" aria-invalid=\"false\" value=\"\" type=\"tel\" name=\"tel-516\" \/><\/span>\n<\/p>\n<p>Your city:<br \/>\n<span class=\"wpcf7-form-control-wrap\" data-name=\"ville-642\"><input size=\"40\" maxlength=\"400\" class=\"wpcf7-form-control wpcf7-text\" aria-invalid=\"false\" value=\"\" type=\"text\" name=\"ville-642\" \/><\/span>\n<\/p>\n<p>Subject\n<\/p>\n<p><span class=\"wpcf7-form-control-wrap\" data-name=\"your-subject\"><input size=\"40\" maxlength=\"400\" class=\"wpcf7-form-control wpcf7-text wpcf7-validates-as-required\" aria-required=\"true\" aria-invalid=\"false\" value=\"\" type=\"text\" name=\"your-subject\" \/><\/span>\n<\/p>\n<p>Your message\n<\/p>\n<p><span class=\"wpcf7-form-control-wrap\" data-name=\"your-message\"><textarea cols=\"40\" rows=\"10\" maxlength=\"2000\" class=\"wpcf7-form-control wpcf7-textarea wpcf7-validates-as-required\" aria-required=\"true\" aria-invalid=\"false\" name=\"your-message\"><\/textarea><\/span>\n<\/p>\n<p><input class=\"wpcf7-form-control wpcf7-submit has-spinner\" type=\"submit\" value=\"Send\" \/>\n<\/p><p style=\"display: none !important;\" class=\"akismet-fields-container\" data-prefix=\"_wpcf7_ak_\"><label>&#916;<textarea name=\"_wpcf7_ak_hp_textarea\" cols=\"45\" rows=\"8\" maxlength=\"100\"><\/textarea><\/label><input type=\"hidden\" id=\"ak_js_1\" name=\"_wpcf7_ak_js\" value=\"140\"\/><script type=\"text\/javascript\">\n\/* <![CDATA[ *\/\ndocument.getElementById( \"ak_js_1\" ).setAttribute( \"value\", ( new Date() ).getTime() );\n\/* ]]> *\/\n<\/script>\n<\/p><div class=\"wpcf7-response-output\" aria-hidden=\"true\"><\/div>\n<\/form>\n<\/div>\n\n","protected":false},"excerpt":{"rendered":"<p>Extermination in Sainte-\u00c9m\u00e9lie-de-l&#8217;\u00c9nergie Nestled in the heart of Lanaudi\u00e8re, Sainte-\u00c9m\u00e9lie-de-l&#8217;\u00c9nergie reveals itself as a picturesque village, lulled by the green setting of the forests and the relief of the surrounding mountains. This intimacy with nature gives the locality a most pleasant living environment for its inhabitants; However, it can also be a source of unwanted [&hellip;]<\/p>\n","protected":false},"author":2,"featured_media":0,"parent":0,"menu_order":0,"comment_status":"closed","ping_status":"closed","template":"","meta":{"_genesis_hide_title":false,"_genesis_hide_breadcrumbs":false,"_genesis_hide_singular_image":false,"_genesis_hide_footer_widgets":false,"_genesis_custom_body_class":"","_genesis_custom_post_class":"","_genesis_layout":"","footnotes":""},"class_list":{"0":"post-7166","1":"page","2":"type-page","3":"status-publish","5":"entry","6":"has-post-thumbnail"},"yoast_head":"<!-- This site is optimized with the Yoast SEO plugin v27.5 - https:\/\/yoast.com\/product\/yoast-seo-wordpress\/ -->\n<title>Extermination in Sainte-\u00c9m\u00e9lie-de-l&#039;\u00c9nergie - Votre exterminateur \u00e0 Montr\u00e9al<\/title>\n<meta name=\"description\" content=\"Extermination in Sainte-\u00c9m\u00e9lie-de-l&#039;\u00c9nergie Nestled in the heart of Lanaudi\u00e8re, Sainte-\u00c9m\u00e9lie-de-l&#039;\u00c9nergie reveals itself as a picturesque village, lulled\" \/>\n<meta name=\"robots\" content=\"index, follow, max-snippet:-1, max-image-preview:large, max-video-preview:-1\" \/>\n<link rel=\"canonical\" href=\"https:\/\/exterminateuramontreal.ca\/en\/extermination-in-sainte-emelie-de-lenergie\/\" \/>\n<meta property=\"og:locale\" content=\"en_US\" \/>\n<meta property=\"og:type\" content=\"article\" \/>\n<meta property=\"og:title\" content=\"Extermination in Sainte-\u00c9m\u00e9lie-de-l&#039;\u00c9nergie - Votre exterminateur \u00e0 Montr\u00e9al\" \/>\n<meta property=\"og:description\" content=\"Extermination in Sainte-\u00c9m\u00e9lie-de-l&#039;\u00c9nergie Nestled in the heart of Lanaudi\u00e8re, Sainte-\u00c9m\u00e9lie-de-l&#039;\u00c9nergie reveals itself as a picturesque village, lulled\" \/>\n<meta property=\"og:url\" content=\"https:\/\/exterminateuramontreal.ca\/en\/extermination-in-sainte-emelie-de-lenergie\/\" \/>\n<meta property=\"og:site_name\" content=\"Votre exterminateur \u00e0 Montr\u00e9al\" \/>\n<meta property=\"og:image\" content=\"https:\/\/exterminateuramontreal.ca\/wp-content\/uploads\/2024\/09\/serge_raymond_halte_131.jpg\" \/>\n<meta name=\"twitter:label1\" content=\"Est. reading time\" \/>\n\t<meta name=\"twitter:data1\" content=\"3 minutes\" \/>\n<script type=\"application\/ld+json\" class=\"yoast-schema-graph\">{\"@context\":\"https:\\\/\\\/schema.org\",\"@graph\":[{\"@type\":\"WebPage\",\"@id\":\"https:\\\/\\\/exterminateuramontreal.ca\\\/en\\\/extermination-in-sainte-emelie-de-lenergie\\\/\",\"url\":\"https:\\\/\\\/exterminateuramontreal.ca\\\/en\\\/extermination-in-sainte-emelie-de-lenergie\\\/\",\"name\":\"Extermination in Sainte-\u00c9m\u00e9lie-de-l'\u00c9nergie - Votre exterminateur \u00e0 Montr\u00e9al\",\"isPartOf\":{\"@id\":\"https:\\\/\\\/exterminateuramontreal.ca\\\/en\\\/#website\"},\"primaryImageOfPage\":{\"@id\":\"https:\\\/\\\/exterminateuramontreal.ca\\\/en\\\/extermination-in-sainte-emelie-de-lenergie\\\/#primaryimage\"},\"image\":{\"@id\":\"https:\\\/\\\/exterminateuramontreal.ca\\\/en\\\/extermination-in-sainte-emelie-de-lenergie\\\/#primaryimage\"},\"thumbnailUrl\":\"https:\\\/\\\/exterminateuramontreal.ca\\\/wp-content\\\/uploads\\\/2024\\\/09\\\/serge_raymond_halte_131.jpg\",\"datePublished\":\"2024-09-25T20:36:58+00:00\",\"description\":\"Extermination in Sainte-\u00c9m\u00e9lie-de-l'\u00c9nergie Nestled in the heart of Lanaudi\u00e8re, Sainte-\u00c9m\u00e9lie-de-l'\u00c9nergie reveals itself as a picturesque village, lulled\",\"breadcrumb\":{\"@id\":\"https:\\\/\\\/exterminateuramontreal.ca\\\/en\\\/extermination-in-sainte-emelie-de-lenergie\\\/#breadcrumb\"},\"inLanguage\":\"en-CA\",\"potentialAction\":[{\"@type\":\"ReadAction\",\"target\":[\"https:\\\/\\\/exterminateuramontreal.ca\\\/en\\\/extermination-in-sainte-emelie-de-lenergie\\\/\"]}]},{\"@type\":\"ImageObject\",\"inLanguage\":\"en-CA\",\"@id\":\"https:\\\/\\\/exterminateuramontreal.ca\\\/en\\\/extermination-in-sainte-emelie-de-lenergie\\\/#primaryimage\",\"url\":\"https:\\\/\\\/exterminateuramontreal.ca\\\/wp-content\\\/uploads\\\/2024\\\/09\\\/serge_raymond_halte_131.jpg\",\"contentUrl\":\"https:\\\/\\\/exterminateuramontreal.ca\\\/wp-content\\\/uploads\\\/2024\\\/09\\\/serge_raymond_halte_131.jpg\"},{\"@type\":\"BreadcrumbList\",\"@id\":\"https:\\\/\\\/exterminateuramontreal.ca\\\/en\\\/extermination-in-sainte-emelie-de-lenergie\\\/#breadcrumb\",\"itemListElement\":[{\"@type\":\"ListItem\",\"position\":1,\"name\":\"Accueil\",\"item\":\"https:\\\/\\\/exterminateuramontreal.ca\\\/en\\\/\"},{\"@type\":\"ListItem\",\"position\":2,\"name\":\"Extermination in Sainte-\u00c9m\u00e9lie-de-l&#8217;\u00c9nergie\"}]},{\"@type\":\"WebSite\",\"@id\":\"https:\\\/\\\/exterminateuramontreal.ca\\\/en\\\/#website\",\"url\":\"https:\\\/\\\/exterminateuramontreal.ca\\\/en\\\/\",\"name\":\"Exterminateur \u00e0 Montr\u00e9al\",\"description\":\"Votre exterminateur de confiance et pas cher \u00e0 Montr\u00e9al!\",\"publisher\":{\"@id\":\"https:\\\/\\\/exterminateuramontreal.ca\\\/en\\\/#organization\"},\"alternateName\":\"Votre exterminateur de confiance et pas cher \u00e0 Montr\u00e9al!\",\"potentialAction\":[{\"@type\":\"SearchAction\",\"target\":{\"@type\":\"EntryPoint\",\"urlTemplate\":\"https:\\\/\\\/exterminateuramontreal.ca\\\/en\\\/?s={search_term_string}\"},\"query-input\":{\"@type\":\"PropertyValueSpecification\",\"valueRequired\":true,\"valueName\":\"search_term_string\"}}],\"inLanguage\":\"en-CA\"},{\"@type\":\"Organization\",\"@id\":\"https:\\\/\\\/exterminateuramontreal.ca\\\/en\\\/#organization\",\"name\":\"Exterminateur \u00e0 Montr\u00e9al\",\"alternateName\":\"Votre exterminateur de confiance \u00e0 Montr\u00e9al!\",\"url\":\"https:\\\/\\\/exterminateuramontreal.ca\\\/en\\\/\",\"logo\":{\"@type\":\"ImageObject\",\"inLanguage\":\"en-CA\",\"@id\":\"https:\\\/\\\/exterminateuramontreal.ca\\\/en\\\/#\\\/schema\\\/logo\\\/image\\\/\",\"url\":\"https:\\\/\\\/exterminateuramontreal.ca\\\/wp-content\\\/uploads\\\/2011\\\/12\\\/logo-exterminateur-montreal-e1654628842986.png\",\"contentUrl\":\"https:\\\/\\\/exterminateuramontreal.ca\\\/wp-content\\\/uploads\\\/2011\\\/12\\\/logo-exterminateur-montreal-e1654628842986.png\",\"width\":176,\"height\":74,\"caption\":\"Exterminateur \u00e0 Montr\u00e9al\"},\"image\":{\"@id\":\"https:\\\/\\\/exterminateuramontreal.ca\\\/en\\\/#\\\/schema\\\/logo\\\/image\\\/\"}}]}<\/script>\n<!-- \/ Yoast SEO plugin. -->","yoast_head_json":{"title":"Extermination in Sainte-\u00c9m\u00e9lie-de-l'\u00c9nergie - Votre exterminateur \u00e0 Montr\u00e9al","description":"Extermination in Sainte-\u00c9m\u00e9lie-de-l'\u00c9nergie Nestled in the heart of Lanaudi\u00e8re, Sainte-\u00c9m\u00e9lie-de-l'\u00c9nergie reveals itself as a picturesque village, lulled","robots":{"index":"index","follow":"follow","max-snippet":"max-snippet:-1","max-image-preview":"max-image-preview:large","max-video-preview":"max-video-preview:-1"},"canonical":"https:\/\/exterminateuramontreal.ca\/en\/extermination-in-sainte-emelie-de-lenergie\/","og_locale":"en_US","og_type":"article","og_title":"Extermination in Sainte-\u00c9m\u00e9lie-de-l'\u00c9nergie - Votre exterminateur \u00e0 Montr\u00e9al","og_description":"Extermination in Sainte-\u00c9m\u00e9lie-de-l'\u00c9nergie Nestled in the heart of Lanaudi\u00e8re, Sainte-\u00c9m\u00e9lie-de-l'\u00c9nergie reveals itself as a picturesque village, lulled","og_url":"https:\/\/exterminateuramontreal.ca\/en\/extermination-in-sainte-emelie-de-lenergie\/","og_site_name":"Votre exterminateur \u00e0 Montr\u00e9al","og_image":[{"url":"https:\/\/exterminateuramontreal.ca\/wp-content\/uploads\/2024\/09\/serge_raymond_halte_131.jpg","type":"","width":"","height":""}],"twitter_misc":{"Est. reading time":"3 minutes"},"schema":{"@context":"https:\/\/schema.org","@graph":[{"@type":"WebPage","@id":"https:\/\/exterminateuramontreal.ca\/en\/extermination-in-sainte-emelie-de-lenergie\/","url":"https:\/\/exterminateuramontreal.ca\/en\/extermination-in-sainte-emelie-de-lenergie\/","name":"Extermination in Sainte-\u00c9m\u00e9lie-de-l'\u00c9nergie - Votre exterminateur \u00e0 Montr\u00e9al","isPartOf":{"@id":"https:\/\/exterminateuramontreal.ca\/en\/#website"},"primaryImageOfPage":{"@id":"https:\/\/exterminateuramontreal.ca\/en\/extermination-in-sainte-emelie-de-lenergie\/#primaryimage"},"image":{"@id":"https:\/\/exterminateuramontreal.ca\/en\/extermination-in-sainte-emelie-de-lenergie\/#primaryimage"},"thumbnailUrl":"https:\/\/exterminateuramontreal.ca\/wp-content\/uploads\/2024\/09\/serge_raymond_halte_131.jpg","datePublished":"2024-09-25T20:36:58+00:00","description":"Extermination in Sainte-\u00c9m\u00e9lie-de-l'\u00c9nergie Nestled in the heart of Lanaudi\u00e8re, Sainte-\u00c9m\u00e9lie-de-l'\u00c9nergie reveals itself as a picturesque village, lulled","breadcrumb":{"@id":"https:\/\/exterminateuramontreal.ca\/en\/extermination-in-sainte-emelie-de-lenergie\/#breadcrumb"},"inLanguage":"en-CA","potentialAction":[{"@type":"ReadAction","target":["https:\/\/exterminateuramontreal.ca\/en\/extermination-in-sainte-emelie-de-lenergie\/"]}]},{"@type":"ImageObject","inLanguage":"en-CA","@id":"https:\/\/exterminateuramontreal.ca\/en\/extermination-in-sainte-emelie-de-lenergie\/#primaryimage","url":"https:\/\/exterminateuramontreal.ca\/wp-content\/uploads\/2024\/09\/serge_raymond_halte_131.jpg","contentUrl":"https:\/\/exterminateuramontreal.ca\/wp-content\/uploads\/2024\/09\/serge_raymond_halte_131.jpg"},{"@type":"BreadcrumbList","@id":"https:\/\/exterminateuramontreal.ca\/en\/extermination-in-sainte-emelie-de-lenergie\/#breadcrumb","itemListElement":[{"@type":"ListItem","position":1,"name":"Accueil","item":"https:\/\/exterminateuramontreal.ca\/en\/"},{"@type":"ListItem","position":2,"name":"Extermination in Sainte-\u00c9m\u00e9lie-de-l&#8217;\u00c9nergie"}]},{"@type":"WebSite","@id":"https:\/\/exterminateuramontreal.ca\/en\/#website","url":"https:\/\/exterminateuramontreal.ca\/en\/","name":"Exterminateur \u00e0 Montr\u00e9al","description":"Votre exterminateur de confiance et pas cher \u00e0 Montr\u00e9al!","publisher":{"@id":"https:\/\/exterminateuramontreal.ca\/en\/#organization"},"alternateName":"Votre exterminateur de confiance et pas cher \u00e0 Montr\u00e9al!","potentialAction":[{"@type":"SearchAction","target":{"@type":"EntryPoint","urlTemplate":"https:\/\/exterminateuramontreal.ca\/en\/?s={search_term_string}"},"query-input":{"@type":"PropertyValueSpecification","valueRequired":true,"valueName":"search_term_string"}}],"inLanguage":"en-CA"},{"@type":"Organization","@id":"https:\/\/exterminateuramontreal.ca\/en\/#organization","name":"Exterminateur \u00e0 Montr\u00e9al","alternateName":"Votre exterminateur de confiance \u00e0 Montr\u00e9al!","url":"https:\/\/exterminateuramontreal.ca\/en\/","logo":{"@type":"ImageObject","inLanguage":"en-CA","@id":"https:\/\/exterminateuramontreal.ca\/en\/#\/schema\/logo\/image\/","url":"https:\/\/exterminateuramontreal.ca\/wp-content\/uploads\/2011\/12\/logo-exterminateur-montreal-e1654628842986.png","contentUrl":"https:\/\/exterminateuramontreal.ca\/wp-content\/uploads\/2011\/12\/logo-exterminateur-montreal-e1654628842986.png","width":176,"height":74,"caption":"Exterminateur \u00e0 Montr\u00e9al"},"image":{"@id":"https:\/\/exterminateuramontreal.ca\/en\/#\/schema\/logo\/image\/"}}]}},"_links":{"self":[{"href":"https:\/\/exterminateuramontreal.ca\/en\/wp-json\/wp\/v2\/pages\/7166","targetHints":{"allow":["GET"]}}],"collection":[{"href":"https:\/\/exterminateuramontreal.ca\/en\/wp-json\/wp\/v2\/pages"}],"about":[{"href":"https:\/\/exterminateuramontreal.ca\/en\/wp-json\/wp\/v2\/types\/page"}],"author":[{"embeddable":true,"href":"https:\/\/exterminateuramontreal.ca\/en\/wp-json\/wp\/v2\/users\/2"}],"replies":[{"embeddable":true,"href":"https:\/\/exterminateuramontreal.ca\/en\/wp-json\/wp\/v2\/comments?post=7166"}],"version-history":[{"count":1,"href":"https:\/\/exterminateuramontreal.ca\/en\/wp-json\/wp\/v2\/pages\/7166\/revisions"}],"predecessor-version":[{"id":7167,"href":"https:\/\/exterminateuramontreal.ca\/en\/wp-json\/wp\/v2\/pages\/7166\/revisions\/7167"}],"wp:attachment":[{"href":"https:\/\/exterminateuramontreal.ca\/en\/wp-json\/wp\/v2\/media?parent=7166"}],"curies":[{"name":"wp","href":"https:\/\/api.w.org\/{rel}","templated":true}]}}