{"id":6256,"date":"2022-11-17T16:15:17","date_gmt":"2022-11-17T21:15:17","guid":{"rendered":"https:\/\/exterminateuramontreal.ca\/page-template\/"},"modified":"2022-11-17T16:15:18","modified_gmt":"2022-11-17T21:15:18","slug":"page-template","status":"publish","type":"page","link":"https:\/\/exterminateuramontreal.ca\/en\/page-template\/","title":{"rendered":"Page template"},"content":{"rendered":"<div class=\"n2_clear\"><ss3-force-full-width data-overflow-x=\"body\" data-horizontal-selector=\"body\"><div class=\"n2-section-smartslider fitvidsignore  n2_clear\" data-ssid=\"4\"><div id=\"n2-ss-4-align\" class=\"n2-ss-align\"><div class=\"n2-padding\"><div id=\"n2-ss-4\" data-creator=\"Smart Slider 3\" data-responsive=\"fullwidth\" class=\"n2-ss-slider n2-ow n2-has-hover n2notransition  \">\n        <div class=\"n2-ss-slider-1 n2-ow\">\n            <div class=\"n2-ss-slider-2 n2-ow\">\n                <div class=\"n2-ss-slide-backgrounds n2-ow-all\"><div class=\"n2-ss-slide-background\" data-public-id=\"1\" data-mode=\"fill\"><div class=\"n2-ss-slide-background-image\" data-blur=\"0\" data-opacity=\"100\" data-x=\"50\" data-y=\"50\" data-alt=\"\" data-title=\"\"><picture class=\"skip-lazy\" data-skip-lazy=\"1\"><img decoding=\"async\" src=\"\/\/exterminateuramontreal.ca\/wp-content\/uploads\/2022\/01\/exterminateur-a-montreal.jpg\" alt=\"\" title=\"\" loading=\"lazy\" class=\"skip-lazy\" data-skip-lazy=\"1\"><\/picture><\/div><div data-color=\"RGBA(255,255,255,0)\" style=\"background-color: RGBA(255,255,255,0);\" class=\"n2-ss-slide-background-color\"><\/div><\/div><\/div>                <div class=\"n2-ss-slider-3 n2-ow\">\n                    <svg xmlns=\"http:\/\/www.w3.org\/2000\/svg\" viewBox=\"0 0 1920 900\" data-related-device=\"desktopPortrait\" class=\"n2-ow n2-ss-preserve-size n2-ss-preserve-size--slider n2-ss-slide-limiter\"><\/svg><div data-first=\"1\" data-slide-duration=\"0\" data-id=\"8\" data-slide-public-id=\"1\" data-title=\"exterminateur-a-montreal\" class=\"n2-ss-slide n2-ow  n2-ss-slide-8\"><div role=\"note\" class=\"n2-ss-slide--focus\" tabindex=\"-1\">exterminateur-a-montreal<\/div><div class=\"n2-ss-layers-container n2-ss-slide-limiter n2-ow\"><div class=\"n2-ss-layer n2-ow n-uc-IaCN8BFSJWhD\" data-sstype=\"slide\" data-pm=\"default\"><div class=\"n2-ss-layer n2-ow slider_home n-uc-sEsFSzTvVAop\" data-pm=\"default\" data-sstype=\"content\" data-hasbackground=\"0\"><div class=\"n2-ss-section-main-content n2-ss-layer-with-background n2-ss-layer-content n2-ow n-uc-sEsFSzTvVAop-inner\"><div class=\"n2-ss-layer n2-ow n-uc-QSFcQmjoDuKF\" data-pm=\"normal\" data-sstype=\"layer\"><h1 id=\"n2-ss-4item1\" class=\"n2-font-3b2a58b4a50c0e729808df0b6b4bacbf-hover   n2-ss-item-content n2-ss-text n2-ow\" style=\"display:block;\">Exterminateur \u00e0<br>Montr\u00e9al &#8211; Lutte <br>Antiparasitaire<\/h1><\/div><div class=\"n2-ss-layer n2-ow n-uc-slAeotNlnklq n2-ss-layer--auto\" data-pm=\"normal\" data-sstype=\"layer\"><div class=\"n2-ss-button-container n2-ss-item-content n2-ow n2-font-146c9a3e96286a145729355457cdd451-link  n2-ss-nowrap n2-ss-button-container--non-full-width\"><a class=\"n2-style-7af0fe51fa2035e956cba40fcded744c-heading  n2-ow \" href=\"https:\/\/exterminateuramontreal.ca\/contacter-votre-exterminateur-a-montreal\/\"><div><div>Appelez-nous<\/div><\/div><\/a><\/div><\/div><\/div><\/div><\/div><\/div><\/div>                <\/div>\n                            <\/div>\n        <\/div>\n        <\/div><ss3-loader><\/ss3-loader><\/div><\/div><div class=\"n2_clear\"><\/div><\/div><\/ss3-force-full-width><\/div>\n<div class=\"wp-block-columns section_column is-layout-flex wp-container-core-columns-is-layout-9d6595d7 wp-block-columns-is-layout-flex\">\n<div class=\"wp-block-column paddingsec is-layout-flow wp-block-column-is-layout-flow\">\n<div class=\"wp-block-columns is-layout-flex wp-container-core-columns-is-layout-9d6595d7 wp-block-columns-is-layout-flex\">\n<div class=\"wp-block-column borderh22 is-layout-flow wp-block-column-is-layout-flow\">\n<h2 class=\"wp-block-heading\" id=\"un-probleme-de-rongeur-1\">What is Lorem Ipsum?<\/h2>\n<\/div>\n<\/div>\n\n\n\n<p><strong>The Lorem Ipsum<\/strong> is simply fake text used in composition and layout before printing. The Lorem Ipsum has been the standard fake text of the printing press since the 1500s, when an anonymous printer assembled pieces of text together to make a specimen book of text fonts. It has not only survived five centuries, but has also adapted to computer office automation, without its content being modified. It was popularized in the 1960s through the sale of Letraset sheets containing passages from the Lorem Ipsum, and, more recently, through its inclusion in text layout applications, such as Aldus PageMaker.<\/p>\n<\/div>\n<\/div>\n\n<div class=\"wp-block-columns paddingsec section_cta column_space cta_article has-luminous-vivid-amber-background-color has-background is-layout-flex wp-container-core-columns-is-layout-9d6595d7 wp-block-columns-is-layout-flex\">\n<div class=\"wp-block-column is-layout-flow wp-block-column-is-layout-flow\">\n<div class=\"wp-block-columns is-layout-flex wp-container-core-columns-is-layout-9d6595d7 wp-block-columns-is-layout-flex\">\n<div class=\"wp-block-column is-layout-flow wp-block-column-is-layout-flow\">\n<h2 class=\"has-text-align-center has-white-color has-text-color has-large-font-size wp-block-heading\" id=\"gestion-de-parasites\"><strong>Appeler <a href=\"https:\/\/plus.google.com\/100863149615855788560?hl=fr\">Ren\u00e9 G\u00e9linas<\/a> Votre exterminateur local,<\/strong> <strong>Exp\u00e9rience et int\u00e9grit\u00e9 dans la gestion parasitaire<\/strong><\/h2>\n\n\n\n<div style=\"height:15px\" aria-hidden=\"true\" class=\"wp-block-spacer\"><\/div>\n\n\n\n<h2 class=\"has-text-align-center has-white-color has-text-color has-large-font-size wp-block-heading\"><strong>Tel&nbsp;<\/strong><a href=\"tel:5148302819\">514&nbsp;<strong>830&nbsp;<\/strong>2819<\/a><\/h2>\n<\/div>\n<\/div>\n<\/div>\n<\/div>\n\n<div class=\"wp-block-columns is-layout-flex wp-container-core-columns-is-layout-9d6595d7 wp-block-columns-is-layout-flex\">\n<div class=\"wp-block-column paddingsec is-layout-flow wp-block-column-is-layout-flow\">\n<div class=\"wp-block-columns is-layout-flex wp-container-core-columns-is-layout-9d6595d7 wp-block-columns-is-layout-flex\">\n<div class=\"wp-block-column borderh22 is-layout-flow wp-block-column-is-layout-flow\">\n<h2 class=\"wp-block-heading\" id=\"un-probleme-de-rongeur-1\">What is Lorem Ipsum?<\/h2>\n<\/div>\n<\/div>\n\n\n\n<p><strong>The Lorem Ipsum<\/strong> is simply fake text used in composition and layout before printing. The Lorem Ipsum has been the standard fake text of the printing press since the 1500s, when an anonymous printer assembled pieces of text together to make a specimen book of text fonts. It has not only survived five centuries, but has also adapted to computer office automation, without its content being modified. It was popularized in the 1960s through the sale of Letraset sheets containing passages from the Lorem Ipsum, and, more recently, through its inclusion in text layout applications, such as Aldus PageMaker.<\/p>\n<\/div>\n<\/div>\n","protected":false},"excerpt":{"rendered":"<p>What is Lorem Ipsum? The Lorem Ipsum is simply fake text used in composition and layout before printing. The Lorem Ipsum has been the standard fake text of the printing press since the 1500s, when an anonymous printer assembled pieces of text together to make a specimen book of text fonts. It has not only [&hellip;]<\/p>\n","protected":false},"author":2,"featured_media":0,"parent":0,"menu_order":0,"comment_status":"closed","ping_status":"closed","template":"","meta":{"_genesis_hide_title":false,"_genesis_hide_breadcrumbs":false,"_genesis_hide_singular_image":false,"_genesis_hide_footer_widgets":false,"_genesis_custom_body_class":"","_genesis_custom_post_class":"","_genesis_layout":"full-width-content","footnotes":""},"class_list":{"0":"post-6256","1":"page","2":"type-page","3":"status-publish","5":"entry"},"yoast_head":"<!-- This site is optimized with the Yoast SEO plugin v27.3 - https:\/\/yoast.com\/product\/yoast-seo-wordpress\/ -->\n<title>Page template - Votre exterminateur \u00e0 Montr\u00e9al<\/title>\n<meta name=\"description\" content=\"What is Lorem Ipsum? The Lorem Ipsum is simply fake text used in composition and layout before printing. The Lorem Ipsum has been the standard fake text\" \/>\n<meta name=\"robots\" content=\"index, follow, max-snippet:-1, max-image-preview:large, max-video-preview:-1\" \/>\n<link rel=\"canonical\" href=\"https:\/\/exterminateuramontreal.ca\/en\/page-template\/\" \/>\n<meta property=\"og:locale\" content=\"en_US\" \/>\n<meta property=\"og:type\" content=\"article\" \/>\n<meta property=\"og:title\" content=\"Page template - Votre exterminateur \u00e0 Montr\u00e9al\" \/>\n<meta property=\"og:description\" content=\"What is Lorem Ipsum? The Lorem Ipsum is simply fake text used in composition and layout before printing. The Lorem Ipsum has been the standard fake text\" \/>\n<meta property=\"og:url\" content=\"https:\/\/exterminateuramontreal.ca\/en\/page-template\/\" \/>\n<meta property=\"og:site_name\" content=\"Votre exterminateur \u00e0 Montr\u00e9al\" \/>\n<meta property=\"article:modified_time\" content=\"2022-11-17T21:15:18+00:00\" \/>\n<meta property=\"og:image\" content=\"https:\/\/exterminateuramontreal.ca\/wp-content\/uploads\/2011\/12\/logo-exterminateur-montreal-e1654628842986.png\" \/>\n\t<meta property=\"og:image:width\" content=\"176\" \/>\n\t<meta property=\"og:image:height\" content=\"74\" \/>\n\t<meta property=\"og:image:type\" content=\"image\/png\" \/>\n<meta name=\"twitter:label1\" content=\"Est. reading time\" \/>\n\t<meta name=\"twitter:data1\" content=\"1 minute\" \/>\n<script type=\"application\/ld+json\" class=\"yoast-schema-graph\">{\"@context\":\"https:\\\/\\\/schema.org\",\"@graph\":[{\"@type\":\"WebPage\",\"@id\":\"https:\\\/\\\/exterminateuramontreal.ca\\\/en\\\/page-template\\\/\",\"url\":\"https:\\\/\\\/exterminateuramontreal.ca\\\/en\\\/page-template\\\/\",\"name\":\"Page template - Votre exterminateur \u00e0 Montr\u00e9al\",\"isPartOf\":{\"@id\":\"https:\\\/\\\/exterminateuramontreal.ca\\\/en\\\/#website\"},\"datePublished\":\"2022-11-17T21:15:17+00:00\",\"dateModified\":\"2022-11-17T21:15:18+00:00\",\"description\":\"What is Lorem Ipsum? The Lorem Ipsum is simply fake text used in composition and layout before printing. The Lorem Ipsum has been the standard fake text\",\"breadcrumb\":{\"@id\":\"https:\\\/\\\/exterminateuramontreal.ca\\\/en\\\/page-template\\\/#breadcrumb\"},\"inLanguage\":\"en-CA\",\"potentialAction\":[{\"@type\":\"ReadAction\",\"target\":[\"https:\\\/\\\/exterminateuramontreal.ca\\\/en\\\/page-template\\\/\"]}]},{\"@type\":\"BreadcrumbList\",\"@id\":\"https:\\\/\\\/exterminateuramontreal.ca\\\/en\\\/page-template\\\/#breadcrumb\",\"itemListElement\":[{\"@type\":\"ListItem\",\"position\":1,\"name\":\"Accueil\",\"item\":\"https:\\\/\\\/exterminateuramontreal.ca\\\/en\\\/\"},{\"@type\":\"ListItem\",\"position\":2,\"name\":\"Page template\"}]},{\"@type\":\"WebSite\",\"@id\":\"https:\\\/\\\/exterminateuramontreal.ca\\\/en\\\/#website\",\"url\":\"https:\\\/\\\/exterminateuramontreal.ca\\\/en\\\/\",\"name\":\"Exterminateur \u00e0 Montr\u00e9al\",\"description\":\"Votre exterminateur de confiance et pas cher \u00e0 Montr\u00e9al!\",\"publisher\":{\"@id\":\"https:\\\/\\\/exterminateuramontreal.ca\\\/en\\\/#organization\"},\"alternateName\":\"Votre exterminateur de confiance et pas cher \u00e0 Montr\u00e9al!\",\"potentialAction\":[{\"@type\":\"SearchAction\",\"target\":{\"@type\":\"EntryPoint\",\"urlTemplate\":\"https:\\\/\\\/exterminateuramontreal.ca\\\/en\\\/?s={search_term_string}\"},\"query-input\":{\"@type\":\"PropertyValueSpecification\",\"valueRequired\":true,\"valueName\":\"search_term_string\"}}],\"inLanguage\":\"en-CA\"},{\"@type\":\"Organization\",\"@id\":\"https:\\\/\\\/exterminateuramontreal.ca\\\/en\\\/#organization\",\"name\":\"Exterminateur \u00e0 Montr\u00e9al\",\"alternateName\":\"Votre exterminateur de confiance \u00e0 Montr\u00e9al!\",\"url\":\"https:\\\/\\\/exterminateuramontreal.ca\\\/en\\\/\",\"logo\":{\"@type\":\"ImageObject\",\"inLanguage\":\"en-CA\",\"@id\":\"https:\\\/\\\/exterminateuramontreal.ca\\\/en\\\/#\\\/schema\\\/logo\\\/image\\\/\",\"url\":\"https:\\\/\\\/exterminateuramontreal.ca\\\/wp-content\\\/uploads\\\/2011\\\/12\\\/logo-exterminateur-montreal-e1654628842986.png\",\"contentUrl\":\"https:\\\/\\\/exterminateuramontreal.ca\\\/wp-content\\\/uploads\\\/2011\\\/12\\\/logo-exterminateur-montreal-e1654628842986.png\",\"width\":176,\"height\":74,\"caption\":\"Exterminateur \u00e0 Montr\u00e9al\"},\"image\":{\"@id\":\"https:\\\/\\\/exterminateuramontreal.ca\\\/en\\\/#\\\/schema\\\/logo\\\/image\\\/\"}}]}<\/script>\n<!-- \/ Yoast SEO plugin. -->","yoast_head_json":{"title":"Page template - Votre exterminateur \u00e0 Montr\u00e9al","description":"What is Lorem Ipsum? The Lorem Ipsum is simply fake text used in composition and layout before printing. The Lorem Ipsum has been the standard fake text","robots":{"index":"index","follow":"follow","max-snippet":"max-snippet:-1","max-image-preview":"max-image-preview:large","max-video-preview":"max-video-preview:-1"},"canonical":"https:\/\/exterminateuramontreal.ca\/en\/page-template\/","og_locale":"en_US","og_type":"article","og_title":"Page template - Votre exterminateur \u00e0 Montr\u00e9al","og_description":"What is Lorem Ipsum? The Lorem Ipsum is simply fake text used in composition and layout before printing. The Lorem Ipsum has been the standard fake text","og_url":"https:\/\/exterminateuramontreal.ca\/en\/page-template\/","og_site_name":"Votre exterminateur \u00e0 Montr\u00e9al","article_modified_time":"2022-11-17T21:15:18+00:00","og_image":[{"width":176,"height":74,"url":"https:\/\/exterminateuramontreal.ca\/wp-content\/uploads\/2011\/12\/logo-exterminateur-montreal-e1654628842986.png","type":"image\/png"}],"twitter_misc":{"Est. reading time":"1 minute"},"schema":{"@context":"https:\/\/schema.org","@graph":[{"@type":"WebPage","@id":"https:\/\/exterminateuramontreal.ca\/en\/page-template\/","url":"https:\/\/exterminateuramontreal.ca\/en\/page-template\/","name":"Page template - Votre exterminateur \u00e0 Montr\u00e9al","isPartOf":{"@id":"https:\/\/exterminateuramontreal.ca\/en\/#website"},"datePublished":"2022-11-17T21:15:17+00:00","dateModified":"2022-11-17T21:15:18+00:00","description":"What is Lorem Ipsum? The Lorem Ipsum is simply fake text used in composition and layout before printing. The Lorem Ipsum has been the standard fake text","breadcrumb":{"@id":"https:\/\/exterminateuramontreal.ca\/en\/page-template\/#breadcrumb"},"inLanguage":"en-CA","potentialAction":[{"@type":"ReadAction","target":["https:\/\/exterminateuramontreal.ca\/en\/page-template\/"]}]},{"@type":"BreadcrumbList","@id":"https:\/\/exterminateuramontreal.ca\/en\/page-template\/#breadcrumb","itemListElement":[{"@type":"ListItem","position":1,"name":"Accueil","item":"https:\/\/exterminateuramontreal.ca\/en\/"},{"@type":"ListItem","position":2,"name":"Page template"}]},{"@type":"WebSite","@id":"https:\/\/exterminateuramontreal.ca\/en\/#website","url":"https:\/\/exterminateuramontreal.ca\/en\/","name":"Exterminateur \u00e0 Montr\u00e9al","description":"Votre exterminateur de confiance et pas cher \u00e0 Montr\u00e9al!","publisher":{"@id":"https:\/\/exterminateuramontreal.ca\/en\/#organization"},"alternateName":"Votre exterminateur de confiance et pas cher \u00e0 Montr\u00e9al!","potentialAction":[{"@type":"SearchAction","target":{"@type":"EntryPoint","urlTemplate":"https:\/\/exterminateuramontreal.ca\/en\/?s={search_term_string}"},"query-input":{"@type":"PropertyValueSpecification","valueRequired":true,"valueName":"search_term_string"}}],"inLanguage":"en-CA"},{"@type":"Organization","@id":"https:\/\/exterminateuramontreal.ca\/en\/#organization","name":"Exterminateur \u00e0 Montr\u00e9al","alternateName":"Votre exterminateur de confiance \u00e0 Montr\u00e9al!","url":"https:\/\/exterminateuramontreal.ca\/en\/","logo":{"@type":"ImageObject","inLanguage":"en-CA","@id":"https:\/\/exterminateuramontreal.ca\/en\/#\/schema\/logo\/image\/","url":"https:\/\/exterminateuramontreal.ca\/wp-content\/uploads\/2011\/12\/logo-exterminateur-montreal-e1654628842986.png","contentUrl":"https:\/\/exterminateuramontreal.ca\/wp-content\/uploads\/2011\/12\/logo-exterminateur-montreal-e1654628842986.png","width":176,"height":74,"caption":"Exterminateur \u00e0 Montr\u00e9al"},"image":{"@id":"https:\/\/exterminateuramontreal.ca\/en\/#\/schema\/logo\/image\/"}}]}},"_links":{"self":[{"href":"https:\/\/exterminateuramontreal.ca\/en\/wp-json\/wp\/v2\/pages\/6256","targetHints":{"allow":["GET"]}}],"collection":[{"href":"https:\/\/exterminateuramontreal.ca\/en\/wp-json\/wp\/v2\/pages"}],"about":[{"href":"https:\/\/exterminateuramontreal.ca\/en\/wp-json\/wp\/v2\/types\/page"}],"author":[{"embeddable":true,"href":"https:\/\/exterminateuramontreal.ca\/en\/wp-json\/wp\/v2\/users\/2"}],"replies":[{"embeddable":true,"href":"https:\/\/exterminateuramontreal.ca\/en\/wp-json\/wp\/v2\/comments?post=6256"}],"version-history":[{"count":1,"href":"https:\/\/exterminateuramontreal.ca\/en\/wp-json\/wp\/v2\/pages\/6256\/revisions"}],"predecessor-version":[{"id":6257,"href":"https:\/\/exterminateuramontreal.ca\/en\/wp-json\/wp\/v2\/pages\/6256\/revisions\/6257"}],"wp:attachment":[{"href":"https:\/\/exterminateuramontreal.ca\/en\/wp-json\/wp\/v2\/media?parent=6256"}],"curies":[{"name":"wp","href":"https:\/\/api.w.org\/{rel}","templated":true}]}}