{"id":5830,"date":"2022-06-14T14:59:42","date_gmt":"2022-06-14T18:59:42","guid":{"rendered":"https:\/\/exterminateuramontreal.ca\/extermination-service-2\/"},"modified":"2024-03-14T17:06:50","modified_gmt":"2024-03-14T21:06:50","slug":"extermination-service","status":"publish","type":"page","link":"https:\/\/exterminateuramontreal.ca\/en\/extermination-service\/","title":{"rendered":"Extermination service"},"content":{"rendered":"<div class=\"n2_clear\"><ss3-force-full-width data-overflow-x=\"body\" data-horizontal-selector=\"body\"><div class=\"n2-section-smartslider fitvidsignore  n2_clear\" data-ssid=\"4\"><div id=\"n2-ss-4-align\" class=\"n2-ss-align\"><div class=\"n2-padding\"><div id=\"n2-ss-4\" data-creator=\"Smart Slider 3\" data-responsive=\"fullwidth\" class=\"n2-ss-slider n2-ow n2-has-hover n2notransition  \">\n        <div class=\"n2-ss-slider-1 n2-ow\">\n            <div class=\"n2-ss-slider-2 n2-ow\">\n                <div class=\"n2-ss-slide-backgrounds n2-ow-all\"><div class=\"n2-ss-slide-background\" data-public-id=\"1\" data-mode=\"fill\"><div class=\"n2-ss-slide-background-image\" data-blur=\"0\" data-opacity=\"100\" data-x=\"50\" data-y=\"50\" data-alt=\"\" data-title=\"\"><picture class=\"skip-lazy\" data-skip-lazy=\"1\"><img decoding=\"async\" src=\"\/\/exterminateuramontreal.ca\/wp-content\/uploads\/2022\/01\/exterminateur-a-montreal.jpg\" alt=\"\" title=\"\" loading=\"lazy\" class=\"skip-lazy\" data-skip-lazy=\"1\"><\/picture><\/div><div data-color=\"RGBA(255,255,255,0)\" style=\"background-color: RGBA(255,255,255,0);\" class=\"n2-ss-slide-background-color\"><\/div><\/div><\/div>                <div class=\"n2-ss-slider-3 n2-ow\">\n                    <svg xmlns=\"http:\/\/www.w3.org\/2000\/svg\" viewBox=\"0 0 1920 900\" data-related-device=\"desktopPortrait\" class=\"n2-ow n2-ss-preserve-size n2-ss-preserve-size--slider n2-ss-slide-limiter\"><\/svg><div data-first=\"1\" data-slide-duration=\"0\" data-id=\"8\" data-slide-public-id=\"1\" data-title=\"exterminateur-a-montreal\" class=\"n2-ss-slide n2-ow  n2-ss-slide-8\"><div role=\"note\" class=\"n2-ss-slide--focus\" tabindex=\"-1\">exterminateur-a-montreal<\/div><div class=\"n2-ss-layers-container n2-ss-slide-limiter n2-ow\"><div class=\"n2-ss-layer n2-ow n-uc-9o5tIrSLKo0Z\" data-sstype=\"slide\" data-pm=\"default\"><div class=\"n2-ss-layer n2-ow slider_home n-uc-sEsFSzTvVAop\" data-pm=\"default\" data-sstype=\"content\" data-hasbackground=\"0\"><div class=\"n2-ss-section-main-content n2-ss-layer-with-background n2-ss-layer-content n2-ow n-uc-sEsFSzTvVAop-inner\"><div class=\"n2-ss-layer n2-ow n-uc-QSFcQmjoDuKF\" data-pm=\"normal\" data-sstype=\"layer\"><h1 id=\"n2-ss-4item1\" class=\"n2-font-3b2a58b4a50c0e729808df0b6b4bacbf-hover   n2-ss-item-content n2-ss-text n2-ow\" style=\"display:block;\">Exterminateur \u00e0<br>Montr\u00e9al &#8211; Lutte <br>Antiparasitaire<\/h1><\/div><div class=\"n2-ss-layer n2-ow n-uc-slAeotNlnklq n2-ss-layer--auto\" data-pm=\"normal\" data-sstype=\"layer\"><div class=\"n2-ss-button-container n2-ss-item-content n2-ow n2-font-146c9a3e96286a145729355457cdd451-link  n2-ss-nowrap n2-ss-button-container--non-full-width\"><a class=\"n2-style-7af0fe51fa2035e956cba40fcded744c-heading  n2-ow \" href=\"https:\/\/exterminateuramontreal.ca\/contacter-votre-exterminateur-a-montreal\/\"><div><div>Appelez-nous<\/div><\/div><\/a><\/div><\/div><\/div><\/div><\/div><\/div><\/div>                <\/div>\n                            <\/div>\n        <\/div>\n        <\/div><ss3-loader><\/ss3-loader><\/div><\/div><div class=\"n2_clear\"><\/div><\/div><\/ss3-force-full-width><\/div>\n<div class=\"wp-block-columns section_column is-layout-flex wp-container-core-columns-is-layout-9d6595d7 wp-block-columns-is-layout-flex\">\n<div class=\"wp-block-column paddingsec is-layout-flow wp-block-column-is-layout-flow\">\n<div class=\"wp-block-columns is-layout-flex wp-container-core-columns-is-layout-9d6595d7 wp-block-columns-is-layout-flex\">\n<div class=\"wp-block-column borderh22 is-layout-flow wp-block-column-is-layout-flow\">\n<h2 class=\"wp-block-heading\" id=\"un-probleme-de-rongeur-1\">Control<\/h2>\n<\/div>\n<\/div>\n\n\n\n<ul class=\"wp-block-list\">\n<li><a href=\"https:\/\/exterminateuramontreal.ca\/en\/bed-bug-exterminator\/\">Bed Bug Exterminator<\/a><\/li>\n\n\n\n<li><a href=\"https:\/\/exterminateuramontreal.ca\/en\/tick-exterminator\/\">Tick exterminator<\/a><\/li>\n\n\n\n<li><a href=\"https:\/\/exterminateuramontreal.ca\/en\/wasp-exterminator\/\">Wasp Exterminator<\/a><\/li>\n\n\n\n<li><a href=\"https:\/\/exterminateuramontreal.ca\/en\/ant-exterminator\/\">Exterminator ants<\/a><\/li>\n\n\n\n<li><a href=\"https:\/\/exterminateuramontreal.ca\/en\/rat-exterminator\/\">Rat Exterminator<\/a><\/li>\n\n\n\n<li><a href=\"https:\/\/exterminateuramontreal.ca\/en\/mouse-exterminator\/\">Mouse Exterminator<\/a><\/li>\n<\/ul>\n\n\n\n<p><strong>But also  <\/strong><\/p>\n\n\n\n<p><a href=\"https:\/\/exterminateuramontreal.ca\/en\/eliminate-german-cockroaches-or-cockroaches\/\">Crawling insects<\/a><br \/><a href=\"https:\/\/exterminateuramontreal.ca\/en\/wasp-and-wasp-nest\/\">Flying insects<\/a><br \/>Harmful birds<br \/><a href=\"https:\/\/exterminateuramontreal.ca\/en\/raccoon\/\">Small mammals<\/a><br \/><a href=\"https:\/\/exterminateuramontreal.ca\/en\/mice-mules-and-small-rodents\/\">Rodents<\/a><br \/>Health condition assessment<br \/>Alternative control methods<br \/><a href=\"https:\/\/exterminateuramontreal.ca\/en\/extermination-service-on-greater-montreal\/\">Rapid<br \/> response<\/a> Detection of insect pests using pheromone traps<br \/>Use of equipment (traps, cages)<\/p>\n<\/div>\n\n\n\n<div class=\"wp-block-column paddingsec is-layout-flow wp-block-column-is-layout-flow\">\n<figure class=\"wp-block-image size-full\"><a href=\"https:\/\/exterminateuramontreal.ca\/wp-content\/uploads\/2022\/04\/cologique.jpg\"><img decoding=\"async\" width=\"800\" height=\"533\" src=\"https:\/\/exterminateuramontreal.ca\/wp-content\/uploads\/2022\/04\/cologique.jpg\" alt=\"\" class=\"wp-image-3087\" srcset=\"https:\/\/exterminateuramontreal.ca\/wp-content\/uploads\/2022\/04\/cologique.jpg 800w, https:\/\/exterminateuramontreal.ca\/wp-content\/uploads\/2022\/04\/cologique-300x200.jpg 300w, https:\/\/exterminateuramontreal.ca\/wp-content\/uploads\/2022\/04\/cologique-768x512.jpg 768w\" sizes=\"(max-width: 800px) 100vw, 800px\" \/><\/a><\/figure>\n\n\n\n<p id=\"caption-attachment-91\">For an extermination that respects your environment<\/p>\n<\/div>\n<\/div>\n\n<div class=\"wp-block-columns is-layout-flex wp-container-core-columns-is-layout-9d6595d7 wp-block-columns-is-layout-flex\">\n<div class=\"wp-block-column section_two_column is-layout-flow wp-block-column-is-layout-flow\" style=\"flex-basis:119%\">\n<div class=\"wp-block-columns is-layout-flex wp-container-core-columns-is-layout-9d6595d7 wp-block-columns-is-layout-flex\">\n<div class=\"wp-block-column paddingsec has-background is-layout-flow wp-block-column-is-layout-flow\" style=\"background-color:#eba500\">\n<div class=\"wp-block-columns is-layout-flex wp-container-core-columns-is-layout-9d6595d7 wp-block-columns-is-layout-flex\">\n<div class=\"wp-block-column borderh2 is-layout-flow wp-block-column-is-layout-flow\">\n<h2 class=\"wp-block-heading has-white-color has-text-color\" id=\"alerte-animal-votre-exterminateur-a-montreal-gestion-parasitaire-vous-etes-inquiets\">Consultation<\/h2>\n<\/div>\n<\/div>\n\n\n\n<p class=\"has-white-color has-text-color\">In integrated struggle<br \/>Prevention, Identification, Screening, Intervention Threshold, Means of Control<br \/>Expertise in the field<br \/>Identification and expertise (litigation) advice<br \/>Free estimate<br \/>Guaranteed work in writing<\/p>\n<\/div>\n\n\n\n<div class=\"wp-block-column paddingsec verticalcenter has-background is-layout-flow wp-block-column-is-layout-flow\" style=\"background-color:#424142\">\n<div class=\"wp-block-columns is-layout-flex wp-container-core-columns-is-layout-9d6595d7 wp-block-columns-is-layout-flex\">\n<div class=\"wp-block-column borderh2 is-layout-flow wp-block-column-is-layout-flow\">\n<h2 class=\"wp-block-heading has-white-color has-text-color\" id=\"alerte-animal-votre-exterminateur-a-montreal-gestion-parasitaire-vous-etes-inquiets\">Services<\/h2>\n<\/div>\n<\/div>\n\n\n\n<p class=\"has-white-color has-text-color\">Biologist and consulting<br \/>Professional services<br \/>Misting service<br \/>Preventive service at regular intervals<br \/>The list of chemicals and methods used<br \/>A plan showing the location points of the bait<br \/>The frequency of inspections<br \/>Reports on the presence of vermin and the measures taken<\/p>\n<\/div>\n<\/div>\n<\/div>\n<\/div>\n\n<div class=\"wp-block-columns is-layout-flex wp-container-core-columns-is-layout-9d6595d7 wp-block-columns-is-layout-flex\">\n<div class=\"wp-block-column paddingsec column_img is-layout-flow wp-block-column-is-layout-flow\">\n<figure class=\"wp-block-image size-full\"><a href=\"https:\/\/exterminateuramontreal.ca\/wp-content\/uploads\/2022\/04\/rene-gelinas-exterminateur-montreal-.jpg\"><img decoding=\"async\" width=\"600\" height=\"302\" src=\"https:\/\/exterminateuramontreal.ca\/wp-content\/uploads\/2022\/04\/rene-gelinas-exterminateur-montreal-.jpg\" alt=\"\" class=\"wp-image-3100\" srcset=\"https:\/\/exterminateuramontreal.ca\/wp-content\/uploads\/2022\/04\/rene-gelinas-exterminateur-montreal-.jpg 600w, https:\/\/exterminateuramontreal.ca\/wp-content\/uploads\/2022\/04\/rene-gelinas-exterminateur-montreal--300x151.jpg 300w\" sizes=\"(max-width: 600px) 100vw, 600px\" \/><\/a><\/figure>\n\n\n\n<p id=\"caption-attachment-219\">The exterminator inspects the infestation<\/p>\n<\/div>\n\n\n\n<div class=\"wp-block-column paddingsec is-layout-flow wp-block-column-is-layout-flow\">\n<div class=\"wp-block-columns is-layout-flex wp-container-core-columns-is-layout-9d6595d7 wp-block-columns-is-layout-flex\">\n<div class=\"wp-block-column borderh22 is-layout-flow wp-block-column-is-layout-flow\">\n<h2 class=\"wp-block-heading\" id=\"un-probleme-de-rongeur-1\">Treatments<\/h2>\n<\/div>\n<\/div>\n\n\n\n<p>Exterior treatment<br \/>Elimination of odours<br \/>D\u00e9contamination<br \/>Disinfestation<br \/>Disinfection<\/p>\n<\/div>\n<\/div>\n\n<div class=\"wp-block-columns paddingsec section_cta has-luminous-vivid-amber-background-color has-background is-layout-flex wp-container-core-columns-is-layout-9d6595d7 wp-block-columns-is-layout-flex\">\n<div class=\"wp-block-column is-layout-flow wp-block-column-is-layout-flow\">\n<div class=\"wp-block-columns is-layout-flex wp-container-core-columns-is-layout-9d6595d7 wp-block-columns-is-layout-flex\">\n<div class=\"wp-block-column is-layout-flow wp-block-column-is-layout-flow\">\n<h2 class=\"wp-block-heading has-text-align-center has-white-color has-text-color has-large-font-size\" id=\"gestion-de-parasites\">Ren\u00e9 G\u00e9linas your exterminator on greater Montreal and the surrounding area<\/h2>\n\n\n\n<div style=\"height:15px\" aria-hidden=\"true\" class=\"wp-block-spacer\"><\/div>\n\n\n\n<h2 class=\"wp-block-heading has-text-align-center has-white-color has-text-color has-large-font-size\"><strong>Phone <\/strong><a href=\"tel:5148302819\">514 <strong>830 <\/strong>2819<\/a><\/h2>\n<\/div>\n<\/div>\n<\/div>\n<\/div>\n","protected":false},"excerpt":{"rendered":"<p>Control But also Crawling insectsFlying insectsHarmful birdsSmall mammalsRodentsHealth condition assessmentAlternative control methodsRapid response Detection of insect pests using pheromone trapsUse of equipment (traps, cages) For an extermination that respects your environment Consultation In integrated strugglePrevention, Identification, Screening, Intervention Threshold, Means of ControlExpertise in the fieldIdentification and expertise (litigation) adviceFree estimateGuaranteed work in writing Services Biologist [&hellip;]<\/p>\n","protected":false},"author":2,"featured_media":0,"parent":0,"menu_order":0,"comment_status":"closed","ping_status":"closed","template":"","meta":{"_genesis_hide_title":false,"_genesis_hide_breadcrumbs":true,"_genesis_hide_singular_image":false,"_genesis_hide_footer_widgets":false,"_genesis_custom_body_class":"","_genesis_custom_post_class":"","_genesis_layout":"full-width-content","footnotes":""},"class_list":{"0":"post-5830","1":"page","2":"type-page","3":"status-publish","5":"entry","6":"has-post-thumbnail"},"yoast_head":"<!-- This site is optimized with the Yoast SEO plugin v27.5 - https:\/\/yoast.com\/product\/yoast-seo-wordpress\/ -->\n<title>Extermination service - Votre exterminateur \u00e0 Montr\u00e9al<\/title>\n<meta name=\"description\" content=\"Control Bed Bug Exterminator Tick exterminator Wasp Exterminator Exterminator ants Rat Exterminator Mouse Exterminator But also Crawling insectsFlying\" \/>\n<meta name=\"robots\" content=\"index, follow, max-snippet:-1, max-image-preview:large, max-video-preview:-1\" \/>\n<link rel=\"canonical\" href=\"https:\/\/exterminateuramontreal.ca\/en\/extermination-service\/\" \/>\n<meta property=\"og:locale\" content=\"en_US\" \/>\n<meta property=\"og:type\" content=\"article\" \/>\n<meta property=\"og:title\" content=\"Extermination service - Votre exterminateur \u00e0 Montr\u00e9al\" \/>\n<meta property=\"og:description\" content=\"Control Bed Bug Exterminator Tick exterminator Wasp Exterminator Exterminator ants Rat Exterminator Mouse Exterminator But also Crawling insectsFlying\" \/>\n<meta property=\"og:url\" content=\"https:\/\/exterminateuramontreal.ca\/en\/extermination-service\/\" \/>\n<meta property=\"og:site_name\" content=\"Votre exterminateur \u00e0 Montr\u00e9al\" \/>\n<meta property=\"article:modified_time\" content=\"2024-03-14T21:06:50+00:00\" \/>\n<meta property=\"og:image\" content=\"https:\/\/exterminateuramontreal.ca\/wp-content\/uploads\/2022\/04\/cologique.jpg\" \/>\n<meta name=\"twitter:label1\" content=\"Est. reading time\" \/>\n\t<meta name=\"twitter:data1\" content=\"2 minutes\" \/>\n<script type=\"application\/ld+json\" class=\"yoast-schema-graph\">{\"@context\":\"https:\\\/\\\/schema.org\",\"@graph\":[{\"@type\":\"WebPage\",\"@id\":\"https:\\\/\\\/exterminateuramontreal.ca\\\/en\\\/extermination-service\\\/\",\"url\":\"https:\\\/\\\/exterminateuramontreal.ca\\\/en\\\/extermination-service\\\/\",\"name\":\"Extermination service - Votre exterminateur \u00e0 Montr\u00e9al\",\"isPartOf\":{\"@id\":\"https:\\\/\\\/exterminateuramontreal.ca\\\/en\\\/#website\"},\"primaryImageOfPage\":{\"@id\":\"https:\\\/\\\/exterminateuramontreal.ca\\\/en\\\/extermination-service\\\/#primaryimage\"},\"image\":{\"@id\":\"https:\\\/\\\/exterminateuramontreal.ca\\\/en\\\/extermination-service\\\/#primaryimage\"},\"thumbnailUrl\":\"https:\\\/\\\/exterminateuramontreal.ca\\\/wp-content\\\/uploads\\\/2022\\\/04\\\/cologique.jpg\",\"datePublished\":\"2022-06-14T18:59:42+00:00\",\"dateModified\":\"2024-03-14T21:06:50+00:00\",\"description\":\"Control Bed Bug Exterminator Tick exterminator Wasp Exterminator Exterminator ants Rat Exterminator Mouse Exterminator But also Crawling insectsFlying\",\"breadcrumb\":{\"@id\":\"https:\\\/\\\/exterminateuramontreal.ca\\\/en\\\/extermination-service\\\/#breadcrumb\"},\"inLanguage\":\"en-CA\",\"potentialAction\":[{\"@type\":\"ReadAction\",\"target\":[\"https:\\\/\\\/exterminateuramontreal.ca\\\/en\\\/extermination-service\\\/\"]}]},{\"@type\":\"ImageObject\",\"inLanguage\":\"en-CA\",\"@id\":\"https:\\\/\\\/exterminateuramontreal.ca\\\/en\\\/extermination-service\\\/#primaryimage\",\"url\":\"https:\\\/\\\/exterminateuramontreal.ca\\\/wp-content\\\/uploads\\\/2022\\\/04\\\/cologique.jpg\",\"contentUrl\":\"https:\\\/\\\/exterminateuramontreal.ca\\\/wp-content\\\/uploads\\\/2022\\\/04\\\/cologique.jpg\"},{\"@type\":\"BreadcrumbList\",\"@id\":\"https:\\\/\\\/exterminateuramontreal.ca\\\/en\\\/extermination-service\\\/#breadcrumb\",\"itemListElement\":[{\"@type\":\"ListItem\",\"position\":1,\"name\":\"Accueil\",\"item\":\"https:\\\/\\\/exterminateuramontreal.ca\\\/en\\\/\"},{\"@type\":\"ListItem\",\"position\":2,\"name\":\"Extermination service\"}]},{\"@type\":\"WebSite\",\"@id\":\"https:\\\/\\\/exterminateuramontreal.ca\\\/en\\\/#website\",\"url\":\"https:\\\/\\\/exterminateuramontreal.ca\\\/en\\\/\",\"name\":\"Exterminateur \u00e0 Montr\u00e9al\",\"description\":\"Votre exterminateur de confiance et pas cher \u00e0 Montr\u00e9al!\",\"publisher\":{\"@id\":\"https:\\\/\\\/exterminateuramontreal.ca\\\/en\\\/#organization\"},\"alternateName\":\"Votre exterminateur de confiance et pas cher \u00e0 Montr\u00e9al!\",\"potentialAction\":[{\"@type\":\"SearchAction\",\"target\":{\"@type\":\"EntryPoint\",\"urlTemplate\":\"https:\\\/\\\/exterminateuramontreal.ca\\\/en\\\/?s={search_term_string}\"},\"query-input\":{\"@type\":\"PropertyValueSpecification\",\"valueRequired\":true,\"valueName\":\"search_term_string\"}}],\"inLanguage\":\"en-CA\"},{\"@type\":\"Organization\",\"@id\":\"https:\\\/\\\/exterminateuramontreal.ca\\\/en\\\/#organization\",\"name\":\"Exterminateur \u00e0 Montr\u00e9al\",\"alternateName\":\"Votre exterminateur de confiance \u00e0 Montr\u00e9al!\",\"url\":\"https:\\\/\\\/exterminateuramontreal.ca\\\/en\\\/\",\"logo\":{\"@type\":\"ImageObject\",\"inLanguage\":\"en-CA\",\"@id\":\"https:\\\/\\\/exterminateuramontreal.ca\\\/en\\\/#\\\/schema\\\/logo\\\/image\\\/\",\"url\":\"https:\\\/\\\/exterminateuramontreal.ca\\\/wp-content\\\/uploads\\\/2011\\\/12\\\/logo-exterminateur-montreal-e1654628842986.png\",\"contentUrl\":\"https:\\\/\\\/exterminateuramontreal.ca\\\/wp-content\\\/uploads\\\/2011\\\/12\\\/logo-exterminateur-montreal-e1654628842986.png\",\"width\":176,\"height\":74,\"caption\":\"Exterminateur \u00e0 Montr\u00e9al\"},\"image\":{\"@id\":\"https:\\\/\\\/exterminateuramontreal.ca\\\/en\\\/#\\\/schema\\\/logo\\\/image\\\/\"}}]}<\/script>\n<!-- \/ Yoast SEO plugin. -->","yoast_head_json":{"title":"Extermination service - Votre exterminateur \u00e0 Montr\u00e9al","description":"Control Bed Bug Exterminator Tick exterminator Wasp Exterminator Exterminator ants Rat Exterminator Mouse Exterminator But also Crawling insectsFlying","robots":{"index":"index","follow":"follow","max-snippet":"max-snippet:-1","max-image-preview":"max-image-preview:large","max-video-preview":"max-video-preview:-1"},"canonical":"https:\/\/exterminateuramontreal.ca\/en\/extermination-service\/","og_locale":"en_US","og_type":"article","og_title":"Extermination service - Votre exterminateur \u00e0 Montr\u00e9al","og_description":"Control Bed Bug Exterminator Tick exterminator Wasp Exterminator Exterminator ants Rat Exterminator Mouse Exterminator But also Crawling insectsFlying","og_url":"https:\/\/exterminateuramontreal.ca\/en\/extermination-service\/","og_site_name":"Votre exterminateur \u00e0 Montr\u00e9al","article_modified_time":"2024-03-14T21:06:50+00:00","og_image":[{"url":"https:\/\/exterminateuramontreal.ca\/wp-content\/uploads\/2022\/04\/cologique.jpg","type":"","width":"","height":""}],"twitter_misc":{"Est. reading time":"2 minutes"},"schema":{"@context":"https:\/\/schema.org","@graph":[{"@type":"WebPage","@id":"https:\/\/exterminateuramontreal.ca\/en\/extermination-service\/","url":"https:\/\/exterminateuramontreal.ca\/en\/extermination-service\/","name":"Extermination service - Votre exterminateur \u00e0 Montr\u00e9al","isPartOf":{"@id":"https:\/\/exterminateuramontreal.ca\/en\/#website"},"primaryImageOfPage":{"@id":"https:\/\/exterminateuramontreal.ca\/en\/extermination-service\/#primaryimage"},"image":{"@id":"https:\/\/exterminateuramontreal.ca\/en\/extermination-service\/#primaryimage"},"thumbnailUrl":"https:\/\/exterminateuramontreal.ca\/wp-content\/uploads\/2022\/04\/cologique.jpg","datePublished":"2022-06-14T18:59:42+00:00","dateModified":"2024-03-14T21:06:50+00:00","description":"Control Bed Bug Exterminator Tick exterminator Wasp Exterminator Exterminator ants Rat Exterminator Mouse Exterminator But also Crawling insectsFlying","breadcrumb":{"@id":"https:\/\/exterminateuramontreal.ca\/en\/extermination-service\/#breadcrumb"},"inLanguage":"en-CA","potentialAction":[{"@type":"ReadAction","target":["https:\/\/exterminateuramontreal.ca\/en\/extermination-service\/"]}]},{"@type":"ImageObject","inLanguage":"en-CA","@id":"https:\/\/exterminateuramontreal.ca\/en\/extermination-service\/#primaryimage","url":"https:\/\/exterminateuramontreal.ca\/wp-content\/uploads\/2022\/04\/cologique.jpg","contentUrl":"https:\/\/exterminateuramontreal.ca\/wp-content\/uploads\/2022\/04\/cologique.jpg"},{"@type":"BreadcrumbList","@id":"https:\/\/exterminateuramontreal.ca\/en\/extermination-service\/#breadcrumb","itemListElement":[{"@type":"ListItem","position":1,"name":"Accueil","item":"https:\/\/exterminateuramontreal.ca\/en\/"},{"@type":"ListItem","position":2,"name":"Extermination service"}]},{"@type":"WebSite","@id":"https:\/\/exterminateuramontreal.ca\/en\/#website","url":"https:\/\/exterminateuramontreal.ca\/en\/","name":"Exterminateur \u00e0 Montr\u00e9al","description":"Votre exterminateur de confiance et pas cher \u00e0 Montr\u00e9al!","publisher":{"@id":"https:\/\/exterminateuramontreal.ca\/en\/#organization"},"alternateName":"Votre exterminateur de confiance et pas cher \u00e0 Montr\u00e9al!","potentialAction":[{"@type":"SearchAction","target":{"@type":"EntryPoint","urlTemplate":"https:\/\/exterminateuramontreal.ca\/en\/?s={search_term_string}"},"query-input":{"@type":"PropertyValueSpecification","valueRequired":true,"valueName":"search_term_string"}}],"inLanguage":"en-CA"},{"@type":"Organization","@id":"https:\/\/exterminateuramontreal.ca\/en\/#organization","name":"Exterminateur \u00e0 Montr\u00e9al","alternateName":"Votre exterminateur de confiance \u00e0 Montr\u00e9al!","url":"https:\/\/exterminateuramontreal.ca\/en\/","logo":{"@type":"ImageObject","inLanguage":"en-CA","@id":"https:\/\/exterminateuramontreal.ca\/en\/#\/schema\/logo\/image\/","url":"https:\/\/exterminateuramontreal.ca\/wp-content\/uploads\/2011\/12\/logo-exterminateur-montreal-e1654628842986.png","contentUrl":"https:\/\/exterminateuramontreal.ca\/wp-content\/uploads\/2011\/12\/logo-exterminateur-montreal-e1654628842986.png","width":176,"height":74,"caption":"Exterminateur \u00e0 Montr\u00e9al"},"image":{"@id":"https:\/\/exterminateuramontreal.ca\/en\/#\/schema\/logo\/image\/"}}]}},"_links":{"self":[{"href":"https:\/\/exterminateuramontreal.ca\/en\/wp-json\/wp\/v2\/pages\/5830","targetHints":{"allow":["GET"]}}],"collection":[{"href":"https:\/\/exterminateuramontreal.ca\/en\/wp-json\/wp\/v2\/pages"}],"about":[{"href":"https:\/\/exterminateuramontreal.ca\/en\/wp-json\/wp\/v2\/types\/page"}],"author":[{"embeddable":true,"href":"https:\/\/exterminateuramontreal.ca\/en\/wp-json\/wp\/v2\/users\/2"}],"replies":[{"embeddable":true,"href":"https:\/\/exterminateuramontreal.ca\/en\/wp-json\/wp\/v2\/comments?post=5830"}],"version-history":[{"count":9,"href":"https:\/\/exterminateuramontreal.ca\/en\/wp-json\/wp\/v2\/pages\/5830\/revisions"}],"predecessor-version":[{"id":6691,"href":"https:\/\/exterminateuramontreal.ca\/en\/wp-json\/wp\/v2\/pages\/5830\/revisions\/6691"}],"wp:attachment":[{"href":"https:\/\/exterminateuramontreal.ca\/en\/wp-json\/wp\/v2\/media?parent=5830"}],"curies":[{"name":"wp","href":"https:\/\/api.w.org\/{rel}","templated":true}]}}