{"id":5826,"date":"2022-06-14T14:53:24","date_gmt":"2022-06-14T18:53:24","guid":{"rendered":"https:\/\/exterminateuramontreal.ca\/web-link-of-interest-2\/"},"modified":"2022-06-15T10:48:39","modified_gmt":"2022-06-15T14:48:39","slug":"web-link-of-interest","status":"publish","type":"page","link":"https:\/\/exterminateuramontreal.ca\/en\/web-link-of-interest\/","title":{"rendered":"Web link of interest"},"content":{"rendered":"<p>This partner page has nothing in common with the majority of this type of page whose purpose is the promotion of related websites.<\/p>\n<p>I want to promote these sites in order to strengthen our web links, those that help us position on Internet search results (Google, Yahoo, Bing, etc.)<\/p>\n<p>As an<a title=\"Extermination service on Greater Montreal\" href=\"https:\/\/exterminateuramontreal.ca\/service-extermination-grand-montreal\/\">exterminator<\/a> in Montreal I don&#8217;t feel like competing with an exterminator in Quebec City, whether he <a href=\"http:\/\/punaisesdelits.ca\">exterminates bed bugs <\/a>or<a title=\"Carpenter ants\" href=\"https:\/\/exterminateuramontreal.ca\/fourmis-charpentieres\/\"> carpenter ants,<\/a> he doesn&#8217;t work in the same geographic area and none of us want to drive 3 hours to set up our competition. Inappropriate!<\/p>\n<p style=\"text-align: center;\"><img decoding=\"async\" class=\"aligncenter wp-image-2069\" title=\"international links\" src=\"https:\/\/exterminateuramontreal.ca\/wp-content\/uploads\/2012\/03\/liens-internationaux.png\" alt=\"backlink reference sme\" width=\"459\" height=\"424\" srcset=\"https:\/\/exterminateuramontreal.ca\/wp-content\/uploads\/2012\/03\/liens-internationaux.png 574w, https:\/\/exterminateuramontreal.ca\/wp-content\/uploads\/2012\/03\/liens-internationaux-300x277.png 300w\" sizes=\"(max-width: 459px) 100vw, 459px\" \/><\/p>\n<h2>Other cases of highly possible links<\/h2>\n<p>In the same vein, a<a href=\"http:\/\/coutureetassocies.com\/avocat-droit-criminel\/\"> criminal lawyer in<\/a> Laval and Montreal can perfectly link to a Saaq lawyer or a defence specialist before the CSST.<\/p>\n<p>Not working in the same professional sector, everyone can recommend the other without fear of losing contracts, stronger, this recommendation between complementary legal domain partners is particularly effective for their SEO referencing.<\/p>\n<p>These links are real keys to positioning, not custom USB sticks like we find in Montreal, no! keys in the sense of magician solutions for children at home, you know those actors with big hats that come out of their sleeve, rabbits, doves, bouquets of flowers and possess a bagou that makes the little ones howl with laughter &#8230;<\/p>\n<p>And the big ones&#8230;, speaking of big, I have a friend who is 1.95 and weighs 120 kg, luckily he manages to dress at the specialist of the plus size clothing in Montreal, I speak of Bovet who exhibits in a dozen stores dedicated to men&#8217;s clothing but also sells online, he also participates in this fantastic web site union ,  as does Sarah Frachon, a shrink in Paris who also consults online and in couple therapy in Montreal, she intervenes with  <em>tapping<\/em> that are formidable efficiency.<\/p>\n<p>When they <a title=\"Meeting\" href=\"http:\/\/montrealcupidon.com\/\" target=\"_blank\" rel=\"noopener noreferrer\">meet in Montreal,<\/a> they do so in a village square near the metropapineau<\/p>\n<p>&nbsp;<\/p>\n","protected":false},"excerpt":{"rendered":"<p>This partner page has nothing in common with the majority of this type of page whose purpose is the promotion of related websites. I want to promote these sites in order to strengthen our web links, those that help us position on Internet search results (Google, Yahoo, Bing, etc.) As anexterminator in Montreal I don&#8217;t [&hellip;]<\/p>\n","protected":false},"author":4,"featured_media":0,"parent":0,"menu_order":0,"comment_status":"closed","ping_status":"open","template":"","meta":{"_genesis_hide_title":false,"_genesis_hide_breadcrumbs":false,"_genesis_hide_singular_image":false,"_genesis_hide_footer_widgets":false,"_genesis_custom_body_class":"","_genesis_custom_post_class":"","_genesis_layout":"","footnotes":""},"class_list":{"0":"post-5826","1":"page","2":"type-page","3":"status-publish","5":"entry"},"yoast_head":"<!-- This site is optimized with the Yoast SEO plugin v27.3 - https:\/\/yoast.com\/product\/yoast-seo-wordpress\/ -->\n<title>Web link of interest - Votre exterminateur \u00e0 Montr\u00e9al<\/title>\n<meta name=\"description\" content=\"This partner page has nothing in common with the majority of this type of page whose purpose is the promotion of related websites. I want to promote these\" \/>\n<meta name=\"robots\" content=\"index, follow, max-snippet:-1, max-image-preview:large, max-video-preview:-1\" \/>\n<link rel=\"canonical\" href=\"https:\/\/exterminateuramontreal.ca\/en\/web-link-of-interest\/\" \/>\n<meta property=\"og:locale\" content=\"en_US\" \/>\n<meta property=\"og:type\" content=\"article\" \/>\n<meta property=\"og:title\" content=\"Web link of interest - Votre exterminateur \u00e0 Montr\u00e9al\" \/>\n<meta property=\"og:description\" content=\"This partner page has nothing in common with the majority of this type of page whose purpose is the promotion of related websites. I want to promote these\" \/>\n<meta property=\"og:url\" content=\"https:\/\/exterminateuramontreal.ca\/en\/web-link-of-interest\/\" \/>\n<meta property=\"og:site_name\" content=\"Votre exterminateur \u00e0 Montr\u00e9al\" \/>\n<meta property=\"article:modified_time\" content=\"2022-06-15T14:48:39+00:00\" \/>\n<meta property=\"og:image\" content=\"https:\/\/exterminateuramontreal.ca\/wp-content\/uploads\/2012\/03\/liens-internationaux.png\" \/>\n<meta name=\"twitter:label1\" content=\"Est. reading time\" \/>\n\t<meta name=\"twitter:data1\" content=\"2 minutes\" \/>\n<script type=\"application\/ld+json\" class=\"yoast-schema-graph\">{\"@context\":\"https:\\\/\\\/schema.org\",\"@graph\":[{\"@type\":\"WebPage\",\"@id\":\"https:\\\/\\\/exterminateuramontreal.ca\\\/en\\\/web-link-of-interest\\\/\",\"url\":\"https:\\\/\\\/exterminateuramontreal.ca\\\/en\\\/web-link-of-interest\\\/\",\"name\":\"Web link of interest - Votre exterminateur \u00e0 Montr\u00e9al\",\"isPartOf\":{\"@id\":\"https:\\\/\\\/exterminateuramontreal.ca\\\/en\\\/#website\"},\"primaryImageOfPage\":{\"@id\":\"https:\\\/\\\/exterminateuramontreal.ca\\\/en\\\/web-link-of-interest\\\/#primaryimage\"},\"image\":{\"@id\":\"https:\\\/\\\/exterminateuramontreal.ca\\\/en\\\/web-link-of-interest\\\/#primaryimage\"},\"thumbnailUrl\":\"https:\\\/\\\/exterminateuramontreal.ca\\\/wp-content\\\/uploads\\\/2012\\\/03\\\/liens-internationaux.png\",\"datePublished\":\"2022-06-14T18:53:24+00:00\",\"dateModified\":\"2022-06-15T14:48:39+00:00\",\"description\":\"This partner page has nothing in common with the majority of this type of page whose purpose is the promotion of related websites. I want to promote these\",\"breadcrumb\":{\"@id\":\"https:\\\/\\\/exterminateuramontreal.ca\\\/en\\\/web-link-of-interest\\\/#breadcrumb\"},\"inLanguage\":\"en-CA\",\"potentialAction\":[{\"@type\":\"ReadAction\",\"target\":[\"https:\\\/\\\/exterminateuramontreal.ca\\\/en\\\/web-link-of-interest\\\/\"]}]},{\"@type\":\"ImageObject\",\"inLanguage\":\"en-CA\",\"@id\":\"https:\\\/\\\/exterminateuramontreal.ca\\\/en\\\/web-link-of-interest\\\/#primaryimage\",\"url\":\"https:\\\/\\\/exterminateuramontreal.ca\\\/wp-content\\\/uploads\\\/2012\\\/03\\\/liens-internationaux.png\",\"contentUrl\":\"https:\\\/\\\/exterminateuramontreal.ca\\\/wp-content\\\/uploads\\\/2012\\\/03\\\/liens-internationaux.png\"},{\"@type\":\"BreadcrumbList\",\"@id\":\"https:\\\/\\\/exterminateuramontreal.ca\\\/en\\\/web-link-of-interest\\\/#breadcrumb\",\"itemListElement\":[{\"@type\":\"ListItem\",\"position\":1,\"name\":\"Accueil\",\"item\":\"https:\\\/\\\/exterminateuramontreal.ca\\\/en\\\/\"},{\"@type\":\"ListItem\",\"position\":2,\"name\":\"Web link of interest\"}]},{\"@type\":\"WebSite\",\"@id\":\"https:\\\/\\\/exterminateuramontreal.ca\\\/en\\\/#website\",\"url\":\"https:\\\/\\\/exterminateuramontreal.ca\\\/en\\\/\",\"name\":\"Exterminateur \u00e0 Montr\u00e9al\",\"description\":\"Votre exterminateur de confiance et pas cher \u00e0 Montr\u00e9al!\",\"publisher\":{\"@id\":\"https:\\\/\\\/exterminateuramontreal.ca\\\/en\\\/#organization\"},\"alternateName\":\"Votre exterminateur de confiance et pas cher \u00e0 Montr\u00e9al!\",\"potentialAction\":[{\"@type\":\"SearchAction\",\"target\":{\"@type\":\"EntryPoint\",\"urlTemplate\":\"https:\\\/\\\/exterminateuramontreal.ca\\\/en\\\/?s={search_term_string}\"},\"query-input\":{\"@type\":\"PropertyValueSpecification\",\"valueRequired\":true,\"valueName\":\"search_term_string\"}}],\"inLanguage\":\"en-CA\"},{\"@type\":\"Organization\",\"@id\":\"https:\\\/\\\/exterminateuramontreal.ca\\\/en\\\/#organization\",\"name\":\"Exterminateur \u00e0 Montr\u00e9al\",\"alternateName\":\"Votre exterminateur de confiance \u00e0 Montr\u00e9al!\",\"url\":\"https:\\\/\\\/exterminateuramontreal.ca\\\/en\\\/\",\"logo\":{\"@type\":\"ImageObject\",\"inLanguage\":\"en-CA\",\"@id\":\"https:\\\/\\\/exterminateuramontreal.ca\\\/en\\\/#\\\/schema\\\/logo\\\/image\\\/\",\"url\":\"https:\\\/\\\/exterminateuramontreal.ca\\\/wp-content\\\/uploads\\\/2011\\\/12\\\/logo-exterminateur-montreal-e1654628842986.png\",\"contentUrl\":\"https:\\\/\\\/exterminateuramontreal.ca\\\/wp-content\\\/uploads\\\/2011\\\/12\\\/logo-exterminateur-montreal-e1654628842986.png\",\"width\":176,\"height\":74,\"caption\":\"Exterminateur \u00e0 Montr\u00e9al\"},\"image\":{\"@id\":\"https:\\\/\\\/exterminateuramontreal.ca\\\/en\\\/#\\\/schema\\\/logo\\\/image\\\/\"}}]}<\/script>\n<!-- \/ Yoast SEO plugin. -->","yoast_head_json":{"title":"Web link of interest - Votre exterminateur \u00e0 Montr\u00e9al","description":"This partner page has nothing in common with the majority of this type of page whose purpose is the promotion of related websites. I want to promote these","robots":{"index":"index","follow":"follow","max-snippet":"max-snippet:-1","max-image-preview":"max-image-preview:large","max-video-preview":"max-video-preview:-1"},"canonical":"https:\/\/exterminateuramontreal.ca\/en\/web-link-of-interest\/","og_locale":"en_US","og_type":"article","og_title":"Web link of interest - Votre exterminateur \u00e0 Montr\u00e9al","og_description":"This partner page has nothing in common with the majority of this type of page whose purpose is the promotion of related websites. I want to promote these","og_url":"https:\/\/exterminateuramontreal.ca\/en\/web-link-of-interest\/","og_site_name":"Votre exterminateur \u00e0 Montr\u00e9al","article_modified_time":"2022-06-15T14:48:39+00:00","og_image":[{"url":"https:\/\/exterminateuramontreal.ca\/wp-content\/uploads\/2012\/03\/liens-internationaux.png","type":"","width":"","height":""}],"twitter_misc":{"Est. reading time":"2 minutes"},"schema":{"@context":"https:\/\/schema.org","@graph":[{"@type":"WebPage","@id":"https:\/\/exterminateuramontreal.ca\/en\/web-link-of-interest\/","url":"https:\/\/exterminateuramontreal.ca\/en\/web-link-of-interest\/","name":"Web link of interest - Votre exterminateur \u00e0 Montr\u00e9al","isPartOf":{"@id":"https:\/\/exterminateuramontreal.ca\/en\/#website"},"primaryImageOfPage":{"@id":"https:\/\/exterminateuramontreal.ca\/en\/web-link-of-interest\/#primaryimage"},"image":{"@id":"https:\/\/exterminateuramontreal.ca\/en\/web-link-of-interest\/#primaryimage"},"thumbnailUrl":"https:\/\/exterminateuramontreal.ca\/wp-content\/uploads\/2012\/03\/liens-internationaux.png","datePublished":"2022-06-14T18:53:24+00:00","dateModified":"2022-06-15T14:48:39+00:00","description":"This partner page has nothing in common with the majority of this type of page whose purpose is the promotion of related websites. I want to promote these","breadcrumb":{"@id":"https:\/\/exterminateuramontreal.ca\/en\/web-link-of-interest\/#breadcrumb"},"inLanguage":"en-CA","potentialAction":[{"@type":"ReadAction","target":["https:\/\/exterminateuramontreal.ca\/en\/web-link-of-interest\/"]}]},{"@type":"ImageObject","inLanguage":"en-CA","@id":"https:\/\/exterminateuramontreal.ca\/en\/web-link-of-interest\/#primaryimage","url":"https:\/\/exterminateuramontreal.ca\/wp-content\/uploads\/2012\/03\/liens-internationaux.png","contentUrl":"https:\/\/exterminateuramontreal.ca\/wp-content\/uploads\/2012\/03\/liens-internationaux.png"},{"@type":"BreadcrumbList","@id":"https:\/\/exterminateuramontreal.ca\/en\/web-link-of-interest\/#breadcrumb","itemListElement":[{"@type":"ListItem","position":1,"name":"Accueil","item":"https:\/\/exterminateuramontreal.ca\/en\/"},{"@type":"ListItem","position":2,"name":"Web link of interest"}]},{"@type":"WebSite","@id":"https:\/\/exterminateuramontreal.ca\/en\/#website","url":"https:\/\/exterminateuramontreal.ca\/en\/","name":"Exterminateur \u00e0 Montr\u00e9al","description":"Votre exterminateur de confiance et pas cher \u00e0 Montr\u00e9al!","publisher":{"@id":"https:\/\/exterminateuramontreal.ca\/en\/#organization"},"alternateName":"Votre exterminateur de confiance et pas cher \u00e0 Montr\u00e9al!","potentialAction":[{"@type":"SearchAction","target":{"@type":"EntryPoint","urlTemplate":"https:\/\/exterminateuramontreal.ca\/en\/?s={search_term_string}"},"query-input":{"@type":"PropertyValueSpecification","valueRequired":true,"valueName":"search_term_string"}}],"inLanguage":"en-CA"},{"@type":"Organization","@id":"https:\/\/exterminateuramontreal.ca\/en\/#organization","name":"Exterminateur \u00e0 Montr\u00e9al","alternateName":"Votre exterminateur de confiance \u00e0 Montr\u00e9al!","url":"https:\/\/exterminateuramontreal.ca\/en\/","logo":{"@type":"ImageObject","inLanguage":"en-CA","@id":"https:\/\/exterminateuramontreal.ca\/en\/#\/schema\/logo\/image\/","url":"https:\/\/exterminateuramontreal.ca\/wp-content\/uploads\/2011\/12\/logo-exterminateur-montreal-e1654628842986.png","contentUrl":"https:\/\/exterminateuramontreal.ca\/wp-content\/uploads\/2011\/12\/logo-exterminateur-montreal-e1654628842986.png","width":176,"height":74,"caption":"Exterminateur \u00e0 Montr\u00e9al"},"image":{"@id":"https:\/\/exterminateuramontreal.ca\/en\/#\/schema\/logo\/image\/"}}]}},"_links":{"self":[{"href":"https:\/\/exterminateuramontreal.ca\/en\/wp-json\/wp\/v2\/pages\/5826","targetHints":{"allow":["GET"]}}],"collection":[{"href":"https:\/\/exterminateuramontreal.ca\/en\/wp-json\/wp\/v2\/pages"}],"about":[{"href":"https:\/\/exterminateuramontreal.ca\/en\/wp-json\/wp\/v2\/types\/page"}],"author":[{"embeddable":true,"href":"https:\/\/exterminateuramontreal.ca\/en\/wp-json\/wp\/v2\/users\/4"}],"replies":[{"embeddable":true,"href":"https:\/\/exterminateuramontreal.ca\/en\/wp-json\/wp\/v2\/comments?post=5826"}],"version-history":[{"count":1,"href":"https:\/\/exterminateuramontreal.ca\/en\/wp-json\/wp\/v2\/pages\/5826\/revisions"}],"predecessor-version":[{"id":6013,"href":"https:\/\/exterminateuramontreal.ca\/en\/wp-json\/wp\/v2\/pages\/5826\/revisions\/6013"}],"wp:attachment":[{"href":"https:\/\/exterminateuramontreal.ca\/en\/wp-json\/wp\/v2\/media?parent=5826"}],"curies":[{"name":"wp","href":"https:\/\/api.w.org\/{rel}","templated":true}]}}