{"id":5820,"date":"2022-06-14T14:52:51","date_gmt":"2022-06-14T18:52:51","guid":{"rendered":"https:\/\/exterminateuramontreal.ca\/mice-mules-and-small-rodents-2\/"},"modified":"2024-08-12T15:06:47","modified_gmt":"2024-08-12T19:06:47","slug":"mice-mules-and-small-rodents","status":"publish","type":"page","link":"https:\/\/exterminateuramontreal.ca\/en\/mice-mules-and-small-rodents\/","title":{"rendered":"Mice mules and small rodents"},"content":{"rendered":"<div class=\"n2_clear\"><ss3-force-full-width data-overflow-x=\"body\" data-horizontal-selector=\"body\"><div class=\"n2-section-smartslider fitvidsignore  n2_clear\" data-ssid=\"244\"><div id=\"n2-ss-244-align\" class=\"n2-ss-align\"><div class=\"n2-padding\"><div id=\"n2-ss-244\" data-creator=\"Smart Slider 3\" data-responsive=\"fullwidth\" class=\"n2-ss-slider n2-ow n2-has-hover n2notransition  \">\n        <div class=\"n2-ss-slider-1 n2-ow\">\n            <div class=\"n2-ss-slider-2 n2-ow\">\n                <div class=\"n2-ss-slide-backgrounds n2-ow-all\"><div class=\"n2-ss-slide-background\" data-public-id=\"1\" data-mode=\"fill\"><div class=\"n2-ss-slide-background-image\" data-blur=\"0\" data-opacity=\"100\" data-x=\"50\" data-y=\"50\" data-alt=\"\" data-title=\"\"><picture class=\"skip-lazy\" data-skip-lazy=\"1\"><img decoding=\"async\" src=\"\/\/exterminateuramontreal.ca\/wp-content\/uploads\/2022\/05\/wild-wood-mouse-eating-green-vagetables-big-rock-forest.jpg\" alt=\"\" title=\"\" loading=\"lazy\" class=\"skip-lazy\" data-skip-lazy=\"1\"><\/picture><\/div><div data-color=\"RGBA(255,255,255,0)\" style=\"background-color: RGBA(255,255,255,0);\" class=\"n2-ss-slide-background-color\"><\/div><\/div><\/div>                <div class=\"n2-ss-slider-3 n2-ow\">\n                    <svg xmlns=\"http:\/\/www.w3.org\/2000\/svg\" viewBox=\"0 0 1920 900\" data-related-device=\"desktopPortrait\" class=\"n2-ow n2-ss-preserve-size n2-ss-preserve-size--slider n2-ss-slide-limiter\"><\/svg><div data-first=\"1\" data-slide-duration=\"0\" data-id=\"252\" data-slide-public-id=\"1\" data-title=\"souris-mulot-rongeur\" class=\"n2-ss-slide n2-ow  n2-ss-slide-252\"><div role=\"note\" class=\"n2-ss-slide--focus\" tabindex=\"-1\">souris-mulot-rongeur<\/div><div class=\"n2-ss-layers-container n2-ss-slide-limiter n2-ow\"><div class=\"n2-ss-layer n2-ow n-uc-GWwxwvDOoMiP\" data-sstype=\"slide\" data-pm=\"default\"><div class=\"n2-ss-layer n2-ow n-uc-JNVVRymWMKV3\" data-pm=\"default\" data-sstype=\"content\" data-hasbackground=\"0\"><div class=\"n2-ss-section-main-content n2-ss-layer-with-background n2-ss-layer-content n2-ow n-uc-JNVVRymWMKV3-inner\"><div class=\"n2-ss-layer n2-ow n-uc-jivykUL6fFhs\" data-pm=\"normal\" data-sstype=\"layer\"><h1 id=\"n2-ss-244item1\" class=\"n2-font-3b2a58b4a50c0e729808df0b6b4bacbf-hover   n2-ss-item-content n2-ss-text n2-ow\" style=\"display:block;\">Mouses and rodents<\/h1><\/div><div class=\"n2-ss-layer n2-ow n-uc-2izgk289Rac4 n2-ss-layer--auto\" data-pm=\"normal\" data-sstype=\"layer\"><div class=\"n2-ss-button-container n2-ss-item-content n2-ow n2-font-146c9a3e96286a145729355457cdd451-link  n2-ss-nowrap n2-ss-button-container--non-full-width\"><a class=\"n2-style-7af0fe51fa2035e956cba40fcded744c-heading  n2-ow \" href=\"https:\/\/exterminateuramontreal.ca\/contacter-votre-exterminateur-a-montreal\/\"><div><div>Appelez-nous<\/div><\/div><\/a><\/div><\/div><\/div><\/div><\/div><\/div><\/div>                <\/div>\n                            <\/div>\n        <\/div>\n        <\/div><ss3-loader><\/ss3-loader><\/div><\/div><div class=\"n2_clear\"><\/div><\/div><\/ss3-force-full-width><\/div>\n\n\n<div class=\"wp-block-columns is-layout-flex wp-container-core-columns-is-layout-9d6595d7 wp-block-columns-is-layout-flex\">\n<div class=\"wp-block-column section_two_column column_space is-layout-flow wp-block-column-is-layout-flow\" style=\"flex-basis:119%\">\n<div class=\"wp-block-columns is-layout-flex wp-container-core-columns-is-layout-9d6595d7 wp-block-columns-is-layout-flex\">\n<div class=\"wp-block-column paddingsec has-background is-layout-flow wp-block-column-is-layout-flow\" style=\"background-color:#eba500\">\n<div class=\"wp-block-columns is-layout-flex wp-container-core-columns-is-layout-9d6595d7 wp-block-columns-is-layout-flex\">\n<div class=\"wp-block-column borderh2 is-layout-flow wp-block-column-is-layout-flow\">\n<h2 class=\"wp-block-heading has-white-color has-text-color\" id=\"alerte-animal-votre-exterminateur-a-montreal-gestion-parasitaire-vous-etes-inquiets\">Mice mules and small rodents<\/h2>\n<\/div>\n<\/div>\n\n\n\n<p class=\"has-white-color has-text-color\">Popularized by the famous Disney characters Mickey Mouse and Ratatouille, or Geronimo Stilton, mice and rats are less friendly and magical than these creatures.<\/p>\n\n\n\n<p class=\"has-white-color has-text-color\">An invasion of these rodents causes serious damage to our homes, both in terms of insulation and furniture. Worse, some species can carry viruses that are serious for humans and their pets. Such an invasion must therefore be taken seriously.<\/p>\n\n\n\n<p class=\"has-white-color has-text-color\">In the <strong>greater Montreal area,<\/strong> many people face the <strong>problem of mice and rats.<\/strong> In our IPM approach we employ the best intervention methods to <strong>stop the invasion of these rodents.<\/strong><\/p>\n<\/div>\n\n\n\n<div class=\"wp-block-column paddingsec verticalcenter has-background is-layout-flow wp-block-column-is-layout-flow\" style=\"background-color:#424142\">\n<div class=\"wp-block-columns is-layout-flex wp-container-core-columns-is-layout-9d6595d7 wp-block-columns-is-layout-flex\">\n<div class=\"wp-block-column borderh2 is-layout-flow wp-block-column-is-layout-flow\">\n<h2 class=\"wp-block-heading has-white-color has-text-color\" id=\"alerte-animal-votre-exterminateur-a-montreal-gestion-parasitaire-vous-etes-inquiets\">Mouse Habits<\/h2>\n<\/div>\n<\/div>\n\n\n\n<p class=\"has-white-color has-text-color\">Mice live in colonies of 30 to 40 individuals on average, but may be more numerous depending on infestation and location.<\/p>\n\n\n\n<p class=\"has-white-color has-text-color\">The senses of mice, namely hearing, smell, taste and touch are very developed. However, the view is very low. As they are rather curious by nature, they will do damage everywhere.<\/p>\n\n\n\n<p class=\"has-white-color has-text-color\">Mice snack 15 to 20 times a day on small amounts of food they find here and there. Their water needs are very limited. Most of the time, they will be satisfied with the amount of water contained in his food.<\/p>\n<\/div>\n<\/div>\n<\/div>\n<\/div>\n\n\n\n<div class=\"wp-block-columns section_column is-layout-flex wp-container-core-columns-is-layout-9d6595d7 wp-block-columns-is-layout-flex\">\n<div class=\"wp-block-column paddingsec section_one_column is-layout-flow wp-block-column-is-layout-flow\">\n<div class=\"wp-block-columns is-layout-flex wp-container-core-columns-is-layout-9d6595d7 wp-block-columns-is-layout-flex\">\n<div class=\"wp-block-column borderh22 is-layout-flow wp-block-column-is-layout-flow\">\n<h2 class=\"wp-block-heading\" id=\"un-probleme-de-rongeur-1\">Common description<\/h2>\n<\/div>\n<\/div>\n\n\n\n<p>The mouse is easily distinguished from young rats by its small eyes and small legs. It weighs between 30g and 45g (1 1\/2 oz) and its body measures 6 cm to 9 cm (4&#8221;). Its tail is almost the same length as its body, and often longer. The mouse has large ears proportional to its size. The color of his hair tends towards gray.<\/p>\n<\/div>\n<\/div>\n\n\n\n<div class=\"wp-block-columns section_column_bottom is-layout-flex wp-container-core-columns-is-layout-9d6595d7 wp-block-columns-is-layout-flex\">\n<div class=\"wp-block-column paddingsec is-layout-flow wp-block-column-is-layout-flow\">\n<div class=\"wp-block-columns is-layout-flex wp-container-core-columns-is-layout-9d6595d7 wp-block-columns-is-layout-flex\">\n<div class=\"wp-block-column borderh22 is-layout-flow wp-block-column-is-layout-flow\">\n<h2 class=\"wp-block-heading\" id=\"un-probleme-de-rongeur-1\">Rodent development<\/h2>\n<\/div>\n<\/div>\n\n\n\n<p>After a month and a half, the female reaches sexual maturity. The developmental period in her uterus lasts nineteen days and usually the mouse gives birth to six or eight pups.<\/p>\n\n\n\n<p>It can have up to eight litters per year and from 30 to 35 cubs during its lifetime. The lifespan of the mouse is usually less than one year.<\/p>\n\n\n\n<p>Mice run, jump, swim and climb, but they are much less skilled than rats in swimming! Mice can live inside homes that are not necessarily wet places. They are often found in attics, for example.<\/p>\n\n\n\n<p>Outside, they dig small burrows and wait for the opportunity to infiltrate nearby homes.<\/p>\n<\/div>\n<\/div>\n\n\n\n<div class=\"wp-block-columns paddingsec section_cta column_space cta_space  has-luminous-vivid-amber-background-color has-background is-layout-flex wp-container-core-columns-is-layout-9d6595d7 wp-block-columns-is-layout-flex\">\n<div class=\"wp-block-column is-layout-flow wp-block-column-is-layout-flow\">\n<div class=\"wp-block-columns is-layout-flex wp-container-core-columns-is-layout-9d6595d7 wp-block-columns-is-layout-flex\">\n<div class=\"wp-block-column is-layout-flow wp-block-column-is-layout-flow\">\n<h2 class=\"wp-block-heading has-text-align-center has-white-color has-text-color has-large-font-size\" id=\"gestion-de-parasites\"><strong>Ren\u00e9 G\u00e9linas your exterminator on greater Montreal and the surrounding area<\/strong><\/h2>\n\n\n\n<div style=\"height:15px\" aria-hidden=\"true\" class=\"wp-block-spacer\"><\/div>\n\n\n\n<h2 class=\"wp-block-heading has-text-align-center has-white-color has-text-color has-large-font-size\"><strong>Phone <\/strong><a href=\"tel:5148302819\">514 <strong>830 <\/strong>2819<\/a><\/h2>\n<\/div>\n<\/div>\n<\/div>\n<\/div>\n\n\n\n<div class=\"wp-block-columns section_column_top is-layout-flex wp-container-core-columns-is-layout-9d6595d7 wp-block-columns-is-layout-flex\">\n<div class=\"wp-block-column paddingsec section_one_column is-layout-flow wp-block-column-is-layout-flow\">\n<div class=\"wp-block-columns is-layout-flex wp-container-core-columns-is-layout-9d6595d7 wp-block-columns-is-layout-flex\">\n<div class=\"wp-block-column borderh22 is-layout-flow wp-block-column-is-layout-flow\">\n<h2 class=\"wp-block-heading\" id=\"un-probleme-de-rongeur-1\">Important: the Scots mouse<\/h2>\n<\/div>\n<\/div>\n\n\n\n<p>This species sometimes attacks food reserves. It can be a carrier of a virus that can be fatal to humans. This virus is transmitted through faeces and urine deposited in food or inhaled as dust.<\/p>\n<\/div>\n<\/div>\n\n\n\n<div class=\"wp-block-columns section_column_bottom is-layout-flex wp-container-core-columns-is-layout-9d6595d7 wp-block-columns-is-layout-flex\">\n<div class=\"wp-block-column paddingsec is-layout-flow wp-block-column-is-layout-flow\">\n<div class=\"wp-block-columns is-layout-flex wp-container-core-columns-is-layout-9d6595d7 wp-block-columns-is-layout-flex\">\n<div class=\"wp-block-column borderh22 is-layout-flow wp-block-column-is-layout-flow\">\n<h2 class=\"wp-block-heading\" id=\"un-probleme-de-rongeur-1\">What is hanta virus?<\/h2>\n<\/div>\n<\/div>\n\n\n\n<p>It is a virus that can cause a rare but very serious lung disease called <strong>hanta virus<\/strong> pulmonary syndrome. This virus was first detected in humans in 1993, but is probably in existence for several years.<\/p>\n\n\n\n<p>The first cases appeared in rural areas of the southwestern United States. Each year, fewer than 35 cases are reported in the United States and about three in Canada.<\/p>\n\n\n\n<p>Exposure to the virus can occur in several ways:<\/p>\n\n\n\n<p>it occurs most often when ingesting dust infected with feces or urine from deer mice;<br \/>when bitten by an infected deer mouse;<br \/>when a scratch is touched after coming into contact with infected material.<\/p>\n\n\n\n<p class=\"has-medium-font-size\"><strong>Read on to complete this information<\/strong><\/p>\n\n\n\n<div class=\"wp-block-columns is-layout-flex wp-container-core-columns-is-layout-9d6595d7 wp-block-columns-is-layout-flex\">\n<div class=\"wp-block-column is-layout-flow wp-block-column-is-layout-flow\">\n<p><a href=\"https:\/\/exterminateuramontreal.ca\/en\/how-do-mice-enter-homes\/\">How do mice enter homes<\/a><br \/><a href=\"https:\/\/exterminateuramontreal.ca\/se-debarrasser-des-souris-qui-rongent-la-maison\/\">Getting rid of mice that eat away at home<\/a><br \/><a href=\"https:\/\/exterminateuramontreal.ca\/en\/how-to-trap-mice-mouse-trapping\/\">How to trap mice  <\/a><br \/><a href=\"https:\/\/exterminateuramontreal.ca\/en\/is-electronic-anti-mouse-ultrasound-against-rodents-effective\/\">Electronic mouse traps<\/a><\/p>\n<\/div>\n\n\n\n<div class=\"wp-block-column is-layout-flow wp-block-column-is-layout-flow\">\n<p><a href=\"https:\/\/exterminateuramontreal.ca\/en\/how-to-get-mice-out-of-the-walls-of-the-house\/\">How to get mice out of the walls of the house<\/a><br \/><a href=\"https:\/\/exterminateuramontreal.ca\/faq-souris\/\">Mouse Exterminator FAQs  <\/a><\/p>\n<\/div>\n<\/div>\n<\/div>\n<\/div>\n","protected":false},"excerpt":{"rendered":"<p>Mice mules and small rodents Popularized by the famous Disney characters Mickey Mouse and Ratatouille, or Geronimo Stilton, mice and rats are less friendly and magical than these creatures. An invasion of these rodents causes serious damage to our homes, both in terms of insulation and furniture. Worse, some species can carry viruses that are [&hellip;]<\/p>\n","protected":false},"author":2,"featured_media":0,"parent":0,"menu_order":0,"comment_status":"closed","ping_status":"closed","template":"","meta":{"_genesis_hide_title":false,"_genesis_hide_breadcrumbs":true,"_genesis_hide_singular_image":false,"_genesis_hide_footer_widgets":false,"_genesis_custom_body_class":"","_genesis_custom_post_class":"","_genesis_layout":"full-width-content","footnotes":""},"class_list":{"0":"post-5820","1":"page","2":"type-page","3":"status-publish","5":"entry"},"yoast_head":"<!-- This site is optimized with the Yoast SEO plugin v27.3 - https:\/\/yoast.com\/product\/yoast-seo-wordpress\/ -->\n<title>rodent mouse and integral control<\/title>\n<meta name=\"description\" content=\"The mouse is one of those rodents that is treated in accordance with the principles of integrated control... no systematic extermination of mice and mules and small rodents that are sometimes beneficial in the garden. Your exterminator in Montreal offers you an integrated rodent control solution\" \/>\n<meta name=\"robots\" content=\"index, follow, max-snippet:-1, max-image-preview:large, max-video-preview:-1\" \/>\n<link rel=\"canonical\" href=\"https:\/\/exterminateuramontreal.ca\/en\/mice-mules-and-small-rodents\/\" \/>\n<meta property=\"og:locale\" content=\"en_US\" \/>\n<meta property=\"og:type\" content=\"article\" \/>\n<meta property=\"og:title\" content=\"rodent mouse and integral control\" \/>\n<meta property=\"og:description\" content=\"The mouse is one of those rodents that is treated in accordance with the principles of integrated control... no systematic extermination of mice and mules and small rodents that are sometimes beneficial in the garden. Your exterminator in Montreal offers you an integrated rodent control solution\" \/>\n<meta property=\"og:url\" content=\"https:\/\/exterminateuramontreal.ca\/en\/mice-mules-and-small-rodents\/\" \/>\n<meta property=\"og:site_name\" content=\"Votre exterminateur \u00e0 Montr\u00e9al\" \/>\n<meta property=\"article:modified_time\" content=\"2024-08-12T19:06:47+00:00\" \/>\n<meta property=\"og:image\" content=\"https:\/\/exterminateuramontreal.ca\/wp-content\/uploads\/2011\/12\/logo-exterminateur-montreal-e1654628842986.png\" \/>\n\t<meta property=\"og:image:width\" content=\"176\" \/>\n\t<meta property=\"og:image:height\" content=\"74\" \/>\n\t<meta property=\"og:image:type\" content=\"image\/png\" \/>\n<meta name=\"twitter:label1\" content=\"Est. reading time\" \/>\n\t<meta name=\"twitter:data1\" content=\"3 minutes\" \/>\n<script type=\"application\/ld+json\" class=\"yoast-schema-graph\">{\"@context\":\"https:\\\/\\\/schema.org\",\"@graph\":[{\"@type\":\"WebPage\",\"@id\":\"https:\\\/\\\/exterminateuramontreal.ca\\\/en\\\/mice-mules-and-small-rodents\\\/\",\"url\":\"https:\\\/\\\/exterminateuramontreal.ca\\\/en\\\/mice-mules-and-small-rodents\\\/\",\"name\":\"rodent mouse and integral control\",\"isPartOf\":{\"@id\":\"https:\\\/\\\/exterminateuramontreal.ca\\\/en\\\/#website\"},\"datePublished\":\"2022-06-14T18:52:51+00:00\",\"dateModified\":\"2024-08-12T19:06:47+00:00\",\"description\":\"The mouse is one of those rodents that is treated in accordance with the principles of integrated control... no systematic extermination of mice and mules and small rodents that are sometimes beneficial in the garden. Your exterminator in Montreal offers you an integrated rodent control solution\",\"breadcrumb\":{\"@id\":\"https:\\\/\\\/exterminateuramontreal.ca\\\/en\\\/mice-mules-and-small-rodents\\\/#breadcrumb\"},\"inLanguage\":\"en-CA\",\"potentialAction\":[{\"@type\":\"ReadAction\",\"target\":[\"https:\\\/\\\/exterminateuramontreal.ca\\\/en\\\/mice-mules-and-small-rodents\\\/\"]}]},{\"@type\":\"BreadcrumbList\",\"@id\":\"https:\\\/\\\/exterminateuramontreal.ca\\\/en\\\/mice-mules-and-small-rodents\\\/#breadcrumb\",\"itemListElement\":[{\"@type\":\"ListItem\",\"position\":1,\"name\":\"Accueil\",\"item\":\"https:\\\/\\\/exterminateuramontreal.ca\\\/en\\\/\"},{\"@type\":\"ListItem\",\"position\":2,\"name\":\"Mice mules and small rodents\"}]},{\"@type\":\"WebSite\",\"@id\":\"https:\\\/\\\/exterminateuramontreal.ca\\\/en\\\/#website\",\"url\":\"https:\\\/\\\/exterminateuramontreal.ca\\\/en\\\/\",\"name\":\"Exterminateur \u00e0 Montr\u00e9al\",\"description\":\"Votre exterminateur de confiance et pas cher \u00e0 Montr\u00e9al!\",\"publisher\":{\"@id\":\"https:\\\/\\\/exterminateuramontreal.ca\\\/en\\\/#organization\"},\"alternateName\":\"Votre exterminateur de confiance et pas cher \u00e0 Montr\u00e9al!\",\"potentialAction\":[{\"@type\":\"SearchAction\",\"target\":{\"@type\":\"EntryPoint\",\"urlTemplate\":\"https:\\\/\\\/exterminateuramontreal.ca\\\/en\\\/?s={search_term_string}\"},\"query-input\":{\"@type\":\"PropertyValueSpecification\",\"valueRequired\":true,\"valueName\":\"search_term_string\"}}],\"inLanguage\":\"en-CA\"},{\"@type\":\"Organization\",\"@id\":\"https:\\\/\\\/exterminateuramontreal.ca\\\/en\\\/#organization\",\"name\":\"Exterminateur \u00e0 Montr\u00e9al\",\"alternateName\":\"Votre exterminateur de confiance \u00e0 Montr\u00e9al!\",\"url\":\"https:\\\/\\\/exterminateuramontreal.ca\\\/en\\\/\",\"logo\":{\"@type\":\"ImageObject\",\"inLanguage\":\"en-CA\",\"@id\":\"https:\\\/\\\/exterminateuramontreal.ca\\\/en\\\/#\\\/schema\\\/logo\\\/image\\\/\",\"url\":\"https:\\\/\\\/exterminateuramontreal.ca\\\/wp-content\\\/uploads\\\/2011\\\/12\\\/logo-exterminateur-montreal-e1654628842986.png\",\"contentUrl\":\"https:\\\/\\\/exterminateuramontreal.ca\\\/wp-content\\\/uploads\\\/2011\\\/12\\\/logo-exterminateur-montreal-e1654628842986.png\",\"width\":176,\"height\":74,\"caption\":\"Exterminateur \u00e0 Montr\u00e9al\"},\"image\":{\"@id\":\"https:\\\/\\\/exterminateuramontreal.ca\\\/en\\\/#\\\/schema\\\/logo\\\/image\\\/\"}}]}<\/script>\n<!-- \/ Yoast SEO plugin. -->","yoast_head_json":{"title":"rodent mouse and integral control","description":"The mouse is one of those rodents that is treated in accordance with the principles of integrated control... no systematic extermination of mice and mules and small rodents that are sometimes beneficial in the garden. Your exterminator in Montreal offers you an integrated rodent control solution","robots":{"index":"index","follow":"follow","max-snippet":"max-snippet:-1","max-image-preview":"max-image-preview:large","max-video-preview":"max-video-preview:-1"},"canonical":"https:\/\/exterminateuramontreal.ca\/en\/mice-mules-and-small-rodents\/","og_locale":"en_US","og_type":"article","og_title":"rodent mouse and integral control","og_description":"The mouse is one of those rodents that is treated in accordance with the principles of integrated control... no systematic extermination of mice and mules and small rodents that are sometimes beneficial in the garden. Your exterminator in Montreal offers you an integrated rodent control solution","og_url":"https:\/\/exterminateuramontreal.ca\/en\/mice-mules-and-small-rodents\/","og_site_name":"Votre exterminateur \u00e0 Montr\u00e9al","article_modified_time":"2024-08-12T19:06:47+00:00","og_image":[{"width":176,"height":74,"url":"https:\/\/exterminateuramontreal.ca\/wp-content\/uploads\/2011\/12\/logo-exterminateur-montreal-e1654628842986.png","type":"image\/png"}],"twitter_misc":{"Est. reading time":"3 minutes"},"schema":{"@context":"https:\/\/schema.org","@graph":[{"@type":"WebPage","@id":"https:\/\/exterminateuramontreal.ca\/en\/mice-mules-and-small-rodents\/","url":"https:\/\/exterminateuramontreal.ca\/en\/mice-mules-and-small-rodents\/","name":"rodent mouse and integral control","isPartOf":{"@id":"https:\/\/exterminateuramontreal.ca\/en\/#website"},"datePublished":"2022-06-14T18:52:51+00:00","dateModified":"2024-08-12T19:06:47+00:00","description":"The mouse is one of those rodents that is treated in accordance with the principles of integrated control... no systematic extermination of mice and mules and small rodents that are sometimes beneficial in the garden. Your exterminator in Montreal offers you an integrated rodent control solution","breadcrumb":{"@id":"https:\/\/exterminateuramontreal.ca\/en\/mice-mules-and-small-rodents\/#breadcrumb"},"inLanguage":"en-CA","potentialAction":[{"@type":"ReadAction","target":["https:\/\/exterminateuramontreal.ca\/en\/mice-mules-and-small-rodents\/"]}]},{"@type":"BreadcrumbList","@id":"https:\/\/exterminateuramontreal.ca\/en\/mice-mules-and-small-rodents\/#breadcrumb","itemListElement":[{"@type":"ListItem","position":1,"name":"Accueil","item":"https:\/\/exterminateuramontreal.ca\/en\/"},{"@type":"ListItem","position":2,"name":"Mice mules and small rodents"}]},{"@type":"WebSite","@id":"https:\/\/exterminateuramontreal.ca\/en\/#website","url":"https:\/\/exterminateuramontreal.ca\/en\/","name":"Exterminateur \u00e0 Montr\u00e9al","description":"Votre exterminateur de confiance et pas cher \u00e0 Montr\u00e9al!","publisher":{"@id":"https:\/\/exterminateuramontreal.ca\/en\/#organization"},"alternateName":"Votre exterminateur de confiance et pas cher \u00e0 Montr\u00e9al!","potentialAction":[{"@type":"SearchAction","target":{"@type":"EntryPoint","urlTemplate":"https:\/\/exterminateuramontreal.ca\/en\/?s={search_term_string}"},"query-input":{"@type":"PropertyValueSpecification","valueRequired":true,"valueName":"search_term_string"}}],"inLanguage":"en-CA"},{"@type":"Organization","@id":"https:\/\/exterminateuramontreal.ca\/en\/#organization","name":"Exterminateur \u00e0 Montr\u00e9al","alternateName":"Votre exterminateur de confiance \u00e0 Montr\u00e9al!","url":"https:\/\/exterminateuramontreal.ca\/en\/","logo":{"@type":"ImageObject","inLanguage":"en-CA","@id":"https:\/\/exterminateuramontreal.ca\/en\/#\/schema\/logo\/image\/","url":"https:\/\/exterminateuramontreal.ca\/wp-content\/uploads\/2011\/12\/logo-exterminateur-montreal-e1654628842986.png","contentUrl":"https:\/\/exterminateuramontreal.ca\/wp-content\/uploads\/2011\/12\/logo-exterminateur-montreal-e1654628842986.png","width":176,"height":74,"caption":"Exterminateur \u00e0 Montr\u00e9al"},"image":{"@id":"https:\/\/exterminateuramontreal.ca\/en\/#\/schema\/logo\/image\/"}}]}},"_links":{"self":[{"href":"https:\/\/exterminateuramontreal.ca\/en\/wp-json\/wp\/v2\/pages\/5820","targetHints":{"allow":["GET"]}}],"collection":[{"href":"https:\/\/exterminateuramontreal.ca\/en\/wp-json\/wp\/v2\/pages"}],"about":[{"href":"https:\/\/exterminateuramontreal.ca\/en\/wp-json\/wp\/v2\/types\/page"}],"author":[{"embeddable":true,"href":"https:\/\/exterminateuramontreal.ca\/en\/wp-json\/wp\/v2\/users\/2"}],"replies":[{"embeddable":true,"href":"https:\/\/exterminateuramontreal.ca\/en\/wp-json\/wp\/v2\/comments?post=5820"}],"version-history":[{"count":5,"href":"https:\/\/exterminateuramontreal.ca\/en\/wp-json\/wp\/v2\/pages\/5820\/revisions"}],"predecessor-version":[{"id":7073,"href":"https:\/\/exterminateuramontreal.ca\/en\/wp-json\/wp\/v2\/pages\/5820\/revisions\/7073"}],"wp:attachment":[{"href":"https:\/\/exterminateuramontreal.ca\/en\/wp-json\/wp\/v2\/media?parent=5820"}],"curies":[{"name":"wp","href":"https:\/\/api.w.org\/{rel}","templated":true}]}}