{"id":5803,"date":"2022-06-14T14:47:51","date_gmt":"2022-06-14T18:47:51","guid":{"rendered":"https:\/\/exterminateuramontreal.ca\/biology-and-consulting-service\/"},"modified":"2022-06-14T16:21:26","modified_gmt":"2022-06-14T20:21:26","slug":"biology-and-consulting-service","status":"publish","type":"page","link":"https:\/\/exterminateuramontreal.ca\/en\/biology-and-consulting-service\/","title":{"rendered":"Biology and Consulting Service"},"content":{"rendered":"<div class=\"n2_clear\"><ss3-force-full-width data-overflow-x=\"body\" data-horizontal-selector=\"body\"><div class=\"n2-section-smartslider fitvidsignore  n2_clear\" data-ssid=\"129\"><div id=\"n2-ss-129-align\" class=\"n2-ss-align\"><div class=\"n2-padding\"><div id=\"n2-ss-129\" data-creator=\"Smart Slider 3\" data-responsive=\"fullwidth\" class=\"n2-ss-slider n2-ow n2-has-hover n2notransition  \">\n        <div class=\"n2-ss-slider-1 n2-ow\">\n            <div class=\"n2-ss-slider-2 n2-ow\">\n                <div class=\"n2-ss-slide-backgrounds n2-ow-all\"><div class=\"n2-ss-slide-background\" data-public-id=\"1\" data-mode=\"fill\"><div class=\"n2-ss-slide-background-image\" data-blur=\"0\" data-opacity=\"50\" data-x=\"75\" data-y=\"35\" data-alt=\"\" data-title=\"\" style=\"opacity:0.5;--ss-o-pos-x:75%;--ss-o-pos-y:35%\"><picture class=\"skip-lazy\" data-skip-lazy=\"1\"><img decoding=\"async\" src=\"\/\/exterminateuramontreal.ca\/wp-content\/uploads\/2021\/10\/colonie-de-fourmis-sur-une-branche.jpg\" alt=\"\" title=\"\" loading=\"lazy\" class=\"skip-lazy\" data-skip-lazy=\"1\"><\/picture><\/div><div data-color=\"RGBA(0,0,0,1)\" style=\"background-color: RGBA(0,0,0,1);\" class=\"n2-ss-slide-background-color\"><\/div><\/div><\/div>                <div class=\"n2-ss-slider-3 n2-ow\">\n                    <svg xmlns=\"http:\/\/www.w3.org\/2000\/svg\" viewBox=\"0 0 1920 900\" data-related-device=\"desktopPortrait\" class=\"n2-ow n2-ss-preserve-size n2-ss-preserve-size--slider n2-ss-slide-limiter\"><\/svg><div data-first=\"1\" data-slide-duration=\"0\" data-id=\"133\" data-slide-public-id=\"1\" data-title=\"exterminateur-a-montreal\" class=\"n2-ss-slide n2-ow  n2-ss-slide-133\"><div role=\"note\" class=\"n2-ss-slide--focus\" tabindex=\"-1\">exterminateur-a-montreal<\/div><div class=\"n2-ss-layers-container n2-ss-slide-limiter n2-ow\"><div class=\"n2-ss-layer n2-ow n-uc-uDRIDUIyaGMI\" data-sstype=\"slide\" data-pm=\"default\"><div class=\"n2-ss-layer n2-ow n-uc-P0ouzfPa1hVX\" data-pm=\"default\" data-sstype=\"content\" data-hasbackground=\"0\"><div class=\"n2-ss-section-main-content n2-ss-layer-with-background n2-ss-layer-content n2-ow n-uc-P0ouzfPa1hVX-inner\"><div class=\"n2-ss-layer n2-ow n-uc-JXoo47tBbr0P\" data-pm=\"normal\" data-sstype=\"layer\"><h1 id=\"n2-ss-129item1\" class=\"n2-font-3b2a58b4a50c0e729808df0b6b4bacbf-hover   n2-ss-item-content n2-ss-text n2-ow\" style=\"display:block;\">Service of <br>biology and consulting<\/h1><\/div><div class=\"n2-ss-layer n2-ow n-uc-93bEo1oorszA n2-ss-layer--auto\" data-pm=\"normal\" data-sstype=\"layer\"><div class=\"n2-ss-button-container n2-ss-item-content n2-ow n2-font-146c9a3e96286a145729355457cdd451-link  n2-ss-nowrap n2-ss-button-container--non-full-width\"><a class=\"n2-style-7af0fe51fa2035e956cba40fcded744c-heading  n2-ow \" href=\"https:\/\/exterminateuramontreal.ca\/en\/contacter-votre-exterminateur-a-montreal\/\"><div><div>Contact us<\/div><\/div><\/a><\/div><\/div><\/div><\/div><\/div><\/div><\/div>                <\/div>\n                            <\/div>\n        <\/div>\n        <\/div><ss3-loader><\/ss3-loader><\/div><\/div><div class=\"n2_clear\"><\/div><\/div><\/ss3-force-full-width><\/div>\n\n\n<div class=\"wp-block-columns section_column is-layout-flex wp-container-core-columns-is-layout-9d6595d7 wp-block-columns-is-layout-flex\">\n<div class=\"wp-block-column paddingsec is-layout-flow wp-block-column-is-layout-flow\">\n<div class=\"wp-block-columns is-layout-flex wp-container-core-columns-is-layout-9d6595d7 wp-block-columns-is-layout-flex\">\n<div class=\"wp-block-column borderh22 is-layout-flow wp-block-column-is-layout-flow\">\n<h2 class=\"wp-block-heading\" id=\"un-probleme-de-rongeur-1\">Biology and Consulting Service<\/h2>\n<\/div>\n<\/div>\n\n\n\n<p>Many homes are invaded by a diverse range of <strong>pests<\/strong> in the <strong>Montreal areas<\/strong>. If you are in the case and you are looking for an experienced and efficient company to get rid of it, we are the reference and therefore your best alternative. Indeed, <a href=\"https:\/\/exterminateuramontreal.ca\/en\/\"><strong>Exterminateur in Montreal<\/strong>\n  \n<\/a> is a company that has been involved in the field of <strong>pest<\/strong> <strong>management<\/strong> for several years. For this purpose, we put at your disposal, a team of qualified professionals for all your work of management of pests such as <strong>ants<\/strong>, <strong>cockroaches<\/strong>, <strong>insects<\/strong>, <strong>rodents<\/strong> and even <strong>wild<\/strong> <strong>animals<\/strong>.<\/p>\n<\/div>\n<\/div>\n\n\n\n<div class=\"wp-block-columns section_column is-layout-flex wp-container-core-columns-is-layout-9d6595d7 wp-block-columns-is-layout-flex\">\n<div class=\"wp-block-column paddingsec is-layout-flow wp-block-column-is-layout-flow\">\n<div class=\"wp-block-columns is-layout-flex wp-container-core-columns-is-layout-9d6595d7 wp-block-columns-is-layout-flex\">\n<div class=\"wp-block-column borderh22 is-layout-flow wp-block-column-is-layout-flow\">\n<h2 class=\"wp-block-heading\" id=\"un-probleme-de-rongeur-1\">What pests are taken care of?<\/h2>\n<\/div>\n<\/div>\n\n\n\n<p>Over our many years of experience, we have developed highly effective strategies or approaches to solutions. This allows us to guarantee you an impeccable and irreproachable service. Our company extends its operations throughout the island of Montreal, in Laval and Lanaudi\u00e8re. To accompany you in your fight against these undesirables, we can help you <strong>capture animals<\/strong> and <strong>exterminate insects<\/strong> from your home.  <\/p>\n\n\n\n<p>You can try to get rid of it on your own, but it would be wiser to call on us professionals operating in this field. Moreover, the use of pesticides is governed by certain legal standards. Therefore, trust us to offer you an <strong>eco-responsible<\/strong> <strong>service<\/strong> with a rigorous extermination process.<\/p>\n\n\n\n<p>In addition, our company takes care of the extermination of pests such <strong> as <a href=\"https:\/\/exterminateuramontreal.ca\/en\/carpenter-ants-2\/\">carpenter <strong>ants<\/strong><strong><\/strong>, <strong>bedbugs<\/strong>, <strong>wasps<\/strong> or <strong>cockroache<\/strong>.<strong><\/strong><\/a><\/strong> In addition to this, we will also be able to get rid <strong>of the infestation of mice<\/strong> or <strong>sewer<\/strong> <strong>rats<\/strong> thanks to an <strong>ecological<\/strong> <strong>treatment<\/strong> that has proven itself for several years. To put it simply, we reassure you that after our passage your infestation problems will no longer exist. <\/p>\n\n\n\n<p>When your home is inhabited by undesirables like <strong>raccoons<\/strong> <strong>and<\/strong> <strong>large<\/strong> <strong>rodents<\/strong>, we have several ways to stop the problem. By way of illustration, we operate with a so-called <strong>integrated<\/strong> <strong>pest management<\/strong> approach. This leads us to identify, prevent, monitor and carry out a targeted intervention.<\/p>\n<\/div>\n<\/div>\n\n\n\n<div class=\"wp-block-columns section_column is-layout-flex wp-container-core-columns-is-layout-9d6595d7 wp-block-columns-is-layout-flex\">\n<div class=\"wp-block-column paddingsec column_space is-layout-flow wp-block-column-is-layout-flow\">\n<div class=\"wp-block-columns is-layout-flex wp-container-core-columns-is-layout-9d6595d7 wp-block-columns-is-layout-flex\">\n<div class=\"wp-block-column borderh22 is-layout-flow wp-block-column-is-layout-flow\">\n<h2 class=\"wp-block-heading\" id=\"un-probleme-de-rongeur-1\">Type of treatment<\/h2>\n<\/div>\n<\/div>\n\n\n\n<div style=\"height:50px\" aria-hidden=\"true\" class=\"wp-block-spacer\"><\/div>\n\n\n\n<div class=\"wp-block-columns container-image-text is-layout-flex wp-container-core-columns-is-layout-9d6595d7 wp-block-columns-is-layout-flex\">\n<div class=\"wp-block-column is-vertically-aligned-center is-layout-flow wp-block-column-is-layout-flow\">\n<div class=\"wp-block-image\"><figure class=\"alignleft is-resized\"><img decoding=\"async\" src=\"https:\/\/exterminateuramontreal.ca\/wp-content\/uploads\/2022\/04\/mouches-mortes-sur-le-sol-edited.jpg\" alt=\"\" class=\"wp-image-3416\" width=\"800\" srcset=\"https:\/\/exterminateuramontreal.ca\/wp-content\/uploads\/2022\/04\/mouches-mortes-sur-le-sol-edited.jpg 899w, https:\/\/exterminateuramontreal.ca\/wp-content\/uploads\/2022\/04\/mouches-mortes-sur-le-sol-edited-300x200.jpg 300w, https:\/\/exterminateuramontreal.ca\/wp-content\/uploads\/2022\/04\/mouches-mortes-sur-le-sol-edited-768x513.jpg 768w\" sizes=\"(max-width: 899px) 100vw, 899px\" \/><\/figure><\/div>\n<\/div>\n\n\n\n<div class=\"wp-block-column is-vertically-aligned-center is-layout-flow wp-block-column-is-layout-flow\">\n<p>To rid your home of these <strong>parasites<\/strong>, we use several types of treatment. These include <strong>indoor<\/strong> <strong>treatment<\/strong> and <strong>preventive<\/strong> <strong>treatment<\/strong>. <\/p>\n\n\n\n<p>Indeed, the interior treatment leads our experts to treat the molding of the walls as well as the basement of your home. This treatment is aimed at reaching ants, the agent fish that hide out of sight. To do this, the expert injects the products into the walls to touch the colony that is inside. To make the indoor treatment more effective, an outdoor treatment is carried out to prevent insects or rodents from re-encrusting in your home. To do this, we carry out special watering outdoors. This care makes it possible to maintain customer areas for shops and gardens for homes free from any pest activity. <\/p>\n\n\n\n<p>Once this interior treatment is carried out, the preventive treatment will be carried out to prevent possible intrusions. Preventive treatment prevents an optimization of the number of pests after the indoor treatment has been carried out. Preventive treatment especially recommended when you have suspicions of the presence of parasites in your immediate environment. This treatment mainly manages the pest infestation before it becomes a major problem. <\/p>\n\n\n\n<p>We can also caulk your home if necessary or at your request. In reality, walls, doors and windows can serve as a gateway that gives access to pests. This is the reason why we perform <strong>preventive<\/strong> <strong>caulking<\/strong> for your home. This limits the risk of a future invasion of parasites in your living environment. <\/p>\n<\/div>\n<\/div>\n<\/div>\n<\/div>\n\n\n\n<div class=\"wp-block-columns paddingsec section_cta column_space cta_article has-luminous-vivid-amber-background-color has-background is-layout-flex wp-container-core-columns-is-layout-9d6595d7 wp-block-columns-is-layout-flex\">\n<div class=\"wp-block-column is-layout-flow wp-block-column-is-layout-flow\">\n<div class=\"wp-block-columns is-layout-flex wp-container-core-columns-is-layout-9d6595d7 wp-block-columns-is-layout-flex\">\n<div class=\"wp-block-column is-layout-flow wp-block-column-is-layout-flow\">\n<h2 class=\"has-text-align-center has-white-color has-text-color has-large-font-size wp-block-heading\" id=\"gestion-de-parasites\"><strong>Appeler <a href=\"https:\/\/plus.google.com\/100863149615855788560?hl=fr\">Ren\u00e9 G\u00e9linas<\/a> Votre exterminateur local,<\/strong> <strong>Exp\u00e9rience et int\u00e9grit\u00e9 dans la gestion parasitaire<\/strong><\/h2>\n\n\n\n<div style=\"height:15px\" aria-hidden=\"true\" class=\"wp-block-spacer\"><\/div>\n\n\n\n<h2 class=\"has-text-align-center has-white-color has-text-color has-large-font-size wp-block-heading\"><strong>Tel&nbsp;<\/strong><a href=\"tel:5148302819\">514&nbsp;<strong>830&nbsp;<\/strong>2819<\/a><\/h2>\n<\/div>\n<\/div>\n<\/div>\n<\/div>\n\n\n\n<div class=\"wp-block-columns is-layout-flex wp-container-core-columns-is-layout-9d6595d7 wp-block-columns-is-layout-flex\">\n<div class=\"wp-block-column paddingsec is-layout-flow wp-block-column-is-layout-flow\">\n<div class=\"wp-block-columns is-layout-flex wp-container-core-columns-is-layout-9d6595d7 wp-block-columns-is-layout-flex\">\n<div class=\"wp-block-column borderh22 is-layout-flow wp-block-column-is-layout-flow\">\n<h2 class=\"wp-block-heading\" id=\"un-probleme-de-rongeur-1\">The best times (or intervals) of a treatment<\/h2>\n<\/div>\n<\/div>\n\n\n\n<div class=\"wp-block-columns container-image-text is-layout-flex wp-container-core-columns-is-layout-9d6595d7 wp-block-columns-is-layout-flex\">\n<div class=\"wp-block-column is-vertically-aligned-center is-layout-flow wp-block-column-is-layout-flow\">\n<div class=\"wp-block-image\"><figure class=\"alignleft is-resized\"><img decoding=\"async\" src=\"https:\/\/exterminateuramontreal.ca\/wp-content\/uploads\/2022\/04\/fleur-exterieur-qui-ne-fleurit-pas-edited-1.jpg\" alt=\"\" class=\"wp-image-3425\" width=\"800\" srcset=\"https:\/\/exterminateuramontreal.ca\/wp-content\/uploads\/2022\/04\/fleur-exterieur-qui-ne-fleurit-pas-edited-1.jpg 899w, https:\/\/exterminateuramontreal.ca\/wp-content\/uploads\/2022\/04\/fleur-exterieur-qui-ne-fleurit-pas-edited-1-300x200.jpg 300w, https:\/\/exterminateuramontreal.ca\/wp-content\/uploads\/2022\/04\/fleur-exterieur-qui-ne-fleurit-pas-edited-1-768x513.jpg 768w\" sizes=\"(max-width: 899px) 100vw, 899px\" \/><\/figure><\/div>\n<\/div>\n\n\n\n<div class=\"wp-block-column is-vertically-aligned-center is-layout-flow wp-block-column-is-layout-flow\">\n<p>As a rule, there is not an ideal time to carry out a treatment. However, we find that the perfect times to carry out a treatment are within three periods (months). An intervention is favorable in the months <strong>of April\/May, June\/July, August and early September<\/strong>. You benefit from a service that is offered to you every year on a seasonal basis. This service can become regular if the problem for which the intervention is made is recurrent.<\/p>\n\n\n\n<p>In the worst case, we provide regular support to offer you one of the solutions approaches adapted to your needs. By way of illustration, <strong>outdoor<\/strong> <strong>watering<\/strong> represents a seasonal treatment. This is a treatment that is usually carried out during the months of <strong>May<\/strong> and <strong>August<\/strong>. Watering is carried out on the exterior walls as well as on the perimeter of your home. According to the latest news, there are still no products that can withstand the vagaries of the weather in winter. <\/p>\n\n\n\n<p>Nevertheless, we offer you a service (products and treatment) that will ensure the protection of your home, your business throughout the summer period. With <a href=\"https:\/\/exterminateuramontreal.ca\/en\/\">\n  <strong>Exterminator in Montreal<\/strong>\n<\/a>, finish with all your pest problems whether at home or at your business. Do not hesitate to contact us for pest management in <strong>Greater<\/strong> <strong>Montreal<\/strong> and the surrounding area.  <\/p>\n<\/div>\n<\/div>\n<\/div>\n<\/div>\n","protected":false},"excerpt":{"rendered":"<p>Biology and Consulting Service Many homes are invaded by a diverse range of pests in the Montreal areas. If you are in the case and you are looking for an experienced and efficient company to get rid of it, we are the reference and therefore your best alternative. Indeed, Exterminateur in Montreal is a company [&hellip;]<\/p>\n","protected":false},"author":10,"featured_media":0,"parent":0,"menu_order":0,"comment_status":"closed","ping_status":"closed","template":"","meta":{"_genesis_hide_title":false,"_genesis_hide_breadcrumbs":true,"_genesis_hide_singular_image":false,"_genesis_hide_footer_widgets":false,"_genesis_custom_body_class":"","_genesis_custom_post_class":"","_genesis_layout":"full-width-content","footnotes":""},"class_list":{"0":"post-5803","1":"page","2":"type-page","3":"status-publish","5":"entry"},"yoast_head":"<!-- This site is optimized with the Yoast SEO plugin v27.3 - https:\/\/yoast.com\/product\/yoast-seo-wordpress\/ -->\n<title>Biology and Consulting Service - Votre exterminateur \u00e0 Montr\u00e9al<\/title>\n<meta name=\"description\" content=\"Biology and Consulting Service Many homes are invaded by a diverse range of pests in the Montreal areas. If you are in the case and you are looking for an\" \/>\n<meta name=\"robots\" content=\"index, follow, max-snippet:-1, max-image-preview:large, max-video-preview:-1\" \/>\n<link rel=\"canonical\" href=\"https:\/\/exterminateuramontreal.ca\/en\/biology-and-consulting-service\/\" \/>\n<meta property=\"og:locale\" content=\"en_US\" \/>\n<meta property=\"og:type\" content=\"article\" \/>\n<meta property=\"og:title\" content=\"Biology and Consulting Service - Votre exterminateur \u00e0 Montr\u00e9al\" \/>\n<meta property=\"og:description\" content=\"Biology and Consulting Service Many homes are invaded by a diverse range of pests in the Montreal areas. If you are in the case and you are looking for an\" \/>\n<meta property=\"og:url\" content=\"https:\/\/exterminateuramontreal.ca\/en\/biology-and-consulting-service\/\" \/>\n<meta property=\"og:site_name\" content=\"Votre exterminateur \u00e0 Montr\u00e9al\" \/>\n<meta property=\"article:modified_time\" content=\"2022-06-14T20:21:26+00:00\" \/>\n<meta property=\"og:image\" content=\"https:\/\/exterminateuramontreal.ca\/wp-content\/uploads\/2022\/04\/mouches-mortes-sur-le-sol-edited.jpg\" \/>\n<meta name=\"twitter:label1\" content=\"Est. reading time\" \/>\n\t<meta name=\"twitter:data1\" content=\"5 minutes\" \/>\n<script type=\"application\/ld+json\" class=\"yoast-schema-graph\">{\"@context\":\"https:\\\/\\\/schema.org\",\"@graph\":[{\"@type\":\"WebPage\",\"@id\":\"https:\\\/\\\/exterminateuramontreal.ca\\\/en\\\/biology-and-consulting-service\\\/\",\"url\":\"https:\\\/\\\/exterminateuramontreal.ca\\\/en\\\/biology-and-consulting-service\\\/\",\"name\":\"Biology and Consulting Service - Votre exterminateur \u00e0 Montr\u00e9al\",\"isPartOf\":{\"@id\":\"https:\\\/\\\/exterminateuramontreal.ca\\\/en\\\/#website\"},\"primaryImageOfPage\":{\"@id\":\"https:\\\/\\\/exterminateuramontreal.ca\\\/en\\\/biology-and-consulting-service\\\/#primaryimage\"},\"image\":{\"@id\":\"https:\\\/\\\/exterminateuramontreal.ca\\\/en\\\/biology-and-consulting-service\\\/#primaryimage\"},\"thumbnailUrl\":\"https:\\\/\\\/exterminateuramontreal.ca\\\/wp-content\\\/uploads\\\/2022\\\/04\\\/mouches-mortes-sur-le-sol-edited.jpg\",\"datePublished\":\"2022-06-14T18:47:51+00:00\",\"dateModified\":\"2022-06-14T20:21:26+00:00\",\"description\":\"Biology and Consulting Service Many homes are invaded by a diverse range of pests in the Montreal areas. If you are in the case and you are looking for an\",\"breadcrumb\":{\"@id\":\"https:\\\/\\\/exterminateuramontreal.ca\\\/en\\\/biology-and-consulting-service\\\/#breadcrumb\"},\"inLanguage\":\"en-CA\",\"potentialAction\":[{\"@type\":\"ReadAction\",\"target\":[\"https:\\\/\\\/exterminateuramontreal.ca\\\/en\\\/biology-and-consulting-service\\\/\"]}]},{\"@type\":\"ImageObject\",\"inLanguage\":\"en-CA\",\"@id\":\"https:\\\/\\\/exterminateuramontreal.ca\\\/en\\\/biology-and-consulting-service\\\/#primaryimage\",\"url\":\"https:\\\/\\\/exterminateuramontreal.ca\\\/wp-content\\\/uploads\\\/2022\\\/04\\\/mouches-mortes-sur-le-sol-edited.jpg\",\"contentUrl\":\"https:\\\/\\\/exterminateuramontreal.ca\\\/wp-content\\\/uploads\\\/2022\\\/04\\\/mouches-mortes-sur-le-sol-edited.jpg\"},{\"@type\":\"BreadcrumbList\",\"@id\":\"https:\\\/\\\/exterminateuramontreal.ca\\\/en\\\/biology-and-consulting-service\\\/#breadcrumb\",\"itemListElement\":[{\"@type\":\"ListItem\",\"position\":1,\"name\":\"Accueil\",\"item\":\"https:\\\/\\\/exterminateuramontreal.ca\\\/en\\\/\"},{\"@type\":\"ListItem\",\"position\":2,\"name\":\"Biology and Consulting Service\"}]},{\"@type\":\"WebSite\",\"@id\":\"https:\\\/\\\/exterminateuramontreal.ca\\\/en\\\/#website\",\"url\":\"https:\\\/\\\/exterminateuramontreal.ca\\\/en\\\/\",\"name\":\"Exterminateur \u00e0 Montr\u00e9al\",\"description\":\"Votre exterminateur de confiance et pas cher \u00e0 Montr\u00e9al!\",\"publisher\":{\"@id\":\"https:\\\/\\\/exterminateuramontreal.ca\\\/en\\\/#organization\"},\"alternateName\":\"Votre exterminateur de confiance et pas cher \u00e0 Montr\u00e9al!\",\"potentialAction\":[{\"@type\":\"SearchAction\",\"target\":{\"@type\":\"EntryPoint\",\"urlTemplate\":\"https:\\\/\\\/exterminateuramontreal.ca\\\/en\\\/?s={search_term_string}\"},\"query-input\":{\"@type\":\"PropertyValueSpecification\",\"valueRequired\":true,\"valueName\":\"search_term_string\"}}],\"inLanguage\":\"en-CA\"},{\"@type\":\"Organization\",\"@id\":\"https:\\\/\\\/exterminateuramontreal.ca\\\/en\\\/#organization\",\"name\":\"Exterminateur \u00e0 Montr\u00e9al\",\"alternateName\":\"Votre exterminateur de confiance \u00e0 Montr\u00e9al!\",\"url\":\"https:\\\/\\\/exterminateuramontreal.ca\\\/en\\\/\",\"logo\":{\"@type\":\"ImageObject\",\"inLanguage\":\"en-CA\",\"@id\":\"https:\\\/\\\/exterminateuramontreal.ca\\\/en\\\/#\\\/schema\\\/logo\\\/image\\\/\",\"url\":\"https:\\\/\\\/exterminateuramontreal.ca\\\/wp-content\\\/uploads\\\/2011\\\/12\\\/logo-exterminateur-montreal-e1654628842986.png\",\"contentUrl\":\"https:\\\/\\\/exterminateuramontreal.ca\\\/wp-content\\\/uploads\\\/2011\\\/12\\\/logo-exterminateur-montreal-e1654628842986.png\",\"width\":176,\"height\":74,\"caption\":\"Exterminateur \u00e0 Montr\u00e9al\"},\"image\":{\"@id\":\"https:\\\/\\\/exterminateuramontreal.ca\\\/en\\\/#\\\/schema\\\/logo\\\/image\\\/\"}}]}<\/script>\n<!-- \/ Yoast SEO plugin. -->","yoast_head_json":{"title":"Biology and Consulting Service - Votre exterminateur \u00e0 Montr\u00e9al","description":"Biology and Consulting Service Many homes are invaded by a diverse range of pests in the Montreal areas. If you are in the case and you are looking for an","robots":{"index":"index","follow":"follow","max-snippet":"max-snippet:-1","max-image-preview":"max-image-preview:large","max-video-preview":"max-video-preview:-1"},"canonical":"https:\/\/exterminateuramontreal.ca\/en\/biology-and-consulting-service\/","og_locale":"en_US","og_type":"article","og_title":"Biology and Consulting Service - Votre exterminateur \u00e0 Montr\u00e9al","og_description":"Biology and Consulting Service Many homes are invaded by a diverse range of pests in the Montreal areas. If you are in the case and you are looking for an","og_url":"https:\/\/exterminateuramontreal.ca\/en\/biology-and-consulting-service\/","og_site_name":"Votre exterminateur \u00e0 Montr\u00e9al","article_modified_time":"2022-06-14T20:21:26+00:00","og_image":[{"url":"https:\/\/exterminateuramontreal.ca\/wp-content\/uploads\/2022\/04\/mouches-mortes-sur-le-sol-edited.jpg","type":"","width":"","height":""}],"twitter_misc":{"Est. reading time":"5 minutes"},"schema":{"@context":"https:\/\/schema.org","@graph":[{"@type":"WebPage","@id":"https:\/\/exterminateuramontreal.ca\/en\/biology-and-consulting-service\/","url":"https:\/\/exterminateuramontreal.ca\/en\/biology-and-consulting-service\/","name":"Biology and Consulting Service - Votre exterminateur \u00e0 Montr\u00e9al","isPartOf":{"@id":"https:\/\/exterminateuramontreal.ca\/en\/#website"},"primaryImageOfPage":{"@id":"https:\/\/exterminateuramontreal.ca\/en\/biology-and-consulting-service\/#primaryimage"},"image":{"@id":"https:\/\/exterminateuramontreal.ca\/en\/biology-and-consulting-service\/#primaryimage"},"thumbnailUrl":"https:\/\/exterminateuramontreal.ca\/wp-content\/uploads\/2022\/04\/mouches-mortes-sur-le-sol-edited.jpg","datePublished":"2022-06-14T18:47:51+00:00","dateModified":"2022-06-14T20:21:26+00:00","description":"Biology and Consulting Service Many homes are invaded by a diverse range of pests in the Montreal areas. If you are in the case and you are looking for an","breadcrumb":{"@id":"https:\/\/exterminateuramontreal.ca\/en\/biology-and-consulting-service\/#breadcrumb"},"inLanguage":"en-CA","potentialAction":[{"@type":"ReadAction","target":["https:\/\/exterminateuramontreal.ca\/en\/biology-and-consulting-service\/"]}]},{"@type":"ImageObject","inLanguage":"en-CA","@id":"https:\/\/exterminateuramontreal.ca\/en\/biology-and-consulting-service\/#primaryimage","url":"https:\/\/exterminateuramontreal.ca\/wp-content\/uploads\/2022\/04\/mouches-mortes-sur-le-sol-edited.jpg","contentUrl":"https:\/\/exterminateuramontreal.ca\/wp-content\/uploads\/2022\/04\/mouches-mortes-sur-le-sol-edited.jpg"},{"@type":"BreadcrumbList","@id":"https:\/\/exterminateuramontreal.ca\/en\/biology-and-consulting-service\/#breadcrumb","itemListElement":[{"@type":"ListItem","position":1,"name":"Accueil","item":"https:\/\/exterminateuramontreal.ca\/en\/"},{"@type":"ListItem","position":2,"name":"Biology and Consulting Service"}]},{"@type":"WebSite","@id":"https:\/\/exterminateuramontreal.ca\/en\/#website","url":"https:\/\/exterminateuramontreal.ca\/en\/","name":"Exterminateur \u00e0 Montr\u00e9al","description":"Votre exterminateur de confiance et pas cher \u00e0 Montr\u00e9al!","publisher":{"@id":"https:\/\/exterminateuramontreal.ca\/en\/#organization"},"alternateName":"Votre exterminateur de confiance et pas cher \u00e0 Montr\u00e9al!","potentialAction":[{"@type":"SearchAction","target":{"@type":"EntryPoint","urlTemplate":"https:\/\/exterminateuramontreal.ca\/en\/?s={search_term_string}"},"query-input":{"@type":"PropertyValueSpecification","valueRequired":true,"valueName":"search_term_string"}}],"inLanguage":"en-CA"},{"@type":"Organization","@id":"https:\/\/exterminateuramontreal.ca\/en\/#organization","name":"Exterminateur \u00e0 Montr\u00e9al","alternateName":"Votre exterminateur de confiance \u00e0 Montr\u00e9al!","url":"https:\/\/exterminateuramontreal.ca\/en\/","logo":{"@type":"ImageObject","inLanguage":"en-CA","@id":"https:\/\/exterminateuramontreal.ca\/en\/#\/schema\/logo\/image\/","url":"https:\/\/exterminateuramontreal.ca\/wp-content\/uploads\/2011\/12\/logo-exterminateur-montreal-e1654628842986.png","contentUrl":"https:\/\/exterminateuramontreal.ca\/wp-content\/uploads\/2011\/12\/logo-exterminateur-montreal-e1654628842986.png","width":176,"height":74,"caption":"Exterminateur \u00e0 Montr\u00e9al"},"image":{"@id":"https:\/\/exterminateuramontreal.ca\/en\/#\/schema\/logo\/image\/"}}]}},"_links":{"self":[{"href":"https:\/\/exterminateuramontreal.ca\/en\/wp-json\/wp\/v2\/pages\/5803","targetHints":{"allow":["GET"]}}],"collection":[{"href":"https:\/\/exterminateuramontreal.ca\/en\/wp-json\/wp\/v2\/pages"}],"about":[{"href":"https:\/\/exterminateuramontreal.ca\/en\/wp-json\/wp\/v2\/types\/page"}],"author":[{"embeddable":true,"href":"https:\/\/exterminateuramontreal.ca\/en\/wp-json\/wp\/v2\/users\/10"}],"replies":[{"embeddable":true,"href":"https:\/\/exterminateuramontreal.ca\/en\/wp-json\/wp\/v2\/comments?post=5803"}],"version-history":[{"count":3,"href":"https:\/\/exterminateuramontreal.ca\/en\/wp-json\/wp\/v2\/pages\/5803\/revisions"}],"predecessor-version":[{"id":5892,"href":"https:\/\/exterminateuramontreal.ca\/en\/wp-json\/wp\/v2\/pages\/5803\/revisions\/5892"}],"wp:attachment":[{"href":"https:\/\/exterminateuramontreal.ca\/en\/wp-json\/wp\/v2\/media?parent=5803"}],"curies":[{"name":"wp","href":"https:\/\/api.w.org\/{rel}","templated":true}]}}