{"id":5797,"date":"2022-06-14T14:47:46","date_gmt":"2022-06-14T18:47:46","guid":{"rendered":"https:\/\/exterminateuramontreal.ca\/exterminator-process-2\/"},"modified":"2022-06-15T11:10:18","modified_gmt":"2022-06-15T15:10:18","slug":"exterminator-process","status":"publish","type":"page","link":"https:\/\/exterminateuramontreal.ca\/en\/exterminator-process\/","title":{"rendered":"Exterminator Process"},"content":{"rendered":"<div class=\"n2_clear\"><ss3-force-full-width data-overflow-x=\"body\" data-horizontal-selector=\"body\"><div class=\"n2-section-smartslider fitvidsignore  n2_clear\" data-ssid=\"113\"><div id=\"n2-ss-113-align\" class=\"n2-ss-align\"><div class=\"n2-padding\"><div id=\"n2-ss-113\" data-creator=\"Smart Slider 3\" data-responsive=\"fullwidth\" class=\"n2-ss-slider n2-ow n2-has-hover n2notransition  \">\n        <div class=\"n2-ss-slider-1 n2-ow\">\n            <div class=\"n2-ss-slider-2 n2-ow\">\n                <div class=\"n2-ss-slide-backgrounds n2-ow-all\"><div class=\"n2-ss-slide-background\" data-public-id=\"1\" data-mode=\"fill\"><div class=\"n2-ss-slide-background-image\" data-blur=\"0\" data-opacity=\"100\" data-x=\"50\" data-y=\"50\" data-alt=\"\" data-title=\"\"><picture class=\"skip-lazy\" data-skip-lazy=\"1\"><img decoding=\"async\" src=\"\/\/exterminateuramontreal.ca\/wp-content\/uploads\/2022\/01\/exterminateur-a-montreal.jpg\" alt=\"\" title=\"\" loading=\"lazy\" class=\"skip-lazy\" data-skip-lazy=\"1\"><\/picture><\/div><div data-color=\"RGBA(255,255,255,0)\" style=\"background-color: RGBA(255,255,255,0);\" class=\"n2-ss-slide-background-color\"><\/div><\/div><\/div>                <div class=\"n2-ss-slider-3 n2-ow\">\n                    <svg xmlns=\"http:\/\/www.w3.org\/2000\/svg\" viewBox=\"0 0 1920 900\" data-related-device=\"desktopPortrait\" class=\"n2-ow n2-ss-preserve-size n2-ss-preserve-size--slider n2-ss-slide-limiter\"><\/svg><div data-first=\"1\" data-slide-duration=\"0\" data-id=\"117\" data-slide-public-id=\"1\" data-title=\"exterminateur-a-montreal\" class=\"n2-ss-slide n2-ow  n2-ss-slide-117\"><div role=\"note\" class=\"n2-ss-slide--focus\" tabindex=\"-1\">exterminateur-a-montreal<\/div><div class=\"n2-ss-layers-container n2-ss-slide-limiter n2-ow\"><div class=\"n2-ss-layer n2-ow n-uc-zOCrl4y1hjhX\" data-sstype=\"slide\" data-pm=\"default\"><div class=\"n2-ss-layer n2-ow n-uc-jiER3Lqf3Xc0\" data-pm=\"default\" data-sstype=\"content\" data-hasbackground=\"0\"><div class=\"n2-ss-section-main-content n2-ss-layer-with-background n2-ss-layer-content n2-ow n-uc-jiER3Lqf3Xc0-inner\"><div class=\"n2-ss-layer n2-ow n-uc-zCHiCP7wR3uX\" data-pm=\"normal\" data-sstype=\"layer\"><h1 id=\"n2-ss-113item1\" class=\"n2-font-3b2a58b4a50c0e729808df0b6b4bacbf-hover   n2-ss-item-content n2-ss-text n2-ow\" style=\"display:block;\">Exterminator in<br>Montreal and the<br>North Shore<\/h1><\/div><div class=\"n2-ss-layer n2-ow n-uc-f6W5Z5mOH5Fu n2-ss-layer--auto\" data-pm=\"normal\" data-sstype=\"layer\"><div class=\"n2-ss-button-container n2-ss-item-content n2-ow n2-font-146c9a3e96286a145729355457cdd451-link  n2-ss-nowrap n2-ss-button-container--non-full-width\"><a class=\"n2-style-7af0fe51fa2035e956cba40fcded744c-heading  n2-ow \" href=\"https:\/\/exterminateuramontreal.ca\/en\/contacter-votre-exterminateur-a-montreal\/\"><div><div>Contact us<\/div><\/div><\/a><\/div><\/div><\/div><\/div><\/div><\/div><\/div>                <\/div>\n                            <\/div>\n        <\/div>\n        <\/div><ss3-loader><\/ss3-loader><\/div><\/div><div class=\"n2_clear\"><\/div><\/div><\/ss3-force-full-width><\/div>\n\n\n<div class=\"wp-block-columns section_column is-layout-flex wp-container-core-columns-is-layout-9d6595d7 wp-block-columns-is-layout-flex\">\n<div class=\"wp-block-column paddingsec is-layout-flow wp-block-column-is-layout-flow\">\n<div class=\"wp-block-columns is-layout-flex wp-container-core-columns-is-layout-9d6595d7 wp-block-columns-is-layout-flex\">\n<div class=\"wp-block-column borderh22 is-layout-flow wp-block-column-is-layout-flow\">\n<h2 class=\"wp-block-heading\" id=\"un-probleme-de-rongeur-1\">Exterminator Process<\/h2>\n<\/div>\n<\/div>\n\n\n\n<p>The extermination intervention responds to a multi-step process, from the customer&#8217;s call to the final solution.<\/p>\n<\/div>\n<\/div>\n\n\n\n<div class=\"wp-block-columns section_column is-layout-flex wp-container-core-columns-is-layout-9d6595d7 wp-block-columns-is-layout-flex\">\n<div class=\"wp-block-column paddingsec column_space is-layout-flow wp-block-column-is-layout-flow\">\n<div class=\"wp-block-columns is-layout-flex wp-container-core-columns-is-layout-9d6595d7 wp-block-columns-is-layout-flex\">\n<div class=\"wp-block-column borderh22 is-layout-flow wp-block-column-is-layout-flow\">\n<h2 class=\"wp-block-heading\" id=\"un-probleme-de-rongeur-1\">Exterminator in Montreal, Que.: 514-830-2819<\/h2>\n<\/div>\n<\/div>\n\n\n\n<div style=\"height:50px\" aria-hidden=\"true\" class=\"wp-block-spacer\"><\/div>\n\n\n\n<p>Pest management for 15 years, see our parasitic management site: <a href=\"https:\/\/exterminateuramontreal.ca\/en\/\">extermination Montreal<\/a><\/p>\n\n\n\n<p>Exterminator intervention process:<\/p>\n<\/div>\n<\/div>\n\n\n\n<div class=\"wp-block-image\"><figure class=\"aligncenter size-full\"><a href=\"https:\/\/exterminateuramontreal.ca\/wp-content\/uploads\/2022\/05\/processus-extermination.jpg\"><img decoding=\"async\" width=\"960\" height=\"720\" src=\"https:\/\/exterminateuramontreal.ca\/wp-content\/uploads\/2022\/05\/processus-extermination.jpg\" alt=\"\" class=\"wp-image-4256\" srcset=\"https:\/\/exterminateuramontreal.ca\/wp-content\/uploads\/2022\/05\/processus-extermination.jpg 960w, https:\/\/exterminateuramontreal.ca\/wp-content\/uploads\/2022\/05\/processus-extermination-300x225.jpg 300w, https:\/\/exterminateuramontreal.ca\/wp-content\/uploads\/2022\/05\/processus-extermination-768x576.jpg 768w\" sizes=\"(max-width: 960px) 100vw, 960px\" \/><\/a><\/figure><\/div>\n\n\n\n<div class=\"wp-block-columns section_column is-layout-flex wp-container-core-columns-is-layout-9d6595d7 wp-block-columns-is-layout-flex\">\n<div class=\"wp-block-column paddingsec column_space is-layout-flow wp-block-column-is-layout-flow\">\n<div class=\"wp-block-columns is-layout-flex wp-container-core-columns-is-layout-9d6595d7 wp-block-columns-is-layout-flex\">\n<div class=\"wp-block-column borderh22 is-layout-flow wp-block-column-is-layout-flow\">\n<h2 class=\"wp-block-heading\" id=\"un-probleme-de-rongeur-1\">Customer call and description of the problem.<\/h2>\n<\/div>\n<\/div>\n\n\n\n<div style=\"height:50px\" aria-hidden=\"true\" class=\"wp-block-spacer\"><\/div>\n\n\n\n<div class=\"wp-block-columns are-vertically-aligned-center is-layout-flex wp-container-core-columns-is-layout-9d6595d7 wp-block-columns-is-layout-flex\">\n<div class=\"wp-block-column is-vertically-aligned-center is-layout-flow wp-block-column-is-layout-flow\">\n<p>This is of course the first contact, the client, the victim; he is often overwhelmed by the situation and he feels a certain fear. A &#8220;phobia&#8221; in the case of certain insects, spiders and rodents, a physical fear in the case of some wild animals. Fear for your building also in the case of the presence of <a href=\"https:\/\/exterminateuramontreal.ca\/en\/carpenter-ants-2\/\">carpenter ants<\/a>.<\/p>\n\n\n\n<p>Our role is to reassure you! If panic, fear is uncontrollable, calling a specialist is already a step towards the solution. We explain what is happening to you, how we are going to deal with it and, most importantly, we are moving as a matter of urgency.<\/p>\n<\/div>\n<\/div>\n<\/div>\n<\/div>\n\n\n\n<div class=\"wp-block-columns paddingsec section_cta column_space cta_article has-luminous-vivid-amber-background-color has-background is-layout-flex wp-container-core-columns-is-layout-9d6595d7 wp-block-columns-is-layout-flex\">\n<div class=\"wp-block-column is-layout-flow wp-block-column-is-layout-flow\">\n<div class=\"wp-block-columns is-layout-flex wp-container-core-columns-is-layout-9d6595d7 wp-block-columns-is-layout-flex\">\n<div class=\"wp-block-column is-layout-flow wp-block-column-is-layout-flow\">\n<h2 class=\"has-text-align-center has-white-color has-text-color has-large-font-size wp-block-heading\" id=\"gestion-de-parasites\"><strong>Appeler <a href=\"https:\/\/plus.google.com\/100863149615855788560?hl=fr\">Ren\u00e9 G\u00e9linas<\/a> Votre exterminateur local,<\/strong> <strong>Exp\u00e9rience et int\u00e9grit\u00e9 dans la gestion parasitaire<\/strong><\/h2>\n\n\n\n<div style=\"height:15px\" aria-hidden=\"true\" class=\"wp-block-spacer\"><\/div>\n\n\n\n<h2 class=\"has-text-align-center has-white-color has-text-color has-large-font-size wp-block-heading\"><strong>Tel&nbsp;<\/strong><a href=\"tel:5148302819\">514&nbsp;<strong>830&nbsp;<\/strong>2819<\/a><\/h2>\n<\/div>\n<\/div>\n<\/div>\n<\/div>\n\n\n\n<div class=\"wp-block-columns is-layout-flex wp-container-core-columns-is-layout-9d6595d7 wp-block-columns-is-layout-flex\">\n<div class=\"wp-block-column paddingsec  column_space is-layout-flow wp-block-column-is-layout-flow\">\n<div class=\"wp-block-columns is-layout-flex wp-container-core-columns-is-layout-9d6595d7 wp-block-columns-is-layout-flex\">\n<div class=\"wp-block-column borderh22 is-layout-flow wp-block-column-is-layout-flow\">\n<h2 class=\"wp-block-heading\" id=\"un-probleme-de-rongeur-1\">Moving to identify the problem<\/h2>\n<\/div>\n<\/div>\n\n\n\n<div style=\"height:50px\" aria-hidden=\"true\" class=\"wp-block-spacer\"><\/div>\n\n\n\n<div class=\"wp-block-columns are-vertically-aligned-center is-layout-flex wp-container-core-columns-is-layout-9d6595d7 wp-block-columns-is-layout-flex\">\n<div class=\"wp-block-column is-vertically-aligned-center is-layout-flow wp-block-column-is-layout-flow\">\n<p>The speed of our intervention will surprise you. You are prioritized, depending on the details provided \u2013 (risk of wasp sting, massive infestation of rodents, presence of certain wild animals, requires identifying the type of ants of which you are the victim).<\/p>\n\n\n\n<ul class=\"wp-block-list\"><li>What traces left by vermin?<\/li><li>What damage?<\/li><li>What do you see? What do you see?<ul><li>Feces,<\/li><li>snacking on your reserves,<\/li><li>Indian lines of working ants,<\/li><li>piles of cockroaches behind your kitchen electro,<\/li><li>black marks in your sheets,<\/li><li>earth mottons in your garden,<\/li><li>a <a href=\"https:\/\/exterminateuramontreal.ca\/en\/wasp-and-wasp-nest-2\/\">swarm of wasps<\/a> under your roof&#8230;<\/li><\/ul><\/li><\/ul>\n\n\n\n<p>Depending on the type of infestation and the pest involved, we quickly identify the type of infestation, its modus operandi, its intrusion route.<\/p>\n<\/div>\n<\/div>\n<\/div>\n<\/div>\n\n\n\n<div class=\"wp-block-columns is-layout-flex wp-container-core-columns-is-layout-9d6595d7 wp-block-columns-is-layout-flex\">\n<div class=\"wp-block-column paddingsec  column_space is-layout-flow wp-block-column-is-layout-flow\">\n<div class=\"wp-block-columns is-layout-flex wp-container-core-columns-is-layout-9d6595d7 wp-block-columns-is-layout-flex\">\n<div class=\"wp-block-column borderh22 is-layout-flow wp-block-column-is-layout-flow\">\n<h2 class=\"wp-block-heading\" id=\"un-probleme-de-rongeur-1\">Proposed treatments<\/h2>\n<\/div>\n<\/div>\n\n\n\n<div style=\"height:50px\" aria-hidden=\"true\" class=\"wp-block-spacer\"><\/div>\n\n\n\n<div class=\"wp-block-columns are-vertically-aligned-center is-layout-flex wp-container-core-columns-is-layout-9d6595d7 wp-block-columns-is-layout-flex\">\n<div class=\"wp-block-column is-vertically-aligned-center is-layout-flow wp-block-column-is-layout-flow\">\n<h3 class=\"wp-block-heading\">Curative solution<\/h3>\n\n\n\n<ul class=\"wp-block-list\"><li>Spraying in case of insect<\/li><li>Baiting<\/li><\/ul>\n\n\n\n<p>Spraying is not always the absolute solution. We limit the use of insecticides to the bare necessities. Our choices towards the greenest and least harmful products for humans will reassure you. &#8220;Baiting&#8221; solutions are part of our preferred choices, in order to limit our impact on the ecosystem.<\/p>\n<\/div>\n<\/div>\n<\/div>\n<\/div>\n\n\n\n<div class=\"wp-block-columns is-layout-flex wp-container-core-columns-is-layout-9d6595d7 wp-block-columns-is-layout-flex\">\n<div class=\"wp-block-column paddingsec  column_space is-layout-flow wp-block-column-is-layout-flow\">\n<div class=\"wp-block-columns is-layout-flex wp-container-core-columns-is-layout-9d6595d7 wp-block-columns-is-layout-flex\">\n<div class=\"wp-block-column borderh22 is-layout-flow wp-block-column-is-layout-flow\">\n<h2 class=\"wp-block-heading\" id=\"un-probleme-de-rongeur-1\">Setting up control solutions<\/h2>\n<\/div>\n<\/div>\n\n\n\n<div style=\"height:50px\" aria-hidden=\"true\" class=\"wp-block-spacer\"><\/div>\n\n\n\n<div class=\"wp-block-columns are-vertically-aligned-center is-layout-flex wp-container-core-columns-is-layout-9d6595d7 wp-block-columns-is-layout-flex\">\n<div class=\"wp-block-column is-vertically-aligned-center is-layout-flow wp-block-column-is-layout-flow\">\n<ul class=\"wp-block-list\"><li>Setting traps<\/li><\/ul>\n\n\n\n<p>Trapping is the ultimate model. Your garden should not be contaminated with:<\/p>\n\n\n\n<ul class=\"wp-block-list\"><li>a skunk,<\/li><li>a ferret,<\/li><li>ermine or<\/li><li>a porcupine.<\/li><\/ul>\n\n\n\n<p>Capture and release in Quebec&#8217;s parks and reserves is a healthier response to species conservation.<\/p>\n\n\n\n<h3 class=\"wp-block-heading\">Organizing prevention<\/h3>\n\n\n\n<ul class=\"wp-block-list\"><li>Considered integrated struggle<\/li><\/ul>\n<\/div>\n<\/div>\n<\/div>\n<\/div>\n\n\n\n<div class=\"wp-block-columns is-layout-flex wp-container-core-columns-is-layout-9d6595d7 wp-block-columns-is-layout-flex\">\n<div class=\"wp-block-column paddingsec  column_space is-layout-flow wp-block-column-is-layout-flow\">\n<div class=\"wp-block-columns is-layout-flex wp-container-core-columns-is-layout-9d6595d7 wp-block-columns-is-layout-flex\">\n<div class=\"wp-block-column borderh22 is-layout-flow wp-block-column-is-layout-flow\">\n<h2 class=\"wp-block-heading\" id=\"un-probleme-de-rongeur-1\">Integrity struggle includes:<\/h2>\n<\/div>\n<\/div>\n\n\n\n<div style=\"height:50px\" aria-hidden=\"true\" class=\"wp-block-spacer\"><\/div>\n\n\n\n<div class=\"wp-block-columns are-vertically-aligned-center is-layout-flex wp-container-core-columns-is-layout-9d6595d7 wp-block-columns-is-layout-flex\">\n<div class=\"wp-block-column is-vertically-aligned-center is-layout-flow wp-block-column-is-layout-flow\">\n<ul class=\"wp-block-list\"><li>Inspection of infested areas and the immediate environment,<\/li><li>Perfect identification of the insect and knowledge of its behaviors,<\/li><li>Documenting the dates and places where parasites occur,<\/li><li>Clean up all the elements in the infested area,<\/li><li>Eliminate identified access areas,<\/li><li>Physically treating vermin,<\/li><li>Hire a licensed exterminator specializing in pest control, it will properly apply pesticides,<\/li><li>Keep track of inspections,<\/li><li>Educate all stakeholders (owner, tenants, site staff, managers and service providers). They have a role in successful treatment and preventing infestations.<\/li><\/ul>\n\n\n\n<p>Extermination is the result of a process, a reflection and a sum of knowledge that is called the passion for the profession&#8230;<\/p>\n<\/div>\n<\/div>\n<\/div>\n<\/div>\n","protected":false},"excerpt":{"rendered":"<p>Exterminator Process The extermination intervention responds to a multi-step process, from the customer&#8217;s call to the final solution. Exterminator in Montreal, Que.: 514-830-2819 Pest management for 15 years, see our parasitic management site: extermination Montreal Exterminator intervention process: Customer call and description of the problem. This is of course the first contact, the client, the [&hellip;]<\/p>\n","protected":false},"author":2,"featured_media":0,"parent":0,"menu_order":0,"comment_status":"closed","ping_status":"closed","template":"","meta":{"_genesis_hide_title":false,"_genesis_hide_breadcrumbs":false,"_genesis_hide_singular_image":false,"_genesis_hide_footer_widgets":false,"_genesis_custom_body_class":"","_genesis_custom_post_class":"","_genesis_layout":"full-width-content","footnotes":""},"class_list":{"0":"post-5797","1":"page","2":"type-page","3":"status-publish","5":"entry","6":"has-post-thumbnail"},"yoast_head":"<!-- This site is optimized with the Yoast SEO plugin v27.5 - https:\/\/yoast.com\/product\/yoast-seo-wordpress\/ -->\n<title>Exterminator Process - Votre exterminateur \u00e0 Montr\u00e9al<\/title>\n<meta name=\"description\" content=\"Exterminator Process The extermination intervention responds to a multi-step process, from the customer&#039;s call to the final solution. Exterminator in\" \/>\n<meta name=\"robots\" content=\"index, follow, max-snippet:-1, max-image-preview:large, max-video-preview:-1\" \/>\n<link rel=\"canonical\" href=\"https:\/\/exterminateuramontreal.ca\/en\/exterminator-process\/\" \/>\n<meta property=\"og:locale\" content=\"en_US\" \/>\n<meta property=\"og:type\" content=\"article\" \/>\n<meta property=\"og:title\" content=\"Exterminator Process - Votre exterminateur \u00e0 Montr\u00e9al\" \/>\n<meta property=\"og:description\" content=\"Exterminator Process The extermination intervention responds to a multi-step process, from the customer&#039;s call to the final solution. Exterminator in\" \/>\n<meta property=\"og:url\" content=\"https:\/\/exterminateuramontreal.ca\/en\/exterminator-process\/\" \/>\n<meta property=\"og:site_name\" content=\"Votre exterminateur \u00e0 Montr\u00e9al\" \/>\n<meta property=\"article:modified_time\" content=\"2022-06-15T15:10:18+00:00\" \/>\n<meta property=\"og:image\" content=\"https:\/\/exterminateuramontreal.ca\/wp-content\/uploads\/2022\/05\/processus-extermination.jpg\" \/>\n<meta name=\"twitter:label1\" content=\"Est. reading time\" \/>\n\t<meta name=\"twitter:data1\" content=\"3 minutes\" \/>\n<script type=\"application\/ld+json\" class=\"yoast-schema-graph\">{\"@context\":\"https:\\\/\\\/schema.org\",\"@graph\":[{\"@type\":\"WebPage\",\"@id\":\"https:\\\/\\\/exterminateuramontreal.ca\\\/en\\\/exterminator-process\\\/\",\"url\":\"https:\\\/\\\/exterminateuramontreal.ca\\\/en\\\/exterminator-process\\\/\",\"name\":\"Exterminator Process - Votre exterminateur \u00e0 Montr\u00e9al\",\"isPartOf\":{\"@id\":\"https:\\\/\\\/exterminateuramontreal.ca\\\/en\\\/#website\"},\"primaryImageOfPage\":{\"@id\":\"https:\\\/\\\/exterminateuramontreal.ca\\\/en\\\/exterminator-process\\\/#primaryimage\"},\"image\":{\"@id\":\"https:\\\/\\\/exterminateuramontreal.ca\\\/en\\\/exterminator-process\\\/#primaryimage\"},\"thumbnailUrl\":\"https:\\\/\\\/exterminateuramontreal.ca\\\/wp-content\\\/uploads\\\/2022\\\/05\\\/processus-extermination.jpg\",\"datePublished\":\"2022-06-14T18:47:46+00:00\",\"dateModified\":\"2022-06-15T15:10:18+00:00\",\"description\":\"Exterminator Process The extermination intervention responds to a multi-step process, from the customer's call to the final solution. Exterminator in\",\"breadcrumb\":{\"@id\":\"https:\\\/\\\/exterminateuramontreal.ca\\\/en\\\/exterminator-process\\\/#breadcrumb\"},\"inLanguage\":\"en-CA\",\"potentialAction\":[{\"@type\":\"ReadAction\",\"target\":[\"https:\\\/\\\/exterminateuramontreal.ca\\\/en\\\/exterminator-process\\\/\"]}]},{\"@type\":\"ImageObject\",\"inLanguage\":\"en-CA\",\"@id\":\"https:\\\/\\\/exterminateuramontreal.ca\\\/en\\\/exterminator-process\\\/#primaryimage\",\"url\":\"https:\\\/\\\/exterminateuramontreal.ca\\\/wp-content\\\/uploads\\\/2022\\\/05\\\/processus-extermination.jpg\",\"contentUrl\":\"https:\\\/\\\/exterminateuramontreal.ca\\\/wp-content\\\/uploads\\\/2022\\\/05\\\/processus-extermination.jpg\"},{\"@type\":\"BreadcrumbList\",\"@id\":\"https:\\\/\\\/exterminateuramontreal.ca\\\/en\\\/exterminator-process\\\/#breadcrumb\",\"itemListElement\":[{\"@type\":\"ListItem\",\"position\":1,\"name\":\"Accueil\",\"item\":\"https:\\\/\\\/exterminateuramontreal.ca\\\/en\\\/\"},{\"@type\":\"ListItem\",\"position\":2,\"name\":\"Exterminator Process\"}]},{\"@type\":\"WebSite\",\"@id\":\"https:\\\/\\\/exterminateuramontreal.ca\\\/en\\\/#website\",\"url\":\"https:\\\/\\\/exterminateuramontreal.ca\\\/en\\\/\",\"name\":\"Exterminateur \u00e0 Montr\u00e9al\",\"description\":\"Votre exterminateur de confiance et pas cher \u00e0 Montr\u00e9al!\",\"publisher\":{\"@id\":\"https:\\\/\\\/exterminateuramontreal.ca\\\/en\\\/#organization\"},\"alternateName\":\"Votre exterminateur de confiance et pas cher \u00e0 Montr\u00e9al!\",\"potentialAction\":[{\"@type\":\"SearchAction\",\"target\":{\"@type\":\"EntryPoint\",\"urlTemplate\":\"https:\\\/\\\/exterminateuramontreal.ca\\\/en\\\/?s={search_term_string}\"},\"query-input\":{\"@type\":\"PropertyValueSpecification\",\"valueRequired\":true,\"valueName\":\"search_term_string\"}}],\"inLanguage\":\"en-CA\"},{\"@type\":\"Organization\",\"@id\":\"https:\\\/\\\/exterminateuramontreal.ca\\\/en\\\/#organization\",\"name\":\"Exterminateur \u00e0 Montr\u00e9al\",\"alternateName\":\"Votre exterminateur de confiance \u00e0 Montr\u00e9al!\",\"url\":\"https:\\\/\\\/exterminateuramontreal.ca\\\/en\\\/\",\"logo\":{\"@type\":\"ImageObject\",\"inLanguage\":\"en-CA\",\"@id\":\"https:\\\/\\\/exterminateuramontreal.ca\\\/en\\\/#\\\/schema\\\/logo\\\/image\\\/\",\"url\":\"https:\\\/\\\/exterminateuramontreal.ca\\\/wp-content\\\/uploads\\\/2011\\\/12\\\/logo-exterminateur-montreal-e1654628842986.png\",\"contentUrl\":\"https:\\\/\\\/exterminateuramontreal.ca\\\/wp-content\\\/uploads\\\/2011\\\/12\\\/logo-exterminateur-montreal-e1654628842986.png\",\"width\":176,\"height\":74,\"caption\":\"Exterminateur \u00e0 Montr\u00e9al\"},\"image\":{\"@id\":\"https:\\\/\\\/exterminateuramontreal.ca\\\/en\\\/#\\\/schema\\\/logo\\\/image\\\/\"}}]}<\/script>\n<!-- \/ Yoast SEO plugin. -->","yoast_head_json":{"title":"Exterminator Process - Votre exterminateur \u00e0 Montr\u00e9al","description":"Exterminator Process The extermination intervention responds to a multi-step process, from the customer's call to the final solution. Exterminator in","robots":{"index":"index","follow":"follow","max-snippet":"max-snippet:-1","max-image-preview":"max-image-preview:large","max-video-preview":"max-video-preview:-1"},"canonical":"https:\/\/exterminateuramontreal.ca\/en\/exterminator-process\/","og_locale":"en_US","og_type":"article","og_title":"Exterminator Process - Votre exterminateur \u00e0 Montr\u00e9al","og_description":"Exterminator Process The extermination intervention responds to a multi-step process, from the customer's call to the final solution. Exterminator in","og_url":"https:\/\/exterminateuramontreal.ca\/en\/exterminator-process\/","og_site_name":"Votre exterminateur \u00e0 Montr\u00e9al","article_modified_time":"2022-06-15T15:10:18+00:00","og_image":[{"url":"https:\/\/exterminateuramontreal.ca\/wp-content\/uploads\/2022\/05\/processus-extermination.jpg","type":"","width":"","height":""}],"twitter_misc":{"Est. reading time":"3 minutes"},"schema":{"@context":"https:\/\/schema.org","@graph":[{"@type":"WebPage","@id":"https:\/\/exterminateuramontreal.ca\/en\/exterminator-process\/","url":"https:\/\/exterminateuramontreal.ca\/en\/exterminator-process\/","name":"Exterminator Process - Votre exterminateur \u00e0 Montr\u00e9al","isPartOf":{"@id":"https:\/\/exterminateuramontreal.ca\/en\/#website"},"primaryImageOfPage":{"@id":"https:\/\/exterminateuramontreal.ca\/en\/exterminator-process\/#primaryimage"},"image":{"@id":"https:\/\/exterminateuramontreal.ca\/en\/exterminator-process\/#primaryimage"},"thumbnailUrl":"https:\/\/exterminateuramontreal.ca\/wp-content\/uploads\/2022\/05\/processus-extermination.jpg","datePublished":"2022-06-14T18:47:46+00:00","dateModified":"2022-06-15T15:10:18+00:00","description":"Exterminator Process The extermination intervention responds to a multi-step process, from the customer's call to the final solution. Exterminator in","breadcrumb":{"@id":"https:\/\/exterminateuramontreal.ca\/en\/exterminator-process\/#breadcrumb"},"inLanguage":"en-CA","potentialAction":[{"@type":"ReadAction","target":["https:\/\/exterminateuramontreal.ca\/en\/exterminator-process\/"]}]},{"@type":"ImageObject","inLanguage":"en-CA","@id":"https:\/\/exterminateuramontreal.ca\/en\/exterminator-process\/#primaryimage","url":"https:\/\/exterminateuramontreal.ca\/wp-content\/uploads\/2022\/05\/processus-extermination.jpg","contentUrl":"https:\/\/exterminateuramontreal.ca\/wp-content\/uploads\/2022\/05\/processus-extermination.jpg"},{"@type":"BreadcrumbList","@id":"https:\/\/exterminateuramontreal.ca\/en\/exterminator-process\/#breadcrumb","itemListElement":[{"@type":"ListItem","position":1,"name":"Accueil","item":"https:\/\/exterminateuramontreal.ca\/en\/"},{"@type":"ListItem","position":2,"name":"Exterminator Process"}]},{"@type":"WebSite","@id":"https:\/\/exterminateuramontreal.ca\/en\/#website","url":"https:\/\/exterminateuramontreal.ca\/en\/","name":"Exterminateur \u00e0 Montr\u00e9al","description":"Votre exterminateur de confiance et pas cher \u00e0 Montr\u00e9al!","publisher":{"@id":"https:\/\/exterminateuramontreal.ca\/en\/#organization"},"alternateName":"Votre exterminateur de confiance et pas cher \u00e0 Montr\u00e9al!","potentialAction":[{"@type":"SearchAction","target":{"@type":"EntryPoint","urlTemplate":"https:\/\/exterminateuramontreal.ca\/en\/?s={search_term_string}"},"query-input":{"@type":"PropertyValueSpecification","valueRequired":true,"valueName":"search_term_string"}}],"inLanguage":"en-CA"},{"@type":"Organization","@id":"https:\/\/exterminateuramontreal.ca\/en\/#organization","name":"Exterminateur \u00e0 Montr\u00e9al","alternateName":"Votre exterminateur de confiance \u00e0 Montr\u00e9al!","url":"https:\/\/exterminateuramontreal.ca\/en\/","logo":{"@type":"ImageObject","inLanguage":"en-CA","@id":"https:\/\/exterminateuramontreal.ca\/en\/#\/schema\/logo\/image\/","url":"https:\/\/exterminateuramontreal.ca\/wp-content\/uploads\/2011\/12\/logo-exterminateur-montreal-e1654628842986.png","contentUrl":"https:\/\/exterminateuramontreal.ca\/wp-content\/uploads\/2011\/12\/logo-exterminateur-montreal-e1654628842986.png","width":176,"height":74,"caption":"Exterminateur \u00e0 Montr\u00e9al"},"image":{"@id":"https:\/\/exterminateuramontreal.ca\/en\/#\/schema\/logo\/image\/"}}]}},"_links":{"self":[{"href":"https:\/\/exterminateuramontreal.ca\/en\/wp-json\/wp\/v2\/pages\/5797","targetHints":{"allow":["GET"]}}],"collection":[{"href":"https:\/\/exterminateuramontreal.ca\/en\/wp-json\/wp\/v2\/pages"}],"about":[{"href":"https:\/\/exterminateuramontreal.ca\/en\/wp-json\/wp\/v2\/types\/page"}],"author":[{"embeddable":true,"href":"https:\/\/exterminateuramontreal.ca\/en\/wp-json\/wp\/v2\/users\/2"}],"replies":[{"embeddable":true,"href":"https:\/\/exterminateuramontreal.ca\/en\/wp-json\/wp\/v2\/comments?post=5797"}],"version-history":[{"count":2,"href":"https:\/\/exterminateuramontreal.ca\/en\/wp-json\/wp\/v2\/pages\/5797\/revisions"}],"predecessor-version":[{"id":6006,"href":"https:\/\/exterminateuramontreal.ca\/en\/wp-json\/wp\/v2\/pages\/5797\/revisions\/6006"}],"wp:attachment":[{"href":"https:\/\/exterminateuramontreal.ca\/en\/wp-json\/wp\/v2\/media?parent=5797"}],"curies":[{"name":"wp","href":"https:\/\/api.w.org\/{rel}","templated":true}]}}