{"id":5793,"date":"2022-06-14T14:47:45","date_gmt":"2022-06-14T18:47:45","guid":{"rendered":"https:\/\/exterminateuramontreal.ca\/anthills\/"},"modified":"2022-06-14T16:38:11","modified_gmt":"2022-06-14T20:38:11","slug":"anthills","status":"publish","type":"page","link":"https:\/\/exterminateuramontreal.ca\/en\/anthills\/","title":{"rendered":"Anthills"},"content":{"rendered":"<div class=\"n2_clear\"><ss3-force-full-width data-overflow-x=\"body\" data-horizontal-selector=\"body\"><div class=\"n2-section-smartslider fitvidsignore  n2_clear\" data-ssid=\"110\"><div id=\"n2-ss-110-align\" class=\"n2-ss-align\"><div class=\"n2-padding\"><div id=\"n2-ss-110\" data-creator=\"Smart Slider 3\" data-responsive=\"fullwidth\" class=\"n2-ss-slider n2-ow n2-has-hover n2notransition  \">\n        <div class=\"n2-ss-slider-1 n2-ow\">\n            <div class=\"n2-ss-slider-2 n2-ow\">\n                <div class=\"n2-ss-slide-backgrounds n2-ow-all\"><div class=\"n2-ss-slide-background\" data-public-id=\"1\" data-mode=\"fill\"><div class=\"n2-ss-slide-background-image\" data-blur=\"0\" data-opacity=\"50\" data-x=\"75\" data-y=\"35\" data-alt=\"\" data-title=\"\" style=\"opacity:0.5;--ss-o-pos-x:75%;--ss-o-pos-y:35%\"><picture class=\"skip-lazy\" data-skip-lazy=\"1\"><img decoding=\"async\" src=\"\/\/exterminateuramontreal.ca\/wp-content\/uploads\/2022\/04\/mikhail-vasilyev-Vf1JrKMUS0Q-unsplash-scaled.jpg\" alt=\"\" title=\"\" loading=\"lazy\" class=\"skip-lazy\" data-skip-lazy=\"1\"><\/picture><\/div><div data-color=\"RGBA(0,0,0,1)\" style=\"background-color: RGBA(0,0,0,1);\" class=\"n2-ss-slide-background-color\"><\/div><\/div><\/div>                <div class=\"n2-ss-slider-3 n2-ow\">\n                    <svg xmlns=\"http:\/\/www.w3.org\/2000\/svg\" viewBox=\"0 0 1920 900\" data-related-device=\"desktopPortrait\" class=\"n2-ow n2-ss-preserve-size n2-ss-preserve-size--slider n2-ss-slide-limiter\"><\/svg><div data-first=\"1\" data-slide-duration=\"0\" data-id=\"114\" data-slide-public-id=\"1\" data-title=\"exterminateur-a-montreal\" class=\"n2-ss-slide n2-ow  n2-ss-slide-114\"><div role=\"note\" class=\"n2-ss-slide--focus\" tabindex=\"-1\">exterminateur-a-montreal<\/div><div class=\"n2-ss-layers-container n2-ss-slide-limiter n2-ow\"><div class=\"n2-ss-layer n2-ow n-uc-jWpKWqxdCxZc\" data-sstype=\"slide\" data-pm=\"default\"><div class=\"n2-ss-layer n2-ow n-uc-9NSqWVTjw1T7\" data-pm=\"default\" data-sstype=\"content\" data-hasbackground=\"0\"><div class=\"n2-ss-section-main-content n2-ss-layer-with-background n2-ss-layer-content n2-ow n-uc-9NSqWVTjw1T7-inner\"><div class=\"n2-ss-layer n2-ow n-uc-8StZdjwV99Sk\" data-pm=\"normal\" data-sstype=\"layer\"><h1 id=\"n2-ss-110item1\" class=\"n2-font-3b2a58b4a50c0e729808df0b6b4bacbf-hover   n2-ss-item-content n2-ss-text n2-ow\" style=\"display:block;\">The anthills:<br>air-conditioned 4-star eco-housing<br>air-conditioned 4 star<\/h1><\/div><div class=\"n2-ss-layer n2-ow n-uc-iYp6vQ3AhPnR n2-ss-layer--auto\" data-pm=\"normal\" data-sstype=\"layer\"><div class=\"n2-ss-button-container n2-ss-item-content n2-ow n2-font-146c9a3e96286a145729355457cdd451-link  n2-ss-nowrap n2-ss-button-container--non-full-width\"><a class=\"n2-style-7af0fe51fa2035e956cba40fcded744c-heading  n2-ow \" href=\"https:\/\/exterminateuramontreal.ca\/contacter-votre-exterminateur-a-montreal\/\"><div><div>Contact us<\/div><\/div><\/a><\/div><\/div><\/div><\/div><\/div><\/div><\/div>                <\/div>\n                            <\/div>\n        <\/div>\n        <\/div><ss3-loader><\/ss3-loader><\/div><\/div><div class=\"n2_clear\"><\/div><\/div><\/ss3-force-full-width><\/div>\n\n\n<div class=\"wp-block-columns section_column is-layout-flex wp-container-core-columns-is-layout-9d6595d7 wp-block-columns-is-layout-flex\">\n<div class=\"wp-block-column is-vertically-aligned-center paddingsec container-image-text column_space is-layout-flow wp-block-column-is-layout-flow\">\n<div class=\"wp-block-columns is-layout-flex wp-container-core-columns-is-layout-9d6595d7 wp-block-columns-is-layout-flex\">\n<div class=\"wp-block-column is-vertically-aligned-center is-layout-flow wp-block-column-is-layout-flow\">\n<p>The Formicidae family includes very social insects that live in groups in anthills.<\/p>\n\n\n\n<p>These habitats are a work of architectural art resembling <strong>hyper modern condominiums. <\/strong> Integrated eco-friendly system that allows natural ventilation and air conditioning, without using expensive and polluting energy.<\/p>\n\n\n\n<p>The temperature remains constant inside the nest thanks to the numerous exits, closed or open, which regulate temperature and humidity.<br \/><\/p>\n\n\n\n<p>Green, economical, energy-efficient, entrepreneurs and architects should be inspired by these intelligent and sophisticated constructions.<\/p>\n\n\n\n<p>As all ants are different and have their specificity, the forms of anthills in nature are also multiple, ranging from the simplest to the most elaborate. So let&#8217;s get into an anthill&#8230;<\/p>\n<\/div>\n\n\n\n<div class=\"wp-block-column is-vertically-aligned-center is-layout-flow wp-block-column-is-layout-flow\">\n<div class=\"wp-block-image\"><figure class=\"aligncenter\"><img decoding=\"async\" src=\"https:\/\/exterminateuramontreal.ca\/wp-content\/uploads\/2016\/08\/fourmiliere.jpg\" alt=\"antlliere\"\/><\/figure><\/div>\n<\/div>\n<\/div>\n<\/div>\n<\/div>\n\n\n\n<div class=\"wp-block-columns section_column is-layout-flex wp-container-core-columns-is-layout-9d6595d7 wp-block-columns-is-layout-flex\">\n<div class=\"wp-block-column paddingsec is-layout-flow wp-block-column-is-layout-flow\">\n<div class=\"wp-block-columns is-layout-flex wp-container-core-columns-is-layout-9d6595d7 wp-block-columns-is-layout-flex\">\n<div class=\"wp-block-column borderh22 is-layout-flow wp-block-column-is-layout-flow\">\n<h2 class=\"wp-block-heading\" id=\"un-probleme-de-rongeur-1\">Different types of anthills<\/h2>\n<\/div>\n<\/div>\n\n\n\n<h3 class=\"wp-block-heading\"><strong>Dome anthill: highly visible<\/strong><\/h3>\n\n\n\n<p>Composed of:<\/p>\n\n\n\n<ul class=\"wp-block-list\"><li>twigs, earth,<\/li><li>gravel,<\/li><li>plant debris,<\/li><\/ul>\n\n\n\n<p>the base of a domed anthill is located on a tree stump or on a trunk oriented to the sun to allow the larvae to develop well.<\/p>\n\n\n\n<p>The anthill is a place of community life organized around galleries and underground chambers. There are different pieces such as:<\/p>\n\n\n\n<ul class=\"wp-block-list\"><li>The dump,<\/li><li>The store,<\/li><li>The attic,<\/li><li>The common room,<\/li><li>the egg nursery, larvae and nymphs,<\/li><\/ul>\n\n\n\n<p>which are located in the deepest part of the anthill. Sometimes several domes can be connected to each other. During the winter, the ant colony retreats deep to overwinter, and nest maintenance resumes in the spring.<\/p>\n\n\n\n<p>The only downside: their visibility makes them vulnerable to predators. In North America, the Great Fire Ant can build domes that can reach a height of 40 cm.<\/p>\n\n\n\n<h3 class=\"wp-block-heading\">Anthill in the earth: very common<\/h3>\n\n\n\n<p>The galleries and tunnels are dug by the workers who excavate the earth. The tunnels lead to rooms and chambers underground in which eggs, larvae and nymphs are stored as well as a room for the <a href=\"https:\/\/exterminateuramontreal.ca\/en\/carpenter-ants-2\/\" target=\"_blank\" rel=\"noreferrer noopener\">Queen Mother ant<\/a>. These anthills can be found <a href=\"https:\/\/exterminateuramontreal.ca\/en\/ants-of-cobblestone-2\/\">under the slabs and pavers<\/a> outside, in the gardens.<\/p>\n\n\n\n<h3 class=\"wp-block-heading\">Mushroom ants: an intelligent crop<\/h3>\n\n\n\n<div class=\"wp-block-columns are-vertically-aligned-center is-layout-flex wp-container-core-columns-is-layout-9d6595d7 wp-block-columns-is-layout-flex\">\n<div class=\"wp-block-column is-vertically-aligned-center is-layout-flow wp-block-column-is-layout-flow\">\n<p class=\"has-text-align-left\"><a rel=\"noreferrer noopener\" href=\"http:\/\/www.futura-sciences.com\/magazines\/nature\/infos\/dossiers\/d\/zoologie-fourmi-secrets-fourmiliere-1404\/page\/12\/\" target=\"_blank\">Mushroom ants<\/a> dig a multitude of galleries and turn into real gardeners: they grow mushrooms. The galleries are ventilated and ventilated to provide good conditions for the development of mushroom crops that serve as food.<\/p>\n<\/div>\n\n\n\n<div class=\"wp-block-column is-vertically-aligned-center is-layout-flow wp-block-column-is-layout-flow\">\n<div class=\"wp-block-image\"><figure class=\"alignleft\"><a href=\"https:\/\/exterminateuramontreal.ca\/wp-content\/uploads\/2016\/08\/fourmis-champignoniste-232x300.jpg\"><img decoding=\"async\" width=\"232\" height=\"300\" src=\"https:\/\/exterminateuramontreal.ca\/wp-content\/uploads\/2016\/08\/fourmis-champignoniste-232x300.jpg\" alt=\"Mushroom ants  \" class=\"wp-image-1951\" srcset=\"https:\/\/exterminateuramontreal.ca\/wp-content\/uploads\/2016\/08\/fourmis-champignoniste-232x300.jpg 232w, https:\/\/exterminateuramontreal.ca\/wp-content\/uploads\/2016\/08\/fourmis-champignoniste.jpg 386w\" sizes=\"(max-width: 232px) 100vw, 232px\" \/><\/a><figcaption>Mushroom ants<\/figcaption><\/figure><\/div>\n<\/div>\n<\/div>\n\n\n\n<h3 class=\"wp-block-heading\">Anthill in the trees<\/h3>\n\n\n\n<p>Some species of ants live in decaying trees or under the soups of houses in old mouldy and unmaintained frames. They make their nests by connecting leaves with silk threads produced by the larvae<a rel=\"noreferrer noopener\" href=\"http:\/\/www.jstor.org\/stable\/4532754?seq=1#page_scan_tab_contents\" target=\"_blank\">(Oecophylles).<\/a><\/p>\n<\/div>\n<\/div>\n\n\n\n<div class=\"wp-block-columns paddingsec section_cta column_space cta_article has-luminous-vivid-amber-background-color has-background is-layout-flex wp-container-core-columns-is-layout-9d6595d7 wp-block-columns-is-layout-flex\">\n<div class=\"wp-block-column is-layout-flow wp-block-column-is-layout-flow\">\n<div class=\"wp-block-columns is-layout-flex wp-container-core-columns-is-layout-9d6595d7 wp-block-columns-is-layout-flex\">\n<div class=\"wp-block-column is-layout-flow wp-block-column-is-layout-flow\">\n<h2 class=\"has-text-align-center has-white-color has-text-color has-large-font-size wp-block-heading\" id=\"gestion-de-parasites\"><strong>Appeler <a href=\"https:\/\/plus.google.com\/100863149615855788560?hl=fr\">Ren\u00e9 G\u00e9linas<\/a> Votre exterminateur local,<\/strong> <strong>Exp\u00e9rience et int\u00e9grit\u00e9 dans la gestion parasitaire<\/strong><\/h2>\n\n\n\n<div style=\"height:15px\" aria-hidden=\"true\" class=\"wp-block-spacer\"><\/div>\n\n\n\n<h2 class=\"has-text-align-center has-white-color has-text-color has-large-font-size wp-block-heading\"><strong>Tel&nbsp;<\/strong><a href=\"tel:5148302819\">514&nbsp;<strong>830&nbsp;<\/strong>2819<\/a><\/h2>\n<\/div>\n<\/div>\n<\/div>\n<\/div>\n\n\n\n<div class=\"wp-block-columns is-layout-flex wp-container-core-columns-is-layout-9d6595d7 wp-block-columns-is-layout-flex\">\n<div class=\"wp-block-column paddingsec is-layout-flow wp-block-column-is-layout-flow\">\n<div class=\"wp-block-columns is-layout-flex wp-container-core-columns-is-layout-9d6595d7 wp-block-columns-is-layout-flex\">\n<div class=\"wp-block-column borderh22 is-layout-flow wp-block-column-is-layout-flow\">\n<h2 class=\"wp-block-heading\" id=\"un-probleme-de-rongeur-1\">A hierarchical and monarchical social life<\/h2>\n<\/div>\n<\/div>\n\n\n\n<p>The anthill is called &#8220;polymorphism&#8221;, that is to say that it is divided into different types of castes in which each ant finds its place. There are three different castes:<\/p>\n\n\n\n<ol class=\"wp-block-list\"><li>Queens<\/li><li>workers<\/li><li>and males<\/li><\/ol>\n\n\n\n<p>Generally, there is only one Queen in a colony and she is the only one who can lay millions of eggs and therefore, who ensures the survival of the colony. We&#8217;re talking about <a href=\"http:\/\/www.futura-sciences.com\/magazines\/nature\/infos\/dico\/d\/zoologie-monogynie-5998\/\" target=\"_blank\" rel=\"noreferrer noopener\">monogynia.<\/a> The Queen is protected by guard ants, females who recognize themselves to their larger size than other ants.<\/p>\n\n\n\n<p>The workers are responsible for the construction of the anthill and its food supply. They are often seen carrying materials on their backs (twig, wood, leaf, insect &#8230;).<\/p>\n\n\n\n<div class=\"wp-block-image\"><figure class=\"alignright\"><a href=\"https:\/\/exterminateuramontreal.ca\/wp-content\/uploads\/2016\/08\/solidarite-fourmis.jpg\"><img decoding=\"async\" width=\"284\" height=\"177\" src=\"https:\/\/exterminateuramontreal.ca\/wp-content\/uploads\/2016\/08\/solidarite-fourmis.jpg\" alt=\"solidarity ants\" class=\"wp-image-1941\"\/><\/a><\/figure><\/div>\n\n\n\n<p>The role of the males is to fertilize the <strong>princess ants<\/strong> who will then become Queens by creating their own colony or taking their mother&#8217;s place after their death. Males mate only once in their lives and die after that.<\/p>\n\n\n\n<p>It should be known that an isolated and lonely ant is condemned to certain death. It is the union that makes their strength. The notion of individualism, so developed in humans, is totally <strong>absent in a colony of ants.<\/strong><\/p>\n<\/div>\n<\/div>\n","protected":false},"excerpt":{"rendered":"<p>The Formicidae family includes very social insects that live in groups in anthills. These habitats are a work of architectural art resembling hyper modern condominiums. Integrated eco-friendly system that allows natural ventilation and air conditioning, without using expensive and polluting energy. The temperature remains constant inside the nest thanks to the numerous exits, closed or [&hellip;]<\/p>\n","protected":false},"author":10,"featured_media":0,"parent":0,"menu_order":0,"comment_status":"closed","ping_status":"closed","template":"","meta":{"_genesis_hide_title":false,"_genesis_hide_breadcrumbs":true,"_genesis_hide_singular_image":false,"_genesis_hide_footer_widgets":false,"_genesis_custom_body_class":"","_genesis_custom_post_class":"","_genesis_layout":"full-width-content","footnotes":""},"class_list":{"0":"post-5793","1":"page","2":"type-page","3":"status-publish","5":"entry"},"yoast_head":"<!-- This site is optimized with the Yoast SEO plugin v27.3 - https:\/\/yoast.com\/product\/yoast-seo-wordpress\/ -->\n<title>The anthill: complex, ecological and organized habitat<\/title>\n<meta name=\"description\" content=\"Ants are social insects that live in groups in anthills, structured and very modern habitats. What is their way of life? How do they organize themselves? How do they communicate? Learn more about the life of ants and their anthills with your exterminator in Montreal\" \/>\n<meta name=\"robots\" content=\"index, follow, max-snippet:-1, max-image-preview:large, max-video-preview:-1\" \/>\n<link rel=\"canonical\" href=\"https:\/\/exterminateuramontreal.ca\/en\/anthills\/\" \/>\n<meta property=\"og:locale\" content=\"en_US\" \/>\n<meta property=\"og:type\" content=\"article\" \/>\n<meta property=\"og:title\" content=\"The anthill: complex, ecological and organized habitat\" \/>\n<meta property=\"og:description\" content=\"Ants are social insects that live in groups in anthills, structured and very modern habitats. What is their way of life? How do they organize themselves? How do they communicate? Learn more about the life of ants and their anthills with your exterminator in Montreal\" \/>\n<meta property=\"og:url\" content=\"https:\/\/exterminateuramontreal.ca\/en\/anthills\/\" \/>\n<meta property=\"og:site_name\" content=\"Votre exterminateur \u00e0 Montr\u00e9al\" \/>\n<meta property=\"article:modified_time\" content=\"2022-06-14T20:38:11+00:00\" \/>\n<meta property=\"og:image\" content=\"https:\/\/exterminateuramontreal.ca\/wp-content\/uploads\/2016\/08\/fourmiliere.jpg\" \/>\n<meta name=\"twitter:label1\" content=\"Est. reading time\" \/>\n\t<meta name=\"twitter:data1\" content=\"4 minutes\" \/>\n<script type=\"application\/ld+json\" class=\"yoast-schema-graph\">{\"@context\":\"https:\\\/\\\/schema.org\",\"@graph\":[{\"@type\":\"WebPage\",\"@id\":\"https:\\\/\\\/exterminateuramontreal.ca\\\/en\\\/anthills\\\/\",\"url\":\"https:\\\/\\\/exterminateuramontreal.ca\\\/en\\\/anthills\\\/\",\"name\":\"The anthill: complex, ecological and organized habitat\",\"isPartOf\":{\"@id\":\"https:\\\/\\\/exterminateuramontreal.ca\\\/en\\\/#website\"},\"primaryImageOfPage\":{\"@id\":\"https:\\\/\\\/exterminateuramontreal.ca\\\/en\\\/anthills\\\/#primaryimage\"},\"image\":{\"@id\":\"https:\\\/\\\/exterminateuramontreal.ca\\\/en\\\/anthills\\\/#primaryimage\"},\"thumbnailUrl\":\"https:\\\/\\\/exterminateuramontreal.ca\\\/wp-content\\\/uploads\\\/2016\\\/08\\\/fourmiliere.jpg\",\"datePublished\":\"2022-06-14T18:47:45+00:00\",\"dateModified\":\"2022-06-14T20:38:11+00:00\",\"description\":\"Ants are social insects that live in groups in anthills, structured and very modern habitats. What is their way of life? How do they organize themselves? How do they communicate? Learn more about the life of ants and their anthills with your exterminator in Montreal\",\"breadcrumb\":{\"@id\":\"https:\\\/\\\/exterminateuramontreal.ca\\\/en\\\/anthills\\\/#breadcrumb\"},\"inLanguage\":\"en-CA\",\"potentialAction\":[{\"@type\":\"ReadAction\",\"target\":[\"https:\\\/\\\/exterminateuramontreal.ca\\\/en\\\/anthills\\\/\"]}]},{\"@type\":\"ImageObject\",\"inLanguage\":\"en-CA\",\"@id\":\"https:\\\/\\\/exterminateuramontreal.ca\\\/en\\\/anthills\\\/#primaryimage\",\"url\":\"https:\\\/\\\/exterminateuramontreal.ca\\\/wp-content\\\/uploads\\\/2016\\\/08\\\/fourmiliere.jpg\",\"contentUrl\":\"https:\\\/\\\/exterminateuramontreal.ca\\\/wp-content\\\/uploads\\\/2016\\\/08\\\/fourmiliere.jpg\"},{\"@type\":\"BreadcrumbList\",\"@id\":\"https:\\\/\\\/exterminateuramontreal.ca\\\/en\\\/anthills\\\/#breadcrumb\",\"itemListElement\":[{\"@type\":\"ListItem\",\"position\":1,\"name\":\"Accueil\",\"item\":\"https:\\\/\\\/exterminateuramontreal.ca\\\/en\\\/\"},{\"@type\":\"ListItem\",\"position\":2,\"name\":\"Anthills\"}]},{\"@type\":\"WebSite\",\"@id\":\"https:\\\/\\\/exterminateuramontreal.ca\\\/en\\\/#website\",\"url\":\"https:\\\/\\\/exterminateuramontreal.ca\\\/en\\\/\",\"name\":\"Exterminateur \u00e0 Montr\u00e9al\",\"description\":\"Votre exterminateur de confiance et pas cher \u00e0 Montr\u00e9al!\",\"publisher\":{\"@id\":\"https:\\\/\\\/exterminateuramontreal.ca\\\/en\\\/#organization\"},\"alternateName\":\"Votre exterminateur de confiance et pas cher \u00e0 Montr\u00e9al!\",\"potentialAction\":[{\"@type\":\"SearchAction\",\"target\":{\"@type\":\"EntryPoint\",\"urlTemplate\":\"https:\\\/\\\/exterminateuramontreal.ca\\\/en\\\/?s={search_term_string}\"},\"query-input\":{\"@type\":\"PropertyValueSpecification\",\"valueRequired\":true,\"valueName\":\"search_term_string\"}}],\"inLanguage\":\"en-CA\"},{\"@type\":\"Organization\",\"@id\":\"https:\\\/\\\/exterminateuramontreal.ca\\\/en\\\/#organization\",\"name\":\"Exterminateur \u00e0 Montr\u00e9al\",\"alternateName\":\"Votre exterminateur de confiance \u00e0 Montr\u00e9al!\",\"url\":\"https:\\\/\\\/exterminateuramontreal.ca\\\/en\\\/\",\"logo\":{\"@type\":\"ImageObject\",\"inLanguage\":\"en-CA\",\"@id\":\"https:\\\/\\\/exterminateuramontreal.ca\\\/en\\\/#\\\/schema\\\/logo\\\/image\\\/\",\"url\":\"https:\\\/\\\/exterminateuramontreal.ca\\\/wp-content\\\/uploads\\\/2011\\\/12\\\/logo-exterminateur-montreal-e1654628842986.png\",\"contentUrl\":\"https:\\\/\\\/exterminateuramontreal.ca\\\/wp-content\\\/uploads\\\/2011\\\/12\\\/logo-exterminateur-montreal-e1654628842986.png\",\"width\":176,\"height\":74,\"caption\":\"Exterminateur \u00e0 Montr\u00e9al\"},\"image\":{\"@id\":\"https:\\\/\\\/exterminateuramontreal.ca\\\/en\\\/#\\\/schema\\\/logo\\\/image\\\/\"}}]}<\/script>\n<!-- \/ Yoast SEO plugin. -->","yoast_head_json":{"title":"The anthill: complex, ecological and organized habitat","description":"Ants are social insects that live in groups in anthills, structured and very modern habitats. What is their way of life? How do they organize themselves? How do they communicate? Learn more about the life of ants and their anthills with your exterminator in Montreal","robots":{"index":"index","follow":"follow","max-snippet":"max-snippet:-1","max-image-preview":"max-image-preview:large","max-video-preview":"max-video-preview:-1"},"canonical":"https:\/\/exterminateuramontreal.ca\/en\/anthills\/","og_locale":"en_US","og_type":"article","og_title":"The anthill: complex, ecological and organized habitat","og_description":"Ants are social insects that live in groups in anthills, structured and very modern habitats. What is their way of life? How do they organize themselves? How do they communicate? Learn more about the life of ants and their anthills with your exterminator in Montreal","og_url":"https:\/\/exterminateuramontreal.ca\/en\/anthills\/","og_site_name":"Votre exterminateur \u00e0 Montr\u00e9al","article_modified_time":"2022-06-14T20:38:11+00:00","og_image":[{"url":"https:\/\/exterminateuramontreal.ca\/wp-content\/uploads\/2016\/08\/fourmiliere.jpg","type":"","width":"","height":""}],"twitter_misc":{"Est. reading time":"4 minutes"},"schema":{"@context":"https:\/\/schema.org","@graph":[{"@type":"WebPage","@id":"https:\/\/exterminateuramontreal.ca\/en\/anthills\/","url":"https:\/\/exterminateuramontreal.ca\/en\/anthills\/","name":"The anthill: complex, ecological and organized habitat","isPartOf":{"@id":"https:\/\/exterminateuramontreal.ca\/en\/#website"},"primaryImageOfPage":{"@id":"https:\/\/exterminateuramontreal.ca\/en\/anthills\/#primaryimage"},"image":{"@id":"https:\/\/exterminateuramontreal.ca\/en\/anthills\/#primaryimage"},"thumbnailUrl":"https:\/\/exterminateuramontreal.ca\/wp-content\/uploads\/2016\/08\/fourmiliere.jpg","datePublished":"2022-06-14T18:47:45+00:00","dateModified":"2022-06-14T20:38:11+00:00","description":"Ants are social insects that live in groups in anthills, structured and very modern habitats. What is their way of life? How do they organize themselves? How do they communicate? Learn more about the life of ants and their anthills with your exterminator in Montreal","breadcrumb":{"@id":"https:\/\/exterminateuramontreal.ca\/en\/anthills\/#breadcrumb"},"inLanguage":"en-CA","potentialAction":[{"@type":"ReadAction","target":["https:\/\/exterminateuramontreal.ca\/en\/anthills\/"]}]},{"@type":"ImageObject","inLanguage":"en-CA","@id":"https:\/\/exterminateuramontreal.ca\/en\/anthills\/#primaryimage","url":"https:\/\/exterminateuramontreal.ca\/wp-content\/uploads\/2016\/08\/fourmiliere.jpg","contentUrl":"https:\/\/exterminateuramontreal.ca\/wp-content\/uploads\/2016\/08\/fourmiliere.jpg"},{"@type":"BreadcrumbList","@id":"https:\/\/exterminateuramontreal.ca\/en\/anthills\/#breadcrumb","itemListElement":[{"@type":"ListItem","position":1,"name":"Accueil","item":"https:\/\/exterminateuramontreal.ca\/en\/"},{"@type":"ListItem","position":2,"name":"Anthills"}]},{"@type":"WebSite","@id":"https:\/\/exterminateuramontreal.ca\/en\/#website","url":"https:\/\/exterminateuramontreal.ca\/en\/","name":"Exterminateur \u00e0 Montr\u00e9al","description":"Votre exterminateur de confiance et pas cher \u00e0 Montr\u00e9al!","publisher":{"@id":"https:\/\/exterminateuramontreal.ca\/en\/#organization"},"alternateName":"Votre exterminateur de confiance et pas cher \u00e0 Montr\u00e9al!","potentialAction":[{"@type":"SearchAction","target":{"@type":"EntryPoint","urlTemplate":"https:\/\/exterminateuramontreal.ca\/en\/?s={search_term_string}"},"query-input":{"@type":"PropertyValueSpecification","valueRequired":true,"valueName":"search_term_string"}}],"inLanguage":"en-CA"},{"@type":"Organization","@id":"https:\/\/exterminateuramontreal.ca\/en\/#organization","name":"Exterminateur \u00e0 Montr\u00e9al","alternateName":"Votre exterminateur de confiance \u00e0 Montr\u00e9al!","url":"https:\/\/exterminateuramontreal.ca\/en\/","logo":{"@type":"ImageObject","inLanguage":"en-CA","@id":"https:\/\/exterminateuramontreal.ca\/en\/#\/schema\/logo\/image\/","url":"https:\/\/exterminateuramontreal.ca\/wp-content\/uploads\/2011\/12\/logo-exterminateur-montreal-e1654628842986.png","contentUrl":"https:\/\/exterminateuramontreal.ca\/wp-content\/uploads\/2011\/12\/logo-exterminateur-montreal-e1654628842986.png","width":176,"height":74,"caption":"Exterminateur \u00e0 Montr\u00e9al"},"image":{"@id":"https:\/\/exterminateuramontreal.ca\/en\/#\/schema\/logo\/image\/"}}]}},"_links":{"self":[{"href":"https:\/\/exterminateuramontreal.ca\/en\/wp-json\/wp\/v2\/pages\/5793","targetHints":{"allow":["GET"]}}],"collection":[{"href":"https:\/\/exterminateuramontreal.ca\/en\/wp-json\/wp\/v2\/pages"}],"about":[{"href":"https:\/\/exterminateuramontreal.ca\/en\/wp-json\/wp\/v2\/types\/page"}],"author":[{"embeddable":true,"href":"https:\/\/exterminateuramontreal.ca\/en\/wp-json\/wp\/v2\/users\/10"}],"replies":[{"embeddable":true,"href":"https:\/\/exterminateuramontreal.ca\/en\/wp-json\/wp\/v2\/comments?post=5793"}],"version-history":[{"count":4,"href":"https:\/\/exterminateuramontreal.ca\/en\/wp-json\/wp\/v2\/pages\/5793\/revisions"}],"predecessor-version":[{"id":5871,"href":"https:\/\/exterminateuramontreal.ca\/en\/wp-json\/wp\/v2\/pages\/5793\/revisions\/5871"}],"wp:attachment":[{"href":"https:\/\/exterminateuramontreal.ca\/en\/wp-json\/wp\/v2\/media?parent=5793"}],"curies":[{"name":"wp","href":"https:\/\/api.w.org\/{rel}","templated":true}]}}