{"id":5550,"date":"2022-06-14T14:22:22","date_gmt":"2022-06-14T18:22:22","guid":{"rendered":"https:\/\/exterminateuramontreal.ca\/the-pharaoh-ant-2\/"},"modified":"2022-06-15T11:23:33","modified_gmt":"2022-06-15T15:23:33","slug":"the-pharaoh-ant","status":"publish","type":"page","link":"https:\/\/exterminateuramontreal.ca\/en\/the-pharaoh-ant\/","title":{"rendered":"The Pharaoh Ant"},"content":{"rendered":"<div class=\"n2_clear\"><ss3-force-full-width data-overflow-x=\"body\" data-horizontal-selector=\"body\"><div class=\"n2-section-smartslider fitvidsignore  n2_clear\" data-ssid=\"199\"><div id=\"n2-ss-199-align\" class=\"n2-ss-align\"><div class=\"n2-padding\"><div id=\"n2-ss-199\" data-creator=\"Smart Slider 3\" data-responsive=\"fullwidth\" class=\"n2-ss-slider n2-ow n2-has-hover n2notransition  \">\n        <div class=\"n2-ss-slider-1 n2-ow\">\n            <div class=\"n2-ss-slider-2 n2-ow\">\n                <div class=\"n2-ss-slide-backgrounds n2-ow-all\"><div class=\"n2-ss-slide-background\" data-public-id=\"1\" data-mode=\"fill\"><div class=\"n2-ss-slide-background-image\" data-blur=\"0\" data-opacity=\"50\" data-x=\"75\" data-y=\"35\" data-alt=\"\" data-title=\"\" style=\"opacity:0.5;--ss-o-pos-x:75%;--ss-o-pos-y:35%\"><picture class=\"skip-lazy\" data-skip-lazy=\"1\"><img decoding=\"async\" src=\"\/\/exterminateuramontreal.ca\/wp-content\/uploads\/2022\/04\/guillaume-de-germain-mrL7QWWkciE-unsplash-scaled.jpg\" alt=\"\" title=\"\" loading=\"lazy\" class=\"skip-lazy\" data-skip-lazy=\"1\"><\/picture><\/div><div data-color=\"RGBA(0,0,0,1)\" style=\"background-color: RGBA(0,0,0,1);\" class=\"n2-ss-slide-background-color\"><\/div><\/div><\/div>                <div class=\"n2-ss-slider-3 n2-ow\">\n                    <svg xmlns=\"http:\/\/www.w3.org\/2000\/svg\" viewBox=\"0 0 1920 900\" data-related-device=\"desktopPortrait\" class=\"n2-ow n2-ss-preserve-size n2-ss-preserve-size--slider n2-ss-slide-limiter\"><\/svg><div data-first=\"1\" data-slide-duration=\"0\" data-id=\"203\" data-slide-public-id=\"1\" data-title=\"exterminateur-a-montreal\" class=\"n2-ss-slide n2-ow  n2-ss-slide-203\"><div role=\"note\" class=\"n2-ss-slide--focus\" tabindex=\"-1\">exterminateur-a-montreal<\/div><div class=\"n2-ss-layers-container n2-ss-slide-limiter n2-ow\"><div class=\"n2-ss-layer n2-ow n-uc-is9uivuzrDlh\" data-sstype=\"slide\" data-pm=\"default\"><div class=\"n2-ss-layer n2-ow n-uc-MeWn2c1gknGJ\" data-pm=\"default\" data-sstype=\"content\" data-hasbackground=\"0\"><div class=\"n2-ss-section-main-content n2-ss-layer-with-background n2-ss-layer-content n2-ow n-uc-MeWn2c1gknGJ-inner\"><div class=\"n2-ss-layer n2-ow n-uc-surVq4FG590p\" data-pm=\"normal\" data-sstype=\"layer\"><h1 id=\"n2-ss-199item1\" class=\"n2-font-3b2a58b4a50c0e729808df0b6b4bacbf-hover   n2-ss-item-content n2-ss-text n2-ow\" style=\"display:block;\">The pharaoh ant<\/h1><\/div><div class=\"n2-ss-layer n2-ow n-uc-1fUIWdsaeaIv n2-ss-layer--auto\" data-pm=\"normal\" data-sstype=\"layer\"><div class=\"n2-ss-button-container n2-ss-item-content n2-ow n2-font-146c9a3e96286a145729355457cdd451-link  n2-ss-nowrap n2-ss-button-container--non-full-width\"><a class=\"n2-style-7af0fe51fa2035e956cba40fcded744c-heading  n2-ow \" href=\"https:\/\/exterminateuramontreal.ca\/en\/contacter-votre-exterminateur-a-montreal\/\"><div><div>Contact us<\/div><\/div><\/a><\/div><\/div><\/div><\/div><\/div><\/div><\/div>                <\/div>\n                            <\/div>\n        <\/div>\n        <\/div><ss3-loader><\/ss3-loader><\/div><\/div><div class=\"n2_clear\"><\/div><\/div><\/ss3-force-full-width><\/div>\n\n\n<div class=\"wp-block-columns section_column is-layout-flex wp-container-core-columns-is-layout-9d6595d7 wp-block-columns-is-layout-flex\">\n<div class=\"wp-block-column paddingsec is-layout-flow wp-block-column-is-layout-flow\">\n<div class=\"wp-block-columns is-layout-flex wp-container-core-columns-is-layout-9d6595d7 wp-block-columns-is-layout-flex\">\n<div class=\"wp-block-column borderh22 is-layout-flow wp-block-column-is-layout-flow\">\n<h2 class=\"wp-block-heading\" id=\"un-probleme-de-rongeur-1\">The Pharaoh Ant<\/h2>\n<\/div>\n<\/div>\n\n\n<div class=\"green_box\"  style=\"width:630px;\">\r\n<div class=\"green_box_content\">\r\n<\/p>\n<table class=\"insect-top-table\">\n<tbody>\n<tr>\n<td>Nom fran\u00e7ais<\/td>\n<td>Fourmi pharaon<\/td>\n<\/tr>\n<tr>\n<td>Nom anglais<\/td>\n<td><em>Pharaoh ant<\/em><\/td>\n<\/tr>\n<tr>\n<td>Nom latin<\/td>\n<td><em>Monomorium pharaonis<\/em><\/td>\n<\/tr>\n<\/tbody>\n<\/table>\n<p>\r\n<\/div>\r\n<\/div>\n\n\n\n<p>It is a small insect of the Formicidae family that lives in colonies.<\/p>\n\n\n\n<div class=\"wp-block-image\"><figure class=\"alignleft\"><a href=\"https:\/\/exterminateuramontreal.ca\/wp-content\/uploads\/2012\/03\/Fourmis-pharaon2.jpg\"><img decoding=\"async\" width=\"200\" height=\"133\" src=\"https:\/\/exterminateuramontreal.ca\/wp-content\/uploads\/2012\/03\/Fourmis-pharaon2.jpg\" alt=\"pharaoh ants\" class=\"wp-image-2036\" title=\"Pharaoh Ants[2]\"\/><\/a><\/figure><\/div>\n\n\n\n<p>It is a species that is not native to Egypt \ud83d\ude42 (but more likely from West Africa).<br \/>It has a coloration ranging from golden yellow to reddish brown. His abdomen is usually darker than the rest of his body.<\/p>\n\n\n\n<p>It survives in heated buildings. She loves tropical greenhouses, medical establishments and restaurants.<\/p>\n<\/div>\n<\/div>\n\n\n\n<div class=\"wp-block-columns section_column is-layout-flex wp-container-core-columns-is-layout-9d6595d7 wp-block-columns-is-layout-flex\">\n<div class=\"wp-block-column paddingsec is-layout-flow wp-block-column-is-layout-flow\">\n<div class=\"wp-block-columns is-layout-flex wp-container-core-columns-is-layout-9d6595d7 wp-block-columns-is-layout-flex\">\n<div class=\"wp-block-column borderh22 is-layout-flow wp-block-column-is-layout-flow\">\n<h2 class=\"wp-block-heading\" id=\"un-probleme-de-rongeur-1\">Mores of the Pharaoh ants<\/h2>\n<\/div>\n<\/div>\n\n\n\n<p>The colony had only one form of female workers. There are no soldiers. Workers are sterile female ants that measure between 1.5 and 2 mm.<\/p>\n\n\n\n<p>The Pharaoh Ant doesn&#8217;t sting. It has a sting that is far too weak to pierce human skin.<\/p>\n<\/div>\n<\/div>\n\n\n\n<div class=\"wp-block-columns paddingsec section_cta column_space cta_article has-luminous-vivid-amber-background-color has-background is-layout-flex wp-container-core-columns-is-layout-9d6595d7 wp-block-columns-is-layout-flex\">\n<div class=\"wp-block-column is-layout-flow wp-block-column-is-layout-flow\">\n<div class=\"wp-block-columns is-layout-flex wp-container-core-columns-is-layout-9d6595d7 wp-block-columns-is-layout-flex\">\n<div class=\"wp-block-column is-layout-flow wp-block-column-is-layout-flow\">\n<h2 class=\"has-text-align-center has-white-color has-text-color has-large-font-size wp-block-heading\" id=\"gestion-de-parasites\"><strong>Appeler <a href=\"https:\/\/plus.google.com\/100863149615855788560?hl=fr\">Ren\u00e9 G\u00e9linas<\/a> Votre exterminateur local,<\/strong> <strong>Exp\u00e9rience et int\u00e9grit\u00e9 dans la gestion parasitaire<\/strong><\/h2>\n\n\n\n<div style=\"height:15px\" aria-hidden=\"true\" class=\"wp-block-spacer\"><\/div>\n\n\n\n<h2 class=\"has-text-align-center has-white-color has-text-color has-large-font-size wp-block-heading\"><strong>Tel&nbsp;<\/strong><a href=\"tel:5148302819\">514&nbsp;<strong>830&nbsp;<\/strong>2819<\/a><\/h2>\n<\/div>\n<\/div>\n<\/div>\n<\/div>\n\n\n\n<div class=\"wp-block-columns is-layout-flex wp-container-core-columns-is-layout-9d6595d7 wp-block-columns-is-layout-flex\">\n<div class=\"wp-block-column paddingsec is-layout-flow wp-block-column-is-layout-flow\">\n<div class=\"wp-block-columns is-layout-flex wp-container-core-columns-is-layout-9d6595d7 wp-block-columns-is-layout-flex\">\n<div class=\"wp-block-column borderh22 is-layout-flow wp-block-column-is-layout-flow\">\n<h2 class=\"wp-block-heading\" id=\"un-probleme-de-rongeur-1\">A different behavior &#8230;<\/h2>\n<\/div>\n<\/div>\n\n\n\n<p>The queen has a length varying between 3.5 and 5 mm.<br \/>Reddish brown in colour, it has a dark coloration compared to the workers.<\/p>\n\n\n\n<p>There are several queens in the same colony. This can count 50,000 to 200,000 future queens. They can sometimes be seen when they move with workers both inside and outside the colony. The only difference: wings.<\/p>\n\n\n\n<div class=\"wp-block-image\"><figure class=\"alignleft\"><a href=\"https:\/\/exterminateuramontreal.ca\/wp-content\/uploads\/2012\/03\/fourmis-pharaon-3.jpg\"><img decoding=\"async\" width=\"250\" height=\"216\" src=\"https:\/\/exterminateuramontreal.ca\/wp-content\/uploads\/2012\/03\/fourmis-pharaon-3.jpg\" alt=\"\" class=\"wp-image-2039\" title=\"Pharaoh ants 3\"\/><\/a><\/figure><\/div>\n\n\n\n<p>Each &#8220;satellite&#8221; nest includes several laying queens.<\/p>\n\n\n\n<p>Queens and males mate inside the nest. Unlike most other species of ants (cobblestone ants, carpenter ants), there is no nuptial flight.<\/p>\n\n\n\n<p>Queens lose their wings after breeding. They lay eggs all the time for the good of the colony.<\/p>\n<\/div>\n<\/div>\n","protected":false},"excerpt":{"rendered":"<p>The Pharaoh Ant It is a small insect of the Formicidae family that lives in colonies. It is a species that is not native to Egypt \ud83d\ude42 (but more likely from West Africa).It has a coloration ranging from golden yellow to reddish brown. His abdomen is usually darker than the rest of his body. It [&hellip;]<\/p>\n","protected":false},"author":10,"featured_media":0,"parent":0,"menu_order":0,"comment_status":"closed","ping_status":"closed","template":"","meta":{"_genesis_hide_title":false,"_genesis_hide_breadcrumbs":true,"_genesis_hide_singular_image":false,"_genesis_hide_footer_widgets":false,"_genesis_custom_body_class":"","_genesis_custom_post_class":"","_genesis_layout":"full-width-content","footnotes":""},"class_list":{"0":"post-5550","1":"page","2":"type-page","3":"status-publish","5":"entry"},"yoast_head":"<!-- This site is optimized with the Yoast SEO plugin v27.3 - https:\/\/yoast.com\/product\/yoast-seo-wordpress\/ -->\n<title>Pharaoh ants infestation: speak to an exterminator<\/title>\n<meta name=\"description\" content=\"The pharaoh ant - Monomorium pharaonis - builds huge colonies with satellite nests that win all parts of the house. Pharaoh ants quickly invade the premises and wreak havoc in the kitchens. React early and exterminate them, with a pest management specialist\" \/>\n<meta name=\"robots\" content=\"index, follow, max-snippet:-1, max-image-preview:large, max-video-preview:-1\" \/>\n<link rel=\"canonical\" href=\"https:\/\/exterminateuramontreal.ca\/en\/the-pharaoh-ant\/\" \/>\n<meta property=\"og:locale\" content=\"en_US\" \/>\n<meta property=\"og:type\" content=\"article\" \/>\n<meta property=\"og:title\" content=\"Pharaoh ants infestation: speak to an exterminator\" \/>\n<meta property=\"og:description\" content=\"The pharaoh ant - Monomorium pharaonis - builds huge colonies with satellite nests that win all parts of the house. Pharaoh ants quickly invade the premises and wreak havoc in the kitchens. React early and exterminate them, with a pest management specialist\" \/>\n<meta property=\"og:url\" content=\"https:\/\/exterminateuramontreal.ca\/en\/the-pharaoh-ant\/\" \/>\n<meta property=\"og:site_name\" content=\"Votre exterminateur \u00e0 Montr\u00e9al\" \/>\n<meta property=\"article:modified_time\" content=\"2022-06-15T15:23:33+00:00\" \/>\n<meta property=\"og:image\" content=\"https:\/\/exterminateuramontreal.ca\/wp-content\/uploads\/2012\/03\/Fourmis-pharaon2.jpg\" \/>\n<meta name=\"twitter:label1\" content=\"Est. reading time\" \/>\n\t<meta name=\"twitter:data1\" content=\"2 minutes\" \/>\n<script type=\"application\/ld+json\" class=\"yoast-schema-graph\">{\"@context\":\"https:\\\/\\\/schema.org\",\"@graph\":[{\"@type\":\"WebPage\",\"@id\":\"https:\\\/\\\/exterminateuramontreal.ca\\\/en\\\/the-pharaoh-ant\\\/\",\"url\":\"https:\\\/\\\/exterminateuramontreal.ca\\\/en\\\/the-pharaoh-ant\\\/\",\"name\":\"Pharaoh ants infestation: speak to an exterminator\",\"isPartOf\":{\"@id\":\"https:\\\/\\\/exterminateuramontreal.ca\\\/en\\\/#website\"},\"primaryImageOfPage\":{\"@id\":\"https:\\\/\\\/exterminateuramontreal.ca\\\/en\\\/the-pharaoh-ant\\\/#primaryimage\"},\"image\":{\"@id\":\"https:\\\/\\\/exterminateuramontreal.ca\\\/en\\\/the-pharaoh-ant\\\/#primaryimage\"},\"thumbnailUrl\":\"https:\\\/\\\/exterminateuramontreal.ca\\\/wp-content\\\/uploads\\\/2012\\\/03\\\/Fourmis-pharaon2.jpg\",\"datePublished\":\"2022-06-14T18:22:22+00:00\",\"dateModified\":\"2022-06-15T15:23:33+00:00\",\"description\":\"The pharaoh ant - Monomorium pharaonis - builds huge colonies with satellite nests that win all parts of the house. Pharaoh ants quickly invade the premises and wreak havoc in the kitchens. React early and exterminate them, with a pest management specialist\",\"breadcrumb\":{\"@id\":\"https:\\\/\\\/exterminateuramontreal.ca\\\/en\\\/the-pharaoh-ant\\\/#breadcrumb\"},\"inLanguage\":\"en-CA\",\"potentialAction\":[{\"@type\":\"ReadAction\",\"target\":[\"https:\\\/\\\/exterminateuramontreal.ca\\\/en\\\/the-pharaoh-ant\\\/\"]}]},{\"@type\":\"ImageObject\",\"inLanguage\":\"en-CA\",\"@id\":\"https:\\\/\\\/exterminateuramontreal.ca\\\/en\\\/the-pharaoh-ant\\\/#primaryimage\",\"url\":\"https:\\\/\\\/exterminateuramontreal.ca\\\/wp-content\\\/uploads\\\/2012\\\/03\\\/Fourmis-pharaon2.jpg\",\"contentUrl\":\"https:\\\/\\\/exterminateuramontreal.ca\\\/wp-content\\\/uploads\\\/2012\\\/03\\\/Fourmis-pharaon2.jpg\"},{\"@type\":\"BreadcrumbList\",\"@id\":\"https:\\\/\\\/exterminateuramontreal.ca\\\/en\\\/the-pharaoh-ant\\\/#breadcrumb\",\"itemListElement\":[{\"@type\":\"ListItem\",\"position\":1,\"name\":\"Accueil\",\"item\":\"https:\\\/\\\/exterminateuramontreal.ca\\\/en\\\/\"},{\"@type\":\"ListItem\",\"position\":2,\"name\":\"The Pharaoh Ant\"}]},{\"@type\":\"WebSite\",\"@id\":\"https:\\\/\\\/exterminateuramontreal.ca\\\/en\\\/#website\",\"url\":\"https:\\\/\\\/exterminateuramontreal.ca\\\/en\\\/\",\"name\":\"Exterminateur \u00e0 Montr\u00e9al\",\"description\":\"Votre exterminateur de confiance et pas cher \u00e0 Montr\u00e9al!\",\"publisher\":{\"@id\":\"https:\\\/\\\/exterminateuramontreal.ca\\\/en\\\/#organization\"},\"alternateName\":\"Votre exterminateur de confiance et pas cher \u00e0 Montr\u00e9al!\",\"potentialAction\":[{\"@type\":\"SearchAction\",\"target\":{\"@type\":\"EntryPoint\",\"urlTemplate\":\"https:\\\/\\\/exterminateuramontreal.ca\\\/en\\\/?s={search_term_string}\"},\"query-input\":{\"@type\":\"PropertyValueSpecification\",\"valueRequired\":true,\"valueName\":\"search_term_string\"}}],\"inLanguage\":\"en-CA\"},{\"@type\":\"Organization\",\"@id\":\"https:\\\/\\\/exterminateuramontreal.ca\\\/en\\\/#organization\",\"name\":\"Exterminateur \u00e0 Montr\u00e9al\",\"alternateName\":\"Votre exterminateur de confiance \u00e0 Montr\u00e9al!\",\"url\":\"https:\\\/\\\/exterminateuramontreal.ca\\\/en\\\/\",\"logo\":{\"@type\":\"ImageObject\",\"inLanguage\":\"en-CA\",\"@id\":\"https:\\\/\\\/exterminateuramontreal.ca\\\/en\\\/#\\\/schema\\\/logo\\\/image\\\/\",\"url\":\"https:\\\/\\\/exterminateuramontreal.ca\\\/wp-content\\\/uploads\\\/2011\\\/12\\\/logo-exterminateur-montreal-e1654628842986.png\",\"contentUrl\":\"https:\\\/\\\/exterminateuramontreal.ca\\\/wp-content\\\/uploads\\\/2011\\\/12\\\/logo-exterminateur-montreal-e1654628842986.png\",\"width\":176,\"height\":74,\"caption\":\"Exterminateur \u00e0 Montr\u00e9al\"},\"image\":{\"@id\":\"https:\\\/\\\/exterminateuramontreal.ca\\\/en\\\/#\\\/schema\\\/logo\\\/image\\\/\"}}]}<\/script>\n<!-- \/ Yoast SEO plugin. -->","yoast_head_json":{"title":"Pharaoh ants infestation: speak to an exterminator","description":"The pharaoh ant - Monomorium pharaonis - builds huge colonies with satellite nests that win all parts of the house. Pharaoh ants quickly invade the premises and wreak havoc in the kitchens. React early and exterminate them, with a pest management specialist","robots":{"index":"index","follow":"follow","max-snippet":"max-snippet:-1","max-image-preview":"max-image-preview:large","max-video-preview":"max-video-preview:-1"},"canonical":"https:\/\/exterminateuramontreal.ca\/en\/the-pharaoh-ant\/","og_locale":"en_US","og_type":"article","og_title":"Pharaoh ants infestation: speak to an exterminator","og_description":"The pharaoh ant - Monomorium pharaonis - builds huge colonies with satellite nests that win all parts of the house. Pharaoh ants quickly invade the premises and wreak havoc in the kitchens. React early and exterminate them, with a pest management specialist","og_url":"https:\/\/exterminateuramontreal.ca\/en\/the-pharaoh-ant\/","og_site_name":"Votre exterminateur \u00e0 Montr\u00e9al","article_modified_time":"2022-06-15T15:23:33+00:00","og_image":[{"url":"https:\/\/exterminateuramontreal.ca\/wp-content\/uploads\/2012\/03\/Fourmis-pharaon2.jpg","type":"","width":"","height":""}],"twitter_misc":{"Est. reading time":"2 minutes"},"schema":{"@context":"https:\/\/schema.org","@graph":[{"@type":"WebPage","@id":"https:\/\/exterminateuramontreal.ca\/en\/the-pharaoh-ant\/","url":"https:\/\/exterminateuramontreal.ca\/en\/the-pharaoh-ant\/","name":"Pharaoh ants infestation: speak to an exterminator","isPartOf":{"@id":"https:\/\/exterminateuramontreal.ca\/en\/#website"},"primaryImageOfPage":{"@id":"https:\/\/exterminateuramontreal.ca\/en\/the-pharaoh-ant\/#primaryimage"},"image":{"@id":"https:\/\/exterminateuramontreal.ca\/en\/the-pharaoh-ant\/#primaryimage"},"thumbnailUrl":"https:\/\/exterminateuramontreal.ca\/wp-content\/uploads\/2012\/03\/Fourmis-pharaon2.jpg","datePublished":"2022-06-14T18:22:22+00:00","dateModified":"2022-06-15T15:23:33+00:00","description":"The pharaoh ant - Monomorium pharaonis - builds huge colonies with satellite nests that win all parts of the house. Pharaoh ants quickly invade the premises and wreak havoc in the kitchens. React early and exterminate them, with a pest management specialist","breadcrumb":{"@id":"https:\/\/exterminateuramontreal.ca\/en\/the-pharaoh-ant\/#breadcrumb"},"inLanguage":"en-CA","potentialAction":[{"@type":"ReadAction","target":["https:\/\/exterminateuramontreal.ca\/en\/the-pharaoh-ant\/"]}]},{"@type":"ImageObject","inLanguage":"en-CA","@id":"https:\/\/exterminateuramontreal.ca\/en\/the-pharaoh-ant\/#primaryimage","url":"https:\/\/exterminateuramontreal.ca\/wp-content\/uploads\/2012\/03\/Fourmis-pharaon2.jpg","contentUrl":"https:\/\/exterminateuramontreal.ca\/wp-content\/uploads\/2012\/03\/Fourmis-pharaon2.jpg"},{"@type":"BreadcrumbList","@id":"https:\/\/exterminateuramontreal.ca\/en\/the-pharaoh-ant\/#breadcrumb","itemListElement":[{"@type":"ListItem","position":1,"name":"Accueil","item":"https:\/\/exterminateuramontreal.ca\/en\/"},{"@type":"ListItem","position":2,"name":"The Pharaoh Ant"}]},{"@type":"WebSite","@id":"https:\/\/exterminateuramontreal.ca\/en\/#website","url":"https:\/\/exterminateuramontreal.ca\/en\/","name":"Exterminateur \u00e0 Montr\u00e9al","description":"Votre exterminateur de confiance et pas cher \u00e0 Montr\u00e9al!","publisher":{"@id":"https:\/\/exterminateuramontreal.ca\/en\/#organization"},"alternateName":"Votre exterminateur de confiance et pas cher \u00e0 Montr\u00e9al!","potentialAction":[{"@type":"SearchAction","target":{"@type":"EntryPoint","urlTemplate":"https:\/\/exterminateuramontreal.ca\/en\/?s={search_term_string}"},"query-input":{"@type":"PropertyValueSpecification","valueRequired":true,"valueName":"search_term_string"}}],"inLanguage":"en-CA"},{"@type":"Organization","@id":"https:\/\/exterminateuramontreal.ca\/en\/#organization","name":"Exterminateur \u00e0 Montr\u00e9al","alternateName":"Votre exterminateur de confiance \u00e0 Montr\u00e9al!","url":"https:\/\/exterminateuramontreal.ca\/en\/","logo":{"@type":"ImageObject","inLanguage":"en-CA","@id":"https:\/\/exterminateuramontreal.ca\/en\/#\/schema\/logo\/image\/","url":"https:\/\/exterminateuramontreal.ca\/wp-content\/uploads\/2011\/12\/logo-exterminateur-montreal-e1654628842986.png","contentUrl":"https:\/\/exterminateuramontreal.ca\/wp-content\/uploads\/2011\/12\/logo-exterminateur-montreal-e1654628842986.png","width":176,"height":74,"caption":"Exterminateur \u00e0 Montr\u00e9al"},"image":{"@id":"https:\/\/exterminateuramontreal.ca\/en\/#\/schema\/logo\/image\/"}}]}},"_links":{"self":[{"href":"https:\/\/exterminateuramontreal.ca\/en\/wp-json\/wp\/v2\/pages\/5550","targetHints":{"allow":["GET"]}}],"collection":[{"href":"https:\/\/exterminateuramontreal.ca\/en\/wp-json\/wp\/v2\/pages"}],"about":[{"href":"https:\/\/exterminateuramontreal.ca\/en\/wp-json\/wp\/v2\/types\/page"}],"author":[{"embeddable":true,"href":"https:\/\/exterminateuramontreal.ca\/en\/wp-json\/wp\/v2\/users\/10"}],"replies":[{"embeddable":true,"href":"https:\/\/exterminateuramontreal.ca\/en\/wp-json\/wp\/v2\/comments?post=5550"}],"version-history":[{"count":3,"href":"https:\/\/exterminateuramontreal.ca\/en\/wp-json\/wp\/v2\/pages\/5550\/revisions"}],"predecessor-version":[{"id":6045,"href":"https:\/\/exterminateuramontreal.ca\/en\/wp-json\/wp\/v2\/pages\/5550\/revisions\/6045"}],"wp:attachment":[{"href":"https:\/\/exterminateuramontreal.ca\/en\/wp-json\/wp\/v2\/media?parent=5550"}],"curies":[{"name":"wp","href":"https:\/\/api.w.org\/{rel}","templated":true}]}}