{"id":5525,"date":"2022-06-14T14:15:57","date_gmt":"2022-06-14T18:15:57","guid":{"rendered":"https:\/\/exterminateuramontreal.ca\/exterminator-at-saint-charles-borromed-2\/"},"modified":"2022-06-14T14:15:57","modified_gmt":"2022-06-14T18:15:57","slug":"exterminator-at-saint-charles-borromed-2","status":"publish","type":"page","link":"https:\/\/exterminateuramontreal.ca\/en\/exterminator-at-saint-charles-borromed-2\/","title":{"rendered":"Exterminator at SAINT-CHARLES BORROMED"},"content":{"rendered":"<p>Whether you live in the suburbs or in the countryside, your home is likely to be invaded by insects or rodents. Your home is thus stormed by these harmful visitors and these critters destroy your habitat and undermine your lifestyle. Getting rid of it then becomes a priority. Don&#8217;t you know how to do it? The Saint-Charles-Borrom\u00e9e exterminator service is the solution to this problem. Discover in the lines that follow this company through all the quality services it offers.<\/p>\n<p><img decoding=\"async\" class=\"aligncenter size-large wp-image-2285\" src=\"https:\/\/exterminateuramontreal.ca\/wp-content\/uploads\/2021\/03\/rat-1024x480.jpg\" alt=\"\" width=\"1024\" height=\"480\" srcset=\"https:\/\/exterminateuramontreal.ca\/wp-content\/uploads\/2021\/03\/rat-1024x480.jpg 1024w, https:\/\/exterminateuramontreal.ca\/wp-content\/uploads\/2021\/03\/rat-300x141.jpg 300w, https:\/\/exterminateuramontreal.ca\/wp-content\/uploads\/2021\/03\/rat-768x360.jpg 768w, https:\/\/exterminateuramontreal.ca\/wp-content\/uploads\/2021\/03\/rat-1536x720.jpg 1536w, https:\/\/exterminateuramontreal.ca\/wp-content\/uploads\/2021\/03\/rat.jpg 1920w\" sizes=\"(max-width: 1024px) 100vw, 1024px\" \/><\/p>\n<h2>Saint-Charles-Borrom\u00e9e Extermination Service<\/h2>\n<p>The Saint-Charles-Borrom\u00e9e exterminator service is an agency approved by the Quebec Ministry of the Environment, specializing in parasitic management. It has certified and competent technicians who provide clients with a great deal of expertise. Through impeccable service, quality and environmentally friendly, the agency has several years of experience in the field and intervenes in Greater Montreal.<\/p>\n<h2>Extermination of Saint-Charles-Borrom\u00e9e ants<\/h2>\n<p>There are of course several species of ants that could invade your homes. However, a particular species is specified here, what attracts it and how to keep it away from home.<\/p>\n<h3>What kind of ant to expect?<\/h3>\n<p>This is the carpenter ant. Contrary to popular belief, these ants do not eat wood, but dig tunnels there, just to live there. Males can be between 9 and 10 mm long and have fragile legs. While females have a more robust appearance, a longer and wider head with much more potent pasta. Only female queens and males have wings.<\/p>\n<p>Following mating, a queen can lay between 4,000 and 10,000 eggs per day. She has at her disposal workers who feed her and transport the eggs with their mandibles for the incubation chamber.<\/p>\n<h3>Why do ants venture into your home?<\/h3>\n<p>When an ant ventures into your home, it&#8217;s to look for food. But when it comes to a queen, it&#8217;s because she&#8217;s looking for a location for her new nest. Ants are often on the lookout for sugary foods, meats and fats. They prefer the damp parts of the house and have a habit of growing mushrooms in rotten wood.<\/p>\n<p><img decoding=\"async\" class=\"aligncenter size-large wp-image-2289\" src=\"https:\/\/exterminateuramontreal.ca\/wp-content\/uploads\/2021\/03\/fourmis-1024x480.jpg\" alt=\"\" width=\"1024\" height=\"480\" srcset=\"https:\/\/exterminateuramontreal.ca\/wp-content\/uploads\/2021\/03\/fourmis-1024x480.jpg 1024w, https:\/\/exterminateuramontreal.ca\/wp-content\/uploads\/2021\/03\/fourmis-300x141.jpg 300w, https:\/\/exterminateuramontreal.ca\/wp-content\/uploads\/2021\/03\/fourmis-768x360.jpg 768w, https:\/\/exterminateuramontreal.ca\/wp-content\/uploads\/2021\/03\/fourmis-1536x720.jpg 1536w, https:\/\/exterminateuramontreal.ca\/wp-content\/uploads\/2021\/03\/fourmis.jpg 1920w\" sizes=\"(max-width: 1024px) 100vw, 1024px\" \/><\/p>\n<h3>Extermination and expert advice<\/h3>\n<p>For optimal extermination of ants, the first phase is to detect the main nest. <strong> The ants exterminator<\/strong> will have to during an inspection locate the source. The main nest is usually outside, but there may be a secondary nest in your home, the seat of a new queen. The next step in the <strong>ants extermination process<\/strong> will be to eliminate the queen and destroy the entire colony.<\/p>\n<p>Finally, in order to get rid of ants for good, it is advisable to follow some recommendations. They consist of<\/p>\n<ul>\n<li style=\"list-style-type: none;\">\n<ul>\n<li aria-level=\"1\">Avoid placing your logs or wooden ropes glued to the walls of the house;<\/li>\n<li aria-level=\"1\">Cut down tree branches that touch your home;<\/li>\n<li aria-level=\"1\">Avoid leaving food dragged over the counter and close sugary foods tightly.<\/li>\n<\/ul>\n<\/li>\n<\/ul>\n<div class=\"blue_box\" >\r\n<div class=\"blue_box_content\">\r\n<\/p>\n<p>Don&#8217;t let ants invade you. Identifying the real source of the problem is our job. If you can&#8217;t get rid of its pests,<\/p>\n<p><strong>Call your exterminator in Montreal <a href=\"tel:5148302819\">514 830 2819<\/a><\/strong><\/p>\n<p>\r\n<\/div>\r\n<\/div>\n<h2>Extermination of St. Charles-Borrom\u00e9e mice or rats<\/h2>\n<p>Mice and sewer rats, in addition to plundering your food supplies, damage the structure of your habitat. But these critters also <strong>carry viruses and bacteria<\/strong> that are life-threatening and transmissible to humans.<\/p>\n<h3>What distinguishes a rat from a mouse?<\/h3>\n<p>Mice have small eyes, small legs, weigh on average 30 to 45 g with a grey coat. Their tails are often longer and they have large ears proportional to their size. Rats measure an average of 45 cm and have a massive, robust body. Their coat is brown grey while the tail is hairless and covered with scales. They have small ears, small eyes and a square snout.<\/p>\n<p>It is important to note that one species of mouse, the Scots mouse, carries a virus that is deadly to humans. This is Hantavirus which can cause fatal infections of the lungs.<\/p>\n<h3>How do these critters enter homes?<\/h3>\n<p>To infiltrate your home, rats pass through faulty sewers or open drains. But also through the windows or another opening at the level of the architecture of your building. Meanwhile, mice dig burrows in gardens for shelter while waiting for access to houses.<\/p>\n<p><img decoding=\"async\" class=\"aligncenter size-large wp-image-2291\" src=\"https:\/\/exterminateuramontreal.ca\/wp-content\/uploads\/2021\/03\/souris-1024x480.jpg\" alt=\"\" width=\"1024\" height=\"480\" srcset=\"https:\/\/exterminateuramontreal.ca\/wp-content\/uploads\/2021\/03\/souris-1024x480.jpg 1024w, https:\/\/exterminateuramontreal.ca\/wp-content\/uploads\/2021\/03\/souris-300x141.jpg 300w, https:\/\/exterminateuramontreal.ca\/wp-content\/uploads\/2021\/03\/souris-768x360.jpg 768w, https:\/\/exterminateuramontreal.ca\/wp-content\/uploads\/2021\/03\/souris-1536x720.jpg 1536w, https:\/\/exterminateuramontreal.ca\/wp-content\/uploads\/2021\/03\/souris.jpg 1920w\" sizes=\"(max-width: 1024px) 100vw, 1024px\" \/><\/p>\n<p>&nbsp;<\/p>\n<h3>How can intrusions be prevented and managed?<\/h3>\n<p>To avoid intrusions, your home must be completely waterproof. This will require making all openings on the building airtight, restoring the sewer system and closing holes at floor level.<\/p>\n<p>However, if these critters are already at home, it is important to use a rodent exterminator service. A <strong>rat exterminator team<\/strong> will get rid of the rats and a mouse exterminator team will take care of the mice.<\/p>\n<h2>Capture of Unwanted Animals Saint-Charles-Borrom\u00e9e<\/h2>\n<p>You can find intruders such as raccoons in your garden or around you. This is because the climate and environment of cities like Montreal are favourable to it. The raccoon is a solitary animal of a peaceful nature.<\/p>\n<p>It is easily recognizable thanks to its white and black curly tail. But also thanks to its very characteristic black mask. He is very skilled with his paws and has a habit of rummaging through garbage cans in search of food. Its habitat can be in a burrow, attic, shed or under a tree. If all your attempts to keep it away fail, then call a service to catch unwanted animals. With more professional techniques and approaches, they will easily get rid of this animal.<\/p>\n<p>&nbsp;<\/p>\n<h2>Contact us<\/h2>\n\n<div class=\"wpcf7 no-js\" id=\"wpcf7-f2236-o1\" lang=\"en-CA\" dir=\"ltr\" data-wpcf7-id=\"2236\">\n<div class=\"screen-reader-response\"><p role=\"status\" aria-live=\"polite\" aria-atomic=\"true\"><\/p> <ul><\/ul><\/div>\n<form action=\"\/en\/wp-json\/wp\/v2\/pages\/5525#wpcf7-f2236-o1\" method=\"post\" class=\"wpcf7-form init\" aria-label=\"Contact form\" novalidate=\"novalidate\" data-status=\"init\">\n<fieldset class=\"hidden-fields-container\"><input type=\"hidden\" name=\"_wpcf7\" value=\"2236\" \/><input type=\"hidden\" name=\"_wpcf7_version\" value=\"6.1.5\" \/><input type=\"hidden\" name=\"_wpcf7_locale\" value=\"en_CA\" \/><input type=\"hidden\" name=\"_wpcf7_unit_tag\" value=\"wpcf7-f2236-o1\" \/><input type=\"hidden\" name=\"_wpcf7_container_post\" value=\"0\" \/><input type=\"hidden\" name=\"_wpcf7_posted_data_hash\" value=\"\" \/><input type=\"hidden\" name=\"_wpcf7_recaptcha_response\" value=\"\" \/>\n<\/fieldset>\n<p>Your name (compulsory)\n<\/p>\n<p><span class=\"wpcf7-form-control-wrap\" data-name=\"text-319\"><input size=\"40\" maxlength=\"400\" class=\"wpcf7-form-control wpcf7-text wpcf7-validates-as-required\" aria-required=\"true\" aria-invalid=\"false\" value=\"\" type=\"text\" name=\"text-319\" \/><\/span>\n<\/p>\n<p>Your email (compulsory)\n<\/p>\n<p><span class=\"wpcf7-form-control-wrap\" data-name=\"email-847\"><input size=\"40\" maxlength=\"400\" class=\"wpcf7-form-control wpcf7-email wpcf7-validates-as-required wpcf7-text wpcf7-validates-as-email\" aria-required=\"true\" aria-invalid=\"false\" value=\"\" type=\"email\" name=\"email-847\" \/><\/span>\n<\/p>\n<p>Your phone (compulsory)\n<\/p>\n<p><span class=\"wpcf7-form-control-wrap\" data-name=\"tel-516\"><input size=\"40\" maxlength=\"400\" class=\"wpcf7-form-control wpcf7-tel wpcf7-validates-as-required wpcf7-text wpcf7-validates-as-tel\" aria-required=\"true\" aria-invalid=\"false\" value=\"\" type=\"tel\" name=\"tel-516\" \/><\/span>\n<\/p>\n<p>Your city:<br \/>\n<span class=\"wpcf7-form-control-wrap\" data-name=\"ville-642\"><input size=\"40\" maxlength=\"400\" class=\"wpcf7-form-control wpcf7-text\" aria-invalid=\"false\" value=\"\" type=\"text\" name=\"ville-642\" \/><\/span>\n<\/p>\n<p>Subject\n<\/p>\n<p><span class=\"wpcf7-form-control-wrap\" data-name=\"your-subject\"><input size=\"40\" maxlength=\"400\" class=\"wpcf7-form-control wpcf7-text wpcf7-validates-as-required\" aria-required=\"true\" aria-invalid=\"false\" value=\"\" type=\"text\" name=\"your-subject\" \/><\/span>\n<\/p>\n<p>Your message\n<\/p>\n<p><span class=\"wpcf7-form-control-wrap\" data-name=\"your-message\"><textarea cols=\"40\" rows=\"10\" maxlength=\"2000\" class=\"wpcf7-form-control wpcf7-textarea wpcf7-validates-as-required\" aria-required=\"true\" aria-invalid=\"false\" name=\"your-message\"><\/textarea><\/span>\n<\/p>\n<p><input class=\"wpcf7-form-control wpcf7-submit has-spinner\" type=\"submit\" value=\"Send\" \/>\n<\/p><p style=\"display: none !important;\" class=\"akismet-fields-container\" data-prefix=\"_wpcf7_ak_\"><label>&#916;<textarea name=\"_wpcf7_ak_hp_textarea\" cols=\"45\" rows=\"8\" maxlength=\"100\"><\/textarea><\/label><input type=\"hidden\" id=\"ak_js_1\" name=\"_wpcf7_ak_js\" value=\"213\"\/><script type=\"text\/javascript\">\n\/* <![CDATA[ *\/\ndocument.getElementById( \"ak_js_1\" ).setAttribute( \"value\", ( new Date() ).getTime() );\n\/* ]]> *\/\n<\/script>\n<\/p><div class=\"wpcf7-response-output\" aria-hidden=\"true\"><\/div>\n<\/form>\n<\/div>\n\n<p>&nbsp;<\/p>\n","protected":false},"excerpt":{"rendered":"<p>Whether you live in the suburbs or in the countryside, your home is likely to be invaded by insects or rodents. Your home is thus stormed by these harmful visitors and these critters destroy your habitat and undermine your lifestyle. Getting rid of it then becomes a priority. Don&#8217;t you know how to do it? [&hellip;]<\/p>\n","protected":false},"author":2,"featured_media":0,"parent":0,"menu_order":0,"comment_status":"closed","ping_status":"closed","template":"","meta":{"_genesis_hide_title":false,"_genesis_hide_breadcrumbs":false,"_genesis_hide_singular_image":false,"_genesis_hide_footer_widgets":false,"_genesis_custom_body_class":"","_genesis_custom_post_class":"","_genesis_layout":"","footnotes":""},"class_list":{"0":"post-5525","1":"page","2":"type-page","3":"status-publish","5":"entry"},"yoast_head":"<!-- This site is optimized with the Yoast SEO plugin v27.5 - https:\/\/yoast.com\/product\/yoast-seo-wordpress\/ -->\n<title>Exterminator at SAINT-CHARLES BORROMED - Votre exterminateur \u00e0 Montr\u00e9al<\/title>\n<meta name=\"description\" content=\"Whether you live in the suburbs or in the countryside, your home is likely to be invaded by insects or rodents. Your home is thus stormed by these harmful\" \/>\n<meta name=\"robots\" content=\"index, follow, max-snippet:-1, max-image-preview:large, max-video-preview:-1\" \/>\n<link rel=\"canonical\" href=\"https:\/\/exterminateuramontreal.ca\/en\/exterminator-at-saint-charles-borromed-2\/\" \/>\n<meta property=\"og:locale\" content=\"en_US\" \/>\n<meta property=\"og:type\" content=\"article\" \/>\n<meta property=\"og:title\" content=\"Exterminator at SAINT-CHARLES BORROMED - Votre exterminateur \u00e0 Montr\u00e9al\" \/>\n<meta property=\"og:description\" content=\"Whether you live in the suburbs or in the countryside, your home is likely to be invaded by insects or rodents. Your home is thus stormed by these harmful\" \/>\n<meta property=\"og:url\" content=\"https:\/\/exterminateuramontreal.ca\/en\/exterminator-at-saint-charles-borromed-2\/\" \/>\n<meta property=\"og:site_name\" content=\"Votre exterminateur \u00e0 Montr\u00e9al\" \/>\n<meta property=\"og:image\" content=\"https:\/\/exterminateuramontreal.ca\/wp-content\/uploads\/2021\/03\/rat-1024x480.jpg\" \/>\n<meta name=\"twitter:label1\" content=\"Est. reading time\" \/>\n\t<meta name=\"twitter:data1\" content=\"5 minutes\" \/>\n<script type=\"application\/ld+json\" class=\"yoast-schema-graph\">{\"@context\":\"https:\\\/\\\/schema.org\",\"@graph\":[{\"@type\":\"WebPage\",\"@id\":\"https:\\\/\\\/exterminateuramontreal.ca\\\/en\\\/exterminator-at-saint-charles-borromed-2\\\/\",\"url\":\"https:\\\/\\\/exterminateuramontreal.ca\\\/en\\\/exterminator-at-saint-charles-borromed-2\\\/\",\"name\":\"Exterminator at SAINT-CHARLES BORROMED - Votre exterminateur \u00e0 Montr\u00e9al\",\"isPartOf\":{\"@id\":\"https:\\\/\\\/exterminateuramontreal.ca\\\/en\\\/#website\"},\"primaryImageOfPage\":{\"@id\":\"https:\\\/\\\/exterminateuramontreal.ca\\\/en\\\/exterminator-at-saint-charles-borromed-2\\\/#primaryimage\"},\"image\":{\"@id\":\"https:\\\/\\\/exterminateuramontreal.ca\\\/en\\\/exterminator-at-saint-charles-borromed-2\\\/#primaryimage\"},\"thumbnailUrl\":\"https:\\\/\\\/exterminateuramontreal.ca\\\/wp-content\\\/uploads\\\/2021\\\/03\\\/rat-1024x480.jpg\",\"datePublished\":\"2022-06-14T18:15:57+00:00\",\"description\":\"Whether you live in the suburbs or in the countryside, your home is likely to be invaded by insects or rodents. Your home is thus stormed by these harmful\",\"breadcrumb\":{\"@id\":\"https:\\\/\\\/exterminateuramontreal.ca\\\/en\\\/exterminator-at-saint-charles-borromed-2\\\/#breadcrumb\"},\"inLanguage\":\"en-CA\",\"potentialAction\":[{\"@type\":\"ReadAction\",\"target\":[\"https:\\\/\\\/exterminateuramontreal.ca\\\/en\\\/exterminator-at-saint-charles-borromed-2\\\/\"]}]},{\"@type\":\"ImageObject\",\"inLanguage\":\"en-CA\",\"@id\":\"https:\\\/\\\/exterminateuramontreal.ca\\\/en\\\/exterminator-at-saint-charles-borromed-2\\\/#primaryimage\",\"url\":\"https:\\\/\\\/exterminateuramontreal.ca\\\/wp-content\\\/uploads\\\/2021\\\/03\\\/rat-1024x480.jpg\",\"contentUrl\":\"https:\\\/\\\/exterminateuramontreal.ca\\\/wp-content\\\/uploads\\\/2021\\\/03\\\/rat-1024x480.jpg\"},{\"@type\":\"BreadcrumbList\",\"@id\":\"https:\\\/\\\/exterminateuramontreal.ca\\\/en\\\/exterminator-at-saint-charles-borromed-2\\\/#breadcrumb\",\"itemListElement\":[{\"@type\":\"ListItem\",\"position\":1,\"name\":\"Accueil\",\"item\":\"https:\\\/\\\/exterminateuramontreal.ca\\\/en\\\/\"},{\"@type\":\"ListItem\",\"position\":2,\"name\":\"Exterminator at SAINT-CHARLES BORROMED\"}]},{\"@type\":\"WebSite\",\"@id\":\"https:\\\/\\\/exterminateuramontreal.ca\\\/en\\\/#website\",\"url\":\"https:\\\/\\\/exterminateuramontreal.ca\\\/en\\\/\",\"name\":\"Exterminateur \u00e0 Montr\u00e9al\",\"description\":\"Votre exterminateur de confiance et pas cher \u00e0 Montr\u00e9al!\",\"publisher\":{\"@id\":\"https:\\\/\\\/exterminateuramontreal.ca\\\/en\\\/#organization\"},\"alternateName\":\"Votre exterminateur de confiance et pas cher \u00e0 Montr\u00e9al!\",\"potentialAction\":[{\"@type\":\"SearchAction\",\"target\":{\"@type\":\"EntryPoint\",\"urlTemplate\":\"https:\\\/\\\/exterminateuramontreal.ca\\\/en\\\/?s={search_term_string}\"},\"query-input\":{\"@type\":\"PropertyValueSpecification\",\"valueRequired\":true,\"valueName\":\"search_term_string\"}}],\"inLanguage\":\"en-CA\"},{\"@type\":\"Organization\",\"@id\":\"https:\\\/\\\/exterminateuramontreal.ca\\\/en\\\/#organization\",\"name\":\"Exterminateur \u00e0 Montr\u00e9al\",\"alternateName\":\"Votre exterminateur de confiance \u00e0 Montr\u00e9al!\",\"url\":\"https:\\\/\\\/exterminateuramontreal.ca\\\/en\\\/\",\"logo\":{\"@type\":\"ImageObject\",\"inLanguage\":\"en-CA\",\"@id\":\"https:\\\/\\\/exterminateuramontreal.ca\\\/en\\\/#\\\/schema\\\/logo\\\/image\\\/\",\"url\":\"https:\\\/\\\/exterminateuramontreal.ca\\\/wp-content\\\/uploads\\\/2011\\\/12\\\/logo-exterminateur-montreal-e1654628842986.png\",\"contentUrl\":\"https:\\\/\\\/exterminateuramontreal.ca\\\/wp-content\\\/uploads\\\/2011\\\/12\\\/logo-exterminateur-montreal-e1654628842986.png\",\"width\":176,\"height\":74,\"caption\":\"Exterminateur \u00e0 Montr\u00e9al\"},\"image\":{\"@id\":\"https:\\\/\\\/exterminateuramontreal.ca\\\/en\\\/#\\\/schema\\\/logo\\\/image\\\/\"}}]}<\/script>\n<!-- \/ Yoast SEO plugin. -->","yoast_head_json":{"title":"Exterminator at SAINT-CHARLES BORROMED - Votre exterminateur \u00e0 Montr\u00e9al","description":"Whether you live in the suburbs or in the countryside, your home is likely to be invaded by insects or rodents. Your home is thus stormed by these harmful","robots":{"index":"index","follow":"follow","max-snippet":"max-snippet:-1","max-image-preview":"max-image-preview:large","max-video-preview":"max-video-preview:-1"},"canonical":"https:\/\/exterminateuramontreal.ca\/en\/exterminator-at-saint-charles-borromed-2\/","og_locale":"en_US","og_type":"article","og_title":"Exterminator at SAINT-CHARLES BORROMED - Votre exterminateur \u00e0 Montr\u00e9al","og_description":"Whether you live in the suburbs or in the countryside, your home is likely to be invaded by insects or rodents. Your home is thus stormed by these harmful","og_url":"https:\/\/exterminateuramontreal.ca\/en\/exterminator-at-saint-charles-borromed-2\/","og_site_name":"Votre exterminateur \u00e0 Montr\u00e9al","og_image":[{"url":"https:\/\/exterminateuramontreal.ca\/wp-content\/uploads\/2021\/03\/rat-1024x480.jpg","type":"","width":"","height":""}],"twitter_misc":{"Est. reading time":"5 minutes"},"schema":{"@context":"https:\/\/schema.org","@graph":[{"@type":"WebPage","@id":"https:\/\/exterminateuramontreal.ca\/en\/exterminator-at-saint-charles-borromed-2\/","url":"https:\/\/exterminateuramontreal.ca\/en\/exterminator-at-saint-charles-borromed-2\/","name":"Exterminator at SAINT-CHARLES BORROMED - Votre exterminateur \u00e0 Montr\u00e9al","isPartOf":{"@id":"https:\/\/exterminateuramontreal.ca\/en\/#website"},"primaryImageOfPage":{"@id":"https:\/\/exterminateuramontreal.ca\/en\/exterminator-at-saint-charles-borromed-2\/#primaryimage"},"image":{"@id":"https:\/\/exterminateuramontreal.ca\/en\/exterminator-at-saint-charles-borromed-2\/#primaryimage"},"thumbnailUrl":"https:\/\/exterminateuramontreal.ca\/wp-content\/uploads\/2021\/03\/rat-1024x480.jpg","datePublished":"2022-06-14T18:15:57+00:00","description":"Whether you live in the suburbs or in the countryside, your home is likely to be invaded by insects or rodents. Your home is thus stormed by these harmful","breadcrumb":{"@id":"https:\/\/exterminateuramontreal.ca\/en\/exterminator-at-saint-charles-borromed-2\/#breadcrumb"},"inLanguage":"en-CA","potentialAction":[{"@type":"ReadAction","target":["https:\/\/exterminateuramontreal.ca\/en\/exterminator-at-saint-charles-borromed-2\/"]}]},{"@type":"ImageObject","inLanguage":"en-CA","@id":"https:\/\/exterminateuramontreal.ca\/en\/exterminator-at-saint-charles-borromed-2\/#primaryimage","url":"https:\/\/exterminateuramontreal.ca\/wp-content\/uploads\/2021\/03\/rat-1024x480.jpg","contentUrl":"https:\/\/exterminateuramontreal.ca\/wp-content\/uploads\/2021\/03\/rat-1024x480.jpg"},{"@type":"BreadcrumbList","@id":"https:\/\/exterminateuramontreal.ca\/en\/exterminator-at-saint-charles-borromed-2\/#breadcrumb","itemListElement":[{"@type":"ListItem","position":1,"name":"Accueil","item":"https:\/\/exterminateuramontreal.ca\/en\/"},{"@type":"ListItem","position":2,"name":"Exterminator at SAINT-CHARLES BORROMED"}]},{"@type":"WebSite","@id":"https:\/\/exterminateuramontreal.ca\/en\/#website","url":"https:\/\/exterminateuramontreal.ca\/en\/","name":"Exterminateur \u00e0 Montr\u00e9al","description":"Votre exterminateur de confiance et pas cher \u00e0 Montr\u00e9al!","publisher":{"@id":"https:\/\/exterminateuramontreal.ca\/en\/#organization"},"alternateName":"Votre exterminateur de confiance et pas cher \u00e0 Montr\u00e9al!","potentialAction":[{"@type":"SearchAction","target":{"@type":"EntryPoint","urlTemplate":"https:\/\/exterminateuramontreal.ca\/en\/?s={search_term_string}"},"query-input":{"@type":"PropertyValueSpecification","valueRequired":true,"valueName":"search_term_string"}}],"inLanguage":"en-CA"},{"@type":"Organization","@id":"https:\/\/exterminateuramontreal.ca\/en\/#organization","name":"Exterminateur \u00e0 Montr\u00e9al","alternateName":"Votre exterminateur de confiance \u00e0 Montr\u00e9al!","url":"https:\/\/exterminateuramontreal.ca\/en\/","logo":{"@type":"ImageObject","inLanguage":"en-CA","@id":"https:\/\/exterminateuramontreal.ca\/en\/#\/schema\/logo\/image\/","url":"https:\/\/exterminateuramontreal.ca\/wp-content\/uploads\/2011\/12\/logo-exterminateur-montreal-e1654628842986.png","contentUrl":"https:\/\/exterminateuramontreal.ca\/wp-content\/uploads\/2011\/12\/logo-exterminateur-montreal-e1654628842986.png","width":176,"height":74,"caption":"Exterminateur \u00e0 Montr\u00e9al"},"image":{"@id":"https:\/\/exterminateuramontreal.ca\/en\/#\/schema\/logo\/image\/"}}]}},"_links":{"self":[{"href":"https:\/\/exterminateuramontreal.ca\/en\/wp-json\/wp\/v2\/pages\/5525","targetHints":{"allow":["GET"]}}],"collection":[{"href":"https:\/\/exterminateuramontreal.ca\/en\/wp-json\/wp\/v2\/pages"}],"about":[{"href":"https:\/\/exterminateuramontreal.ca\/en\/wp-json\/wp\/v2\/types\/page"}],"author":[{"embeddable":true,"href":"https:\/\/exterminateuramontreal.ca\/en\/wp-json\/wp\/v2\/users\/2"}],"replies":[{"embeddable":true,"href":"https:\/\/exterminateuramontreal.ca\/en\/wp-json\/wp\/v2\/comments?post=5525"}],"version-history":[{"count":0,"href":"https:\/\/exterminateuramontreal.ca\/en\/wp-json\/wp\/v2\/pages\/5525\/revisions"}],"wp:attachment":[{"href":"https:\/\/exterminateuramontreal.ca\/en\/wp-json\/wp\/v2\/media?parent=5525"}],"curies":[{"name":"wp","href":"https:\/\/api.w.org\/{rel}","templated":true}]}}