{"id":5521,"date":"2022-06-14T14:15:24","date_gmt":"2022-06-14T18:15:24","guid":{"rendered":"https:\/\/exterminateuramontreal.ca\/extermination-at-st-lin-of-the-laurentians-2\/"},"modified":"2022-06-15T10:57:12","modified_gmt":"2022-06-15T14:57:12","slug":"extermination-at-st-lin-of-the-laurentians","status":"publish","type":"page","link":"https:\/\/exterminateuramontreal.ca\/en\/extermination-at-st-lin-of-the-laurentians\/","title":{"rendered":"Extermination at St Lin of the Laurentians"},"content":{"rendered":"<div class=\"n2_clear\"><ss3-force-full-width data-overflow-x=\"body\" data-horizontal-selector=\"body\"><div class=\"n2-section-smartslider fitvidsignore  n2_clear\" data-ssid=\"113\"><div id=\"n2-ss-113-align\" class=\"n2-ss-align\"><div class=\"n2-padding\"><div id=\"n2-ss-113\" data-creator=\"Smart Slider 3\" data-responsive=\"fullwidth\" class=\"n2-ss-slider n2-ow n2-has-hover n2notransition  \">\n        <div class=\"n2-ss-slider-1 n2-ow\">\n            <div class=\"n2-ss-slider-2 n2-ow\">\n                <div class=\"n2-ss-slide-backgrounds n2-ow-all\"><div class=\"n2-ss-slide-background\" data-public-id=\"1\" data-mode=\"fill\"><div class=\"n2-ss-slide-background-image\" data-blur=\"0\" data-opacity=\"100\" data-x=\"50\" data-y=\"50\" data-alt=\"\" data-title=\"\"><picture class=\"skip-lazy\" data-skip-lazy=\"1\"><img decoding=\"async\" src=\"\/\/exterminateuramontreal.ca\/wp-content\/uploads\/2022\/01\/exterminateur-a-montreal.jpg\" alt=\"\" title=\"\" loading=\"lazy\" class=\"skip-lazy\" data-skip-lazy=\"1\"><\/picture><\/div><div data-color=\"RGBA(255,255,255,0)\" style=\"background-color: RGBA(255,255,255,0);\" class=\"n2-ss-slide-background-color\"><\/div><\/div><\/div>                <div class=\"n2-ss-slider-3 n2-ow\">\n                    <svg xmlns=\"http:\/\/www.w3.org\/2000\/svg\" viewBox=\"0 0 1920 900\" data-related-device=\"desktopPortrait\" class=\"n2-ow n2-ss-preserve-size n2-ss-preserve-size--slider n2-ss-slide-limiter\"><\/svg><div data-first=\"1\" data-slide-duration=\"0\" data-id=\"117\" data-slide-public-id=\"1\" data-title=\"exterminateur-a-montreal\" class=\"n2-ss-slide n2-ow  n2-ss-slide-117\"><div role=\"note\" class=\"n2-ss-slide--focus\" tabindex=\"-1\">exterminateur-a-montreal<\/div><div class=\"n2-ss-layers-container n2-ss-slide-limiter n2-ow\"><div class=\"n2-ss-layer n2-ow n-uc-4p72LkdaRIIY\" data-sstype=\"slide\" data-pm=\"default\"><div class=\"n2-ss-layer n2-ow n-uc-jiER3Lqf3Xc0\" data-pm=\"default\" data-sstype=\"content\" data-hasbackground=\"0\"><div class=\"n2-ss-section-main-content n2-ss-layer-with-background n2-ss-layer-content n2-ow n-uc-jiER3Lqf3Xc0-inner\"><div class=\"n2-ss-layer n2-ow n-uc-zCHiCP7wR3uX\" data-pm=\"normal\" data-sstype=\"layer\"><h1 id=\"n2-ss-113item1\" class=\"n2-font-3b2a58b4a50c0e729808df0b6b4bacbf-hover   n2-ss-item-content n2-ss-text n2-ow\" style=\"display:block;\">Exterminator in<br>Montreal and the<br>North Shore<\/h1><\/div><div class=\"n2-ss-layer n2-ow n-uc-f6W5Z5mOH5Fu n2-ss-layer--auto\" data-pm=\"normal\" data-sstype=\"layer\"><div class=\"n2-ss-button-container n2-ss-item-content n2-ow n2-font-146c9a3e96286a145729355457cdd451-link  n2-ss-nowrap n2-ss-button-container--non-full-width\"><a class=\"n2-style-7af0fe51fa2035e956cba40fcded744c-heading  n2-ow \" href=\"https:\/\/exterminateuramontreal.ca\/en\/contacter-votre-exterminateur-a-montreal\/\"><div><div>Contact us<\/div><\/div><\/a><\/div><\/div><\/div><\/div><\/div><\/div><\/div>                <\/div>\n                            <\/div>\n        <\/div>\n        <\/div><ss3-loader><\/ss3-loader><\/div><\/div><div class=\"n2_clear\"><\/div><\/div><\/ss3-force-full-width><\/div>\n\n\n<div class=\"wp-block-columns section_column is-layout-flex wp-container-core-columns-is-layout-9d6595d7 wp-block-columns-is-layout-flex\">\n<div class=\"wp-block-column paddingsec is-layout-flow wp-block-column-is-layout-flow\">\n<div class=\"wp-block-columns is-layout-flex wp-container-core-columns-is-layout-9d6595d7 wp-block-columns-is-layout-flex\">\n<div class=\"wp-block-column borderh22 is-layout-flow wp-block-column-is-layout-flow\">\n<h2 class=\"wp-block-heading\" id=\"un-probleme-de-rongeur-1\">Extermination at St Lin of the Laurentians<\/h2>\n<\/div>\n<\/div>\n\n\n\n<p>Installed at 1825 Rue des M\u00fbres J5M 1P1, we are exterminators on greater Montreal in the special service of St Lin,<\/p>\n\n\n\n<p>Check out our pages:<\/p>\n\n\n\n<ul class=\"wp-block-list\"><li><a href=\"https:\/\/exterminateuramontreal.ca\/service-extermination\/\">extermination service<\/a><\/li><li><a href=\"https:\/\/exterminateuramontreal.ca\/processus-exterminateur\/\">exterminator process<\/a><\/li><\/ul>\n<\/div>\n<\/div>\n\n\n\n<div class=\"wp-block-image\"><figure class=\"aligncenter size-full\"><a href=\"https:\/\/exterminateuramontreal.ca\/wp-content\/uploads\/2022\/05\/saint-lin.jpg\"><img decoding=\"async\" width=\"500\" height=\"375\" src=\"https:\/\/exterminateuramontreal.ca\/wp-content\/uploads\/2022\/05\/saint-lin.jpg\" alt=\"\" class=\"wp-image-4273\" srcset=\"https:\/\/exterminateuramontreal.ca\/wp-content\/uploads\/2022\/05\/saint-lin.jpg 500w, https:\/\/exterminateuramontreal.ca\/wp-content\/uploads\/2022\/05\/saint-lin-300x225.jpg 300w\" sizes=\"(max-width: 500px) 100vw, 500px\" \/><\/a><\/figure><\/div>\n\n\n\n<div class=\"wp-block-columns are-vertically-aligned-center section_column is-layout-flex wp-container-core-columns-is-layout-9d6595d7 wp-block-columns-is-layout-flex\">\n<div class=\"wp-block-column is-vertically-aligned-center paddingsec is-layout-flow wp-block-column-is-layout-flow\">\n<p>Our privileged position as &#8220;the city in the country&#8221; gives us quick access to our local customers, as well as those of our neighbors: <strong>Terrebonne<\/strong>, <strong>Saint-J\u00e9r\u00f4me<\/strong> and <strong>Joliette<\/strong>.<\/p>\n\n\n\n<p>Specialists in <a href=\"https:\/\/exterminateuramontreal.ca\/fourmis-charpentieres\/\">carpenter ants<\/a>, <a href=\"https:\/\/exterminateuramontreal.ca\/guepe-et-nid-de-guepes\/\">wasps<\/a>, and rodents such as <a href=\"https:\/\/exterminateuramontreal.ca\/souris-mulot-rongeur\/\">mice<\/a> and <a href=\"https:\/\/exterminateuramontreal.ca\/le-rat-gris-ou-rat-degouts\/\">rats<\/a>, we know well the <a href=\"https:\/\/exterminateuramontreal.ca\/raton-laveur\/\">problems of wild<\/a> animals that invite themselves in your gardens, your barns, your garages &#8230;<\/p>\n<\/div>\n\n\n\n<div class=\"wp-block-column is-layout-flow wp-block-column-is-layout-flow\">\n<figure class=\"wp-block-embed aligncenter is-type-video is-provider-youtube wp-block-embed-youtube wp-embed-aspect-16-9 wp-has-aspect-ratio\"><div class=\"wp-block-embed__wrapper\">\n<iframe title=\"Alerte Animal Exterminateur r\u00e9gion Montr\u00e9al\" width=\"500\" height=\"281\" src=\"https:\/\/www.youtube.com\/embed\/nE_o1l21zBw?feature=oembed\" frameborder=\"0\" allow=\"accelerometer; autoplay; clipboard-write; encrypted-media; gyroscope; picture-in-picture; web-share\" referrerpolicy=\"strict-origin-when-cross-origin\" allowfullscreen><\/iframe>\n<\/div><\/figure>\n<\/div>\n<\/div>\n\n\n\n<div class=\"wp-block-columns section_column is-layout-flex wp-container-core-columns-is-layout-9d6595d7 wp-block-columns-is-layout-flex\">\n<div class=\"wp-block-column paddingsec column_space is-layout-flow wp-block-column-is-layout-flow\">\n<div class=\"wp-block-columns is-layout-flex wp-container-core-columns-is-layout-9d6595d7 wp-block-columns-is-layout-flex\">\n<div class=\"wp-block-column borderh22 is-layout-flow wp-block-column-is-layout-flow\">\n<h2 class=\"wp-block-heading\" id=\"un-probleme-de-rongeur-1\">In the city, four-legged guests &#8230;<\/h2>\n<\/div>\n<\/div>\n\n\n\n<div style=\"height:50px\" aria-hidden=\"true\" class=\"wp-block-spacer\"><\/div>\n\n\n\n<p>Sometimes <a href=\"https:\/\/exterminateuramontreal.ca\/raton-laveur\/\">raccoons<\/a> or beavers are seen in our public parks<\/p>\n\n\n\n<ul class=\"wp-block-list\"><li>Andr\u00e9 Auger Park, (Beaudoin Pavilion) 710 St-Isidore Street,<\/li><li>Parc du Pavillon Desjardins, 9th Avenue and Rue Saint-Isidore,<\/li><li>Gagnon Park, Gabriel Street,<\/li><li>Castor Lake, Rom\u00e9o Lapierre and Chapelain Street (private),<\/li><\/ul>\n\n\n\n<p>In this case, it is reassuring that a rapid intervention is possible and that any fears or risks are limited.<\/p>\n<\/div>\n<\/div>\n\n\n\n<div class=\"wp-block-columns paddingsec section_cta column_space cta_article has-luminous-vivid-amber-background-color has-background is-layout-flex wp-container-core-columns-is-layout-9d6595d7 wp-block-columns-is-layout-flex\">\n<div class=\"wp-block-column is-layout-flow wp-block-column-is-layout-flow\">\n<div class=\"wp-block-columns is-layout-flex wp-container-core-columns-is-layout-9d6595d7 wp-block-columns-is-layout-flex\">\n<div class=\"wp-block-column is-layout-flow wp-block-column-is-layout-flow\">\n<h2 class=\"has-text-align-center has-white-color has-text-color has-large-font-size wp-block-heading\" id=\"gestion-de-parasites\"><strong>Appeler <a href=\"https:\/\/plus.google.com\/100863149615855788560?hl=fr\">Ren\u00e9 G\u00e9linas<\/a> Votre exterminateur local,<\/strong> <strong>Exp\u00e9rience et int\u00e9grit\u00e9 dans la gestion parasitaire<\/strong><\/h2>\n\n\n\n<div style=\"height:15px\" aria-hidden=\"true\" class=\"wp-block-spacer\"><\/div>\n\n\n\n<h2 class=\"has-text-align-center has-white-color has-text-color has-large-font-size wp-block-heading\"><strong>Tel&nbsp;<\/strong><a href=\"tel:5148302819\">514&nbsp;<strong>830&nbsp;<\/strong>2819<\/a><\/h2>\n<\/div>\n<\/div>\n<\/div>\n<\/div>\n","protected":false},"excerpt":{"rendered":"<p>Extermination at St Lin of the Laurentians Installed at 1825 Rue des M\u00fbres J5M 1P1, we are exterminators on greater Montreal in the special service of St Lin, Check out our pages: extermination service exterminator process Our privileged position as &#8220;the city in the country&#8221; gives us quick access to our local customers, as well [&hellip;]<\/p>\n","protected":false},"author":2,"featured_media":0,"parent":0,"menu_order":0,"comment_status":"closed","ping_status":"closed","template":"","meta":{"_genesis_hide_title":false,"_genesis_hide_breadcrumbs":true,"_genesis_hide_singular_image":false,"_genesis_hide_footer_widgets":false,"_genesis_custom_body_class":"","_genesis_custom_post_class":"","_genesis_layout":"full-width-content","footnotes":""},"class_list":{"0":"post-5521","1":"page","2":"type-page","3":"status-publish","5":"entry","6":"has-post-thumbnail"},"yoast_head":"<!-- This site is optimized with the Yoast SEO plugin v27.3 - https:\/\/yoast.com\/product\/yoast-seo-wordpress\/ -->\n<title>Extermination at St Lin of the Laurentians - Votre exterminateur \u00e0 Montr\u00e9al<\/title>\n<meta name=\"description\" content=\"Extermination at St Lin of the Laurentians Installed at 1825 Rue des M\u00fbres J5M 1P1, we are exterminators on greater Montreal in the special service of St\" \/>\n<meta name=\"robots\" content=\"index, follow, max-snippet:-1, max-image-preview:large, max-video-preview:-1\" \/>\n<link rel=\"canonical\" href=\"https:\/\/exterminateuramontreal.ca\/en\/extermination-at-st-lin-of-the-laurentians\/\" \/>\n<meta property=\"og:locale\" content=\"en_US\" \/>\n<meta property=\"og:type\" content=\"article\" \/>\n<meta property=\"og:title\" content=\"Extermination at St Lin of the Laurentians - Votre exterminateur \u00e0 Montr\u00e9al\" \/>\n<meta property=\"og:description\" content=\"Extermination at St Lin of the Laurentians Installed at 1825 Rue des M\u00fbres J5M 1P1, we are exterminators on greater Montreal in the special service of St\" \/>\n<meta property=\"og:url\" content=\"https:\/\/exterminateuramontreal.ca\/en\/extermination-at-st-lin-of-the-laurentians\/\" \/>\n<meta property=\"og:site_name\" content=\"Votre exterminateur \u00e0 Montr\u00e9al\" \/>\n<meta property=\"article:modified_time\" content=\"2022-06-15T14:57:12+00:00\" \/>\n<meta property=\"og:image\" content=\"https:\/\/exterminateuramontreal.ca\/wp-content\/uploads\/2022\/05\/saint-lin.jpg\" \/>\n<meta name=\"twitter:label1\" content=\"Est. reading time\" \/>\n\t<meta name=\"twitter:data1\" content=\"2 minutes\" \/>\n<script type=\"application\/ld+json\" class=\"yoast-schema-graph\">{\"@context\":\"https:\\\/\\\/schema.org\",\"@graph\":[{\"@type\":\"WebPage\",\"@id\":\"https:\\\/\\\/exterminateuramontreal.ca\\\/en\\\/extermination-at-st-lin-of-the-laurentians\\\/\",\"url\":\"https:\\\/\\\/exterminateuramontreal.ca\\\/en\\\/extermination-at-st-lin-of-the-laurentians\\\/\",\"name\":\"Extermination at St Lin of the Laurentians - Votre exterminateur \u00e0 Montr\u00e9al\",\"isPartOf\":{\"@id\":\"https:\\\/\\\/exterminateuramontreal.ca\\\/en\\\/#website\"},\"primaryImageOfPage\":{\"@id\":\"https:\\\/\\\/exterminateuramontreal.ca\\\/en\\\/extermination-at-st-lin-of-the-laurentians\\\/#primaryimage\"},\"image\":{\"@id\":\"https:\\\/\\\/exterminateuramontreal.ca\\\/en\\\/extermination-at-st-lin-of-the-laurentians\\\/#primaryimage\"},\"thumbnailUrl\":\"https:\\\/\\\/exterminateuramontreal.ca\\\/wp-content\\\/uploads\\\/2022\\\/05\\\/saint-lin.jpg\",\"datePublished\":\"2022-06-14T18:15:24+00:00\",\"dateModified\":\"2022-06-15T14:57:12+00:00\",\"description\":\"Extermination at St Lin of the Laurentians Installed at 1825 Rue des M\u00fbres J5M 1P1, we are exterminators on greater Montreal in the special service of St\",\"breadcrumb\":{\"@id\":\"https:\\\/\\\/exterminateuramontreal.ca\\\/en\\\/extermination-at-st-lin-of-the-laurentians\\\/#breadcrumb\"},\"inLanguage\":\"en-CA\",\"potentialAction\":[{\"@type\":\"ReadAction\",\"target\":[\"https:\\\/\\\/exterminateuramontreal.ca\\\/en\\\/extermination-at-st-lin-of-the-laurentians\\\/\"]}]},{\"@type\":\"ImageObject\",\"inLanguage\":\"en-CA\",\"@id\":\"https:\\\/\\\/exterminateuramontreal.ca\\\/en\\\/extermination-at-st-lin-of-the-laurentians\\\/#primaryimage\",\"url\":\"https:\\\/\\\/exterminateuramontreal.ca\\\/wp-content\\\/uploads\\\/2022\\\/05\\\/saint-lin.jpg\",\"contentUrl\":\"https:\\\/\\\/exterminateuramontreal.ca\\\/wp-content\\\/uploads\\\/2022\\\/05\\\/saint-lin.jpg\"},{\"@type\":\"BreadcrumbList\",\"@id\":\"https:\\\/\\\/exterminateuramontreal.ca\\\/en\\\/extermination-at-st-lin-of-the-laurentians\\\/#breadcrumb\",\"itemListElement\":[{\"@type\":\"ListItem\",\"position\":1,\"name\":\"Accueil\",\"item\":\"https:\\\/\\\/exterminateuramontreal.ca\\\/en\\\/\"},{\"@type\":\"ListItem\",\"position\":2,\"name\":\"Extermination at St Lin of the Laurentians\"}]},{\"@type\":\"WebSite\",\"@id\":\"https:\\\/\\\/exterminateuramontreal.ca\\\/en\\\/#website\",\"url\":\"https:\\\/\\\/exterminateuramontreal.ca\\\/en\\\/\",\"name\":\"Exterminateur \u00e0 Montr\u00e9al\",\"description\":\"Votre exterminateur de confiance et pas cher \u00e0 Montr\u00e9al!\",\"publisher\":{\"@id\":\"https:\\\/\\\/exterminateuramontreal.ca\\\/en\\\/#organization\"},\"alternateName\":\"Votre exterminateur de confiance et pas cher \u00e0 Montr\u00e9al!\",\"potentialAction\":[{\"@type\":\"SearchAction\",\"target\":{\"@type\":\"EntryPoint\",\"urlTemplate\":\"https:\\\/\\\/exterminateuramontreal.ca\\\/en\\\/?s={search_term_string}\"},\"query-input\":{\"@type\":\"PropertyValueSpecification\",\"valueRequired\":true,\"valueName\":\"search_term_string\"}}],\"inLanguage\":\"en-CA\"},{\"@type\":\"Organization\",\"@id\":\"https:\\\/\\\/exterminateuramontreal.ca\\\/en\\\/#organization\",\"name\":\"Exterminateur \u00e0 Montr\u00e9al\",\"alternateName\":\"Votre exterminateur de confiance \u00e0 Montr\u00e9al!\",\"url\":\"https:\\\/\\\/exterminateuramontreal.ca\\\/en\\\/\",\"logo\":{\"@type\":\"ImageObject\",\"inLanguage\":\"en-CA\",\"@id\":\"https:\\\/\\\/exterminateuramontreal.ca\\\/en\\\/#\\\/schema\\\/logo\\\/image\\\/\",\"url\":\"https:\\\/\\\/exterminateuramontreal.ca\\\/wp-content\\\/uploads\\\/2011\\\/12\\\/logo-exterminateur-montreal-e1654628842986.png\",\"contentUrl\":\"https:\\\/\\\/exterminateuramontreal.ca\\\/wp-content\\\/uploads\\\/2011\\\/12\\\/logo-exterminateur-montreal-e1654628842986.png\",\"width\":176,\"height\":74,\"caption\":\"Exterminateur \u00e0 Montr\u00e9al\"},\"image\":{\"@id\":\"https:\\\/\\\/exterminateuramontreal.ca\\\/en\\\/#\\\/schema\\\/logo\\\/image\\\/\"}}]}<\/script>\n<!-- \/ Yoast SEO plugin. -->","yoast_head_json":{"title":"Extermination at St Lin of the Laurentians - Votre exterminateur \u00e0 Montr\u00e9al","description":"Extermination at St Lin of the Laurentians Installed at 1825 Rue des M\u00fbres J5M 1P1, we are exterminators on greater Montreal in the special service of St","robots":{"index":"index","follow":"follow","max-snippet":"max-snippet:-1","max-image-preview":"max-image-preview:large","max-video-preview":"max-video-preview:-1"},"canonical":"https:\/\/exterminateuramontreal.ca\/en\/extermination-at-st-lin-of-the-laurentians\/","og_locale":"en_US","og_type":"article","og_title":"Extermination at St Lin of the Laurentians - Votre exterminateur \u00e0 Montr\u00e9al","og_description":"Extermination at St Lin of the Laurentians Installed at 1825 Rue des M\u00fbres J5M 1P1, we are exterminators on greater Montreal in the special service of St","og_url":"https:\/\/exterminateuramontreal.ca\/en\/extermination-at-st-lin-of-the-laurentians\/","og_site_name":"Votre exterminateur \u00e0 Montr\u00e9al","article_modified_time":"2022-06-15T14:57:12+00:00","og_image":[{"url":"https:\/\/exterminateuramontreal.ca\/wp-content\/uploads\/2022\/05\/saint-lin.jpg","type":"","width":"","height":""}],"twitter_misc":{"Est. reading time":"2 minutes"},"schema":{"@context":"https:\/\/schema.org","@graph":[{"@type":"WebPage","@id":"https:\/\/exterminateuramontreal.ca\/en\/extermination-at-st-lin-of-the-laurentians\/","url":"https:\/\/exterminateuramontreal.ca\/en\/extermination-at-st-lin-of-the-laurentians\/","name":"Extermination at St Lin of the Laurentians - Votre exterminateur \u00e0 Montr\u00e9al","isPartOf":{"@id":"https:\/\/exterminateuramontreal.ca\/en\/#website"},"primaryImageOfPage":{"@id":"https:\/\/exterminateuramontreal.ca\/en\/extermination-at-st-lin-of-the-laurentians\/#primaryimage"},"image":{"@id":"https:\/\/exterminateuramontreal.ca\/en\/extermination-at-st-lin-of-the-laurentians\/#primaryimage"},"thumbnailUrl":"https:\/\/exterminateuramontreal.ca\/wp-content\/uploads\/2022\/05\/saint-lin.jpg","datePublished":"2022-06-14T18:15:24+00:00","dateModified":"2022-06-15T14:57:12+00:00","description":"Extermination at St Lin of the Laurentians Installed at 1825 Rue des M\u00fbres J5M 1P1, we are exterminators on greater Montreal in the special service of St","breadcrumb":{"@id":"https:\/\/exterminateuramontreal.ca\/en\/extermination-at-st-lin-of-the-laurentians\/#breadcrumb"},"inLanguage":"en-CA","potentialAction":[{"@type":"ReadAction","target":["https:\/\/exterminateuramontreal.ca\/en\/extermination-at-st-lin-of-the-laurentians\/"]}]},{"@type":"ImageObject","inLanguage":"en-CA","@id":"https:\/\/exterminateuramontreal.ca\/en\/extermination-at-st-lin-of-the-laurentians\/#primaryimage","url":"https:\/\/exterminateuramontreal.ca\/wp-content\/uploads\/2022\/05\/saint-lin.jpg","contentUrl":"https:\/\/exterminateuramontreal.ca\/wp-content\/uploads\/2022\/05\/saint-lin.jpg"},{"@type":"BreadcrumbList","@id":"https:\/\/exterminateuramontreal.ca\/en\/extermination-at-st-lin-of-the-laurentians\/#breadcrumb","itemListElement":[{"@type":"ListItem","position":1,"name":"Accueil","item":"https:\/\/exterminateuramontreal.ca\/en\/"},{"@type":"ListItem","position":2,"name":"Extermination at St Lin of the Laurentians"}]},{"@type":"WebSite","@id":"https:\/\/exterminateuramontreal.ca\/en\/#website","url":"https:\/\/exterminateuramontreal.ca\/en\/","name":"Exterminateur \u00e0 Montr\u00e9al","description":"Votre exterminateur de confiance et pas cher \u00e0 Montr\u00e9al!","publisher":{"@id":"https:\/\/exterminateuramontreal.ca\/en\/#organization"},"alternateName":"Votre exterminateur de confiance et pas cher \u00e0 Montr\u00e9al!","potentialAction":[{"@type":"SearchAction","target":{"@type":"EntryPoint","urlTemplate":"https:\/\/exterminateuramontreal.ca\/en\/?s={search_term_string}"},"query-input":{"@type":"PropertyValueSpecification","valueRequired":true,"valueName":"search_term_string"}}],"inLanguage":"en-CA"},{"@type":"Organization","@id":"https:\/\/exterminateuramontreal.ca\/en\/#organization","name":"Exterminateur \u00e0 Montr\u00e9al","alternateName":"Votre exterminateur de confiance \u00e0 Montr\u00e9al!","url":"https:\/\/exterminateuramontreal.ca\/en\/","logo":{"@type":"ImageObject","inLanguage":"en-CA","@id":"https:\/\/exterminateuramontreal.ca\/en\/#\/schema\/logo\/image\/","url":"https:\/\/exterminateuramontreal.ca\/wp-content\/uploads\/2011\/12\/logo-exterminateur-montreal-e1654628842986.png","contentUrl":"https:\/\/exterminateuramontreal.ca\/wp-content\/uploads\/2011\/12\/logo-exterminateur-montreal-e1654628842986.png","width":176,"height":74,"caption":"Exterminateur \u00e0 Montr\u00e9al"},"image":{"@id":"https:\/\/exterminateuramontreal.ca\/en\/#\/schema\/logo\/image\/"}}]}},"_links":{"self":[{"href":"https:\/\/exterminateuramontreal.ca\/en\/wp-json\/wp\/v2\/pages\/5521","targetHints":{"allow":["GET"]}}],"collection":[{"href":"https:\/\/exterminateuramontreal.ca\/en\/wp-json\/wp\/v2\/pages"}],"about":[{"href":"https:\/\/exterminateuramontreal.ca\/en\/wp-json\/wp\/v2\/types\/page"}],"author":[{"embeddable":true,"href":"https:\/\/exterminateuramontreal.ca\/en\/wp-json\/wp\/v2\/users\/2"}],"replies":[{"embeddable":true,"href":"https:\/\/exterminateuramontreal.ca\/en\/wp-json\/wp\/v2\/comments?post=5521"}],"version-history":[{"count":2,"href":"https:\/\/exterminateuramontreal.ca\/en\/wp-json\/wp\/v2\/pages\/5521\/revisions"}],"predecessor-version":[{"id":6000,"href":"https:\/\/exterminateuramontreal.ca\/en\/wp-json\/wp\/v2\/pages\/5521\/revisions\/6000"}],"wp:attachment":[{"href":"https:\/\/exterminateuramontreal.ca\/en\/wp-json\/wp\/v2\/media?parent=5521"}],"curies":[{"name":"wp","href":"https:\/\/api.w.org\/{rel}","templated":true}]}}