{"id":2382,"date":"2021-03-22T16:38:13","date_gmt":"2021-03-22T20:38:13","guid":{"rendered":"https:\/\/exterminateuramontreal.ca\/your-skunk-in-a-cage\/"},"modified":"2022-06-15T17:18:46","modified_gmt":"2022-06-15T21:18:46","slug":"your-skunk-in-a-cage-2","status":"publish","type":"page","link":"https:\/\/exterminateuramontreal.ca\/en\/your-skunk-in-a-cage-2\/","title":{"rendered":"Your skunk in a cage"},"content":{"rendered":"<p>The skunk defends itself against its predators even if it is in quarrel with lynx, coyotes and foxes, eagles and owls are also their enemies.<\/p>\n<p>In Quebec, skunks can hibernate until the end of March, depending on the severity of winter.<\/p>\n<p><a href=\"https:\/\/exterminateuramontreal.ca\/wp-content\/uploads\/2012\/03\/Moufette.jpg\"><img decoding=\"async\" class=\"aligncenter size-full wp-image-2137\" title=\"Skunk\" src=\"https:\/\/exterminateuramontreal.ca\/wp-content\/uploads\/2012\/03\/Moufette.jpg\" alt=\"The skunk in Quebec\" width=\"400\" height=\"295\" srcset=\"https:\/\/exterminateuramontreal.ca\/wp-content\/uploads\/2012\/03\/Moufette.jpg 400w, https:\/\/exterminateuramontreal.ca\/wp-content\/uploads\/2012\/03\/Moufette-300x221.jpg 300w\" sizes=\"(max-width: 400px) 100vw, 400px\" \/><\/a><\/p>\n<p>When threatened, the skunk (also known as <strong>a ferret)<\/strong>throws a very smelly liquid, watering those that cause it. This fluid can cause nausea and headache and transient blindness. This yellowish or greenish liquid is projected through the channels of its glands.<\/p>\n<p>The range of its liquid can vary but can reach about five meters, but the smell is felt several meters away.<\/p>\n<h2>Be careful about a skunk<\/h2>\n<p>If you want to come face to face with a skunk, first stay calm and try not to frighten it.<\/p>\n<p>Pull out gently and take another path, she will try to move away. But if she gets scared and if the escape is not possible, she will warn you by raising her tail and tapping forelegs to keep you away.<\/p>\n<p>If this audible warning has no effect, it raises its back and pretends to attack. Right away, she&#8217;ll scratch the floor with her front paws.<\/p>\n<h3>It is very important to take into account these signs, these are warnings.<\/h3>\n<p>Every time she ejects her liquid it causes her an evil and gives her irritations and burns that&#8217;s why she warned, she prefers not to have to use her defense.<\/p>\n<p>The skunk is very precise for its defensive jet it positions itself &#8220;in U&#8221; and fires.<\/p>\n<p>The unpleasant smell of his liquid may last up to two weeks.<\/p>\n<p>The exterminator does not kill skunks, he cages them before release them to their natural environment or reserves as part of integrity management and animal welfare programs.<\/p>\n","protected":false},"excerpt":{"rendered":"<p>The skunk defends itself against its predators even if it is in quarrel with lynx, coyotes and foxes, eagles and owls are also their enemies. In Quebec, skunks can hibernate until the end of March, depending on the severity of winter. When threatened, the skunk (also known as a ferret)throws a very smelly liquid, watering [&hellip;]<\/p>\n","protected":false},"author":2,"featured_media":0,"parent":0,"menu_order":0,"comment_status":"open","ping_status":"open","template":"","meta":{"_genesis_hide_title":false,"_genesis_hide_breadcrumbs":false,"_genesis_hide_singular_image":false,"_genesis_hide_footer_widgets":false,"_genesis_custom_body_class":"","_genesis_custom_post_class":"","_genesis_layout":"","footnotes":""},"class_list":{"0":"post-2382","1":"page","2":"type-page","3":"status-publish","5":"entry","6":"has-post-thumbnail"},"yoast_head":"<!-- This site is optimized with the Yoast SEO plugin v27.3 - https:\/\/yoast.com\/product\/yoast-seo-wordpress\/ -->\n<title>Your skunk in a cage - Votre exterminateur \u00e0 Montr\u00e9al<\/title>\n<meta name=\"description\" content=\"The skunk defends itself against its predators even if it is in quarrel with lynx, coyotes and foxes, eagles and owls are also their enemies. In Quebec,\" \/>\n<meta name=\"robots\" content=\"index, follow, max-snippet:-1, max-image-preview:large, max-video-preview:-1\" \/>\n<link rel=\"canonical\" href=\"https:\/\/exterminateuramontreal.ca\/en\/your-skunk-in-a-cage-2\/\" \/>\n<meta property=\"og:locale\" content=\"en_US\" \/>\n<meta property=\"og:type\" content=\"article\" \/>\n<meta property=\"og:title\" content=\"Your skunk in a cage - Votre exterminateur \u00e0 Montr\u00e9al\" \/>\n<meta property=\"og:description\" content=\"The skunk defends itself against its predators even if it is in quarrel with lynx, coyotes and foxes, eagles and owls are also their enemies. In Quebec,\" \/>\n<meta property=\"og:url\" content=\"https:\/\/exterminateuramontreal.ca\/en\/your-skunk-in-a-cage-2\/\" \/>\n<meta property=\"og:site_name\" content=\"Votre exterminateur \u00e0 Montr\u00e9al\" \/>\n<meta property=\"article:modified_time\" content=\"2022-06-15T21:18:46+00:00\" \/>\n<meta property=\"og:image\" content=\"https:\/\/exterminateuramontreal.ca\/wp-content\/uploads\/2012\/03\/Moufette.jpg\" \/>\n<meta name=\"twitter:label1\" content=\"Est. reading time\" \/>\n\t<meta name=\"twitter:data1\" content=\"2 minutes\" \/>\n<script type=\"application\/ld+json\" class=\"yoast-schema-graph\">{\"@context\":\"https:\\\/\\\/schema.org\",\"@graph\":[{\"@type\":\"WebPage\",\"@id\":\"https:\\\/\\\/exterminateuramontreal.ca\\\/en\\\/your-skunk-in-a-cage-2\\\/\",\"url\":\"https:\\\/\\\/exterminateuramontreal.ca\\\/en\\\/your-skunk-in-a-cage-2\\\/\",\"name\":\"Your skunk in a cage - Votre exterminateur \u00e0 Montr\u00e9al\",\"isPartOf\":{\"@id\":\"https:\\\/\\\/exterminateuramontreal.ca\\\/en\\\/#website\"},\"primaryImageOfPage\":{\"@id\":\"https:\\\/\\\/exterminateuramontreal.ca\\\/en\\\/your-skunk-in-a-cage-2\\\/#primaryimage\"},\"image\":{\"@id\":\"https:\\\/\\\/exterminateuramontreal.ca\\\/en\\\/your-skunk-in-a-cage-2\\\/#primaryimage\"},\"thumbnailUrl\":\"https:\\\/\\\/exterminateuramontreal.ca\\\/wp-content\\\/uploads\\\/2012\\\/03\\\/Moufette.jpg\",\"datePublished\":\"2021-03-22T20:38:13+00:00\",\"dateModified\":\"2022-06-15T21:18:46+00:00\",\"description\":\"The skunk defends itself against its predators even if it is in quarrel with lynx, coyotes and foxes, eagles and owls are also their enemies. In Quebec,\",\"breadcrumb\":{\"@id\":\"https:\\\/\\\/exterminateuramontreal.ca\\\/en\\\/your-skunk-in-a-cage-2\\\/#breadcrumb\"},\"inLanguage\":\"en-CA\",\"potentialAction\":[{\"@type\":\"ReadAction\",\"target\":[\"https:\\\/\\\/exterminateuramontreal.ca\\\/en\\\/your-skunk-in-a-cage-2\\\/\"]}]},{\"@type\":\"ImageObject\",\"inLanguage\":\"en-CA\",\"@id\":\"https:\\\/\\\/exterminateuramontreal.ca\\\/en\\\/your-skunk-in-a-cage-2\\\/#primaryimage\",\"url\":\"https:\\\/\\\/exterminateuramontreal.ca\\\/wp-content\\\/uploads\\\/2012\\\/03\\\/Moufette.jpg\",\"contentUrl\":\"https:\\\/\\\/exterminateuramontreal.ca\\\/wp-content\\\/uploads\\\/2012\\\/03\\\/Moufette.jpg\"},{\"@type\":\"BreadcrumbList\",\"@id\":\"https:\\\/\\\/exterminateuramontreal.ca\\\/en\\\/your-skunk-in-a-cage-2\\\/#breadcrumb\",\"itemListElement\":[{\"@type\":\"ListItem\",\"position\":1,\"name\":\"Accueil\",\"item\":\"https:\\\/\\\/exterminateuramontreal.ca\\\/en\\\/\"},{\"@type\":\"ListItem\",\"position\":2,\"name\":\"Your skunk in a cage\"}]},{\"@type\":\"WebSite\",\"@id\":\"https:\\\/\\\/exterminateuramontreal.ca\\\/en\\\/#website\",\"url\":\"https:\\\/\\\/exterminateuramontreal.ca\\\/en\\\/\",\"name\":\"Exterminateur \u00e0 Montr\u00e9al\",\"description\":\"Votre exterminateur de confiance et pas cher \u00e0 Montr\u00e9al!\",\"publisher\":{\"@id\":\"https:\\\/\\\/exterminateuramontreal.ca\\\/en\\\/#organization\"},\"alternateName\":\"Votre exterminateur de confiance et pas cher \u00e0 Montr\u00e9al!\",\"potentialAction\":[{\"@type\":\"SearchAction\",\"target\":{\"@type\":\"EntryPoint\",\"urlTemplate\":\"https:\\\/\\\/exterminateuramontreal.ca\\\/en\\\/?s={search_term_string}\"},\"query-input\":{\"@type\":\"PropertyValueSpecification\",\"valueRequired\":true,\"valueName\":\"search_term_string\"}}],\"inLanguage\":\"en-CA\"},{\"@type\":\"Organization\",\"@id\":\"https:\\\/\\\/exterminateuramontreal.ca\\\/en\\\/#organization\",\"name\":\"Exterminateur \u00e0 Montr\u00e9al\",\"alternateName\":\"Votre exterminateur de confiance \u00e0 Montr\u00e9al!\",\"url\":\"https:\\\/\\\/exterminateuramontreal.ca\\\/en\\\/\",\"logo\":{\"@type\":\"ImageObject\",\"inLanguage\":\"en-CA\",\"@id\":\"https:\\\/\\\/exterminateuramontreal.ca\\\/en\\\/#\\\/schema\\\/logo\\\/image\\\/\",\"url\":\"https:\\\/\\\/exterminateuramontreal.ca\\\/wp-content\\\/uploads\\\/2011\\\/12\\\/logo-exterminateur-montreal-e1654628842986.png\",\"contentUrl\":\"https:\\\/\\\/exterminateuramontreal.ca\\\/wp-content\\\/uploads\\\/2011\\\/12\\\/logo-exterminateur-montreal-e1654628842986.png\",\"width\":176,\"height\":74,\"caption\":\"Exterminateur \u00e0 Montr\u00e9al\"},\"image\":{\"@id\":\"https:\\\/\\\/exterminateuramontreal.ca\\\/en\\\/#\\\/schema\\\/logo\\\/image\\\/\"}}]}<\/script>\n<!-- \/ Yoast SEO plugin. -->","yoast_head_json":{"title":"Your skunk in a cage - Votre exterminateur \u00e0 Montr\u00e9al","description":"The skunk defends itself against its predators even if it is in quarrel with lynx, coyotes and foxes, eagles and owls are also their enemies. In Quebec,","robots":{"index":"index","follow":"follow","max-snippet":"max-snippet:-1","max-image-preview":"max-image-preview:large","max-video-preview":"max-video-preview:-1"},"canonical":"https:\/\/exterminateuramontreal.ca\/en\/your-skunk-in-a-cage-2\/","og_locale":"en_US","og_type":"article","og_title":"Your skunk in a cage - Votre exterminateur \u00e0 Montr\u00e9al","og_description":"The skunk defends itself against its predators even if it is in quarrel with lynx, coyotes and foxes, eagles and owls are also their enemies. In Quebec,","og_url":"https:\/\/exterminateuramontreal.ca\/en\/your-skunk-in-a-cage-2\/","og_site_name":"Votre exterminateur \u00e0 Montr\u00e9al","article_modified_time":"2022-06-15T21:18:46+00:00","og_image":[{"url":"https:\/\/exterminateuramontreal.ca\/wp-content\/uploads\/2012\/03\/Moufette.jpg","type":"","width":"","height":""}],"twitter_misc":{"Est. reading time":"2 minutes"},"schema":{"@context":"https:\/\/schema.org","@graph":[{"@type":"WebPage","@id":"https:\/\/exterminateuramontreal.ca\/en\/your-skunk-in-a-cage-2\/","url":"https:\/\/exterminateuramontreal.ca\/en\/your-skunk-in-a-cage-2\/","name":"Your skunk in a cage - Votre exterminateur \u00e0 Montr\u00e9al","isPartOf":{"@id":"https:\/\/exterminateuramontreal.ca\/en\/#website"},"primaryImageOfPage":{"@id":"https:\/\/exterminateuramontreal.ca\/en\/your-skunk-in-a-cage-2\/#primaryimage"},"image":{"@id":"https:\/\/exterminateuramontreal.ca\/en\/your-skunk-in-a-cage-2\/#primaryimage"},"thumbnailUrl":"https:\/\/exterminateuramontreal.ca\/wp-content\/uploads\/2012\/03\/Moufette.jpg","datePublished":"2021-03-22T20:38:13+00:00","dateModified":"2022-06-15T21:18:46+00:00","description":"The skunk defends itself against its predators even if it is in quarrel with lynx, coyotes and foxes, eagles and owls are also their enemies. In Quebec,","breadcrumb":{"@id":"https:\/\/exterminateuramontreal.ca\/en\/your-skunk-in-a-cage-2\/#breadcrumb"},"inLanguage":"en-CA","potentialAction":[{"@type":"ReadAction","target":["https:\/\/exterminateuramontreal.ca\/en\/your-skunk-in-a-cage-2\/"]}]},{"@type":"ImageObject","inLanguage":"en-CA","@id":"https:\/\/exterminateuramontreal.ca\/en\/your-skunk-in-a-cage-2\/#primaryimage","url":"https:\/\/exterminateuramontreal.ca\/wp-content\/uploads\/2012\/03\/Moufette.jpg","contentUrl":"https:\/\/exterminateuramontreal.ca\/wp-content\/uploads\/2012\/03\/Moufette.jpg"},{"@type":"BreadcrumbList","@id":"https:\/\/exterminateuramontreal.ca\/en\/your-skunk-in-a-cage-2\/#breadcrumb","itemListElement":[{"@type":"ListItem","position":1,"name":"Accueil","item":"https:\/\/exterminateuramontreal.ca\/en\/"},{"@type":"ListItem","position":2,"name":"Your skunk in a cage"}]},{"@type":"WebSite","@id":"https:\/\/exterminateuramontreal.ca\/en\/#website","url":"https:\/\/exterminateuramontreal.ca\/en\/","name":"Exterminateur \u00e0 Montr\u00e9al","description":"Votre exterminateur de confiance et pas cher \u00e0 Montr\u00e9al!","publisher":{"@id":"https:\/\/exterminateuramontreal.ca\/en\/#organization"},"alternateName":"Votre exterminateur de confiance et pas cher \u00e0 Montr\u00e9al!","potentialAction":[{"@type":"SearchAction","target":{"@type":"EntryPoint","urlTemplate":"https:\/\/exterminateuramontreal.ca\/en\/?s={search_term_string}"},"query-input":{"@type":"PropertyValueSpecification","valueRequired":true,"valueName":"search_term_string"}}],"inLanguage":"en-CA"},{"@type":"Organization","@id":"https:\/\/exterminateuramontreal.ca\/en\/#organization","name":"Exterminateur \u00e0 Montr\u00e9al","alternateName":"Votre exterminateur de confiance \u00e0 Montr\u00e9al!","url":"https:\/\/exterminateuramontreal.ca\/en\/","logo":{"@type":"ImageObject","inLanguage":"en-CA","@id":"https:\/\/exterminateuramontreal.ca\/en\/#\/schema\/logo\/image\/","url":"https:\/\/exterminateuramontreal.ca\/wp-content\/uploads\/2011\/12\/logo-exterminateur-montreal-e1654628842986.png","contentUrl":"https:\/\/exterminateuramontreal.ca\/wp-content\/uploads\/2011\/12\/logo-exterminateur-montreal-e1654628842986.png","width":176,"height":74,"caption":"Exterminateur \u00e0 Montr\u00e9al"},"image":{"@id":"https:\/\/exterminateuramontreal.ca\/en\/#\/schema\/logo\/image\/"}}]}},"_links":{"self":[{"href":"https:\/\/exterminateuramontreal.ca\/en\/wp-json\/wp\/v2\/pages\/2382","targetHints":{"allow":["GET"]}}],"collection":[{"href":"https:\/\/exterminateuramontreal.ca\/en\/wp-json\/wp\/v2\/pages"}],"about":[{"href":"https:\/\/exterminateuramontreal.ca\/en\/wp-json\/wp\/v2\/types\/page"}],"author":[{"embeddable":true,"href":"https:\/\/exterminateuramontreal.ca\/en\/wp-json\/wp\/v2\/users\/2"}],"replies":[{"embeddable":true,"href":"https:\/\/exterminateuramontreal.ca\/en\/wp-json\/wp\/v2\/comments?post=2382"}],"version-history":[{"count":1,"href":"https:\/\/exterminateuramontreal.ca\/en\/wp-json\/wp\/v2\/pages\/2382\/revisions"}],"predecessor-version":[{"id":2383,"href":"https:\/\/exterminateuramontreal.ca\/en\/wp-json\/wp\/v2\/pages\/2382\/revisions\/2383"}],"wp:attachment":[{"href":"https:\/\/exterminateuramontreal.ca\/en\/wp-json\/wp\/v2\/media?parent=2382"}],"curies":[{"name":"wp","href":"https:\/\/api.w.org\/{rel}","templated":true}]}}