{"id":2369,"date":"2021-03-16T16:47:50","date_gmt":"2021-03-16T20:47:50","guid":{"rendered":"https:\/\/exterminateuramontreal.ca\/exterminator-at-saint-come\/"},"modified":"2021-03-16T16:47:55","modified_gmt":"2021-03-16T20:47:55","slug":"exterminator-at-saint-come","status":"publish","type":"page","link":"https:\/\/exterminateuramontreal.ca\/en\/exterminator-at-saint-come\/","title":{"rendered":"Exterminator at SAINT-C\u00d4ME"},"content":{"rendered":"<p>Human health depends mainly on the quality of its <strong>environment.<\/strong> Thus, a hygienic living environment ensures excellent health. This is why everyone should always make sure to <strong>clean up their residence,<\/strong>their place of work and the places nearby. If you live in Saint-C\u00f4me, for example, you can use an extermination service to get rid of the animals and other parasites that infest your home. To do this, Saint-C\u00f4me exterminator is at your disposal. What are the services that this specialist actually offers?<\/p>\n<p><img decoding=\"async\" class=\"aligncenter size-large wp-image-2108\" src=\"https:\/\/exterminateuramontreal.ca\/wp-content\/uploads\/2021\/03\/pexels-pixabay-355952-1024x576.jpg\" alt=\"\" width=\"1024\" height=\"576\" srcset=\"https:\/\/exterminateuramontreal.ca\/wp-content\/uploads\/2021\/03\/pexels-pixabay-355952-1024x576.jpg 1024w, https:\/\/exterminateuramontreal.ca\/wp-content\/uploads\/2021\/03\/pexels-pixabay-355952-300x169.jpg 300w, https:\/\/exterminateuramontreal.ca\/wp-content\/uploads\/2021\/03\/pexels-pixabay-355952-768x432.jpg 768w, https:\/\/exterminateuramontreal.ca\/wp-content\/uploads\/2021\/03\/pexels-pixabay-355952-1536x864.jpg 1536w, https:\/\/exterminateuramontreal.ca\/wp-content\/uploads\/2021\/03\/pexels-pixabay-355952.jpg 1920w\" sizes=\"(max-width: 1024px) 100vw, 1024px\" \/><\/p>\n<h2>Extermination service in Saint-C\u00f4me: what to understand?<\/h2>\n<p><strong>The county of Matawinie<\/strong>, where the municipality of Saint-C\u00f4me is located, is a very wooded town. As a result, small wild animals roam around the houses. Some manage to get into it, with all that this invasion can cause as <strong>inconvenience<\/strong> to residents. So what are the proposed solutions?<\/p>\n<h3>Site inspection and advice<\/h3>\n<p>Before any intervention, the expert visits your accommodation located in Saint-C\u00f4me. Depending on your complaints, it <strong>analyzes<\/strong> the situation to better explain the nature of the infestation. After a tour of the owner, he will tell you which animal is responsible for these inconveniences. At the same time, he will propose an adequate <strong>parasitic management plan <\/strong>that will allow you to put an end to the problem once and for all.<\/p>\n<h3>Pest decontamination<\/h3>\n<p>The company in charge of the parasitic management of the houses of Saint-C\u00f4me is composed <strong>of specialists in the natural sciences.<\/strong> As such, they master effective techniques to get rid of parasites caused by the presence of these unwanted critters in your home. They will mainly do the work using <strong>products certified <\/strong>by the Ministry of the Environment. They can also take the opportunity to propose a<strong> parasitic prevention plan<\/strong> so that such a situation does not happen again.<\/p>\n<p><img decoding=\"async\" class=\"aligncenter size-large wp-image-2284\" src=\"https:\/\/exterminateuramontreal.ca\/wp-content\/uploads\/2021\/03\/rat-1024x480.jpg\" alt=\"\" width=\"1024\" height=\"480\" srcset=\"https:\/\/exterminateuramontreal.ca\/wp-content\/uploads\/2021\/03\/rat-1024x480.jpg 1024w, https:\/\/exterminateuramontreal.ca\/wp-content\/uploads\/2021\/03\/rat-300x141.jpg 300w, https:\/\/exterminateuramontreal.ca\/wp-content\/uploads\/2021\/03\/rat-768x360.jpg 768w, https:\/\/exterminateuramontreal.ca\/wp-content\/uploads\/2021\/03\/rat-1600x750.jpg 1600w, https:\/\/exterminateuramontreal.ca\/wp-content\/uploads\/2021\/03\/rat-1536x720.jpg 1536w, https:\/\/exterminateuramontreal.ca\/wp-content\/uploads\/2021\/03\/rat.jpg 1920w\" sizes=\"(max-width: 1024px) 100vw, 1024px\" \/><\/p>\n<h2>Extermination of ants in Saint-C\u00f4me: a delicate task<\/h2>\n<p>The extermination of ants is the <strong>main mission<\/strong> of your parasitic manager of Saint-C\u00f4me. Indeed, the residences of the region are most often infested with <strong>carpenter ants.<\/strong> These are actually insects that can measure up to 2 centimeters. For the most part, these ants gnaw on the wooden materials of the house, specifically the frame. But, your insect exterminator is well aware that they do not nest in these places. The ants have several <strong>satellite nests,<\/strong>located near the dwellings. So they go to the houses to carry out their activities. They are attracted either to <strong>sweets<\/strong>or <strong>to meats<\/strong> or <strong>fats.<\/strong> But how do you spot the real shelters of the ants in order to get rid of them as quickly as possible? Your exterminator in Saint-C\u00f4me has the experience required to detect the main nest and those satellites.<\/p>\n<h2>Extermination of mice or rats in Saint-C\u00f4me<\/h2>\n<p>Saint-C\u00f4me is also plagued by mouse invasion. These destroy the furniture and insulation of the residences. In addition, they move in strong colonies (about 40). In addition, leaving these animals at home can cause serious fatal viral infections due to <strong>Hantavirus.<\/strong> This virus is transmitted through the urine and feces of the <strong>Scots mouse<\/strong> and other related rodents. The most dangerous thing is that this animal can defile the food reserves of the occupants of the house. He also lives very close to the latter. It should also be noted that it is a species that reproduces quickly, because the female can conceive only <strong>45 days<\/strong> after birth and is able to give life to <strong>8 pups<\/strong> at a time. All of this increases the risk of contamination tenfold. The same is true of sewer rats, which can reach <strong>45 cm.<\/strong> They also contaminate food. They are also more easy to access homes by clinging to pipes or infiltrating <strong>faulty drains.<\/strong> By digging burrows, rats can also do significant damage to the foundations, endangering the entire building. The same is true of<strong> surmulots,<\/strong> which are a species of brown and stocky rats. They enter the houses via garages or holes giving access to the outside. How can you recognize the presence of such pests in your home? In reality, these animals most often defecate and urinate in their path. At night, you will hear rustling from your frame or unoccupied parts of the house. These small rodents also leave pieces of nibbled objects lying around. To these clues, you should therefore hasten to solicit the local rodent exterminator in order to quickly deal with the situation.<\/p>\n<div class=\"blue_box\" >\r\n<div class=\"blue_box_content\">\r\n<\/p>\n<p>Don&#8217;t let mice or rats overwhelm you. Identifying the real source of the problem is our job. If you can&#8217;t get rid of its rodents,<\/p>\n<p><strong>Call your exterminator in Montreal <a href=\"tel:5148302819\">514 830 2819<\/a><\/strong><\/p>\n<p>\r\n<\/div>\r\n<\/div>\n<h2>Capture of unwanted animals in Saint-C\u00f4me<\/h2>\n<p>Sometimes it is necessary to capture certain pests in order to put them out of harm&#8217;s way. In this regard, your extermination service offers you the capture of all types of unwanted animals. This will be done in strict <strong>compliance with<\/strong> the standards while limiting, as much as possible, possible breakages in your home. Whether it&#8217;s rats, mice or other critters, your exterminator has the expertise to succeed in his mission. To this end, the expert performs <strong>smoke tests.<\/strong> Indeed, discovering the real entrances and exits of rodents is a delicate task. To achieve this, your specialist smokes the pipes and other holes on the building. It should be noted that the smoke is safe for residents and the neighbourhood as it does not release <strong>toxic substances.<\/strong> For safety, the exterminator can ask <strong>building experts.<\/strong> In any case, security pledges are taken in order to reassure the inhabitants. For a quick capture of the animals, the traps are placed on the path of the rodents and all the <strong>holes plugged.<\/strong> A few days later, your home or business is completely free of these unwanted species. Your expert is also qualified to capture wild animals in the St. Como area.<\/p>\n<p>&nbsp;<\/p>\n<h2>Contact us<\/h2>\n\n<div class=\"wpcf7 no-js\" id=\"wpcf7-f2236-o1\" lang=\"en-CA\" dir=\"ltr\" data-wpcf7-id=\"2236\">\n<div class=\"screen-reader-response\"><p role=\"status\" aria-live=\"polite\" aria-atomic=\"true\"><\/p> <ul><\/ul><\/div>\n<form action=\"\/en\/wp-json\/wp\/v2\/pages\/2369#wpcf7-f2236-o1\" method=\"post\" class=\"wpcf7-form init\" aria-label=\"Contact form\" novalidate=\"novalidate\" data-status=\"init\">\n<fieldset class=\"hidden-fields-container\"><input type=\"hidden\" name=\"_wpcf7\" value=\"2236\" \/><input type=\"hidden\" name=\"_wpcf7_version\" value=\"6.1.5\" \/><input type=\"hidden\" name=\"_wpcf7_locale\" value=\"en_CA\" \/><input type=\"hidden\" name=\"_wpcf7_unit_tag\" value=\"wpcf7-f2236-o1\" \/><input type=\"hidden\" name=\"_wpcf7_container_post\" value=\"0\" \/><input type=\"hidden\" name=\"_wpcf7_posted_data_hash\" value=\"\" \/><input type=\"hidden\" name=\"_wpcf7_recaptcha_response\" value=\"\" \/>\n<\/fieldset>\n<p>Your name (compulsory)\n<\/p>\n<p><span class=\"wpcf7-form-control-wrap\" data-name=\"text-319\"><input size=\"40\" maxlength=\"400\" class=\"wpcf7-form-control wpcf7-text wpcf7-validates-as-required\" aria-required=\"true\" aria-invalid=\"false\" value=\"\" type=\"text\" name=\"text-319\" \/><\/span>\n<\/p>\n<p>Your email (compulsory)\n<\/p>\n<p><span class=\"wpcf7-form-control-wrap\" data-name=\"email-847\"><input size=\"40\" maxlength=\"400\" class=\"wpcf7-form-control wpcf7-email wpcf7-validates-as-required wpcf7-text wpcf7-validates-as-email\" aria-required=\"true\" aria-invalid=\"false\" value=\"\" type=\"email\" name=\"email-847\" \/><\/span>\n<\/p>\n<p>Your phone (compulsory)\n<\/p>\n<p><span class=\"wpcf7-form-control-wrap\" data-name=\"tel-516\"><input size=\"40\" maxlength=\"400\" class=\"wpcf7-form-control wpcf7-tel wpcf7-validates-as-required wpcf7-text wpcf7-validates-as-tel\" aria-required=\"true\" aria-invalid=\"false\" value=\"\" type=\"tel\" name=\"tel-516\" \/><\/span>\n<\/p>\n<p>Your city:<br \/>\n<span class=\"wpcf7-form-control-wrap\" data-name=\"ville-642\"><input size=\"40\" maxlength=\"400\" class=\"wpcf7-form-control wpcf7-text\" aria-invalid=\"false\" value=\"\" type=\"text\" name=\"ville-642\" \/><\/span>\n<\/p>\n<p>Subject\n<\/p>\n<p><span class=\"wpcf7-form-control-wrap\" data-name=\"your-subject\"><input size=\"40\" maxlength=\"400\" class=\"wpcf7-form-control wpcf7-text wpcf7-validates-as-required\" aria-required=\"true\" aria-invalid=\"false\" value=\"\" type=\"text\" name=\"your-subject\" \/><\/span>\n<\/p>\n<p>Your message\n<\/p>\n<p><span class=\"wpcf7-form-control-wrap\" data-name=\"your-message\"><textarea cols=\"40\" rows=\"10\" maxlength=\"2000\" class=\"wpcf7-form-control wpcf7-textarea wpcf7-validates-as-required\" aria-required=\"true\" aria-invalid=\"false\" name=\"your-message\"><\/textarea><\/span>\n<\/p>\n<p><input class=\"wpcf7-form-control wpcf7-submit has-spinner\" type=\"submit\" value=\"Send\" \/>\n<\/p><p style=\"display: none !important;\" class=\"akismet-fields-container\" data-prefix=\"_wpcf7_ak_\"><label>&#916;<textarea name=\"_wpcf7_ak_hp_textarea\" cols=\"45\" rows=\"8\" maxlength=\"100\"><\/textarea><\/label><input type=\"hidden\" id=\"ak_js_1\" name=\"_wpcf7_ak_js\" value=\"30\"\/><script type=\"text\/javascript\">\n\/* <![CDATA[ *\/\ndocument.getElementById( \"ak_js_1\" ).setAttribute( \"value\", ( new Date() ).getTime() );\n\/* ]]> *\/\n<\/script>\n<\/p><div class=\"wpcf7-response-output\" aria-hidden=\"true\"><\/div>\n<\/form>\n<\/div>\n\n<p>&nbsp;<\/p>\n","protected":false},"excerpt":{"rendered":"<p>Human health depends mainly on the quality of its environment. Thus, a hygienic living environment ensures excellent health. This is why everyone should always make sure to clean up their residence,their place of work and the places nearby. If you live in Saint-C\u00f4me, for example, you can use an extermination service to get rid of [&hellip;]<\/p>\n","protected":false},"author":2,"featured_media":0,"parent":0,"menu_order":0,"comment_status":"closed","ping_status":"closed","template":"","meta":{"_genesis_hide_title":false,"_genesis_hide_breadcrumbs":false,"_genesis_hide_singular_image":false,"_genesis_hide_footer_widgets":false,"_genesis_custom_body_class":"","_genesis_custom_post_class":"","_genesis_layout":"","footnotes":""},"class_list":{"0":"post-2369","1":"page","2":"type-page","3":"status-publish","5":"entry","6":"has-post-thumbnail"},"yoast_head":"<!-- This site is optimized with the Yoast SEO plugin v27.3 - https:\/\/yoast.com\/product\/yoast-seo-wordpress\/ -->\n<title>Exterminator at SAINT-C\u00d4ME - Votre exterminateur \u00e0 Montr\u00e9al<\/title>\n<meta name=\"description\" content=\"Human health depends mainly on the quality of its environment. Thus, a hygienic living environment ensures excellent health. This is why everyone should\" \/>\n<meta name=\"robots\" content=\"index, follow, max-snippet:-1, max-image-preview:large, max-video-preview:-1\" \/>\n<link rel=\"canonical\" href=\"https:\/\/exterminateuramontreal.ca\/en\/exterminator-at-saint-come\/\" \/>\n<meta property=\"og:locale\" content=\"en_US\" \/>\n<meta property=\"og:type\" content=\"article\" \/>\n<meta property=\"og:title\" content=\"Exterminator at SAINT-C\u00d4ME - Votre exterminateur \u00e0 Montr\u00e9al\" \/>\n<meta property=\"og:description\" content=\"Human health depends mainly on the quality of its environment. Thus, a hygienic living environment ensures excellent health. This is why everyone should\" \/>\n<meta property=\"og:url\" content=\"https:\/\/exterminateuramontreal.ca\/en\/exterminator-at-saint-come\/\" \/>\n<meta property=\"og:site_name\" content=\"Votre exterminateur \u00e0 Montr\u00e9al\" \/>\n<meta property=\"article:modified_time\" content=\"2021-03-16T20:47:55+00:00\" \/>\n<meta property=\"og:image\" content=\"https:\/\/exterminateuramontreal.ca\/wp-content\/uploads\/2021\/03\/pexels-pixabay-355952-1024x576.jpg\" \/>\n<meta name=\"twitter:label1\" content=\"Est. reading time\" \/>\n\t<meta name=\"twitter:data1\" content=\"5 minutes\" \/>\n<script type=\"application\/ld+json\" class=\"yoast-schema-graph\">{\"@context\":\"https:\\\/\\\/schema.org\",\"@graph\":[{\"@type\":\"WebPage\",\"@id\":\"https:\\\/\\\/exterminateuramontreal.ca\\\/en\\\/exterminator-at-saint-come\\\/\",\"url\":\"https:\\\/\\\/exterminateuramontreal.ca\\\/en\\\/exterminator-at-saint-come\\\/\",\"name\":\"Exterminator at SAINT-C\u00d4ME - Votre exterminateur \u00e0 Montr\u00e9al\",\"isPartOf\":{\"@id\":\"https:\\\/\\\/exterminateuramontreal.ca\\\/en\\\/#website\"},\"primaryImageOfPage\":{\"@id\":\"https:\\\/\\\/exterminateuramontreal.ca\\\/en\\\/exterminator-at-saint-come\\\/#primaryimage\"},\"image\":{\"@id\":\"https:\\\/\\\/exterminateuramontreal.ca\\\/en\\\/exterminator-at-saint-come\\\/#primaryimage\"},\"thumbnailUrl\":\"https:\\\/\\\/exterminateuramontreal.ca\\\/wp-content\\\/uploads\\\/2021\\\/03\\\/pexels-pixabay-355952-1024x576.jpg\",\"datePublished\":\"2021-03-16T20:47:50+00:00\",\"dateModified\":\"2021-03-16T20:47:55+00:00\",\"description\":\"Human health depends mainly on the quality of its environment. Thus, a hygienic living environment ensures excellent health. This is why everyone should\",\"breadcrumb\":{\"@id\":\"https:\\\/\\\/exterminateuramontreal.ca\\\/en\\\/exterminator-at-saint-come\\\/#breadcrumb\"},\"inLanguage\":\"en-CA\",\"potentialAction\":[{\"@type\":\"ReadAction\",\"target\":[\"https:\\\/\\\/exterminateuramontreal.ca\\\/en\\\/exterminator-at-saint-come\\\/\"]}]},{\"@type\":\"ImageObject\",\"inLanguage\":\"en-CA\",\"@id\":\"https:\\\/\\\/exterminateuramontreal.ca\\\/en\\\/exterminator-at-saint-come\\\/#primaryimage\",\"url\":\"https:\\\/\\\/exterminateuramontreal.ca\\\/wp-content\\\/uploads\\\/2021\\\/03\\\/pexels-pixabay-355952-1024x576.jpg\",\"contentUrl\":\"https:\\\/\\\/exterminateuramontreal.ca\\\/wp-content\\\/uploads\\\/2021\\\/03\\\/pexels-pixabay-355952-1024x576.jpg\"},{\"@type\":\"BreadcrumbList\",\"@id\":\"https:\\\/\\\/exterminateuramontreal.ca\\\/en\\\/exterminator-at-saint-come\\\/#breadcrumb\",\"itemListElement\":[{\"@type\":\"ListItem\",\"position\":1,\"name\":\"Accueil\",\"item\":\"https:\\\/\\\/exterminateuramontreal.ca\\\/en\\\/\"},{\"@type\":\"ListItem\",\"position\":2,\"name\":\"Exterminator at SAINT-C\u00d4ME\"}]},{\"@type\":\"WebSite\",\"@id\":\"https:\\\/\\\/exterminateuramontreal.ca\\\/en\\\/#website\",\"url\":\"https:\\\/\\\/exterminateuramontreal.ca\\\/en\\\/\",\"name\":\"Exterminateur \u00e0 Montr\u00e9al\",\"description\":\"Votre exterminateur de confiance et pas cher \u00e0 Montr\u00e9al!\",\"publisher\":{\"@id\":\"https:\\\/\\\/exterminateuramontreal.ca\\\/en\\\/#organization\"},\"alternateName\":\"Votre exterminateur de confiance et pas cher \u00e0 Montr\u00e9al!\",\"potentialAction\":[{\"@type\":\"SearchAction\",\"target\":{\"@type\":\"EntryPoint\",\"urlTemplate\":\"https:\\\/\\\/exterminateuramontreal.ca\\\/en\\\/?s={search_term_string}\"},\"query-input\":{\"@type\":\"PropertyValueSpecification\",\"valueRequired\":true,\"valueName\":\"search_term_string\"}}],\"inLanguage\":\"en-CA\"},{\"@type\":\"Organization\",\"@id\":\"https:\\\/\\\/exterminateuramontreal.ca\\\/en\\\/#organization\",\"name\":\"Exterminateur \u00e0 Montr\u00e9al\",\"alternateName\":\"Votre exterminateur de confiance \u00e0 Montr\u00e9al!\",\"url\":\"https:\\\/\\\/exterminateuramontreal.ca\\\/en\\\/\",\"logo\":{\"@type\":\"ImageObject\",\"inLanguage\":\"en-CA\",\"@id\":\"https:\\\/\\\/exterminateuramontreal.ca\\\/en\\\/#\\\/schema\\\/logo\\\/image\\\/\",\"url\":\"https:\\\/\\\/exterminateuramontreal.ca\\\/wp-content\\\/uploads\\\/2011\\\/12\\\/logo-exterminateur-montreal-e1654628842986.png\",\"contentUrl\":\"https:\\\/\\\/exterminateuramontreal.ca\\\/wp-content\\\/uploads\\\/2011\\\/12\\\/logo-exterminateur-montreal-e1654628842986.png\",\"width\":176,\"height\":74,\"caption\":\"Exterminateur \u00e0 Montr\u00e9al\"},\"image\":{\"@id\":\"https:\\\/\\\/exterminateuramontreal.ca\\\/en\\\/#\\\/schema\\\/logo\\\/image\\\/\"}}]}<\/script>\n<!-- \/ Yoast SEO plugin. -->","yoast_head_json":{"title":"Exterminator at SAINT-C\u00d4ME - Votre exterminateur \u00e0 Montr\u00e9al","description":"Human health depends mainly on the quality of its environment. Thus, a hygienic living environment ensures excellent health. This is why everyone should","robots":{"index":"index","follow":"follow","max-snippet":"max-snippet:-1","max-image-preview":"max-image-preview:large","max-video-preview":"max-video-preview:-1"},"canonical":"https:\/\/exterminateuramontreal.ca\/en\/exterminator-at-saint-come\/","og_locale":"en_US","og_type":"article","og_title":"Exterminator at SAINT-C\u00d4ME - Votre exterminateur \u00e0 Montr\u00e9al","og_description":"Human health depends mainly on the quality of its environment. Thus, a hygienic living environment ensures excellent health. This is why everyone should","og_url":"https:\/\/exterminateuramontreal.ca\/en\/exterminator-at-saint-come\/","og_site_name":"Votre exterminateur \u00e0 Montr\u00e9al","article_modified_time":"2021-03-16T20:47:55+00:00","og_image":[{"url":"https:\/\/exterminateuramontreal.ca\/wp-content\/uploads\/2021\/03\/pexels-pixabay-355952-1024x576.jpg","type":"","width":"","height":""}],"twitter_misc":{"Est. reading time":"5 minutes"},"schema":{"@context":"https:\/\/schema.org","@graph":[{"@type":"WebPage","@id":"https:\/\/exterminateuramontreal.ca\/en\/exterminator-at-saint-come\/","url":"https:\/\/exterminateuramontreal.ca\/en\/exterminator-at-saint-come\/","name":"Exterminator at SAINT-C\u00d4ME - Votre exterminateur \u00e0 Montr\u00e9al","isPartOf":{"@id":"https:\/\/exterminateuramontreal.ca\/en\/#website"},"primaryImageOfPage":{"@id":"https:\/\/exterminateuramontreal.ca\/en\/exterminator-at-saint-come\/#primaryimage"},"image":{"@id":"https:\/\/exterminateuramontreal.ca\/en\/exterminator-at-saint-come\/#primaryimage"},"thumbnailUrl":"https:\/\/exterminateuramontreal.ca\/wp-content\/uploads\/2021\/03\/pexels-pixabay-355952-1024x576.jpg","datePublished":"2021-03-16T20:47:50+00:00","dateModified":"2021-03-16T20:47:55+00:00","description":"Human health depends mainly on the quality of its environment. Thus, a hygienic living environment ensures excellent health. This is why everyone should","breadcrumb":{"@id":"https:\/\/exterminateuramontreal.ca\/en\/exterminator-at-saint-come\/#breadcrumb"},"inLanguage":"en-CA","potentialAction":[{"@type":"ReadAction","target":["https:\/\/exterminateuramontreal.ca\/en\/exterminator-at-saint-come\/"]}]},{"@type":"ImageObject","inLanguage":"en-CA","@id":"https:\/\/exterminateuramontreal.ca\/en\/exterminator-at-saint-come\/#primaryimage","url":"https:\/\/exterminateuramontreal.ca\/wp-content\/uploads\/2021\/03\/pexels-pixabay-355952-1024x576.jpg","contentUrl":"https:\/\/exterminateuramontreal.ca\/wp-content\/uploads\/2021\/03\/pexels-pixabay-355952-1024x576.jpg"},{"@type":"BreadcrumbList","@id":"https:\/\/exterminateuramontreal.ca\/en\/exterminator-at-saint-come\/#breadcrumb","itemListElement":[{"@type":"ListItem","position":1,"name":"Accueil","item":"https:\/\/exterminateuramontreal.ca\/en\/"},{"@type":"ListItem","position":2,"name":"Exterminator at SAINT-C\u00d4ME"}]},{"@type":"WebSite","@id":"https:\/\/exterminateuramontreal.ca\/en\/#website","url":"https:\/\/exterminateuramontreal.ca\/en\/","name":"Exterminateur \u00e0 Montr\u00e9al","description":"Votre exterminateur de confiance et pas cher \u00e0 Montr\u00e9al!","publisher":{"@id":"https:\/\/exterminateuramontreal.ca\/en\/#organization"},"alternateName":"Votre exterminateur de confiance et pas cher \u00e0 Montr\u00e9al!","potentialAction":[{"@type":"SearchAction","target":{"@type":"EntryPoint","urlTemplate":"https:\/\/exterminateuramontreal.ca\/en\/?s={search_term_string}"},"query-input":{"@type":"PropertyValueSpecification","valueRequired":true,"valueName":"search_term_string"}}],"inLanguage":"en-CA"},{"@type":"Organization","@id":"https:\/\/exterminateuramontreal.ca\/en\/#organization","name":"Exterminateur \u00e0 Montr\u00e9al","alternateName":"Votre exterminateur de confiance \u00e0 Montr\u00e9al!","url":"https:\/\/exterminateuramontreal.ca\/en\/","logo":{"@type":"ImageObject","inLanguage":"en-CA","@id":"https:\/\/exterminateuramontreal.ca\/en\/#\/schema\/logo\/image\/","url":"https:\/\/exterminateuramontreal.ca\/wp-content\/uploads\/2011\/12\/logo-exterminateur-montreal-e1654628842986.png","contentUrl":"https:\/\/exterminateuramontreal.ca\/wp-content\/uploads\/2011\/12\/logo-exterminateur-montreal-e1654628842986.png","width":176,"height":74,"caption":"Exterminateur \u00e0 Montr\u00e9al"},"image":{"@id":"https:\/\/exterminateuramontreal.ca\/en\/#\/schema\/logo\/image\/"}}]}},"_links":{"self":[{"href":"https:\/\/exterminateuramontreal.ca\/en\/wp-json\/wp\/v2\/pages\/2369","targetHints":{"allow":["GET"]}}],"collection":[{"href":"https:\/\/exterminateuramontreal.ca\/en\/wp-json\/wp\/v2\/pages"}],"about":[{"href":"https:\/\/exterminateuramontreal.ca\/en\/wp-json\/wp\/v2\/types\/page"}],"author":[{"embeddable":true,"href":"https:\/\/exterminateuramontreal.ca\/en\/wp-json\/wp\/v2\/users\/2"}],"replies":[{"embeddable":true,"href":"https:\/\/exterminateuramontreal.ca\/en\/wp-json\/wp\/v2\/comments?post=2369"}],"version-history":[{"count":1,"href":"https:\/\/exterminateuramontreal.ca\/en\/wp-json\/wp\/v2\/pages\/2369\/revisions"}],"predecessor-version":[{"id":2370,"href":"https:\/\/exterminateuramontreal.ca\/en\/wp-json\/wp\/v2\/pages\/2369\/revisions\/2370"}],"wp:attachment":[{"href":"https:\/\/exterminateuramontreal.ca\/en\/wp-json\/wp\/v2\/media?parent=2369"}],"curies":[{"name":"wp","href":"https:\/\/api.w.org\/{rel}","templated":true}]}}