{"id":2364,"date":"2021-03-16T14:22:36","date_gmt":"2021-03-16T18:22:36","guid":{"rendered":"https:\/\/exterminateuramontreal.ca\/rawdon-exterminator\/"},"modified":"2021-03-16T14:22:36","modified_gmt":"2021-03-16T18:22:36","slug":"rawdon-exterminator","status":"publish","type":"page","link":"https:\/\/exterminateuramontreal.ca\/en\/rawdon-exterminator\/","title":{"rendered":"RAWDON Exterminator"},"content":{"rendered":"<h1>Why use Rawdon Exterminator?<\/h1>\n<p>The presence of ants, bed bugs, cockroaches, wasps and unwanted animals such as mice and rats in your garden or home can become troublesome. If you notice or suspect their existence, it would be beneficial for you to use Exterminator Rawdon if you live in Canada. But why call on this professional? What services does it offer? Is Rawdon Exterminator approved? We talk about it in this article.<\/p>\n<p><img decoding=\"async\" class=\"aligncenter size-large wp-image-2284\" src=\"https:\/\/exterminateuramontreal.ca\/wp-content\/uploads\/2021\/03\/rat-1024x480.jpg\" alt=\"\" width=\"1024\" height=\"480\" srcset=\"https:\/\/exterminateuramontreal.ca\/wp-content\/uploads\/2021\/03\/rat-1024x480.jpg 1024w, https:\/\/exterminateuramontreal.ca\/wp-content\/uploads\/2021\/03\/rat-300x141.jpg 300w, https:\/\/exterminateuramontreal.ca\/wp-content\/uploads\/2021\/03\/rat-768x360.jpg 768w, https:\/\/exterminateuramontreal.ca\/wp-content\/uploads\/2021\/03\/rat-1600x750.jpg 1600w, https:\/\/exterminateuramontreal.ca\/wp-content\/uploads\/2021\/03\/rat-1536x720.jpg 1536w, https:\/\/exterminateuramontreal.ca\/wp-content\/uploads\/2021\/03\/rat.jpg 1920w\" sizes=\"(max-width: 1024px) 100vw, 1024px\" \/><\/p>\n<h2>Rawdon Exterminator: a company approved by the Quebec Ministry of the Environment<\/h2>\n<p>In reality, Rawdon Exterminator is <strong>an extermination company certified by the Quebec Ministry of the Environment.<\/strong> It operates throughout the island of Montreal, specifically in Rawdon. Composed of multiple experts specializing in the extermination of pests and the capture of unwanted animals, Rawdon Exteminator has several years of experience. As a result, <strong>our technicians act professionally discreetly for a more successful result.<\/strong> And to better meet your expectations, Rawdon Exterminator offers a variety of services such as:<\/p>\n<ul>\n<li>Extermination of Rawdon carpenter ants;<\/li>\n<li>Extermination of rawdon mice or rats;<\/li>\n<li>Rawdon Unwanted Animal Captures;<\/li>\n<li>Etc.<\/li>\n<\/ul>\n<p>By using Rawdon Exterminator, <strong>you are assured that the extermination work will be carried out safely in accordance with environmental standards.<\/strong> Since extermination is our greatest passion, we analyze all situations to perfection before intervening. In order to better serve you, whatever your budget, we will take the pleasure of listening to your infestation problems to solve them in a short time.<\/p>\n<p><img decoding=\"async\" class=\"aligncenter size-large wp-image-2305\" src=\"https:\/\/exterminateuramontreal.ca\/wp-content\/uploads\/2021\/03\/REAL-1024x480.jpg\" alt=\"\" width=\"1024\" height=\"480\" srcset=\"https:\/\/exterminateuramontreal.ca\/wp-content\/uploads\/2021\/03\/REAL-1024x480.jpg 1024w, https:\/\/exterminateuramontreal.ca\/wp-content\/uploads\/2021\/03\/REAL-300x141.jpg 300w, https:\/\/exterminateuramontreal.ca\/wp-content\/uploads\/2021\/03\/REAL-768x360.jpg 768w, https:\/\/exterminateuramontreal.ca\/wp-content\/uploads\/2021\/03\/REAL-1600x750.jpg 1600w, https:\/\/exterminateuramontreal.ca\/wp-content\/uploads\/2021\/03\/REAL-1536x720.jpg 1536w, https:\/\/exterminateuramontreal.ca\/wp-content\/uploads\/2021\/03\/REAL.jpg 1920w\" sizes=\"(max-width: 1024px) 100vw, 1024px\" \/><\/p>\n<h2>Extermination of Rawdon Ants: Remarkable Know-How<\/h2>\n<p><strong>The extermination of carpenter ants is the main service offered by the exterminator ants in Rawdon,<\/strong>because getting rid of ants is paramount. As soon as you notice their invasion, call in insect exterminator. We act with incredible know-how. In fact, for having received appropriate training, we know ants as our pockets.  <strong>Therefore, the first step we take is to detect their main nest.<\/strong><\/p>\n<p>Generally speaking, it is always outside the house. But when we find ants in your interior, they can come from a nest called satellite or second nest. If this is the case, then a future queen of the main nest would have entered your dwelling to build her own nest.  <strong>As soon as this nest is located, all the extermination work takes place simply with great efficiency.<\/strong><\/p>\n<h3>Tips to avoid carpenter ants<\/h3>\n<p>To prevent the invasion and proliferation of carpenter ants, you should not leave leftover food on the counter. Then seal your sugary foods tightly.<\/p>\n<div class=\"blue_box\" >\r\n<div class=\"blue_box_content\">\r\n<\/p>\n<p>Don&#8217;t let ants invade you. Identifying the real source of the problem is our job. If you can&#8217;t get rid of its pests,<\/p>\n<p><strong>Call your exterminator in Montreal <a href=\"tel:5148302819\">514 830 2819<\/a><\/strong><\/p>\n<p>\r\n<\/div>\r\n<\/div>\n<h2>Extermination of Rawdon mice or rats<\/h2>\n<p><strong>No house in Rawdon is excluded by the invasion of mice and rats.<\/strong> They can enter your home at the end of the fall and stay there all year round. Such an invasion of rodents should not be taken lightly.  <strong>It is therefore essential to get rid of rats when they are inside the houses.<\/strong><\/p>\n<p>In reality, mice and rats are able to gnaw at the electrical wires behind the walls to make their way to your food supply. As a result, <strong>they can cause fire hazards.<\/strong> Similarly, they are used to leaving their urine and feces everywhere. This poses a threat of disease. <strong>The worst part is that some rodent species can be carriers of serious viruses (the Scots mouse) for you and your pets.<\/strong> So you shouldn&#8217;t take such an invasion lightly. Just contact your mouse exterminator in Rawdon, and you&#8217;re done!<\/p>\n<p>Indeed, <strong>Rodent Exterminator can easily locate mice, rats as well as their nest from a test or with traps.<\/strong> Or, thanks to our integrated control approach, they will use the most excellent method of intervention and then completely eliminate these rodents.<\/p>\n<h3>How do I detect a rodent infestation?<\/h3>\n<p>Not everyone can recognize a rodent infestation. To achieve this, <strong>you will need to pay attention to noises, bitten furniture and grated food.<\/strong> Indeed, they certainly indicate the presence of unwanted rats or mice. You can also fall on their urine and feces. As soon as you notice them, feel free to contact your Rawdon Rat Exterminator.<\/p>\n<p><img decoding=\"async\" class=\"aligncenter size-large wp-image-2296\" src=\"https:\/\/exterminateuramontreal.ca\/wp-content\/uploads\/2021\/03\/rongeur-1024x480.jpg\" alt=\"\" width=\"1024\" height=\"480\" srcset=\"https:\/\/exterminateuramontreal.ca\/wp-content\/uploads\/2021\/03\/rongeur-1024x480.jpg 1024w, https:\/\/exterminateuramontreal.ca\/wp-content\/uploads\/2021\/03\/rongeur-300x141.jpg 300w, https:\/\/exterminateuramontreal.ca\/wp-content\/uploads\/2021\/03\/rongeur-768x360.jpg 768w, https:\/\/exterminateuramontreal.ca\/wp-content\/uploads\/2021\/03\/rongeur-1600x750.jpg 1600w, https:\/\/exterminateuramontreal.ca\/wp-content\/uploads\/2021\/03\/rongeur-1536x720.jpg 1536w, https:\/\/exterminateuramontreal.ca\/wp-content\/uploads\/2021\/03\/rongeur.jpg 1920w\" sizes=\"(max-width: 1024px) 100vw, 1024px\" \/><\/p>\n<p>&nbsp;<\/p>\n<h2>Rawdon Unwanted Animal Capture<\/h2>\n<p>In Canada, and more specifically in Rawdon, <strong>the raccoon is an unwanted animal that enters homes.<\/strong> This carnivorous mammal is easily identifiable by its white and black curly tail. He also has a specific black mask, which makes him look like a thief.<\/p>\n<p>Being a solitary and peaceful animal, it has short legs. <strong>Thanks to the extraordinary characteristics of its claws, it can easily climb trees and structures of houses.<\/strong> It should also be noted that swimming is a speciality of the raccoon.<\/p>\n<h3>Habitat and feeding of raccoons<\/h3>\n<p>In terms of habitat and diet,<strong> raccoons often live in forests, but closer to streams.<\/strong> Similarly, it can live in the presence of humans in the suburbs and in other cities like Rawdon. Its dwelling may be located in a tree or under the roots. It may also reside in an abandoned burrow. As a result, it is easier for them to quickly find a suitable location in an agglomeration. It is often found <strong>under a gallery, shed or attic.<\/strong><\/p>\n<p><strong>Just like in humans, raccoon foods are very diverse.<\/strong> So he can consume everything we eat. That&#8217;s why he likes to snoop around in the garbage. If you live in Rawdon and notice that your trash can is often spilled to the side, be very careful and start spying on the person in charge. However, the raccoon is very skilled.<\/p>\n<p>As soon as you find that it&#8217;s a raccoon that always drops out of your trash can, so <strong>feel free to contact your unwanted animal capture specialist in Rawdon.<\/strong> Our experts trained in the capture of raccoons will put their skills and experiences into practice to apprehend it in record time.<\/p>\n<p>As you will certainly understand, <strong>calling on Rawdon&#8217;s Exterminator is to end with invasions of ants, insects and rabid animals.<\/strong> In reality, our extermination products and techniques are environmentally friendly. The most important thing is that our service vehicle is not identifiable by the neighbors. So discretion is our motto.  <strong>More than a profession, the extermination of pests, insects, mice and rats is our greatest passion.<\/strong><\/p>\n<p>&nbsp;<\/p>\n<h2>Contact us<\/h2>\n\n<div class=\"wpcf7 no-js\" id=\"wpcf7-f2236-o1\" lang=\"en-CA\" dir=\"ltr\" data-wpcf7-id=\"2236\">\n<div class=\"screen-reader-response\"><p role=\"status\" aria-live=\"polite\" aria-atomic=\"true\"><\/p> <ul><\/ul><\/div>\n<form action=\"\/en\/wp-json\/wp\/v2\/pages\/2364#wpcf7-f2236-o1\" method=\"post\" class=\"wpcf7-form init\" aria-label=\"Contact form\" novalidate=\"novalidate\" data-status=\"init\">\n<fieldset class=\"hidden-fields-container\"><input type=\"hidden\" name=\"_wpcf7\" value=\"2236\" \/><input type=\"hidden\" name=\"_wpcf7_version\" value=\"6.1.5\" \/><input type=\"hidden\" name=\"_wpcf7_locale\" value=\"en_CA\" \/><input type=\"hidden\" name=\"_wpcf7_unit_tag\" value=\"wpcf7-f2236-o1\" \/><input type=\"hidden\" name=\"_wpcf7_container_post\" value=\"0\" \/><input type=\"hidden\" name=\"_wpcf7_posted_data_hash\" value=\"\" \/><input type=\"hidden\" name=\"_wpcf7_recaptcha_response\" value=\"\" \/>\n<\/fieldset>\n<p>Your name (compulsory)\n<\/p>\n<p><span class=\"wpcf7-form-control-wrap\" data-name=\"text-319\"><input size=\"40\" maxlength=\"400\" class=\"wpcf7-form-control wpcf7-text wpcf7-validates-as-required\" aria-required=\"true\" aria-invalid=\"false\" value=\"\" type=\"text\" name=\"text-319\" \/><\/span>\n<\/p>\n<p>Your email (compulsory)\n<\/p>\n<p><span class=\"wpcf7-form-control-wrap\" data-name=\"email-847\"><input size=\"40\" maxlength=\"400\" class=\"wpcf7-form-control wpcf7-email wpcf7-validates-as-required wpcf7-text wpcf7-validates-as-email\" aria-required=\"true\" aria-invalid=\"false\" value=\"\" type=\"email\" name=\"email-847\" \/><\/span>\n<\/p>\n<p>Your phone (compulsory)\n<\/p>\n<p><span class=\"wpcf7-form-control-wrap\" data-name=\"tel-516\"><input size=\"40\" maxlength=\"400\" class=\"wpcf7-form-control wpcf7-tel wpcf7-validates-as-required wpcf7-text wpcf7-validates-as-tel\" aria-required=\"true\" aria-invalid=\"false\" value=\"\" type=\"tel\" name=\"tel-516\" \/><\/span>\n<\/p>\n<p>Your city:<br \/>\n<span class=\"wpcf7-form-control-wrap\" data-name=\"ville-642\"><input size=\"40\" maxlength=\"400\" class=\"wpcf7-form-control wpcf7-text\" aria-invalid=\"false\" value=\"\" type=\"text\" name=\"ville-642\" \/><\/span>\n<\/p>\n<p>Subject\n<\/p>\n<p><span class=\"wpcf7-form-control-wrap\" data-name=\"your-subject\"><input size=\"40\" maxlength=\"400\" class=\"wpcf7-form-control wpcf7-text wpcf7-validates-as-required\" aria-required=\"true\" aria-invalid=\"false\" value=\"\" type=\"text\" name=\"your-subject\" \/><\/span>\n<\/p>\n<p>Your message\n<\/p>\n<p><span class=\"wpcf7-form-control-wrap\" data-name=\"your-message\"><textarea cols=\"40\" rows=\"10\" maxlength=\"2000\" class=\"wpcf7-form-control wpcf7-textarea wpcf7-validates-as-required\" aria-required=\"true\" aria-invalid=\"false\" name=\"your-message\"><\/textarea><\/span>\n<\/p>\n<p><input class=\"wpcf7-form-control wpcf7-submit has-spinner\" type=\"submit\" value=\"Send\" \/>\n<\/p><p style=\"display: none !important;\" class=\"akismet-fields-container\" data-prefix=\"_wpcf7_ak_\"><label>&#916;<textarea name=\"_wpcf7_ak_hp_textarea\" cols=\"45\" rows=\"8\" maxlength=\"100\"><\/textarea><\/label><input type=\"hidden\" id=\"ak_js_1\" name=\"_wpcf7_ak_js\" value=\"36\"\/><script>document.getElementById( \"ak_js_1\" ).setAttribute( \"value\", ( new Date() ).getTime() );<\/script><\/p><div class=\"wpcf7-response-output\" aria-hidden=\"true\"><\/div>\n<\/form>\n<\/div>\n\n","protected":false},"excerpt":{"rendered":"<p>Why use Rawdon Exterminator? The presence of ants, bed bugs, cockroaches, wasps and unwanted animals such as mice and rats in your garden or home can become troublesome. If you notice or suspect their existence, it would be beneficial for you to use Exterminator Rawdon if you live in Canada. But why call on this [&hellip;]<\/p>\n","protected":false},"author":2,"featured_media":0,"parent":0,"menu_order":0,"comment_status":"closed","ping_status":"closed","template":"","meta":{"_genesis_hide_title":false,"_genesis_hide_breadcrumbs":false,"_genesis_hide_singular_image":false,"_genesis_hide_footer_widgets":false,"_genesis_custom_body_class":"","_genesis_custom_post_class":"","_genesis_layout":"","footnotes":""},"class_list":{"0":"post-2364","1":"page","2":"type-page","3":"status-publish","5":"entry","6":"has-post-thumbnail"},"yoast_head":"<!-- This site is optimized with the Yoast SEO plugin v27.3 - https:\/\/yoast.com\/product\/yoast-seo-wordpress\/ -->\n<title>RAWDON Exterminator - Votre exterminateur \u00e0 Montr\u00e9al<\/title>\n<meta name=\"description\" content=\"Why use Rawdon Exterminator? The presence of ants, bed bugs, cockroaches, wasps and unwanted animals such as mice and rats in your garden or home can\" \/>\n<meta name=\"robots\" content=\"index, follow, max-snippet:-1, max-image-preview:large, max-video-preview:-1\" \/>\n<link rel=\"canonical\" href=\"https:\/\/exterminateuramontreal.ca\/en\/rawdon-exterminator\/\" \/>\n<meta property=\"og:locale\" content=\"en_US\" \/>\n<meta property=\"og:type\" content=\"article\" \/>\n<meta property=\"og:title\" content=\"RAWDON Exterminator - Votre exterminateur \u00e0 Montr\u00e9al\" \/>\n<meta property=\"og:description\" content=\"Why use Rawdon Exterminator? The presence of ants, bed bugs, cockroaches, wasps and unwanted animals such as mice and rats in your garden or home can\" \/>\n<meta property=\"og:url\" content=\"https:\/\/exterminateuramontreal.ca\/en\/rawdon-exterminator\/\" \/>\n<meta property=\"og:site_name\" content=\"Votre exterminateur \u00e0 Montr\u00e9al\" \/>\n<meta property=\"og:image\" content=\"https:\/\/exterminateuramontreal.ca\/wp-content\/uploads\/2021\/03\/rat-1024x480.jpg\" \/>\n<meta name=\"twitter:label1\" content=\"Est. reading time\" \/>\n\t<meta name=\"twitter:data1\" content=\"5 minutes\" \/>\n<script type=\"application\/ld+json\" class=\"yoast-schema-graph\">{\"@context\":\"https:\\\/\\\/schema.org\",\"@graph\":[{\"@type\":\"WebPage\",\"@id\":\"https:\\\/\\\/exterminateuramontreal.ca\\\/en\\\/rawdon-exterminator\\\/\",\"url\":\"https:\\\/\\\/exterminateuramontreal.ca\\\/en\\\/rawdon-exterminator\\\/\",\"name\":\"RAWDON Exterminator - Votre exterminateur \u00e0 Montr\u00e9al\",\"isPartOf\":{\"@id\":\"https:\\\/\\\/exterminateuramontreal.ca\\\/en\\\/#website\"},\"primaryImageOfPage\":{\"@id\":\"https:\\\/\\\/exterminateuramontreal.ca\\\/en\\\/rawdon-exterminator\\\/#primaryimage\"},\"image\":{\"@id\":\"https:\\\/\\\/exterminateuramontreal.ca\\\/en\\\/rawdon-exterminator\\\/#primaryimage\"},\"thumbnailUrl\":\"https:\\\/\\\/exterminateuramontreal.ca\\\/wp-content\\\/uploads\\\/2021\\\/03\\\/rat-1024x480.jpg\",\"datePublished\":\"2021-03-16T18:22:36+00:00\",\"description\":\"Why use Rawdon Exterminator? The presence of ants, bed bugs, cockroaches, wasps and unwanted animals such as mice and rats in your garden or home can\",\"breadcrumb\":{\"@id\":\"https:\\\/\\\/exterminateuramontreal.ca\\\/en\\\/rawdon-exterminator\\\/#breadcrumb\"},\"inLanguage\":\"en-CA\",\"potentialAction\":[{\"@type\":\"ReadAction\",\"target\":[\"https:\\\/\\\/exterminateuramontreal.ca\\\/en\\\/rawdon-exterminator\\\/\"]}]},{\"@type\":\"ImageObject\",\"inLanguage\":\"en-CA\",\"@id\":\"https:\\\/\\\/exterminateuramontreal.ca\\\/en\\\/rawdon-exterminator\\\/#primaryimage\",\"url\":\"https:\\\/\\\/exterminateuramontreal.ca\\\/wp-content\\\/uploads\\\/2021\\\/03\\\/rat-1024x480.jpg\",\"contentUrl\":\"https:\\\/\\\/exterminateuramontreal.ca\\\/wp-content\\\/uploads\\\/2021\\\/03\\\/rat-1024x480.jpg\"},{\"@type\":\"BreadcrumbList\",\"@id\":\"https:\\\/\\\/exterminateuramontreal.ca\\\/en\\\/rawdon-exterminator\\\/#breadcrumb\",\"itemListElement\":[{\"@type\":\"ListItem\",\"position\":1,\"name\":\"Accueil\",\"item\":\"https:\\\/\\\/exterminateuramontreal.ca\\\/en\\\/\"},{\"@type\":\"ListItem\",\"position\":2,\"name\":\"RAWDON Exterminator\"}]},{\"@type\":\"WebSite\",\"@id\":\"https:\\\/\\\/exterminateuramontreal.ca\\\/en\\\/#website\",\"url\":\"https:\\\/\\\/exterminateuramontreal.ca\\\/en\\\/\",\"name\":\"Exterminateur \u00e0 Montr\u00e9al\",\"description\":\"Votre exterminateur de confiance et pas cher \u00e0 Montr\u00e9al!\",\"publisher\":{\"@id\":\"https:\\\/\\\/exterminateuramontreal.ca\\\/en\\\/#organization\"},\"alternateName\":\"Votre exterminateur de confiance et pas cher \u00e0 Montr\u00e9al!\",\"potentialAction\":[{\"@type\":\"SearchAction\",\"target\":{\"@type\":\"EntryPoint\",\"urlTemplate\":\"https:\\\/\\\/exterminateuramontreal.ca\\\/en\\\/?s={search_term_string}\"},\"query-input\":{\"@type\":\"PropertyValueSpecification\",\"valueRequired\":true,\"valueName\":\"search_term_string\"}}],\"inLanguage\":\"en-CA\"},{\"@type\":\"Organization\",\"@id\":\"https:\\\/\\\/exterminateuramontreal.ca\\\/en\\\/#organization\",\"name\":\"Exterminateur \u00e0 Montr\u00e9al\",\"alternateName\":\"Votre exterminateur de confiance \u00e0 Montr\u00e9al!\",\"url\":\"https:\\\/\\\/exterminateuramontreal.ca\\\/en\\\/\",\"logo\":{\"@type\":\"ImageObject\",\"inLanguage\":\"en-CA\",\"@id\":\"https:\\\/\\\/exterminateuramontreal.ca\\\/en\\\/#\\\/schema\\\/logo\\\/image\\\/\",\"url\":\"https:\\\/\\\/exterminateuramontreal.ca\\\/wp-content\\\/uploads\\\/2011\\\/12\\\/logo-exterminateur-montreal-e1654628842986.png\",\"contentUrl\":\"https:\\\/\\\/exterminateuramontreal.ca\\\/wp-content\\\/uploads\\\/2011\\\/12\\\/logo-exterminateur-montreal-e1654628842986.png\",\"width\":176,\"height\":74,\"caption\":\"Exterminateur \u00e0 Montr\u00e9al\"},\"image\":{\"@id\":\"https:\\\/\\\/exterminateuramontreal.ca\\\/en\\\/#\\\/schema\\\/logo\\\/image\\\/\"}}]}<\/script>\n<!-- \/ Yoast SEO plugin. -->","yoast_head_json":{"title":"RAWDON Exterminator - Votre exterminateur \u00e0 Montr\u00e9al","description":"Why use Rawdon Exterminator? The presence of ants, bed bugs, cockroaches, wasps and unwanted animals such as mice and rats in your garden or home can","robots":{"index":"index","follow":"follow","max-snippet":"max-snippet:-1","max-image-preview":"max-image-preview:large","max-video-preview":"max-video-preview:-1"},"canonical":"https:\/\/exterminateuramontreal.ca\/en\/rawdon-exterminator\/","og_locale":"en_US","og_type":"article","og_title":"RAWDON Exterminator - Votre exterminateur \u00e0 Montr\u00e9al","og_description":"Why use Rawdon Exterminator? The presence of ants, bed bugs, cockroaches, wasps and unwanted animals such as mice and rats in your garden or home can","og_url":"https:\/\/exterminateuramontreal.ca\/en\/rawdon-exterminator\/","og_site_name":"Votre exterminateur \u00e0 Montr\u00e9al","og_image":[{"url":"https:\/\/exterminateuramontreal.ca\/wp-content\/uploads\/2021\/03\/rat-1024x480.jpg","type":"","width":"","height":""}],"twitter_misc":{"Est. reading time":"5 minutes"},"schema":{"@context":"https:\/\/schema.org","@graph":[{"@type":"WebPage","@id":"https:\/\/exterminateuramontreal.ca\/en\/rawdon-exterminator\/","url":"https:\/\/exterminateuramontreal.ca\/en\/rawdon-exterminator\/","name":"RAWDON Exterminator - Votre exterminateur \u00e0 Montr\u00e9al","isPartOf":{"@id":"https:\/\/exterminateuramontreal.ca\/en\/#website"},"primaryImageOfPage":{"@id":"https:\/\/exterminateuramontreal.ca\/en\/rawdon-exterminator\/#primaryimage"},"image":{"@id":"https:\/\/exterminateuramontreal.ca\/en\/rawdon-exterminator\/#primaryimage"},"thumbnailUrl":"https:\/\/exterminateuramontreal.ca\/wp-content\/uploads\/2021\/03\/rat-1024x480.jpg","datePublished":"2021-03-16T18:22:36+00:00","description":"Why use Rawdon Exterminator? The presence of ants, bed bugs, cockroaches, wasps and unwanted animals such as mice and rats in your garden or home can","breadcrumb":{"@id":"https:\/\/exterminateuramontreal.ca\/en\/rawdon-exterminator\/#breadcrumb"},"inLanguage":"en-CA","potentialAction":[{"@type":"ReadAction","target":["https:\/\/exterminateuramontreal.ca\/en\/rawdon-exterminator\/"]}]},{"@type":"ImageObject","inLanguage":"en-CA","@id":"https:\/\/exterminateuramontreal.ca\/en\/rawdon-exterminator\/#primaryimage","url":"https:\/\/exterminateuramontreal.ca\/wp-content\/uploads\/2021\/03\/rat-1024x480.jpg","contentUrl":"https:\/\/exterminateuramontreal.ca\/wp-content\/uploads\/2021\/03\/rat-1024x480.jpg"},{"@type":"BreadcrumbList","@id":"https:\/\/exterminateuramontreal.ca\/en\/rawdon-exterminator\/#breadcrumb","itemListElement":[{"@type":"ListItem","position":1,"name":"Accueil","item":"https:\/\/exterminateuramontreal.ca\/en\/"},{"@type":"ListItem","position":2,"name":"RAWDON Exterminator"}]},{"@type":"WebSite","@id":"https:\/\/exterminateuramontreal.ca\/en\/#website","url":"https:\/\/exterminateuramontreal.ca\/en\/","name":"Exterminateur \u00e0 Montr\u00e9al","description":"Votre exterminateur de confiance et pas cher \u00e0 Montr\u00e9al!","publisher":{"@id":"https:\/\/exterminateuramontreal.ca\/en\/#organization"},"alternateName":"Votre exterminateur de confiance et pas cher \u00e0 Montr\u00e9al!","potentialAction":[{"@type":"SearchAction","target":{"@type":"EntryPoint","urlTemplate":"https:\/\/exterminateuramontreal.ca\/en\/?s={search_term_string}"},"query-input":{"@type":"PropertyValueSpecification","valueRequired":true,"valueName":"search_term_string"}}],"inLanguage":"en-CA"},{"@type":"Organization","@id":"https:\/\/exterminateuramontreal.ca\/en\/#organization","name":"Exterminateur \u00e0 Montr\u00e9al","alternateName":"Votre exterminateur de confiance \u00e0 Montr\u00e9al!","url":"https:\/\/exterminateuramontreal.ca\/en\/","logo":{"@type":"ImageObject","inLanguage":"en-CA","@id":"https:\/\/exterminateuramontreal.ca\/en\/#\/schema\/logo\/image\/","url":"https:\/\/exterminateuramontreal.ca\/wp-content\/uploads\/2011\/12\/logo-exterminateur-montreal-e1654628842986.png","contentUrl":"https:\/\/exterminateuramontreal.ca\/wp-content\/uploads\/2011\/12\/logo-exterminateur-montreal-e1654628842986.png","width":176,"height":74,"caption":"Exterminateur \u00e0 Montr\u00e9al"},"image":{"@id":"https:\/\/exterminateuramontreal.ca\/en\/#\/schema\/logo\/image\/"}}]}},"_links":{"self":[{"href":"https:\/\/exterminateuramontreal.ca\/en\/wp-json\/wp\/v2\/pages\/2364","targetHints":{"allow":["GET"]}}],"collection":[{"href":"https:\/\/exterminateuramontreal.ca\/en\/wp-json\/wp\/v2\/pages"}],"about":[{"href":"https:\/\/exterminateuramontreal.ca\/en\/wp-json\/wp\/v2\/types\/page"}],"author":[{"embeddable":true,"href":"https:\/\/exterminateuramontreal.ca\/en\/wp-json\/wp\/v2\/users\/2"}],"replies":[{"embeddable":true,"href":"https:\/\/exterminateuramontreal.ca\/en\/wp-json\/wp\/v2\/comments?post=2364"}],"version-history":[{"count":0,"href":"https:\/\/exterminateuramontreal.ca\/en\/wp-json\/wp\/v2\/pages\/2364\/revisions"}],"wp:attachment":[{"href":"https:\/\/exterminateuramontreal.ca\/en\/wp-json\/wp\/v2\/media?parent=2364"}],"curies":[{"name":"wp","href":"https:\/\/api.w.org\/{rel}","templated":true}]}}