{"id":2360,"date":"2021-03-16T13:44:49","date_gmt":"2021-03-16T17:44:49","guid":{"rendered":"https:\/\/exterminateuramontreal.ca\/exterminator-at-entrelacs\/"},"modified":"2021-03-16T13:44:53","modified_gmt":"2021-03-16T17:44:53","slug":"exterminator-at-entrelacs","status":"publish","type":"page","link":"https:\/\/exterminateuramontreal.ca\/en\/exterminator-at-entrelacs\/","title":{"rendered":"Exterminator at EntreLacs"},"content":{"rendered":"<p>Living comfortably in your home is everyone&#8217;s desire. This joy can be suddenly tainted by an invasion of unwanted insects or animals. In order to permanently stop the invasion by these vermin, Animal Alert, your <strong>interlacing<\/strong> <strong>exterminator<\/strong> offers its various services in this area. Check out all of our services here.<\/p>\n<h2>Interlacs Extermination Service<\/h2>\n<p><img decoding=\"async\" class=\"aligncenter size-large wp-image-2325\" src=\"https:\/\/exterminateuramontreal.ca\/wp-content\/uploads\/2021\/03\/ABEILLE-1024x480.jpg\" alt=\"\" width=\"1024\" height=\"480\" srcset=\"https:\/\/exterminateuramontreal.ca\/wp-content\/uploads\/2021\/03\/ABEILLE-1024x480.jpg 1024w, https:\/\/exterminateuramontreal.ca\/wp-content\/uploads\/2021\/03\/ABEILLE-300x141.jpg 300w, https:\/\/exterminateuramontreal.ca\/wp-content\/uploads\/2021\/03\/ABEILLE-768x360.jpg 768w, https:\/\/exterminateuramontreal.ca\/wp-content\/uploads\/2021\/03\/ABEILLE-1536x720.jpg 1536w, https:\/\/exterminateuramontreal.ca\/wp-content\/uploads\/2021\/03\/ABEILLE.jpg 1920w\" sizes=\"(max-width: 1024px) 100vw, 1024px\" \/><\/p>\n<p>Are you in the throes of fear of vermin in your home? Are you looking to rid your home of pests such as insects and rodents? Don&#8217;t panic! Thanks to our many years of experience in pest management in various regions of Quebec, we will quickly eradicate all these little animals.<\/p>\n<p>Our<strong>extermination<\/strong> services serve the entire city. You can therefore call on us to capture or eliminate insects and other unwanted animals living in your home. These are a hindrance to your well-being and can be a danger to your health. In addition, the use of pesticides is strictly regulated. In fact, it is more than necessary to use qualified and environmentally friendly specialists.<\/p>\n<p>Our clearance by the Quebec Ministry of the Environment ensures that you take advantage of the services of certified technicians. We apply ourselves to effectively keep your unwanted guests out of your home. In addition, our services are the best and we practice reasonable prices.<\/p>\n<p>For the sake of discretion and for your peace of mind, we travel to you with unidentified vehicles. Our specialists are working to eliminate carpenter ants, wasps, bed bugs and cockroaches. Thanks to our expertise, mice or sewer rats that have taken refuge in your home will be eradicated.<\/p>\n<p>Our skilled <strong>exterminators <\/strong>also get rid of other intruders such as raccoons, which can cause a lot of damage. We listen to you and dedicate ourselves to the task to make you find a healthy and livable home.<\/p>\n<h2>Extermination of Interlacing Ants<\/h2>\n<p><img decoding=\"async\" class=\"aligncenter size-large wp-image-2288\" src=\"https:\/\/exterminateuramontreal.ca\/wp-content\/uploads\/2021\/03\/fourmis-1024x480.jpg\" alt=\"\" width=\"1024\" height=\"480\" srcset=\"https:\/\/exterminateuramontreal.ca\/wp-content\/uploads\/2021\/03\/fourmis-1024x480.jpg 1024w, https:\/\/exterminateuramontreal.ca\/wp-content\/uploads\/2021\/03\/fourmis-300x141.jpg 300w, https:\/\/exterminateuramontreal.ca\/wp-content\/uploads\/2021\/03\/fourmis-768x360.jpg 768w, https:\/\/exterminateuramontreal.ca\/wp-content\/uploads\/2021\/03\/fourmis-1600x750.jpg 1600w, https:\/\/exterminateuramontreal.ca\/wp-content\/uploads\/2021\/03\/fourmis-1536x720.jpg 1536w, https:\/\/exterminateuramontreal.ca\/wp-content\/uploads\/2021\/03\/fourmis.jpg 1920w\" sizes=\"(max-width: 1024px) 100vw, 1024px\" \/><\/p>\n<p>Our<strong>ant extermination <\/strong>service is very effective, because our specialists master the habits of your invaders. The ants live in a very organized nest consisting of several chambers connected by circulation galleries. Depending on whether it is deep or on the surface, each room is used for a specific activity.<\/p>\n<p>All entrances to the anthill are guarded by babysitters whose appearance is different from other ants. They have bigger heads and powerful mandibles that allow them to fight their opponents. The king and queen live in a royal chamber, surrounded by workers who are in their care.<\/p>\n<div class=\"blue_box\" >\r\n<div class=\"blue_box_content\">\r\n<\/p>\n<p>Don&#8217;t let ants invade you. Identifying the real source of the problem is our job. If you can&#8217;t get rid of its pests,<\/p>\n<p><strong>Call your exterminator in Montreal <a href=\"tel:5148302819\">514 830 2819<\/a><\/strong><\/p>\n<p>\r\n<\/div>\r\n<\/div>\n<p>Mice usually have their main nest outside the dwellings, but sometimes create a satellite nest. To <strong>get rid of the ants<\/strong> as soon as possible, it is necessary to react to the smallest alert by warning an insect <strong>exterminator.<\/strong> The latter will inspect and locate the source of the nest to completely destroy it.<\/p>\n<p>So don&#8217;t hesitate and call on our <strong>ants exterminator<\/strong> to regain your serenity. To prevent future infestations, it is advisable to avoid leaving food lying around and sealing sugary foods. Also, avoid tying your logs or wooden ropes to the wall of your home.<\/p>\n<h2>Extermination of mice or rats Entrelacs<\/h2>\n<p><img decoding=\"async\" class=\"aligncenter size-large wp-image-2296\" src=\"https:\/\/exterminateuramontreal.ca\/wp-content\/uploads\/2021\/03\/rongeur-1024x480.jpg\" alt=\"\" width=\"1024\" height=\"480\" srcset=\"https:\/\/exterminateuramontreal.ca\/wp-content\/uploads\/2021\/03\/rongeur-1024x480.jpg 1024w, https:\/\/exterminateuramontreal.ca\/wp-content\/uploads\/2021\/03\/rongeur-300x141.jpg 300w, https:\/\/exterminateuramontreal.ca\/wp-content\/uploads\/2021\/03\/rongeur-768x360.jpg 768w, https:\/\/exterminateuramontreal.ca\/wp-content\/uploads\/2021\/03\/rongeur-1600x750.jpg 1600w, https:\/\/exterminateuramontreal.ca\/wp-content\/uploads\/2021\/03\/rongeur-1536x720.jpg 1536w, https:\/\/exterminateuramontreal.ca\/wp-content\/uploads\/2021\/03\/rongeur.jpg 1920w\" sizes=\"(max-width: 1024px) 100vw, 1024px\" \/><\/p>\n<p>Mice and rats are pests that can only be eliminated sustainably by a <strong>rodent exterminator.<\/strong><\/p>\n<h3>The extermination of mice<\/h3>\n<p>You would think that because they are cute, mice are harmless. However, it is a devastating species that can cause significant damage to your property. They reproduce very quickly and can easily seep into any gap in your home. Placard, attic, old drawer, the smallest space can serve as a habitat.<\/p>\n<p>It won&#8217;t be long before you start noticing their presence. They leave behind excrement, eat away at just about everything and attack food supplies. As if that weren&#8217;t enough, <strong>forest mice<\/strong> carry a deadly virus that can be transmitted to humans: hantavirus.<\/p>\n<p>It is usually transmitted through contact with feces or urine from infected mice, but also by bite. It is therefore essential to use a <strong>mouse exterminator<\/strong> to preserve your health and your belongings.<\/p>\n<h3>The extermination of rats<\/h3>\n<p>Like their mouse mates, rats are also a constant source of stress when they infest a home. Infiltrating homes through faulty sewers or unprotected drains, they quickly mark their presence. They are very agile and with their sharp teeth create about the same damage as mice.<\/p>\n<p>To <strong>get rid of rats,<\/strong> you have to react to the slightest sign by contacting a rat <strong>exterminator<\/strong>very quickly. Like mice, they are vectors of diseases such as sodoku, leptospirosis or salmonellosis.<\/p>\n<p>&nbsp;<\/p>\n<h2>Catching Unwanted Animals Interlacs<\/h2>\n<p><img decoding=\"async\" class=\"aligncenter size-large wp-image-2333\" src=\"https:\/\/exterminateuramontreal.ca\/wp-content\/uploads\/2021\/03\/ABEILLE-2-1024x480.jpg\" alt=\"\" width=\"1024\" height=\"480\" srcset=\"https:\/\/exterminateuramontreal.ca\/wp-content\/uploads\/2021\/03\/ABEILLE-2-1024x480.jpg 1024w, https:\/\/exterminateuramontreal.ca\/wp-content\/uploads\/2021\/03\/ABEILLE-2-300x141.jpg 300w, https:\/\/exterminateuramontreal.ca\/wp-content\/uploads\/2021\/03\/ABEILLE-2-768x360.jpg 768w, https:\/\/exterminateuramontreal.ca\/wp-content\/uploads\/2021\/03\/ABEILLE-2-1536x720.jpg 1536w, https:\/\/exterminateuramontreal.ca\/wp-content\/uploads\/2021\/03\/ABEILLE-2.jpg 1920w\" sizes=\"(max-width: 1024px) 100vw, 1024px\" \/><\/p>\n<p>Our company also offers services <strong>to catch unwanted animals<\/strong> such as skunks, squirrels or raccoons. Their frequent passage can cause a lot of damage. They are able to invade your garden or lawn in their quest for food. They then damage these lands by sometimes digging galleries.<\/p>\n<p>Raccoons are particularly fond of rummaging through garbage cans in search of food. So he can topple them to the side and create a real mess in his path. Seeking to capture these intruders yourself can be dangerous because they are sometimes <strong>aggressive.<\/strong> The skunk, for example, can throw an extremely foul-smelling liquid on you that persists for several days before fading.<\/p>\n<p>You can also get scratched by these animals or if you are inattentive, injure yourself by trying to capture them. We have the right tools and we take care of capturing them with all the necessary arrangements.<\/p>\n<p>Our parasitic extermination company in Quebec offers you quality and fast services to get rid of vermin. So don&#8217;t hesitate to contact us as soon as you think you will be invading pests.<\/p>\n<p>&nbsp;<\/p>\n<h2>Contact us<\/h2>\n\n<div class=\"wpcf7 no-js\" id=\"wpcf7-f2236-o1\" lang=\"en-CA\" dir=\"ltr\" data-wpcf7-id=\"2236\">\n<div class=\"screen-reader-response\"><p role=\"status\" aria-live=\"polite\" aria-atomic=\"true\"><\/p> <ul><\/ul><\/div>\n<form action=\"\/en\/wp-json\/wp\/v2\/pages\/2360#wpcf7-f2236-o1\" method=\"post\" class=\"wpcf7-form init\" aria-label=\"Contact form\" novalidate=\"novalidate\" data-status=\"init\">\n<fieldset class=\"hidden-fields-container\"><input type=\"hidden\" name=\"_wpcf7\" value=\"2236\" \/><input type=\"hidden\" name=\"_wpcf7_version\" value=\"6.1.5\" \/><input type=\"hidden\" name=\"_wpcf7_locale\" value=\"en_CA\" \/><input type=\"hidden\" name=\"_wpcf7_unit_tag\" value=\"wpcf7-f2236-o1\" \/><input type=\"hidden\" name=\"_wpcf7_container_post\" value=\"0\" \/><input type=\"hidden\" name=\"_wpcf7_posted_data_hash\" value=\"\" \/><input type=\"hidden\" name=\"_wpcf7_recaptcha_response\" value=\"\" \/>\n<\/fieldset>\n<p>Your name (compulsory)\n<\/p>\n<p><span class=\"wpcf7-form-control-wrap\" data-name=\"text-319\"><input size=\"40\" maxlength=\"400\" class=\"wpcf7-form-control wpcf7-text wpcf7-validates-as-required\" aria-required=\"true\" aria-invalid=\"false\" value=\"\" type=\"text\" name=\"text-319\" \/><\/span>\n<\/p>\n<p>Your email (compulsory)\n<\/p>\n<p><span class=\"wpcf7-form-control-wrap\" data-name=\"email-847\"><input size=\"40\" maxlength=\"400\" class=\"wpcf7-form-control wpcf7-email wpcf7-validates-as-required wpcf7-text wpcf7-validates-as-email\" aria-required=\"true\" aria-invalid=\"false\" value=\"\" type=\"email\" name=\"email-847\" \/><\/span>\n<\/p>\n<p>Your phone (compulsory)\n<\/p>\n<p><span class=\"wpcf7-form-control-wrap\" data-name=\"tel-516\"><input size=\"40\" maxlength=\"400\" class=\"wpcf7-form-control wpcf7-tel wpcf7-validates-as-required wpcf7-text wpcf7-validates-as-tel\" aria-required=\"true\" aria-invalid=\"false\" value=\"\" type=\"tel\" name=\"tel-516\" \/><\/span>\n<\/p>\n<p>Your city:<br \/>\n<span class=\"wpcf7-form-control-wrap\" data-name=\"ville-642\"><input size=\"40\" maxlength=\"400\" class=\"wpcf7-form-control wpcf7-text\" aria-invalid=\"false\" value=\"\" type=\"text\" name=\"ville-642\" \/><\/span>\n<\/p>\n<p>Subject\n<\/p>\n<p><span class=\"wpcf7-form-control-wrap\" data-name=\"your-subject\"><input size=\"40\" maxlength=\"400\" class=\"wpcf7-form-control wpcf7-text wpcf7-validates-as-required\" aria-required=\"true\" aria-invalid=\"false\" value=\"\" type=\"text\" name=\"your-subject\" \/><\/span>\n<\/p>\n<p>Your message\n<\/p>\n<p><span class=\"wpcf7-form-control-wrap\" data-name=\"your-message\"><textarea cols=\"40\" rows=\"10\" maxlength=\"2000\" class=\"wpcf7-form-control wpcf7-textarea wpcf7-validates-as-required\" aria-required=\"true\" aria-invalid=\"false\" name=\"your-message\"><\/textarea><\/span>\n<\/p>\n<p><input class=\"wpcf7-form-control wpcf7-submit has-spinner\" type=\"submit\" value=\"Send\" \/>\n<\/p><p style=\"display: none !important;\" class=\"akismet-fields-container\" data-prefix=\"_wpcf7_ak_\"><label>&#916;<textarea name=\"_wpcf7_ak_hp_textarea\" cols=\"45\" rows=\"8\" maxlength=\"100\"><\/textarea><\/label><input type=\"hidden\" id=\"ak_js_1\" name=\"_wpcf7_ak_js\" value=\"104\"\/><script>document.getElementById( \"ak_js_1\" ).setAttribute( \"value\", ( new Date() ).getTime() );<\/script><\/p><div class=\"wpcf7-response-output\" aria-hidden=\"true\"><\/div>\n<\/form>\n<\/div>\n\n","protected":false},"excerpt":{"rendered":"<p>Living comfortably in your home is everyone&#8217;s desire. This joy can be suddenly tainted by an invasion of unwanted insects or animals. In order to permanently stop the invasion by these vermin, Animal Alert, your interlacing exterminator offers its various services in this area. Check out all of our services here. Interlacs Extermination Service Are [&hellip;]<\/p>\n","protected":false},"author":2,"featured_media":0,"parent":0,"menu_order":0,"comment_status":"closed","ping_status":"closed","template":"","meta":{"_genesis_hide_title":false,"_genesis_hide_breadcrumbs":false,"_genesis_hide_singular_image":false,"_genesis_hide_footer_widgets":false,"_genesis_custom_body_class":"","_genesis_custom_post_class":"","_genesis_layout":"","footnotes":""},"class_list":{"0":"post-2360","1":"page","2":"type-page","3":"status-publish","5":"entry","6":"has-post-thumbnail"},"yoast_head":"<!-- This site is optimized with the Yoast SEO plugin v27.3 - https:\/\/yoast.com\/product\/yoast-seo-wordpress\/ -->\n<title>Exterminator at EntreLacs - Votre exterminateur \u00e0 Montr\u00e9al<\/title>\n<meta name=\"description\" content=\"Living comfortably in your home is everyone&#039;s desire. This joy can be suddenly tainted by an invasion of unwanted insects or animals. In order to\" \/>\n<meta name=\"robots\" content=\"index, follow, max-snippet:-1, max-image-preview:large, max-video-preview:-1\" \/>\n<link rel=\"canonical\" href=\"https:\/\/exterminateuramontreal.ca\/en\/exterminator-at-entrelacs\/\" \/>\n<meta property=\"og:locale\" content=\"en_US\" \/>\n<meta property=\"og:type\" content=\"article\" \/>\n<meta property=\"og:title\" content=\"Exterminator at EntreLacs - Votre exterminateur \u00e0 Montr\u00e9al\" \/>\n<meta property=\"og:description\" content=\"Living comfortably in your home is everyone&#039;s desire. This joy can be suddenly tainted by an invasion of unwanted insects or animals. In order to\" \/>\n<meta property=\"og:url\" content=\"https:\/\/exterminateuramontreal.ca\/en\/exterminator-at-entrelacs\/\" \/>\n<meta property=\"og:site_name\" content=\"Votre exterminateur \u00e0 Montr\u00e9al\" \/>\n<meta property=\"article:modified_time\" content=\"2021-03-16T17:44:53+00:00\" \/>\n<meta property=\"og:image\" content=\"https:\/\/exterminateuramontreal.ca\/wp-content\/uploads\/2021\/03\/ABEILLE-1024x480.jpg\" \/>\n<meta name=\"twitter:label1\" content=\"Est. reading time\" \/>\n\t<meta name=\"twitter:data1\" content=\"5 minutes\" \/>\n<script type=\"application\/ld+json\" class=\"yoast-schema-graph\">{\"@context\":\"https:\\\/\\\/schema.org\",\"@graph\":[{\"@type\":\"WebPage\",\"@id\":\"https:\\\/\\\/exterminateuramontreal.ca\\\/en\\\/exterminator-at-entrelacs\\\/\",\"url\":\"https:\\\/\\\/exterminateuramontreal.ca\\\/en\\\/exterminator-at-entrelacs\\\/\",\"name\":\"Exterminator at EntreLacs - Votre exterminateur \u00e0 Montr\u00e9al\",\"isPartOf\":{\"@id\":\"https:\\\/\\\/exterminateuramontreal.ca\\\/en\\\/#website\"},\"primaryImageOfPage\":{\"@id\":\"https:\\\/\\\/exterminateuramontreal.ca\\\/en\\\/exterminator-at-entrelacs\\\/#primaryimage\"},\"image\":{\"@id\":\"https:\\\/\\\/exterminateuramontreal.ca\\\/en\\\/exterminator-at-entrelacs\\\/#primaryimage\"},\"thumbnailUrl\":\"https:\\\/\\\/exterminateuramontreal.ca\\\/wp-content\\\/uploads\\\/2021\\\/03\\\/ABEILLE-1024x480.jpg\",\"datePublished\":\"2021-03-16T17:44:49+00:00\",\"dateModified\":\"2021-03-16T17:44:53+00:00\",\"description\":\"Living comfortably in your home is everyone's desire. This joy can be suddenly tainted by an invasion of unwanted insects or animals. In order to\",\"breadcrumb\":{\"@id\":\"https:\\\/\\\/exterminateuramontreal.ca\\\/en\\\/exterminator-at-entrelacs\\\/#breadcrumb\"},\"inLanguage\":\"en-CA\",\"potentialAction\":[{\"@type\":\"ReadAction\",\"target\":[\"https:\\\/\\\/exterminateuramontreal.ca\\\/en\\\/exterminator-at-entrelacs\\\/\"]}]},{\"@type\":\"ImageObject\",\"inLanguage\":\"en-CA\",\"@id\":\"https:\\\/\\\/exterminateuramontreal.ca\\\/en\\\/exterminator-at-entrelacs\\\/#primaryimage\",\"url\":\"https:\\\/\\\/exterminateuramontreal.ca\\\/wp-content\\\/uploads\\\/2021\\\/03\\\/ABEILLE-1024x480.jpg\",\"contentUrl\":\"https:\\\/\\\/exterminateuramontreal.ca\\\/wp-content\\\/uploads\\\/2021\\\/03\\\/ABEILLE-1024x480.jpg\"},{\"@type\":\"BreadcrumbList\",\"@id\":\"https:\\\/\\\/exterminateuramontreal.ca\\\/en\\\/exterminator-at-entrelacs\\\/#breadcrumb\",\"itemListElement\":[{\"@type\":\"ListItem\",\"position\":1,\"name\":\"Accueil\",\"item\":\"https:\\\/\\\/exterminateuramontreal.ca\\\/en\\\/\"},{\"@type\":\"ListItem\",\"position\":2,\"name\":\"Exterminator at EntreLacs\"}]},{\"@type\":\"WebSite\",\"@id\":\"https:\\\/\\\/exterminateuramontreal.ca\\\/en\\\/#website\",\"url\":\"https:\\\/\\\/exterminateuramontreal.ca\\\/en\\\/\",\"name\":\"Exterminateur \u00e0 Montr\u00e9al\",\"description\":\"Votre exterminateur de confiance et pas cher \u00e0 Montr\u00e9al!\",\"publisher\":{\"@id\":\"https:\\\/\\\/exterminateuramontreal.ca\\\/en\\\/#organization\"},\"alternateName\":\"Votre exterminateur de confiance et pas cher \u00e0 Montr\u00e9al!\",\"potentialAction\":[{\"@type\":\"SearchAction\",\"target\":{\"@type\":\"EntryPoint\",\"urlTemplate\":\"https:\\\/\\\/exterminateuramontreal.ca\\\/en\\\/?s={search_term_string}\"},\"query-input\":{\"@type\":\"PropertyValueSpecification\",\"valueRequired\":true,\"valueName\":\"search_term_string\"}}],\"inLanguage\":\"en-CA\"},{\"@type\":\"Organization\",\"@id\":\"https:\\\/\\\/exterminateuramontreal.ca\\\/en\\\/#organization\",\"name\":\"Exterminateur \u00e0 Montr\u00e9al\",\"alternateName\":\"Votre exterminateur de confiance \u00e0 Montr\u00e9al!\",\"url\":\"https:\\\/\\\/exterminateuramontreal.ca\\\/en\\\/\",\"logo\":{\"@type\":\"ImageObject\",\"inLanguage\":\"en-CA\",\"@id\":\"https:\\\/\\\/exterminateuramontreal.ca\\\/en\\\/#\\\/schema\\\/logo\\\/image\\\/\",\"url\":\"https:\\\/\\\/exterminateuramontreal.ca\\\/wp-content\\\/uploads\\\/2011\\\/12\\\/logo-exterminateur-montreal-e1654628842986.png\",\"contentUrl\":\"https:\\\/\\\/exterminateuramontreal.ca\\\/wp-content\\\/uploads\\\/2011\\\/12\\\/logo-exterminateur-montreal-e1654628842986.png\",\"width\":176,\"height\":74,\"caption\":\"Exterminateur \u00e0 Montr\u00e9al\"},\"image\":{\"@id\":\"https:\\\/\\\/exterminateuramontreal.ca\\\/en\\\/#\\\/schema\\\/logo\\\/image\\\/\"}}]}<\/script>\n<!-- \/ Yoast SEO plugin. -->","yoast_head_json":{"title":"Exterminator at EntreLacs - Votre exterminateur \u00e0 Montr\u00e9al","description":"Living comfortably in your home is everyone's desire. This joy can be suddenly tainted by an invasion of unwanted insects or animals. In order to","robots":{"index":"index","follow":"follow","max-snippet":"max-snippet:-1","max-image-preview":"max-image-preview:large","max-video-preview":"max-video-preview:-1"},"canonical":"https:\/\/exterminateuramontreal.ca\/en\/exterminator-at-entrelacs\/","og_locale":"en_US","og_type":"article","og_title":"Exterminator at EntreLacs - Votre exterminateur \u00e0 Montr\u00e9al","og_description":"Living comfortably in your home is everyone's desire. This joy can be suddenly tainted by an invasion of unwanted insects or animals. In order to","og_url":"https:\/\/exterminateuramontreal.ca\/en\/exterminator-at-entrelacs\/","og_site_name":"Votre exterminateur \u00e0 Montr\u00e9al","article_modified_time":"2021-03-16T17:44:53+00:00","og_image":[{"url":"https:\/\/exterminateuramontreal.ca\/wp-content\/uploads\/2021\/03\/ABEILLE-1024x480.jpg","type":"","width":"","height":""}],"twitter_misc":{"Est. reading time":"5 minutes"},"schema":{"@context":"https:\/\/schema.org","@graph":[{"@type":"WebPage","@id":"https:\/\/exterminateuramontreal.ca\/en\/exterminator-at-entrelacs\/","url":"https:\/\/exterminateuramontreal.ca\/en\/exterminator-at-entrelacs\/","name":"Exterminator at EntreLacs - Votre exterminateur \u00e0 Montr\u00e9al","isPartOf":{"@id":"https:\/\/exterminateuramontreal.ca\/en\/#website"},"primaryImageOfPage":{"@id":"https:\/\/exterminateuramontreal.ca\/en\/exterminator-at-entrelacs\/#primaryimage"},"image":{"@id":"https:\/\/exterminateuramontreal.ca\/en\/exterminator-at-entrelacs\/#primaryimage"},"thumbnailUrl":"https:\/\/exterminateuramontreal.ca\/wp-content\/uploads\/2021\/03\/ABEILLE-1024x480.jpg","datePublished":"2021-03-16T17:44:49+00:00","dateModified":"2021-03-16T17:44:53+00:00","description":"Living comfortably in your home is everyone's desire. This joy can be suddenly tainted by an invasion of unwanted insects or animals. In order to","breadcrumb":{"@id":"https:\/\/exterminateuramontreal.ca\/en\/exterminator-at-entrelacs\/#breadcrumb"},"inLanguage":"en-CA","potentialAction":[{"@type":"ReadAction","target":["https:\/\/exterminateuramontreal.ca\/en\/exterminator-at-entrelacs\/"]}]},{"@type":"ImageObject","inLanguage":"en-CA","@id":"https:\/\/exterminateuramontreal.ca\/en\/exterminator-at-entrelacs\/#primaryimage","url":"https:\/\/exterminateuramontreal.ca\/wp-content\/uploads\/2021\/03\/ABEILLE-1024x480.jpg","contentUrl":"https:\/\/exterminateuramontreal.ca\/wp-content\/uploads\/2021\/03\/ABEILLE-1024x480.jpg"},{"@type":"BreadcrumbList","@id":"https:\/\/exterminateuramontreal.ca\/en\/exterminator-at-entrelacs\/#breadcrumb","itemListElement":[{"@type":"ListItem","position":1,"name":"Accueil","item":"https:\/\/exterminateuramontreal.ca\/en\/"},{"@type":"ListItem","position":2,"name":"Exterminator at EntreLacs"}]},{"@type":"WebSite","@id":"https:\/\/exterminateuramontreal.ca\/en\/#website","url":"https:\/\/exterminateuramontreal.ca\/en\/","name":"Exterminateur \u00e0 Montr\u00e9al","description":"Votre exterminateur de confiance et pas cher \u00e0 Montr\u00e9al!","publisher":{"@id":"https:\/\/exterminateuramontreal.ca\/en\/#organization"},"alternateName":"Votre exterminateur de confiance et pas cher \u00e0 Montr\u00e9al!","potentialAction":[{"@type":"SearchAction","target":{"@type":"EntryPoint","urlTemplate":"https:\/\/exterminateuramontreal.ca\/en\/?s={search_term_string}"},"query-input":{"@type":"PropertyValueSpecification","valueRequired":true,"valueName":"search_term_string"}}],"inLanguage":"en-CA"},{"@type":"Organization","@id":"https:\/\/exterminateuramontreal.ca\/en\/#organization","name":"Exterminateur \u00e0 Montr\u00e9al","alternateName":"Votre exterminateur de confiance \u00e0 Montr\u00e9al!","url":"https:\/\/exterminateuramontreal.ca\/en\/","logo":{"@type":"ImageObject","inLanguage":"en-CA","@id":"https:\/\/exterminateuramontreal.ca\/en\/#\/schema\/logo\/image\/","url":"https:\/\/exterminateuramontreal.ca\/wp-content\/uploads\/2011\/12\/logo-exterminateur-montreal-e1654628842986.png","contentUrl":"https:\/\/exterminateuramontreal.ca\/wp-content\/uploads\/2011\/12\/logo-exterminateur-montreal-e1654628842986.png","width":176,"height":74,"caption":"Exterminateur \u00e0 Montr\u00e9al"},"image":{"@id":"https:\/\/exterminateuramontreal.ca\/en\/#\/schema\/logo\/image\/"}}]}},"_links":{"self":[{"href":"https:\/\/exterminateuramontreal.ca\/en\/wp-json\/wp\/v2\/pages\/2360","targetHints":{"allow":["GET"]}}],"collection":[{"href":"https:\/\/exterminateuramontreal.ca\/en\/wp-json\/wp\/v2\/pages"}],"about":[{"href":"https:\/\/exterminateuramontreal.ca\/en\/wp-json\/wp\/v2\/types\/page"}],"author":[{"embeddable":true,"href":"https:\/\/exterminateuramontreal.ca\/en\/wp-json\/wp\/v2\/users\/2"}],"replies":[{"embeddable":true,"href":"https:\/\/exterminateuramontreal.ca\/en\/wp-json\/wp\/v2\/comments?post=2360"}],"version-history":[{"count":1,"href":"https:\/\/exterminateuramontreal.ca\/en\/wp-json\/wp\/v2\/pages\/2360\/revisions"}],"predecessor-version":[{"id":2361,"href":"https:\/\/exterminateuramontreal.ca\/en\/wp-json\/wp\/v2\/pages\/2360\/revisions\/2361"}],"wp:attachment":[{"href":"https:\/\/exterminateuramontreal.ca\/en\/wp-json\/wp\/v2\/media?parent=2360"}],"curies":[{"name":"wp","href":"https:\/\/api.w.org\/{rel}","templated":true}]}}