{"id":2058,"date":"2021-02-18T16:59:23","date_gmt":"2021-02-18T21:59:23","guid":{"rendered":"https:\/\/exterminateuramontreal.ca\/the-raccoon\/"},"modified":"2021-02-18T16:59:26","modified_gmt":"2021-02-18T21:59:26","slug":"the-raccoon","status":"publish","type":"page","link":"https:\/\/exterminateuramontreal.ca\/en\/the-raccoon\/","title":{"rendered":"The raccoon"},"content":{"rendered":"<div class=\"green_box\"  style=\"width:630px;\">\r\n<div class=\"green_box_content\">\r\n<\/p>\n<table class=\"insect-top-table\">\n<tbody>\n<tr>\n<td>French name<\/td>\n<td>Raccoon<\/td>\n<\/tr>\n<tr>\n<td>English name<\/td>\n<td><em>Raccoon<\/em><\/td>\n<\/tr>\n<tr>\n<td>Latin name<\/td>\n<td><em>Lotor Procyon<\/em><\/td>\n<\/tr>\n<\/tbody>\n<\/table>\n<p>\r\n<\/div>\r\n<\/div>\n<p>Mammals and carnivores, the raccoon is easy to recognize thanks to its white and black curly tail, as well as its characteristic black mask, which makes it look like a thief.<\/p>\n<p>The Raton is a solitary and peaceful animal. It is not territorial.<\/p>\n<p>The Raccoon is a medium-sized, robust animal, measuring between 0.65 and 0.96 metres in length and weighing between 6.5 and 16 kg. The male is usually larger than the female. His hands are extremely sensitive and very adept at handling small objects.<\/p>\n<p>He&#8217;s got short legs. His narrow, claw-like feet help him climb trees and building structures. The raccoon is a good swimmer. On the ground, he&#8217;s pretty shaky, because his no run is rather slow.<br \/>\n<img decoding=\"async\" class=\" wp-image-2061 \" title=\"RatonLaveur[1]\" src=\"https:\/\/exterminateuramontreal.ca\/wp-content\/uploads\/2011\/12\/RatonLaveur1.jpg\" alt=\"Raccoon\" width=\"614\" height=\"459\" srcset=\"https:\/\/exterminateuramontreal.ca\/wp-content\/uploads\/2011\/12\/RatonLaveur1.jpg 1024w, https:\/\/exterminateuramontreal.ca\/wp-content\/uploads\/2011\/12\/RatonLaveur1-300x224.jpg 300w\" sizes=\"(max-width: 614px) 100vw, 614px\" \/><\/p>\n<h2>Dying, habitat and food<\/h2>\n<p>Raccoons are usually found in forests, especially near streams. It usually hides in small woodlands, sheltered from predators and humans. It can also live very well in the presence of humans, either in the suburbs and in some cities such as Montreal.<\/p>\n<p>The raccoon&#8217;s food is very varied. It eats almost everything that humans feed on.<\/p>\n<p>An urban legend says that he has a reputation for washing his food before eating it, which he does not always do according to observers. They eat them, whether they are clean or not.<br \/>\n<div class=\"grey_box\" style=\"width:630px;\">\r\n<div class=\"grey_box_content\">\r\n  Raccoons source a wide variety of aquatic poisons. Crayfish which are his favorite treats. He also likes oysters, clams and some insects. On land, he tastes worms from the ground, slugs, frogs, snakes and even cubs of muskrats and rabbits. It feeds in part on vegetables, berries and is very fond of corn cobs.  \r\n<\/div>\r\n<\/div><\/p>\n<p>It is very well known for rummaging through garbage cans, in order to find a great selection of food. It accumulates a lot of fat to survive the winter.<\/p>\n<p>Raccoons can live up to 13 years, but can reach up to 22 years in captivity.<br \/>\nIts predators are the red lynx, the red fox, the coyote, the grey wolf, the falcons and the grand duke that takes over its young.<\/p>\n<p>Its habitat can be located in a tree or under its roots, in an abandoned burrow or in a barn. In the city, he easily finds a place that suits him; under a gallery, an attic and even in a shed.<\/p>\n<p>We suspect its presence when findings of damage to the roof and openings being forced on our buildings.<\/p>\n<p>The Raccoon can emerge from its hiding place in the middle of winter even in very cold weather.<br \/>\nDuring the summer season, it can sleep during the day and go out only after sunset.<\/p>\n<div class=\"green_box\"  style=\"width:630px;\">\r\n<div class=\"green_box_content\">\r\n  Exterminators are respectful of the animal world and the environment: in the case of raccoons we trap them and release them in a protected environment in an animal reserve  \r\n<\/div>\r\n<\/div>\n<h2>Breeding period<\/h2>\n<ul>\n<li>Rut period: January, February<\/li>\n<li>Length of gestation period: 63 days<\/li>\n<li>Number of litters per year: 1<\/li>\n<li>Number of pups per litter: 1-7, more often 4-5<\/li>\n<li>Birth period: April-May<\/li>\n<\/ul>\n<p>The mating season takes place in winter.<br \/>\nThe male walks from place to place to conquer females in heat. The fertilized female then looks for a comfortable and calm place to raise her young. The female leaves her young for only a few hours to feed. At the age of 3 and a half months, her cubs are weaned and can leave the nest at night. After spending their first winter with their mother, they are self-sufficient in the spring.<\/p>\n<h2>Your exterminator technician:<\/h2>\n<p>The raccoon is very down to earth. He likes to snoop around in the garbage. He flips them to the side, doing damage behind him. So we have to be careful when we store our garbage. We must check that our containers are solid and difficult to open.<\/p>\n<p>Some have even installed inflated balloons inside their garbage cans to scare them with their bursts, with good results. Don&#8217;t forget that the raccoon is very skilled with its paws!<\/p>\n","protected":false},"excerpt":{"rendered":"<p>Mammals and carnivores, the raccoon is easy to recognize thanks to its white and black curly tail, as well as its characteristic black mask, which makes it look like a thief. The Raton is a solitary and peaceful animal. It is not territorial. The Raccoon is a medium-sized, robust animal, measuring between 0.65 and 0.96 [&hellip;]<\/p>\n","protected":false},"author":4,"featured_media":0,"parent":0,"menu_order":0,"comment_status":"closed","ping_status":"open","template":"","meta":{"_genesis_hide_title":false,"_genesis_hide_breadcrumbs":false,"_genesis_hide_singular_image":false,"_genesis_hide_footer_widgets":false,"_genesis_custom_body_class":"","_genesis_custom_post_class":"","_genesis_layout":"","footnotes":""},"class_list":{"0":"post-2058","1":"page","2":"type-page","3":"status-publish","5":"entry","6":"has-post-thumbnail"},"yoast_head":"<!-- This site is optimized with the Yoast SEO plugin v27.5 - https:\/\/yoast.com\/product\/yoast-seo-wordpress\/ -->\n<title>The raccoon - Votre exterminateur \u00e0 Montr\u00e9al<\/title>\n<meta name=\"description\" content=\"Mammals and carnivores, the raccoon is easy to recognize thanks to its white and black curly tail, as well as its characteristic black mask, which makes\" \/>\n<meta name=\"robots\" content=\"index, follow, max-snippet:-1, max-image-preview:large, max-video-preview:-1\" \/>\n<link rel=\"canonical\" href=\"https:\/\/exterminateuramontreal.ca\/en\/the-raccoon\/\" \/>\n<meta property=\"og:locale\" content=\"en_US\" \/>\n<meta property=\"og:type\" content=\"article\" \/>\n<meta property=\"og:title\" content=\"The raccoon - Votre exterminateur \u00e0 Montr\u00e9al\" \/>\n<meta property=\"og:description\" content=\"Mammals and carnivores, the raccoon is easy to recognize thanks to its white and black curly tail, as well as its characteristic black mask, which makes\" \/>\n<meta property=\"og:url\" content=\"https:\/\/exterminateuramontreal.ca\/en\/the-raccoon\/\" \/>\n<meta property=\"og:site_name\" content=\"Votre exterminateur \u00e0 Montr\u00e9al\" \/>\n<meta property=\"article:modified_time\" content=\"2021-02-18T21:59:26+00:00\" \/>\n<meta property=\"og:image\" content=\"https:\/\/exterminateuramontreal.ca\/wp-content\/uploads\/2011\/12\/RatonLaveur1.jpg\" \/>\n<meta name=\"twitter:label1\" content=\"Est. reading time\" \/>\n\t<meta name=\"twitter:data1\" content=\"3 minutes\" \/>\n<script type=\"application\/ld+json\" class=\"yoast-schema-graph\">{\"@context\":\"https:\\\/\\\/schema.org\",\"@graph\":[{\"@type\":\"WebPage\",\"@id\":\"https:\\\/\\\/exterminateuramontreal.ca\\\/en\\\/the-raccoon\\\/\",\"url\":\"https:\\\/\\\/exterminateuramontreal.ca\\\/en\\\/the-raccoon\\\/\",\"name\":\"The raccoon - Votre exterminateur \u00e0 Montr\u00e9al\",\"isPartOf\":{\"@id\":\"https:\\\/\\\/exterminateuramontreal.ca\\\/en\\\/#website\"},\"primaryImageOfPage\":{\"@id\":\"https:\\\/\\\/exterminateuramontreal.ca\\\/en\\\/the-raccoon\\\/#primaryimage\"},\"image\":{\"@id\":\"https:\\\/\\\/exterminateuramontreal.ca\\\/en\\\/the-raccoon\\\/#primaryimage\"},\"thumbnailUrl\":\"https:\\\/\\\/exterminateuramontreal.ca\\\/wp-content\\\/uploads\\\/2011\\\/12\\\/RatonLaveur1.jpg\",\"datePublished\":\"2021-02-18T21:59:23+00:00\",\"dateModified\":\"2021-02-18T21:59:26+00:00\",\"description\":\"Mammals and carnivores, the raccoon is easy to recognize thanks to its white and black curly tail, as well as its characteristic black mask, which makes\",\"breadcrumb\":{\"@id\":\"https:\\\/\\\/exterminateuramontreal.ca\\\/en\\\/the-raccoon\\\/#breadcrumb\"},\"inLanguage\":\"en-CA\",\"potentialAction\":[{\"@type\":\"ReadAction\",\"target\":[\"https:\\\/\\\/exterminateuramontreal.ca\\\/en\\\/the-raccoon\\\/\"]}]},{\"@type\":\"ImageObject\",\"inLanguage\":\"en-CA\",\"@id\":\"https:\\\/\\\/exterminateuramontreal.ca\\\/en\\\/the-raccoon\\\/#primaryimage\",\"url\":\"https:\\\/\\\/exterminateuramontreal.ca\\\/wp-content\\\/uploads\\\/2011\\\/12\\\/RatonLaveur1.jpg\",\"contentUrl\":\"https:\\\/\\\/exterminateuramontreal.ca\\\/wp-content\\\/uploads\\\/2011\\\/12\\\/RatonLaveur1.jpg\"},{\"@type\":\"BreadcrumbList\",\"@id\":\"https:\\\/\\\/exterminateuramontreal.ca\\\/en\\\/the-raccoon\\\/#breadcrumb\",\"itemListElement\":[{\"@type\":\"ListItem\",\"position\":1,\"name\":\"Accueil\",\"item\":\"https:\\\/\\\/exterminateuramontreal.ca\\\/en\\\/\"},{\"@type\":\"ListItem\",\"position\":2,\"name\":\"The raccoon\"}]},{\"@type\":\"WebSite\",\"@id\":\"https:\\\/\\\/exterminateuramontreal.ca\\\/en\\\/#website\",\"url\":\"https:\\\/\\\/exterminateuramontreal.ca\\\/en\\\/\",\"name\":\"Exterminateur \u00e0 Montr\u00e9al\",\"description\":\"Votre exterminateur de confiance et pas cher \u00e0 Montr\u00e9al!\",\"publisher\":{\"@id\":\"https:\\\/\\\/exterminateuramontreal.ca\\\/en\\\/#organization\"},\"alternateName\":\"Votre exterminateur de confiance et pas cher \u00e0 Montr\u00e9al!\",\"potentialAction\":[{\"@type\":\"SearchAction\",\"target\":{\"@type\":\"EntryPoint\",\"urlTemplate\":\"https:\\\/\\\/exterminateuramontreal.ca\\\/en\\\/?s={search_term_string}\"},\"query-input\":{\"@type\":\"PropertyValueSpecification\",\"valueRequired\":true,\"valueName\":\"search_term_string\"}}],\"inLanguage\":\"en-CA\"},{\"@type\":\"Organization\",\"@id\":\"https:\\\/\\\/exterminateuramontreal.ca\\\/en\\\/#organization\",\"name\":\"Exterminateur \u00e0 Montr\u00e9al\",\"alternateName\":\"Votre exterminateur de confiance \u00e0 Montr\u00e9al!\",\"url\":\"https:\\\/\\\/exterminateuramontreal.ca\\\/en\\\/\",\"logo\":{\"@type\":\"ImageObject\",\"inLanguage\":\"en-CA\",\"@id\":\"https:\\\/\\\/exterminateuramontreal.ca\\\/en\\\/#\\\/schema\\\/logo\\\/image\\\/\",\"url\":\"https:\\\/\\\/exterminateuramontreal.ca\\\/wp-content\\\/uploads\\\/2011\\\/12\\\/logo-exterminateur-montreal-e1654628842986.png\",\"contentUrl\":\"https:\\\/\\\/exterminateuramontreal.ca\\\/wp-content\\\/uploads\\\/2011\\\/12\\\/logo-exterminateur-montreal-e1654628842986.png\",\"width\":176,\"height\":74,\"caption\":\"Exterminateur \u00e0 Montr\u00e9al\"},\"image\":{\"@id\":\"https:\\\/\\\/exterminateuramontreal.ca\\\/en\\\/#\\\/schema\\\/logo\\\/image\\\/\"}}]}<\/script>\n<!-- \/ Yoast SEO plugin. -->","yoast_head_json":{"title":"The raccoon - Votre exterminateur \u00e0 Montr\u00e9al","description":"Mammals and carnivores, the raccoon is easy to recognize thanks to its white and black curly tail, as well as its characteristic black mask, which makes","robots":{"index":"index","follow":"follow","max-snippet":"max-snippet:-1","max-image-preview":"max-image-preview:large","max-video-preview":"max-video-preview:-1"},"canonical":"https:\/\/exterminateuramontreal.ca\/en\/the-raccoon\/","og_locale":"en_US","og_type":"article","og_title":"The raccoon - Votre exterminateur \u00e0 Montr\u00e9al","og_description":"Mammals and carnivores, the raccoon is easy to recognize thanks to its white and black curly tail, as well as its characteristic black mask, which makes","og_url":"https:\/\/exterminateuramontreal.ca\/en\/the-raccoon\/","og_site_name":"Votre exterminateur \u00e0 Montr\u00e9al","article_modified_time":"2021-02-18T21:59:26+00:00","og_image":[{"url":"https:\/\/exterminateuramontreal.ca\/wp-content\/uploads\/2011\/12\/RatonLaveur1.jpg","type":"","width":"","height":""}],"twitter_misc":{"Est. reading time":"3 minutes"},"schema":{"@context":"https:\/\/schema.org","@graph":[{"@type":"WebPage","@id":"https:\/\/exterminateuramontreal.ca\/en\/the-raccoon\/","url":"https:\/\/exterminateuramontreal.ca\/en\/the-raccoon\/","name":"The raccoon - Votre exterminateur \u00e0 Montr\u00e9al","isPartOf":{"@id":"https:\/\/exterminateuramontreal.ca\/en\/#website"},"primaryImageOfPage":{"@id":"https:\/\/exterminateuramontreal.ca\/en\/the-raccoon\/#primaryimage"},"image":{"@id":"https:\/\/exterminateuramontreal.ca\/en\/the-raccoon\/#primaryimage"},"thumbnailUrl":"https:\/\/exterminateuramontreal.ca\/wp-content\/uploads\/2011\/12\/RatonLaveur1.jpg","datePublished":"2021-02-18T21:59:23+00:00","dateModified":"2021-02-18T21:59:26+00:00","description":"Mammals and carnivores, the raccoon is easy to recognize thanks to its white and black curly tail, as well as its characteristic black mask, which makes","breadcrumb":{"@id":"https:\/\/exterminateuramontreal.ca\/en\/the-raccoon\/#breadcrumb"},"inLanguage":"en-CA","potentialAction":[{"@type":"ReadAction","target":["https:\/\/exterminateuramontreal.ca\/en\/the-raccoon\/"]}]},{"@type":"ImageObject","inLanguage":"en-CA","@id":"https:\/\/exterminateuramontreal.ca\/en\/the-raccoon\/#primaryimage","url":"https:\/\/exterminateuramontreal.ca\/wp-content\/uploads\/2011\/12\/RatonLaveur1.jpg","contentUrl":"https:\/\/exterminateuramontreal.ca\/wp-content\/uploads\/2011\/12\/RatonLaveur1.jpg"},{"@type":"BreadcrumbList","@id":"https:\/\/exterminateuramontreal.ca\/en\/the-raccoon\/#breadcrumb","itemListElement":[{"@type":"ListItem","position":1,"name":"Accueil","item":"https:\/\/exterminateuramontreal.ca\/en\/"},{"@type":"ListItem","position":2,"name":"The raccoon"}]},{"@type":"WebSite","@id":"https:\/\/exterminateuramontreal.ca\/en\/#website","url":"https:\/\/exterminateuramontreal.ca\/en\/","name":"Exterminateur \u00e0 Montr\u00e9al","description":"Votre exterminateur de confiance et pas cher \u00e0 Montr\u00e9al!","publisher":{"@id":"https:\/\/exterminateuramontreal.ca\/en\/#organization"},"alternateName":"Votre exterminateur de confiance et pas cher \u00e0 Montr\u00e9al!","potentialAction":[{"@type":"SearchAction","target":{"@type":"EntryPoint","urlTemplate":"https:\/\/exterminateuramontreal.ca\/en\/?s={search_term_string}"},"query-input":{"@type":"PropertyValueSpecification","valueRequired":true,"valueName":"search_term_string"}}],"inLanguage":"en-CA"},{"@type":"Organization","@id":"https:\/\/exterminateuramontreal.ca\/en\/#organization","name":"Exterminateur \u00e0 Montr\u00e9al","alternateName":"Votre exterminateur de confiance \u00e0 Montr\u00e9al!","url":"https:\/\/exterminateuramontreal.ca\/en\/","logo":{"@type":"ImageObject","inLanguage":"en-CA","@id":"https:\/\/exterminateuramontreal.ca\/en\/#\/schema\/logo\/image\/","url":"https:\/\/exterminateuramontreal.ca\/wp-content\/uploads\/2011\/12\/logo-exterminateur-montreal-e1654628842986.png","contentUrl":"https:\/\/exterminateuramontreal.ca\/wp-content\/uploads\/2011\/12\/logo-exterminateur-montreal-e1654628842986.png","width":176,"height":74,"caption":"Exterminateur \u00e0 Montr\u00e9al"},"image":{"@id":"https:\/\/exterminateuramontreal.ca\/en\/#\/schema\/logo\/image\/"}}]}},"_links":{"self":[{"href":"https:\/\/exterminateuramontreal.ca\/en\/wp-json\/wp\/v2\/pages\/2058","targetHints":{"allow":["GET"]}}],"collection":[{"href":"https:\/\/exterminateuramontreal.ca\/en\/wp-json\/wp\/v2\/pages"}],"about":[{"href":"https:\/\/exterminateuramontreal.ca\/en\/wp-json\/wp\/v2\/types\/page"}],"author":[{"embeddable":true,"href":"https:\/\/exterminateuramontreal.ca\/en\/wp-json\/wp\/v2\/users\/4"}],"replies":[{"embeddable":true,"href":"https:\/\/exterminateuramontreal.ca\/en\/wp-json\/wp\/v2\/comments?post=2058"}],"version-history":[{"count":2,"href":"https:\/\/exterminateuramontreal.ca\/en\/wp-json\/wp\/v2\/pages\/2058\/revisions"}],"predecessor-version":[{"id":2064,"href":"https:\/\/exterminateuramontreal.ca\/en\/wp-json\/wp\/v2\/pages\/2058\/revisions\/2064"}],"wp:attachment":[{"href":"https:\/\/exterminateuramontreal.ca\/en\/wp-json\/wp\/v2\/media?parent=2058"}],"curies":[{"name":"wp","href":"https:\/\/api.w.org\/{rel}","templated":true}]}}